{"id":1942,"date":"2025-01-06T15:16:40","date_gmt":"2025-01-06T07:16:40","guid":{"rendered":"https:\/\/bqeye.com\/?post_type=product&#038;p=1942"},"modified":"2025-01-06T15:17:54","modified_gmt":"2025-01-06T07:17:54","slug":"starlight-black-contact-lenses","status":"publish","type":"product","link":"https:\/\/bqeye.com\/pl\/starlight-black-contact-lenses\/","title":{"rendered":"Soczewki kontaktowe Starlight Black"},"content":{"rendered":"<h1 class=\"md-end-block md-heading\"><span class=\"md-plain md-expand\">Czarne soczewki kontaktowe Starlight | Celestial Collection \u2728<\/span><\/h1>\n<h2 class=\"md-end-block md-heading\"><span class=\"md-plain\">Ethereal Design<\/span><\/h2>\n<p class=\"md-end-block md-p\"><span class=\"md-plain\">Nasze soczewki Starlight Black oddaj\u0105 mistyczny urok nocnego nieba. Ka\u017cda soczewka ma delikatny wz\u00f3r konstelacji na g\u0142\u0119bokim obsydianie - jak patrzenie w kosmos. Subtelny efekt \u015bwiat\u0142a gwiazd tworzy nieziemski po\u0142ysk, kt\u00f3ry zmienia si\u0119 przy ka\u017cdym ruchu.<\/span><\/p>\n<h2 class=\"md-end-block md-heading\"><span class=\"md-plain\">Elite Reviews \u2b50\ufe0f<\/span><\/h2>\n<p class=\"md-end-block md-p\"><span class=\"md-plain\">@NightSky (2,3 mln obserwuj\u0105cych)<\/span> <span class=\"md-plain\">\"Czysta magia! Jak noszenie kosmosu. #StarEyes\"<\/span><\/p>\n<p class=\"md-end-block md-p\"><span class=\"md-plain\">@CelestialGaze (1,9 mln obserwuj\u0105cych)<\/span> <span class=\"md-plain\">\"Doskona\u0142o\u015b\u0107 w \u015bwietle gwiazd \u2728 Poza pi\u0119knem!\"<\/span><\/p>\n<p class=\"md-end-block md-p\"><span class=\"md-plain\">@NightGlow (1,5 mln obserwuj\u0105cych)<\/span> <span class=\"md-plain\">\"Przekszta\u0142caj\u0105 one ka\u017cde zdj\u0119cie w sztuk\u0119\".<\/span><\/p>\n<p class=\"md-end-block md-p\"><span class=\"md-plain\">@StardustQueen (1,1 mln obserwuj\u0105cych)<\/span> <span class=\"md-plain\">\"Uosobienie niebia\u0144skiej elegancji\".<\/span><\/p>\n<h2 class=\"md-end-block md-heading\"><span class=\"md-plain\">Zweryfikowane zakupy \ud83d\udc9d<\/span><\/h2>\n<p class=\"md-end-block md-p\"><span class=\"md-plain\">Nova S. \u2b50\ufe0f\u2b50\ufe0f\u2b50\ufe0f\u2b50\ufe0f\u2b50\ufe0f<\/span> <span class=\"md-plain\">\"Eteryczne pi\u0119kno. Efekt \u015bwiat\u0142a gwiazd jest bezb\u0142\u0119dny.\"<\/span><\/p>\n<p class=\"md-end-block md-p\"><span class=\"md-plain\">Astral K. \u2b50\ufe0f\u2b50\ufe0f\u2b50\ufe0f\u2b50\ufe0f\u2b50\ufe0f<\/span> <span class=\"md-plain\">\"Jak noszenie Drogi Mlecznej\".<\/span><\/p>\n<p class=\"md-end-block md-p\"><span class=\"md-plain\">Celeste M. \u2b50\ufe0f\u2b50\ufe0f\u2b50\ufe0f\u2b50\ufe0f\u2b50\ufe0f<\/span> <span class=\"md-plain\">\"Czysty kosmiczny czar\".<\/span><\/p>\n<p class=\"md-end-block md-p\"><span class=\"md-plain\">Aurora B. \u2b50\ufe0f\u2b50\ufe0f\u2b50\ufe0f\u2b50\ufe0f\u2b50\ufe0f<\/span> <span class=\"md-plain\">\"Perfekcja w ka\u017cdym \u015bwietle\".<\/span><\/p>\n<h2 class=\"md-end-block md-heading\"><span class=\"md-plain\">Okazje i stylizacja \ud83d\udc84<\/span><\/h2>\n<h3 class=\"md-end-block md-heading\"><span class=\"md-plain\">Idealny dla<\/span><\/h3>\n<ul class=\"ul-list\" data-mark=\"-\">\n<li class=\"md-list-item\">\n<p class=\"md-end-block md-p\"><span class=\"md-plain\">Gale Starlight<\/span><\/p>\n<\/li>\n<li class=\"md-list-item\">\n<p class=\"md-end-block md-p\"><span class=\"md-plain\">Niebia\u0144skie kule<\/span><\/p>\n<\/li>\n<li class=\"md-list-item\">\n<p class=\"md-end-block md-p\"><span class=\"md-plain\">Nocne ceremonie<\/span><\/p>\n<\/li>\n<li class=\"md-list-item\">\n<p class=\"md-end-block md-p\"><span class=\"md-plain\">Luksusowe wydarzenia<\/span><\/p>\n<\/li>\n<li class=\"md-list-item\">\n<p class=\"md-end-block md-p\"><span class=\"md-plain\">Wieczory o zmierzchu<\/span><\/p>\n<\/li>\n<li class=\"md-list-item\">\n<p class=\"md-end-block md-p\"><span class=\"md-plain\">Sesje artystyczne<\/span><\/p>\n<\/li>\n<li class=\"md-list-item\">\n<p class=\"md-end-block md-p\"><span class=\"md-plain\">Pokazy mody<\/span><\/p>\n<\/li>\n<li class=\"md-list-item\">\n<p class=\"md-end-block md-p\"><span class=\"md-plain\">Mistyczne spotkania<\/span><\/p>\n<\/li>\n<\/ul>\n<h3 class=\"md-end-block md-heading\"><span class=\"md-plain\">Makija\u017c artystyczny<\/span><\/h3>\n<ul class=\"ul-list\" data-mark=\"-\">\n<li class=\"md-list-item\">\n<p class=\"md-end-block md-p\"><span class=\"md-plain\">Cienie galaktyki<\/span><\/p>\n<\/li>\n<li class=\"md-list-item\">\n<p class=\"md-end-block md-p\"><span class=\"md-plain\">Liniowiec Constellation<\/span><\/p>\n<\/li>\n<li class=\"md-list-item\">\n<p class=\"md-end-block md-p\"><span class=\"md-plain\">Tusz do rz\u0119s Starlight<\/span><\/p>\n<\/li>\n<li class=\"md-list-item\">\n<p class=\"md-end-block md-p\"><span class=\"md-plain\">Kosmiczne usta<\/span><\/p>\n<\/li>\n<li class=\"md-list-item\">\n<p class=\"md-end-block md-p\"><span class=\"md-plain\">Ksi\u0119\u017cycowa cera<\/span><\/p>\n<\/li>\n<li class=\"md-list-item\">\n<p class=\"md-end-block md-p\"><span class=\"md-plain\">Niebia\u0144ska atrakcja<\/span><\/p>\n<\/li>\n<li class=\"md-list-item\">\n<p class=\"md-end-block md-p\"><span class=\"md-plain\">Kosmiczne brwi<\/span><\/p>\n<\/li>\n<li class=\"md-list-item\">\n<p class=\"md-end-block md-p\"><span class=\"md-plain\">Gwiezdny kontur<\/span><\/p>\n<\/li>\n<\/ul>\n<h2 class=\"md-end-block md-heading\"><span class=\"md-plain\">Przewodnik po stylach \ud83d\udc57<\/span><\/h2>\n<h3 class=\"md-end-block md-heading\"><span class=\"md-plain\">Nocne harmonie<\/span><\/h3>\n<ul class=\"ul-list\" data-mark=\"-\">\n<li class=\"md-list-item\">\n<p class=\"md-end-block md-p\"><span class=\"md-plain\">Kosmiczna czer\u0144<\/span><\/p>\n<\/li>\n<li class=\"md-list-item\">\n<p class=\"md-end-block md-p\"><span class=\"md-plain\">Rozgwie\u017cd\u017cony b\u0142\u0119kit<\/span><\/p>\n<\/li>\n<li class=\"md-list-item\">\n<p class=\"md-end-block md-p\"><span class=\"md-plain\">Astralne srebro<\/span><\/p>\n<\/li>\n<li class=\"md-list-item\">\n<p class=\"md-end-block md-p\"><span class=\"md-plain\">Galaxy fioletowy<\/span><\/p>\n<\/li>\n<li class=\"md-list-item\">\n<p class=\"md-end-block md-p\"><span class=\"md-plain\">Z\u0142ota mg\u0142awica<\/span><\/p>\n<\/li>\n<li class=\"md-list-item\">\n<p class=\"md-end-block md-p\"><span class=\"md-plain\">Ksi\u0119\u017cycowa biel<\/span><\/p>\n<\/li>\n<li class=\"md-list-item\">\n<p class=\"md-end-block md-p\"><span class=\"md-plain\">Szary meteor<\/span><\/p>\n<\/li>\n<li class=\"md-list-item\">\n<p class=\"md-end-block md-p\"><span class=\"md-plain\">Nova shimmer<\/span><\/p>\n<\/li>\n<\/ul>\n<h3 class=\"md-end-block md-heading\"><span class=\"md-plain\">Akcesoria Celestial<\/span><\/h3>\n<ul class=\"ul-list\" data-mark=\"-\">\n<li class=\"md-list-item\">\n<p class=\"md-end-block md-p\"><span class=\"md-plain\">Bi\u017cuteria gwiazd<\/span><\/p>\n<\/li>\n<li class=\"md-list-item\">\n<p class=\"md-end-block md-p\"><span class=\"md-plain\">Kryszta\u0142owe akcenty<\/span><\/p>\n<\/li>\n<li class=\"md-list-item\">\n<p class=\"md-end-block md-p\"><span class=\"md-plain\">Niebia\u0144skie broszki<\/span><\/p>\n<\/li>\n<li class=\"md-list-item\">\n<p class=\"md-end-block md-p\"><span class=\"md-plain\">Kawa\u0142ki kamienia ksi\u0119\u017cycowego<\/span><\/p>\n<\/li>\n<li class=\"md-list-item\">\n<p class=\"md-end-block md-p\"><span class=\"md-plain\">Zas\u0142ony z gwiezdnego py\u0142u<\/span><\/p>\n<\/li>\n<li class=\"md-list-item\">\n<p class=\"md-end-block md-p\"><span class=\"md-plain\">Pier\u015bcienie galaktyczne<\/span><\/p>\n<\/li>\n<li class=\"md-list-item\">\n<p class=\"md-end-block md-p\"><span class=\"md-plain\">Kosmiczne sprz\u0119g\u0142a<\/span><\/p>\n<\/li>\n<li class=\"md-list-item\">\n<p class=\"md-end-block md-p\"><span class=\"md-plain\">Gwiezdne tiary<\/span><\/p>\n<\/li>\n<\/ul>\n<h2 class=\"md-end-block md-heading\"><span class=\"md-plain\">Funkcje Premium<\/span><\/h2>\n<ul class=\"ul-list\" data-mark=\"-\">\n<li class=\"md-list-item\">\n<p class=\"md-end-block md-p\"><span class=\"md-plain\">Technologia StarGlow\u2122<\/span><\/p>\n<\/li>\n<li class=\"md-list-item\">\n<p class=\"md-end-block md-p\"><span class=\"md-plain\">Najwy\u017cszy komfort<\/span><\/p>\n<\/li>\n<li class=\"md-list-item\">\n<p class=\"md-end-block md-p\"><span class=\"md-plain\">12-godzinne nawodnienie<\/span><\/p>\n<\/li>\n<li class=\"md-list-item\">\n<p class=\"md-end-block md-p\"><span class=\"md-plain\">Krystaliczna przejrzysto\u015b\u0107<\/span><\/p>\n<\/li>\n<li class=\"md-list-item\">\n<p class=\"md-end-block md-p\"><span class=\"md-plain\">Ochrona przed promieniowaniem UV<\/span><\/p>\n<\/li>\n<li class=\"md-list-item\">\n<p class=\"md-end-block md-p\"><span class=\"md-plain\">Oddychaj\u0105ca konstrukcja<\/span><\/p>\n<\/li>\n<li class=\"md-list-item\">\n<p class=\"md-end-block md-p\"><span class=\"md-plain\">Idealne dopasowanie<\/span><\/p>\n<\/li>\n<li class=\"md-list-item\">\n<p class=\"md-end-block md-p\"><span class=\"md-plain\">Zu\u017cycie adaptacyjne<\/span><\/p>\n<\/li>\n<\/ul>\n<h2 class=\"md-end-block md-heading\"><span class=\"md-plain\">Do\u015bwiadcz magii Starlight! \u2728<\/span><\/h2>\n<p class=\"md-end-block md-p\"><span class=\"md-plain\">No\u015b nocne niebo w swoim spojrzeniu. Ka\u017cda para jest starannie wykonana, aby zapewni\u0107 niezwyk\u0142e wra\u017cenia wizualne.<\/span><\/p>\n<h3 class=\"md-end-block md-heading\"><span class=\"md-plain\">Gwarancje Elite<\/span><\/h3>\n<ul class=\"ul-list\" data-mark=\"-\">\n<li class=\"md-list-item\">\n<p class=\"md-end-block md-p\"><span class=\"md-plain\">Jako\u015b\u0107 premium<\/span><\/p>\n<\/li>\n<li class=\"md-list-item\">\n<p class=\"md-end-block md-p\"><span class=\"md-plain\">Dopasowanie osobiste<\/span><\/p>\n<\/li>\n<li class=\"md-list-item\">\n<p class=\"md-end-block md-p\"><span class=\"md-plain\">Piecz\u0119\u0107 autentyczno\u015bci<\/span><\/p>\n<\/li>\n<li class=\"md-list-item\">\n<p class=\"md-end-block md-p\"><span class=\"md-plain\">Luksusowa obs\u0142uga<\/span><\/p>\n<\/li>\n<li class=\"md-list-item\">\n<p class=\"md-end-block md-p\"><span class=\"md-plain\">Zestaw piel\u0119gnacyjny Elite<\/span><\/p>\n<\/li>\n<li class=\"md-list-item\">\n<p class=\"md-end-block md-p\"><span class=\"md-plain\">Konsultacje z ekspertami<\/span><\/p>\n<\/li>\n<\/ul>\n<p class=\"md-end-block md-p\"><span class=\"md-plain\">ODBIERZ SWOJE GWIAZDKI JU\u017b TERAZ!<\/span><\/p>\n<p class=\"md-end-block md-p md-focus\"><span class=\"md-plain md-expand\">#StarlightLenses #StarEyes #CosmicGaze #NightGlam #StarMagic #CelestialEyes #NightElegance #StarDesign #LuxuryLenses #CelestialBeauty<\/span><\/p>","protected":false},"excerpt":{"rendered":"<p>Starlight Black Contact Lenses | Celestial Collection \u2728 Ethereal Design Our Starlight Black lenses capture the mystic allure of the night sky. Each lens features a delicate constellation pattern on deep obsidian &#8211; like gazing into the cosmos. The subtle starlight effect creates an otherworldly shimmer that shifts with every movement. Elite Reviews \u2b50\ufe0f @NightSky [&#8230;]\n","protected":false},"featured_media":1944,"comment_status":"open","ping_status":"closed","template":"","meta":[],"product_brand":[],"product_cat":[73,92,188,98],"product_tag":[],"class_list":{"0":"post-1942","1":"product","2":"type-product","3":"status-publish","4":"has-post-thumbnail","6":"product_cat-black-contact-lenses","7":"product_cat-14-5-mm","8":"product_cat-dream-contacts","9":"product_cat-yearly-disposable","11":"first","12":"instock","13":"sale","14":"shipping-taxable","15":"purchasable","16":"product-type-variable","17":"has-default-attributes"},"_links":{"self":[{"href":"https:\/\/bqeye.com\/pl\/wp-json\/wp\/v2\/product\/1942","targetHints":{"allow":["GET"]}}],"collection":[{"href":"https:\/\/bqeye.com\/pl\/wp-json\/wp\/v2\/product"}],"about":[{"href":"https:\/\/bqeye.com\/pl\/wp-json\/wp\/v2\/types\/product"}],"replies":[{"embeddable":true,"href":"https:\/\/bqeye.com\/pl\/wp-json\/wp\/v2\/comments?post=1942"}],"wp:featuredmedia":[{"embeddable":true,"href":"https:\/\/bqeye.com\/pl\/wp-json\/wp\/v2\/media\/1944"}],"wp:attachment":[{"href":"https:\/\/bqeye.com\/pl\/wp-json\/wp\/v2\/media?parent=1942"}],"wp:term":[{"taxonomy":"product_brand","embeddable":true,"href":"https:\/\/bqeye.com\/pl\/wp-json\/wp\/v2\/product_brand?post=1942"},{"taxonomy":"product_cat","embeddable":true,"href":"https:\/\/bqeye.com\/pl\/wp-json\/wp\/v2\/product_cat?post=1942"},{"taxonomy":"product_tag","embeddable":true,"href":"https:\/\/bqeye.com\/pl\/wp-json\/wp\/v2\/product_tag?post=1942"}],"curies":[{"name":"wp","href":"https:\/\/api.w.org\/{rel}","templated":true}]}}