{"id":1945,"date":"2025-01-06T16:18:48","date_gmt":"2025-01-06T08:18:48","guid":{"rendered":"https:\/\/bqeye.com\/?post_type=product&#038;p=1945"},"modified":"2025-01-06T16:20:17","modified_gmt":"2025-01-06T08:20:17","slug":"dreamy-windsor-hazel-contact-lenses","status":"publish","type":"product","link":"https:\/\/bqeye.com\/pl\/dreamy-windsor-hazel-contact-lenses\/","title":{"rendered":"Soczewki kontaktowe Dreamy Windsor Hazel"},"content":{"rendered":"<h1 class=\"md-end-block md-heading\"><span class=\"md-plain md-expand\">Soczewki kontaktowe Dreamy Windsor Hazel | Wzmocnienie oczu inspirowane stylem kr\u00f3lewskim \ud83d\udc51<\/span><\/h1>\n<h2 class=\"md-end-block md-heading\"><span class=\"md-plain\">Kr\u00f3lewska inspiracja projektowa<\/span><\/h2>\n<p class=\"md-end-block md-p\"><span class=\"md-plain\">Nasze soczewki kontaktowe Dreamy Windsor Hazel oddaj\u0105 ponadczasow\u0105 elegancj\u0119 brytyjskiej rodziny kr\u00f3lewskiej. Zainspirowane urokliwymi terenami zamku Windsor i jego historycznymi d\u0119bami, soczewki te \u0142\u0105cz\u0105 bogate odcienie leszczyny przypominaj\u0105ce jesie\u0144 w kr\u00f3lewskich ogrodach. Ka\u017cda soczewka ma wyrafinowany wz\u00f3r, kt\u00f3ry odzwierciedla naturalne pi\u0119kno angielskiej wsi - od z\u0142otego \u015bwiat\u0142a s\u0142onecznego wpadaj\u0105cego przez staro\u017cytne okna zamku po ciep\u0142e odcienie majestatycznych drzew Windsor Great Park. Wielowymiarowe odcienie orzecha laskowego tworz\u0105 arystokratyczne spojrzenie, kt\u00f3re jest zar\u00f3wno szlachetne, jak i naturalnie uwodzicielskie.<\/span><\/p>\n<h2 class=\"md-end-block md-heading\"><span class=\"md-plain\">Recenzje s\u0142awnych ekspert\u00f3w ds. urody<\/span><\/h2>\n<p class=\"md-end-block md-p\"><span class=\"md-plain\">@RoyalBeautyInsider (2,4 mln obserwuj\u0105cych)<\/span> <span class=\"md-plain\">\"Te orzechowe soczewki zapewniaj\u0105 idealne spojrzenie w kr\u00f3lewskim stylu! Absolutnie osza\u0142amiaj\u0105ce! \ud83d\udc51\"<\/span><\/p>\n<p class=\"md-end-block md-p\"><span class=\"md-plain\">@BritishGlamour (2,1 mln obserwuj\u0105cych)<\/span> <span class=\"md-plain\">\"Najbardziej eleganckie orzechowe soczewki kontaktowe, jakie kiedykolwiek nosi\u0142am. Czyste wyrafinowanie! \u2728\"<\/span><\/p>\n<p class=\"md-end-block md-p\"><span class=\"md-plain\">@LondonBeautyQueen (1,8 mln obserwuj\u0105cych)<\/span> <span class=\"md-plain\">\"Te soczewki doskonale oddaj\u0105 esencj\u0119 brytyjskiej elegancji!\"<\/span><\/p>\n<h2 class=\"md-end-block md-heading\"><span class=\"md-plain\">Opinie klient\u00f3w<\/span><\/h2>\n<p class=\"md-end-block md-p\"><span class=\"md-plain\">Elizabeth W. \u2b50\ufe0f\u2b50\ufe0f\u2b50\ufe0f\u2b50\ufe0f\u2b50\ufe0f<\/span> <span class=\"md-plain\">\"Wreszcie znalaz\u0142am sw\u00f3j idealny kolor oczu inspirowany stylem kr\u00f3lewskim!\"<\/span><\/p>\n<p class=\"md-end-block md-p\"><span class=\"md-plain\">Victoria S. \u2b50\ufe0f\u2b50\ufe0f\u2b50\ufe0f\u2b50\ufe0f\u2b50\ufe0f<\/span> <span class=\"md-plain\">\"Wygl\u0105daj\u0105 tak naturalnie, jakbym urodzi\u0142a si\u0119 z piwnymi oczami\".<\/span><\/p>\n<p class=\"md-end-block md-p\"><span class=\"md-plain\">Catherine M. \u2b50\ufe0f\u2b50\ufe0f\u2b50\ufe0f\u2b50\ufe0f\u2b50\ufe0f<\/span> <span class=\"md-plain\">\"Najwygodniejsze soczewki na moje przyj\u0119cia w ogrodzie!\"<\/span><\/p>\n<h2 class=\"md-end-block md-heading\"><span class=\"md-plain\">Idealne okazje i makija\u017c<\/span><\/h2>\n<h3 class=\"md-end-block md-heading\"><span class=\"md-plain\">Wydarzenia<\/span><\/h3>\n<ul class=\"ul-list\" data-mark=\"-\">\n<li class=\"md-list-item\">\n<p class=\"md-end-block md-p\"><span class=\"md-plain\">Przyj\u0119cia w ogrodzie<\/span><\/p>\n<\/li>\n<li class=\"md-list-item\">\n<p class=\"md-end-block md-p\"><span class=\"md-plain\">Podwieczorek<\/span><\/p>\n<\/li>\n<li class=\"md-list-item\">\n<p class=\"md-end-block md-p\"><span class=\"md-plain\">Uroczysto\u015bci weselne<\/span><\/p>\n<\/li>\n<li class=\"md-list-item\">\n<p class=\"md-end-block md-p\"><span class=\"md-plain\">Otwarcia galerii<\/span><\/p>\n<\/li>\n<li class=\"md-list-item\">\n<p class=\"md-end-block md-p\"><span class=\"md-plain\">Wydarzenia je\u017adzieckie<\/span><\/p>\n<\/li>\n<li class=\"md-list-item\">\n<p class=\"md-end-block md-p\"><span class=\"md-plain\">Wystawy kr\u00f3lewskie<\/span><\/p>\n<\/li>\n<li class=\"md-list-item\">\n<p class=\"md-end-block md-p\"><span class=\"md-plain\">Country Club Gatherings<\/span><\/p>\n<\/li>\n<li class=\"md-list-item\">\n<p class=\"md-end-block md-p\"><span class=\"md-plain\">Wy\u015bmienita kuchnia<\/span><\/p>\n<\/li>\n<\/ul>\n<h3 class=\"md-end-block md-heading\"><span class=\"md-plain\">Zalecenia dotycz\u0105ce makija\u017cu<\/span><\/h3>\n<ul class=\"ul-list\" data-mark=\"-\">\n<li class=\"md-list-item\">\n<p class=\"md-end-block md-p\"><span class=\"md-plain\">Mi\u0119kkie br\u0105zowe smokey eye<\/span><\/p>\n<\/li>\n<li class=\"md-list-item\">\n<p class=\"md-end-block md-p\"><span class=\"md-plain\">Per\u0142owy roz\u015bwietlacz<\/span><\/p>\n<\/li>\n<li class=\"md-list-item\">\n<p class=\"md-end-block md-p\"><span class=\"md-plain\">R\u00f3\u017c do policzk\u00f3w<\/span><\/p>\n<\/li>\n<li class=\"md-list-item\">\n<p class=\"md-end-block md-p\"><span class=\"md-plain\">Naturalna definicja brwi<\/span><\/p>\n<\/li>\n<li class=\"md-list-item\">\n<p class=\"md-end-block md-p\"><span class=\"md-plain\">English Rose Lips<\/span><\/p>\n<\/li>\n<li class=\"md-list-item\">\n<p class=\"md-end-block md-p\"><span class=\"md-plain\">Z\u0142oty br\u0105zowy kontur<\/span><\/p>\n<\/li>\n<li class=\"md-list-item\">\n<p class=\"md-end-block md-p\"><span class=\"md-plain\">Fundacja Dewy<\/span><\/p>\n<\/li>\n<\/ul>\n<h2 class=\"md-end-block md-heading\"><span class=\"md-plain\">Przewodnik po stylach<\/span><\/h2>\n<h3 class=\"md-end-block md-heading\"><span class=\"md-plain\">Kolory uzupe\u0142niaj\u0105ce<\/span><\/h3>\n<ul class=\"ul-list\" data-mark=\"-\">\n<li class=\"md-list-item\">\n<p class=\"md-end-block md-p\"><span class=\"md-plain\">Kr\u00f3lewska Marynarka Wojenna<\/span><\/p>\n<\/li>\n<li class=\"md-list-item\">\n<p class=\"md-end-block md-p\"><span class=\"md-plain\">Szmaragdowa ziele\u0144<\/span><\/p>\n<\/li>\n<li class=\"md-list-item\">\n<p class=\"md-end-block md-p\"><span class=\"md-plain\">Burgundia<\/span><\/p>\n<\/li>\n<li class=\"md-list-item\">\n<p class=\"md-end-block md-p\"><span class=\"md-plain\">Krem<\/span><\/p>\n<\/li>\n<li class=\"md-list-item\">\n<p class=\"md-end-block md-p\"><span class=\"md-plain\">Mi\u0119kkie z\u0142oto<\/span><\/p>\n<\/li>\n<li class=\"md-list-item\">\n<p class=\"md-end-block md-p\"><span class=\"md-plain\">Hunter Green<\/span><\/p>\n<\/li>\n<li class=\"md-list-item\">\n<p class=\"md-end-block md-p\"><span class=\"md-plain\">Klasyczny be\u017c<\/span><\/p>\n<\/li>\n<li class=\"md-list-item\">\n<p class=\"md-end-block md-p\"><span class=\"md-plain\">Brytyjska opalenizna<\/span><\/p>\n<\/li>\n<\/ul>\n<h3 class=\"md-end-block md-heading\"><span class=\"md-plain\">Idealne akcesoria<\/span><\/h3>\n<ul class=\"ul-list\" data-mark=\"-\">\n<li class=\"md-list-item\">\n<p class=\"md-end-block md-p\"><span class=\"md-plain\">Naszyjniki z pere\u0142<\/span><\/p>\n<\/li>\n<li class=\"md-list-item\">\n<p class=\"md-end-block md-p\"><span class=\"md-plain\">Z\u0142ote zegarki Heritage<\/span><\/p>\n<\/li>\n<li class=\"md-list-item\">\n<p class=\"md-end-block md-p\"><span class=\"md-plain\">Jedwabne apaszki<\/span><\/p>\n<\/li>\n<li class=\"md-list-item\">\n<p class=\"md-end-block md-p\"><span class=\"md-plain\">Torebki sk\u00f3rzane<\/span><\/p>\n<\/li>\n<li class=\"md-list-item\">\n<p class=\"md-end-block md-p\"><span class=\"md-plain\">Diamentowe sztyfty<\/span><\/p>\n<\/li>\n<li class=\"md-list-item\">\n<p class=\"md-end-block md-p\"><span class=\"md-plain\">Klasyczne broszki<\/span><\/p>\n<\/li>\n<li class=\"md-list-item\">\n<p class=\"md-end-block md-p\"><span class=\"md-plain\">Bransoletki ze szlachetnego z\u0142ota<\/span><\/p>\n<\/li>\n<\/ul>\n<h2 class=\"md-end-block md-heading\"><span class=\"md-plain\">Certyfikacja<\/span><\/h2>\n<p class=\"md-end-block md-p\"><span class=\"md-plain\">Certyfikaty CE i FDA zapewniaj\u0105 spok\u00f3j ducha<\/span><\/p>\n<h2 class=\"md-end-block md-heading\"><span class=\"md-plain\">Komfort<\/span><\/h2>\n<p class=\"md-end-block md-p\"><span class=\"md-plain\">Zaprojektowany dla ca\u0142odziennego komfortu podczas kr\u00f3lewskich przyg\u00f3d<\/span><\/p>\n<h2 class=\"md-end-block md-heading\"><span class=\"md-plain\">Do\u015bwiadcz kr\u00f3lewskiej elegancji! \u2728<\/span><\/h2>\n<p class=\"md-end-block md-p\"><span class=\"md-plain\">Zmie\u0144 sw\u00f3j wygl\u0105d dzi\u0119ki naszym soczewkom kontaktowym Dreamy Windsor Hazel. Pozw\u00f3l swoim oczom opowiedzie\u0107 histori\u0119 ponadczasowego brytyjskiego wyrafinowania.<\/span><\/p>\n<p class=\"md-end-block md-p md-focus\"><span class=\"md-plain md-expand\">#WindsorHazelContactLenses #RoyalBeauty #BritishElegance #HazelEyes #LuxuryLenses #RoyalStyle #BritishGlam #EyeEnhancement #WindsorStyle #BritishBeauty<\/span><\/p>","protected":false},"excerpt":{"rendered":"<p>Dreamy Windsor Hazel Contact Lenses | Royal-Inspired Eye Enhancement \ud83d\udc51 Royal Design Inspiration Our Dreamy Windsor Hazel Contact Lenses capture the timeless elegance of British royalty. Inspired by the enchanting grounds of Windsor Castle and its historic oak trees, these lenses blend rich hazel tones reminiscent of autumn in the Royal Gardens. Each lens features [&#8230;]\n","protected":false},"featured_media":1947,"comment_status":"open","ping_status":"closed","template":"","meta":[],"product_brand":[],"product_cat":[84,92,188,98],"product_tag":[],"class_list":{"0":"post-1945","1":"product","2":"type-product","3":"status-publish","4":"has-post-thumbnail","6":"product_cat-hazel-contact-lenses","7":"product_cat-14-5-mm","8":"product_cat-dream-contacts","9":"product_cat-yearly-disposable","11":"first","12":"instock","13":"sale","14":"shipping-taxable","15":"purchasable","16":"product-type-variable","17":"has-default-attributes"},"_links":{"self":[{"href":"https:\/\/bqeye.com\/pl\/wp-json\/wp\/v2\/product\/1945","targetHints":{"allow":["GET"]}}],"collection":[{"href":"https:\/\/bqeye.com\/pl\/wp-json\/wp\/v2\/product"}],"about":[{"href":"https:\/\/bqeye.com\/pl\/wp-json\/wp\/v2\/types\/product"}],"replies":[{"embeddable":true,"href":"https:\/\/bqeye.com\/pl\/wp-json\/wp\/v2\/comments?post=1945"}],"wp:featuredmedia":[{"embeddable":true,"href":"https:\/\/bqeye.com\/pl\/wp-json\/wp\/v2\/media\/1947"}],"wp:attachment":[{"href":"https:\/\/bqeye.com\/pl\/wp-json\/wp\/v2\/media?parent=1945"}],"wp:term":[{"taxonomy":"product_brand","embeddable":true,"href":"https:\/\/bqeye.com\/pl\/wp-json\/wp\/v2\/product_brand?post=1945"},{"taxonomy":"product_cat","embeddable":true,"href":"https:\/\/bqeye.com\/pl\/wp-json\/wp\/v2\/product_cat?post=1945"},{"taxonomy":"product_tag","embeddable":true,"href":"https:\/\/bqeye.com\/pl\/wp-json\/wp\/v2\/product_tag?post=1945"}],"curies":[{"name":"wp","href":"https:\/\/api.w.org\/{rel}","templated":true}]}}