{"id":1966,"date":"2025-01-07T13:50:33","date_gmt":"2025-01-07T05:50:33","guid":{"rendered":"https:\/\/bqeye.com\/?post_type=product&#038;p=1966"},"modified":"2025-01-07T13:51:56","modified_gmt":"2025-01-07T05:51:56","slug":"dreaming-stonehenge-blue-green-contact-lenses","status":"publish","type":"product","link":"https:\/\/bqeye.com\/pl\/dreaming-stonehenge-blue-green-contact-lenses\/","title":{"rendered":"Niebiesko-zielone soczewki kontaktowe Dreaming Stonehenge"},"content":{"rendered":"<h1 class=\"md-end-block md-heading\"><span class=\"md-plain md-expand\">Niebiesko-zielone soczewki kontaktowe Dreaming Stonehenge: Twoje mistyczne spojrzenie czeka!<\/span><\/h1>\n<h2 class=\"md-end-block md-heading\"><span class=\"md-plain\">Inspiracje projektowe<\/span><\/h2>\n<p class=\"md-end-block md-p\"><span class=\"md-plain\">Te czaruj\u0105ce niebiesko-zielone soczewki kontaktowe czerpi\u0105 mistyczn\u0105 inspiracj\u0119 ze Stonehenge o \u015bwicie. Uchwycaj\u0105c eteryczny moment, gdy poranna mg\u0142a wiruje wok\u00f3\u0142 staro\u017cytnych kamieni, projekt zawiera hipnotyzuj\u0105c\u0105 mieszank\u0119 mistycznych odcieni niebieskiego i \u015bwi\u0119tej zieleni. Misterny wz\u00f3r odzwierciedla tajemnicze kr\u0119gi Stonehenge, z subtelnymi wariacjami, kt\u00f3re zmieniaj\u0105 si\u0119 jak cienie rzucane przez kamienie o wschodzie s\u0142o\u0144ca. Delikatne elementy przyci\u0105gaj\u0105ce \u015bwiat\u0142o przywo\u0142uj\u0105 pierwsze promienie s\u0142o\u0144ca przebijaj\u0105ce si\u0119 przez porann\u0105 mg\u0142\u0119, tworz\u0105c nieziemskie spojrzenie, kt\u00f3re zmienia si\u0119 z ka\u017cdym spojrzeniem, podobnie jak staro\u017cytny pomnik zmieniaj\u0105cy si\u0119 w ci\u0105gu dnia.<\/span><\/p>\n<h2 class=\"md-end-block md-heading\"><span class=\"md-plain\">Recenzje influencer\u00f3w<\/span><\/h2>\n<p class=\"md-end-block md-p\"><span class=\"md-plain\">@MysticBeauty (3,2 mln obserwuj\u0105cych):<\/span> <span class=\"md-plain\">\"Te obiektywy to czysta magia dla moich sesji zdj\u0119ciowych o wschodzie s\u0142o\u0144ca w staro\u017cytnych miejscach! Spos\u00f3b, w jaki \u0142api\u0105 poranne \u015bwiat\u0142o jest absolutnie czaruj\u0105cy! \ud83c\udf05\"<\/span><\/p>\n<p class=\"md-end-block md-p\"><span class=\"md-plain\">@DruidicGlow (2,8 mln obserwuj\u0105cych):<\/span> <span class=\"md-plain\">\"Idealne na uroczysto\u015bci zwi\u0105zane z przesileniem i pe\u0142ni\u0105 ksi\u0119\u017cyca! Sprawiaj\u0105, \u017ce moje duchowe spotkania s\u0105 jeszcze bardziej magiczne! \u2728\"<\/span><\/p>\n<p class=\"md-end-block md-p\"><span class=\"md-plain\">@WiltshireWanderer (2,4 mln obserwuj\u0105cych):<\/span> <span class=\"md-plain\">\"Niezale\u017cnie od tego, czy odkrywam kamienne kr\u0119gi, czy bior\u0119 udzia\u0142 w \u015bredniowiecznych festiwalach, te soczewki dodaj\u0105 idealnego mistycznego akcentu! \ud83c\udf3f\"<\/span><\/p>\n<h2 class=\"md-end-block md-heading\"><span class=\"md-plain\">Do\u015bwiadczenia klient\u00f3w<\/span><\/h2>\n<p class=\"md-end-block md-p\"><span class=\"md-plain\">Emily S. \u2b50\ufe0f\u2b50\ufe0f\u2b50\ufe0f\u2b50\ufe0f\u2b50\ufe0f<\/span> <span class=\"md-plain\">\"Niesamowicie wygodne podczas d\u0142ugich spacer\u00f3w po okolicy i zwiedzania staro\u017cytnych miejsc! Mistyczny efekt jest absolutnie osza\u0142amiaj\u0105cy!\"<\/span><\/p>\n<p class=\"md-end-block md-p\"><span class=\"md-plain\">William H. \u2b50\ufe0f\u2b50\ufe0f\u2b50\ufe0f\u2b50\ufe0f\u2b50\ufe0f<\/span> <span class=\"md-plain\">\"Te soczewki zmieniaj\u0105 m\u00f3j codzienny wygl\u0105d w co\u015b magicznego - idealne zar\u00f3wno na poga\u0144skie festiwale, jak i swobodne spotkania!\"<\/span><\/p>\n<p class=\"md-end-block md-p\"><span class=\"md-plain\">Sarah M. \u2b50\ufe0f\u2b50\ufe0f\u2b50\ufe0f\u2b50\ufe0f\u2b50\ufe0f<\/span> <span class=\"md-plain\">\"Najbardziej naturalnie wygl\u0105daj\u0105ce mistyczne oczy, jakie kiedykolwiek mia\u0142am - wszyscy w moim lokalnym stowarzyszeniu historycznym s\u0105 oczarowani! \ud83c\udf1f\"<\/span><\/p>\n<h2 class=\"md-end-block md-heading\"><span class=\"md-plain\">Idealne okazje<\/span><\/h2>\n<h3 class=\"md-end-block md-heading\"><span class=\"md-plain\">Daily Magic<\/span><\/h3>\n<ul class=\"ul-list\" data-mark=\"-\">\n<li class=\"md-list-item\">\n<p class=\"md-end-block md-p\"><span class=\"md-plain\">Poranne sesje medytacyjne<\/span><\/p>\n<\/li>\n<li class=\"md-list-item\">\n<p class=\"md-end-block md-p\"><span class=\"md-plain\">Spacery przyrodnicze<\/span><\/p>\n<\/li>\n<li class=\"md-list-item\">\n<p class=\"md-end-block md-p\"><span class=\"md-plain\">Wizyty w miejscach historycznych<\/span><\/p>\n<\/li>\n<li class=\"md-list-item\">\n<p class=\"md-end-block md-p\"><span class=\"md-plain\">Mistyczne przegl\u0105danie ksi\u0119garni<\/span><\/p>\n<\/li>\n<\/ul>\n<h3 class=\"md-end-block md-heading\"><span class=\"md-plain\">Wydarzenia specjalne<\/span><\/h3>\n<ul class=\"ul-list\" data-mark=\"-\">\n<li class=\"md-list-item\">\n<p class=\"md-end-block md-p\"><span class=\"md-plain\">Obchody przesilenia<\/span><\/p>\n<\/li>\n<li class=\"md-list-item\">\n<p class=\"md-end-block md-p\"><span class=\"md-plain\">\u015aredniowieczne festiwale<\/span><\/p>\n<\/li>\n<li class=\"md-list-item\">\n<p class=\"md-end-block md-p\"><span class=\"md-plain\">Poga\u0144skie spotkania<\/span><\/p>\n<\/li>\n<li class=\"md-list-item\">\n<p class=\"md-end-block md-p\"><span class=\"md-plain\">Inscenizacje historyczne<\/span><\/p>\n<\/li>\n<\/ul>\n<h3 class=\"md-end-block md-heading\"><span class=\"md-plain\">Ulepszanie makija\u017cu<\/span><\/h3>\n<ul class=\"ul-list\" data-mark=\"-\">\n<li class=\"md-list-item\">\n<p class=\"md-end-block md-p\"><span class=\"md-plain\">Mglisty blask poranka<\/span><\/p>\n<\/li>\n<li class=\"md-list-item\">\n<p class=\"md-end-block md-p\"><span class=\"md-plain\">Staro\u017cytny po\u0142ysk br\u0105zu<\/span><\/p>\n<\/li>\n<li class=\"md-list-item\">\n<p class=\"md-end-block md-p\"><span class=\"md-plain\">B\u0142yszcz\u0105ce le\u015bne wr\u00f3\u017cki<\/span><\/p>\n<\/li>\n<li class=\"md-list-item\">\n<p class=\"md-end-block md-p\"><span class=\"md-plain\">Mistyczne smokey eye<\/span><\/p>\n<\/li>\n<\/ul>\n<h2 class=\"md-end-block md-heading\"><span class=\"md-plain\">Przewodnik po stylach<\/span><\/h2>\n<h3 class=\"md-end-block md-heading\"><span class=\"md-plain\">\"Wygl\u0105d Stonehenge\"<\/span><\/h3>\n<ul class=\"ul-list\" data-mark=\"-\">\n<li class=\"md-list-item\">\n<p class=\"md-end-block md-p\"><span class=\"md-plain\">Druidyczna biel<\/span><\/p>\n<\/li>\n<li class=\"md-list-item\">\n<p class=\"md-end-block md-p\"><span class=\"md-plain\">Mistyczna ziele\u0144<\/span><\/p>\n<\/li>\n<li class=\"md-list-item\">\n<p class=\"md-end-block md-p\"><span class=\"md-plain\">Staro\u017cytne kamienne szaro\u015bci<\/span><\/p>\n<\/li>\n<li class=\"md-list-item\">\n<p class=\"md-end-block md-p\"><span class=\"md-plain\">\u015awi\u0119ty blues<\/span><\/p>\n<\/li>\n<\/ul>\n<h3 class=\"md-end-block md-heading\"><span class=\"md-plain\">Magia akcesori\u00f3w<\/span><\/h3>\n<ul class=\"ul-list\" data-mark=\"-\">\n<li class=\"md-list-item\">\n<p class=\"md-end-block md-p\"><span class=\"md-plain\">Bi\u017cuteria celtycka<\/span><\/p>\n<\/li>\n<li class=\"md-list-item\">\n<p class=\"md-end-block md-p\"><span class=\"md-plain\">Naturalne kryszta\u0142y<\/span><\/p>\n<\/li>\n<li class=\"md-list-item\">\n<p class=\"md-end-block md-p\"><span class=\"md-plain\">Talizmany z br\u0105zu<\/span><\/p>\n<\/li>\n<li class=\"md-list-item\">\n<p class=\"md-end-block md-p\"><span class=\"md-plain\">Lej\u0105ce szale<\/span><\/p>\n<\/li>\n<\/ul>\n<h3 class=\"md-end-block md-heading\"><span class=\"md-plain\">Stylizacja sezonowa<\/span><\/h3>\n<ul class=\"ul-list\" data-mark=\"-\">\n<li class=\"md-list-item\">\n<p class=\"md-end-block md-p\"><span class=\"md-plain\">Wiosna: Pastele mglistego \u015bwitu<\/span><\/p>\n<\/li>\n<li class=\"md-list-item\">\n<p class=\"md-end-block md-p\"><span class=\"md-plain\">Lato: Barwy przesilenia<\/span><\/p>\n<\/li>\n<li class=\"md-list-item\">\n<p class=\"md-end-block md-p\"><span class=\"md-plain\">Jesie\u0144: Mistyczne odcienie ziemi<\/span><\/p>\n<\/li>\n<li class=\"md-list-item\">\n<p class=\"md-end-block md-p\"><span class=\"md-plain\">Zima: Nocny blues<\/span><\/p>\n<\/li>\n<\/ul>\n<h2 class=\"md-end-block md-heading\"><span class=\"md-plain\">Bezpiecze\u0144stwo i komfort<\/span><\/h2>\n<p class=\"md-end-block md-p\"><span class=\"md-plain\">Certyfikaty CE i FDA zapewniaj\u0105 komfort tak trwa\u0142y, jak same staro\u017cytne kamienie.<\/span><\/p>\n<h2 class=\"md-end-block md-heading\"><span class=\"md-plain\">Do\u015bwiadcz magii!<\/span><\/h2>\n<p class=\"md-end-block md-p\"><span class=\"md-plain\">Odmie\u0144 swoje spojrzenie dzi\u0119ki mistycznej mocy Stonehenge!<\/span><\/p>\n<p class=\"md-end-block md-p md-focus\"><span class=\"md-plain md-expand\">#StonehengeGlow #MysticalEyes #AncientBeauty #DruidicStyle #ContactLenses #SacredBeauty #BritishMystic<\/span><\/p>","protected":false},"excerpt":{"rendered":"<p>\u2728 Dreaming Stonehenge Blue-Green Contact Lenses: Your Mystical Gaze Awaits! \ud83d\udcab Design Inspiration These enchanting blue-green contact lenses draw their mystical inspiration from Stonehenge at dawn. Capturing the ethereal moment when morning mist swirls around the ancient stones, the design features a mesmerizing blend of mystical blue and sacred green hues. The intricate pattern mirrors [&#8230;]\n","protected":false},"featured_media":1968,"comment_status":"open","ping_status":"closed","template":"","meta":[],"product_brand":[],"product_cat":[75,92,188,77,98],"product_tag":[],"class_list":{"0":"post-1966","1":"product","2":"type-product","3":"status-publish","4":"has-post-thumbnail","6":"product_cat-blue-contact-lenses","7":"product_cat-14-5-mm","8":"product_cat-dream-contacts","9":"product_cat-green-contact-lenses","10":"product_cat-yearly-disposable","12":"first","13":"instock","14":"sale","15":"shipping-taxable","16":"purchasable","17":"product-type-variable","18":"has-default-attributes"},"_links":{"self":[{"href":"https:\/\/bqeye.com\/pl\/wp-json\/wp\/v2\/product\/1966","targetHints":{"allow":["GET"]}}],"collection":[{"href":"https:\/\/bqeye.com\/pl\/wp-json\/wp\/v2\/product"}],"about":[{"href":"https:\/\/bqeye.com\/pl\/wp-json\/wp\/v2\/types\/product"}],"replies":[{"embeddable":true,"href":"https:\/\/bqeye.com\/pl\/wp-json\/wp\/v2\/comments?post=1966"}],"wp:featuredmedia":[{"embeddable":true,"href":"https:\/\/bqeye.com\/pl\/wp-json\/wp\/v2\/media\/1968"}],"wp:attachment":[{"href":"https:\/\/bqeye.com\/pl\/wp-json\/wp\/v2\/media?parent=1966"}],"wp:term":[{"taxonomy":"product_brand","embeddable":true,"href":"https:\/\/bqeye.com\/pl\/wp-json\/wp\/v2\/product_brand?post=1966"},{"taxonomy":"product_cat","embeddable":true,"href":"https:\/\/bqeye.com\/pl\/wp-json\/wp\/v2\/product_cat?post=1966"},{"taxonomy":"product_tag","embeddable":true,"href":"https:\/\/bqeye.com\/pl\/wp-json\/wp\/v2\/product_tag?post=1966"}],"curies":[{"name":"wp","href":"https:\/\/api.w.org\/{rel}","templated":true}]}}