{"id":1969,"date":"2025-01-07T14:10:19","date_gmt":"2025-01-07T06:10:19","guid":{"rendered":"https:\/\/bqeye.com\/?post_type=product&#038;p=1969"},"modified":"2025-01-07T14:11:16","modified_gmt":"2025-01-07T06:11:16","slug":"moonlight-serenade-green-contact-lenses","status":"publish","type":"product","link":"https:\/\/bqeye.com\/pl\/moonlight-serenade-green-contact-lenses\/","title":{"rendered":"Zielone soczewki kontaktowe Moonlight Serenade"},"content":{"rendered":"<h1 class=\"md-end-block md-heading\"><span class=\"md-plain md-expand\">Zielone soczewki kontaktowe Moonlight Serenade: Taniec przez noc<\/span><\/h1>\n<h2 class=\"md-end-block md-heading\"><span class=\"md-plain\">Inspiracje projektowe<\/span><\/h2>\n<p class=\"md-end-block md-p\"><span class=\"md-plain\">Te czaruj\u0105ce zielone soczewki kontaktowe oddaj\u0105 romantyczny nastr\u00f3j ksi\u0119\u017cycowych sal tanecznych z lat 40. ubieg\u0142ego wieku. Zainspirowane delikatnym blaskiem zabytkowych \u017cyrandoli odbijaj\u0105cych si\u0119 od wieczorowych sukni, ka\u017cda soczewka ma hipnotyzuj\u0105c\u0105 mieszank\u0119 sza\u0142wii i szmaragdu, kt\u00f3ra zmienia si\u0119 jak \u015bwiat\u0142o ksi\u0119\u017cyca przez kryszta\u0142owe okulary. Projekt zawiera subtelne srebrne refleksy przypominaj\u0105ce promienie ksi\u0119\u017cyca na marmurze parkietu, podczas gdy g\u0142\u0119bsze odcienie lasu odzwierciedlaj\u0105 tajemnicze cienie ogrod\u00f3w o p\u00f3\u0142nocy. Delikatne akcenty gwiezdnego py\u0142u przywo\u0142uj\u0105 blask antycznej bi\u017cuterii w \u015bwietle sali balowej.<\/span><\/p>\n<h2 class=\"md-end-block md-heading\"><span class=\"md-plain\">Recenzje influencer\u00f3w<\/span><\/h2>\n<p class=\"md-end-block md-p\"><span class=\"md-plain\">@SwingDanceQueen (2,7 mln obserwuj\u0105cych):<\/span> <span class=\"md-plain\">\"Te soczewki doskonale \u0142api\u0105 \u015bwiat\u0142o podczas wieczornych obrot\u00f3w! To m\u00f3j wyb\u00f3r na imprezy taneczne w stylu vintage! \ud83d\udc83\"<\/span><\/p>\n<p class=\"md-end-block md-p\"><span class=\"md-plain\">@RetroGlamour (2,5 mln obserwuj\u0105cych):<\/span> <span class=\"md-plain\">\"Od ta\u0144c\u00f3w herbacianych po kluby jazzowe o p\u00f3\u0142nocy, te soczewki dodaj\u0105 idealnego dotyku tajemnicy starego \u015bwiata! \u2728\"<\/span><\/p>\n<p class=\"md-end-block md-p\"><span class=\"md-plain\">@VintageVogue (2,3 mln obserwuj\u0105cych):<\/span> <span class=\"md-plain\">\"Niezale\u017cnie od tego, czy wykonuj\u0119 swing, czy chodz\u0119 do klub\u00f3w, te soczewki dope\u0142niaj\u0105 m\u00f3j 40-letni wygl\u0105d! \ud83c\udfad\"<\/span><\/p>\n<h2 class=\"md-end-block md-heading\"><span class=\"md-plain\">Do\u015bwiadczenia klient\u00f3w<\/span><\/h2>\n<p class=\"md-end-block md-p\"><span class=\"md-plain\">Grace M. \u2b50\ufe0f\u2b50\ufe0f\u2b50\ufe0f\u2b50\ufe0f\u2b50\ufe0f<\/span> <span class=\"md-plain\">\"Idealne na d\u0142ugie noce ta\u0144ca - pozostaj\u0105 wygodne a\u017c do ostatniej piosenki!\"<\/span><\/p>\n<p class=\"md-end-block md-p\"><span class=\"md-plain\">Robert J. \u2b50\ufe0f\u2b50\ufe0f\u2b50\ufe0f\u2b50\ufe0f\u2b50\ufe0f<\/span> <span class=\"md-plain\">\"Te soczewki sprawiaj\u0105, \u017ce moje oczy wygl\u0105daj\u0105 jak z klasycznego hollywoodzkiego filmu! \ud83c\udfac\"<\/span><\/p>\n<p class=\"md-end-block md-p\"><span class=\"md-plain\">Eleanor S. \u2b50\ufe0f\u2b50\ufe0f\u2b50\ufe0f\u2b50\ufe0f\u2b50\ufe0f<\/span> <span class=\"md-plain\">\"Od popo\u0142udniowej herbaty do jazzu o p\u00f3\u0142nocy, te soczewki zachowuj\u0105 sw\u00f3j czaruj\u0105cy efekt! \ud83c\udf19\"<\/span><\/p>\n<h2 class=\"md-end-block md-heading\"><span class=\"md-plain\">Idealne okazje<\/span><\/h2>\n<h3 class=\"md-end-block md-heading\"><span class=\"md-plain\">Wydarzenia wieczorne<\/span><\/h3>\n<ul class=\"ul-list\" data-mark=\"-\">\n<li class=\"md-list-item\">\n<p class=\"md-end-block md-p\"><span class=\"md-plain\">Ta\u0144ce swingowe<\/span><\/p>\n<\/li>\n<li class=\"md-list-item\">\n<p class=\"md-end-block md-p\"><span class=\"md-plain\">Kluby jazzowe<\/span><\/p>\n<\/li>\n<li class=\"md-list-item\">\n<p class=\"md-end-block md-p\"><span class=\"md-plain\">Kulki w stylu vintage<\/span><\/p>\n<\/li>\n<li class=\"md-list-item\">\n<p class=\"md-end-block md-p\"><span class=\"md-plain\">Kluby kolacyjne<\/span><\/p>\n<\/li>\n<\/ul>\n<h3 class=\"md-end-block md-heading\"><span class=\"md-plain\">Wyj\u0105tkowe chwile<\/span><\/h3>\n<ul class=\"ul-list\" data-mark=\"-\">\n<li class=\"md-list-item\">\n<p class=\"md-end-block md-p\"><span class=\"md-plain\">Pikniki przy \u015bwietle ksi\u0119\u017cyca<\/span><\/p>\n<\/li>\n<li class=\"md-list-item\">\n<p class=\"md-end-block md-p\"><span class=\"md-plain\">Przyj\u0119cia w ogrodzie<\/span><\/p>\n<\/li>\n<li class=\"md-list-item\">\n<p class=\"md-end-block md-p\"><span class=\"md-plain\">Wieczorne koncerty<\/span><\/p>\n<\/li>\n<li class=\"md-list-item\">\n<p class=\"md-end-block md-p\"><span class=\"md-plain\">Festiwale retro<\/span><\/p>\n<\/li>\n<\/ul>\n<h3 class=\"md-end-block md-heading\"><span class=\"md-plain\">Ulepszanie makija\u017cu<\/span><\/h3>\n<ul class=\"ul-list\" data-mark=\"-\">\n<li class=\"md-list-item\">\n<p class=\"md-end-block md-p\"><span class=\"md-plain\">Vintage glamour<\/span><\/p>\n<\/li>\n<li class=\"md-list-item\">\n<p class=\"md-end-block md-p\"><span class=\"md-plain\">Blask ksi\u0119\u017cyca<\/span><\/p>\n<\/li>\n<li class=\"md-list-item\">\n<p class=\"md-end-block md-p\"><span class=\"md-plain\">Blask gwiazd<\/span><\/p>\n<\/li>\n<li class=\"md-list-item\">\n<p class=\"md-end-block md-p\"><span class=\"md-plain\">Wieczorny dym<\/span><\/p>\n<\/li>\n<\/ul>\n<h2 class=\"md-end-block md-heading\"><span class=\"md-plain\">Przewodnik po stylach<\/span><\/h2>\n<h3 class=\"md-end-block md-heading\"><span class=\"md-plain\">\"The Moonlight Look\"<\/span><\/h3>\n<ul class=\"ul-list\" data-mark=\"-\">\n<li class=\"md-list-item\">\n<p class=\"md-end-block md-p\"><span class=\"md-plain\">Zielone lasy<\/span><\/p>\n<\/li>\n<li class=\"md-list-item\">\n<p class=\"md-end-block md-p\"><span class=\"md-plain\">Srebrna sza\u0142wia<\/span><\/p>\n<\/li>\n<li class=\"md-list-item\">\n<p class=\"md-end-block md-p\"><span class=\"md-plain\">Szmaragd o p\u00f3\u0142nocy<\/span><\/p>\n<\/li>\n<li class=\"md-list-item\">\n<p class=\"md-end-block md-p\"><span class=\"md-plain\">Najwa\u017cniejsze cechy Moonbeam<\/span><\/p>\n<\/li>\n<\/ul>\n<h3 class=\"md-end-block md-heading\"><span class=\"md-plain\">Akcesoria vintage<\/span><\/h3>\n<ul class=\"ul-list\" data-mark=\"-\">\n<li class=\"md-list-item\">\n<p class=\"md-end-block md-p\"><span class=\"md-plain\">Bi\u017cuteria w stylu art deco<\/span><\/p>\n<\/li>\n<li class=\"md-list-item\">\n<p class=\"md-end-block md-p\"><span class=\"md-plain\">Per\u0142owe akcenty<\/span><\/p>\n<\/li>\n<li class=\"md-list-item\">\n<p class=\"md-end-block md-p\"><span class=\"md-plain\">Jedwabne szale<\/span><\/p>\n<\/li>\n<li class=\"md-list-item\">\n<p class=\"md-end-block md-p\"><span class=\"md-plain\">R\u0119kawiczki wieczorowe<\/span><\/p>\n<\/li>\n<\/ul>\n<h3 class=\"md-end-block md-heading\"><span class=\"md-plain\">Stylizacja sezonowa<\/span><\/h3>\n<ul class=\"ul-list\" data-mark=\"-\">\n<li class=\"md-list-item\">\n<p class=\"md-end-block md-p\"><span class=\"md-plain\">Wiosna: Mi\u0119kkie sza\u0142wiowe wieczory<\/span><\/p>\n<\/li>\n<li class=\"md-list-item\">\n<p class=\"md-end-block md-p\"><span class=\"md-plain\">Lato: Przyj\u0119cia w ogrodzie przy \u015bwietle ksi\u0119\u017cyca<\/span><\/p>\n<\/li>\n<li class=\"md-list-item\">\n<p class=\"md-end-block md-p\"><span class=\"md-plain\">Jesie\u0144: Aksamit w stylu vintage<\/span><\/p>\n<\/li>\n<li class=\"md-list-item\">\n<p class=\"md-end-block md-p\"><span class=\"md-plain\">Zima: Kryszta\u0142owe sale balowe<\/span><\/p>\n<\/li>\n<\/ul>\n<h2 class=\"md-end-block md-heading\"><span class=\"md-plain\">Bezpiecze\u0144stwo i komfort<\/span><\/h2>\n<p class=\"md-end-block md-p\"><span class=\"md-plain\">Certyfikaty CE i FDA zapewniaj\u0105 komfort od pierwszego do ostatniego ta\u0144ca.<\/span><\/p>\n<h2 class=\"md-end-block md-heading\"><span class=\"md-plain\">Ta\u0144cz przez marzenia!<\/span><\/h2>\n<p class=\"md-end-block md-p\"><span class=\"md-plain\">Przekszta\u0142\u0107 swoje spojrzenie w romantyczny nastr\u00f3j ksi\u0119\u017cycowych nocy!<\/span><\/p>\n<p class=\"md-end-block md-p md-focus\"><span class=\"md-plain md-expand\">#MoonlightGlow #VintageGlamour #GreenEyes #SwingEra #ContactLenses #RetroStyle #DanceHallMagic<\/span><\/p>","protected":false},"excerpt":{"rendered":"<p>\u2728 Moonlight Serenade Green Contact Lenses: Dance Through the Night \ud83d\udcab Design Inspiration These enchanting green contact lenses capture the romance of moonlit dance halls from the 1940s. Inspired by the soft glow of vintage chandeliers reflecting off evening gowns, each lens features a mesmerizing blend of sage and emerald that shifts like moonlight through [&#8230;]\n","protected":false},"featured_media":1971,"comment_status":"open","ping_status":"closed","template":"","meta":[],"product_brand":[],"product_cat":[77,92,188,98],"product_tag":[],"class_list":{"0":"post-1969","1":"product","2":"type-product","3":"status-publish","4":"has-post-thumbnail","6":"product_cat-green-contact-lenses","7":"product_cat-14-5-mm","8":"product_cat-dream-contacts","9":"product_cat-yearly-disposable","11":"first","12":"instock","13":"sale","14":"shipping-taxable","15":"purchasable","16":"product-type-variable","17":"has-default-attributes"},"_links":{"self":[{"href":"https:\/\/bqeye.com\/pl\/wp-json\/wp\/v2\/product\/1969","targetHints":{"allow":["GET"]}}],"collection":[{"href":"https:\/\/bqeye.com\/pl\/wp-json\/wp\/v2\/product"}],"about":[{"href":"https:\/\/bqeye.com\/pl\/wp-json\/wp\/v2\/types\/product"}],"replies":[{"embeddable":true,"href":"https:\/\/bqeye.com\/pl\/wp-json\/wp\/v2\/comments?post=1969"}],"wp:featuredmedia":[{"embeddable":true,"href":"https:\/\/bqeye.com\/pl\/wp-json\/wp\/v2\/media\/1971"}],"wp:attachment":[{"href":"https:\/\/bqeye.com\/pl\/wp-json\/wp\/v2\/media?parent=1969"}],"wp:term":[{"taxonomy":"product_brand","embeddable":true,"href":"https:\/\/bqeye.com\/pl\/wp-json\/wp\/v2\/product_brand?post=1969"},{"taxonomy":"product_cat","embeddable":true,"href":"https:\/\/bqeye.com\/pl\/wp-json\/wp\/v2\/product_cat?post=1969"},{"taxonomy":"product_tag","embeddable":true,"href":"https:\/\/bqeye.com\/pl\/wp-json\/wp\/v2\/product_tag?post=1969"}],"curies":[{"name":"wp","href":"https:\/\/api.w.org\/{rel}","templated":true}]}}