{"id":1972,"date":"2025-01-07T15:10:25","date_gmt":"2025-01-07T07:10:25","guid":{"rendered":"https:\/\/bqeye.com\/?post_type=product&#038;p=1972"},"modified":"2025-01-07T15:11:27","modified_gmt":"2025-01-07T07:11:27","slug":"glacier-blue-contact-lenses","status":"publish","type":"product","link":"https:\/\/bqeye.com\/pl\/glacier-blue-contact-lenses\/","title":{"rendered":"Soczewki kontaktowe Glacier Blue"},"content":{"rendered":"<h1 class=\"md-end-block md-heading\"><span class=\"md-plain md-expand\">Soczewki kontaktowe Glacier Blue: Uchwy\u0107 alpejski majestat<\/span><\/h1>\n<h2 class=\"md-end-block md-heading\"><span class=\"md-plain\">Inspiracje projektowe<\/span><\/h2>\n<p class=\"md-end-block md-p\"><span class=\"md-plain\">Te niebieskie soczewki kontaktowe uosabiaj\u0105 nieskazitelne pi\u0119kno alpejskich p\u00f3l lodowych. Ka\u017cda soczewka ma krystaliczne gradienty, kt\u00f3re odzwierciedlaj\u0105 g\u0142\u0119bi\u0119 staro\u017cytnych lodowc\u00f3w, od eterycznych b\u0142\u0119kit\u00f3w powierzchniowych po g\u0142\u0119boki lazur g\u0142\u0119bokich jaski\u0144 lodowych. Delikatne pryzmatyczne refleksy przywo\u0142uj\u0105 \u015bwiat\u0142o s\u0142oneczne ta\u0144cz\u0105ce w szczelinach, a subtelne bia\u0142e odcienie oddaj\u0105 istot\u0119 \u015bwie\u017cego puchu. Projekt czerpie z ponadczasowego majestatu miejsc takich jak Chamonix, Zermatt i Jungfrau.<\/span><\/p>\n<h2 class=\"md-end-block md-heading\"><span class=\"md-plain\">Recenzje Explorer<\/span><\/h2>\n<p class=\"md-end-block md-p\"><span class=\"md-plain\">@AlpineStyle (2,9 mln obserwuj\u0105cych):<\/span> <span class=\"md-plain\">\"Te soczewki zmieniaj\u0105 moje g\u00f3rskie przygody! Jak noszenie kawa\u0142k\u00f3w lodowca! \u2744\ufe0f\"<\/span><\/p>\n<p class=\"md-end-block md-p\"><span class=\"md-plain\">@WinterGlow (2,7 mln obserwuj\u0105cych):<\/span> <span class=\"md-plain\">\"Idealny do wszystkiego, od zdj\u0119\u0107 na szczycie po apres-ski! Najbardziej autentyczne niebieskie oczy! \ud83c\udfd4\ufe0f\"<\/span><\/p>\n<p class=\"md-end-block md-p\"><span class=\"md-plain\">@GlacierGrace (2,5 mln obserwuj\u0105cych):<\/span> <span class=\"md-plain\">\"Niezale\u017cnie od tego, czy je\u017cd\u017c\u0119 na nartach, czy odpoczywam w schronisku, te obiektywy uchwyc\u0105 czyst\u0105 alpejsk\u0105 magi\u0119! \u2728\"<\/span><\/p>\n<h2 class=\"md-end-block md-heading\"><span class=\"md-plain\">G\u00f3rskie do\u015bwiadczenia<\/span><\/h2>\n<p class=\"md-end-block md-p\"><span class=\"md-plain\">Alexandra R. \u2b50\ufe0f\u2b50\ufe0f\u2b50\ufe0f\u2b50\ufe0f\u2b50\ufe0f<\/span> <span class=\"md-plain\">\"Krystalicznie czysty komfort od pierwszego wyci\u0105gu krzese\u0142kowego do ostatniego przejazdu!\"<\/span><\/p>\n<p class=\"md-end-block md-p\"><span class=\"md-plain\">Marcus H. \u2b50\ufe0f\u2b50\ufe0f\u2b50\ufe0f\u2b50\ufe0f\u2b50\ufe0f<\/span> <span class=\"md-plain\">\"Te obiektywy sprawiaj\u0105, \u017ce moje zimowe zdj\u0119cia s\u0105 absolutnie osza\u0142amiaj\u0105ce! \ud83d\udcf8\"<\/span><\/p>\n<p class=\"md-end-block md-p\"><span class=\"md-plain\">Sophie L. \u2b50\ufe0f\u2b50\ufe0f\u2b50\ufe0f\u2b50\ufe0f\u2b50\ufe0f<\/span> <span class=\"md-plain\">\"Idealne na wysokog\u00f3rskie przygody - pozostaj\u0105 wygodne nawet w g\u00f3rskim powietrzu! \ud83d\uddfb\"<\/span><\/p>\n<h2 class=\"md-end-block md-heading\"><span class=\"md-plain\">Idealne chwile<\/span><\/h2>\n<h3 class=\"md-end-block md-heading\"><span class=\"md-plain\">Aktywno\u015bci w g\u00f3rach<\/span><\/h3>\n<ul class=\"ul-list\" data-mark=\"-\">\n<li class=\"md-list-item\">\n<p class=\"md-end-block md-p\"><span class=\"md-plain\">Narciarstwo alpejskie<\/span><\/p>\n<\/li>\n<li class=\"md-list-item\">\n<p class=\"md-end-block md-p\"><span class=\"md-plain\">W\u0119dr\u00f3wki po lodowcu<\/span><\/p>\n<\/li>\n<li class=\"md-list-item\">\n<p class=\"md-end-block md-p\"><span class=\"md-plain\">Fotografia zimowa<\/span><\/p>\n<\/li>\n<li class=\"md-list-item\">\n<p class=\"md-end-block md-p\"><span class=\"md-plain\">Uroczysto\u015bci na szczycie<\/span><\/p>\n<\/li>\n<\/ul>\n<h3 class=\"md-end-block md-heading\"><span class=\"md-plain\">Apr\u00e9s Adventures<\/span><\/h3>\n<ul class=\"ul-list\" data-mark=\"-\">\n<li class=\"md-list-item\">\n<p class=\"md-end-block md-p\"><span class=\"md-plain\">Wieczory w domku<\/span><\/p>\n<\/li>\n<li class=\"md-list-item\">\n<p class=\"md-end-block md-p\"><span class=\"md-plain\">G\u00f3rskie spa<\/span><\/p>\n<\/li>\n<li class=\"md-list-item\">\n<p class=\"md-end-block md-p\"><span class=\"md-plain\">Bary lodowe<\/span><\/p>\n<\/li>\n<li class=\"md-list-item\">\n<p class=\"md-end-block md-p\"><span class=\"md-plain\">Alpejska jadalnia<\/span><\/p>\n<\/li>\n<\/ul>\n<h3 class=\"md-end-block md-heading\"><span class=\"md-plain\">Ulepszenie stylu<\/span><\/h3>\n<ul class=\"ul-list\" data-mark=\"-\">\n<li class=\"md-list-item\">\n<p class=\"md-end-block md-p\"><span class=\"md-plain\">Najwa\u017cniejsze cechy kryszta\u0142u<\/span><\/p>\n<\/li>\n<li class=\"md-list-item\">\n<p class=\"md-end-block md-p\"><span class=\"md-plain\">Blask Kr\u00f3lowej \u015aniegu<\/span><\/p>\n<\/li>\n<li class=\"md-list-item\">\n<p class=\"md-end-block md-p\"><span class=\"md-plain\">Lodowa ksi\u0119\u017cniczka b\u0142yszczy<\/span><\/p>\n<\/li>\n<li class=\"md-list-item\">\n<p class=\"md-end-block md-p\"><span class=\"md-plain\">Mro\u017any po\u0142ysk<\/span><\/p>\n<\/li>\n<\/ul>\n<h2 class=\"md-end-block md-heading\"><span class=\"md-plain\">Przewodnik po stylach<\/span><\/h2>\n<h3 class=\"md-end-block md-heading\"><span class=\"md-plain\">\"The Glacier Look\"<\/span><\/h3>\n<ul class=\"ul-list\" data-mark=\"-\">\n<li class=\"md-list-item\">\n<p class=\"md-end-block md-p\"><span class=\"md-plain\">Kryszta\u0142owy niebieski<\/span><\/p>\n<\/li>\n<li class=\"md-list-item\">\n<p class=\"md-end-block md-p\"><span class=\"md-plain\">Lazur alpejski<\/span><\/p>\n<\/li>\n<li class=\"md-list-item\">\n<p class=\"md-end-block md-p\"><span class=\"md-plain\">Lodowa biel<\/span><\/p>\n<\/li>\n<li class=\"md-list-item\">\n<p class=\"md-end-block md-p\"><span class=\"md-plain\">G\u0142\u0119boko\u015b\u0107 szczeliny<\/span><\/p>\n<\/li>\n<\/ul>\n<h3 class=\"md-end-block md-heading\"><span class=\"md-plain\">Akcesoria zimowe<\/span><\/h3>\n<ul class=\"ul-list\" data-mark=\"-\">\n<li class=\"md-list-item\">\n<p class=\"md-end-block md-p\"><span class=\"md-plain\">Kryszta\u0142owa bi\u017cuteria<\/span><\/p>\n<\/li>\n<li class=\"md-list-item\">\n<p class=\"md-end-block md-p\"><span class=\"md-plain\">Srebrne akcenty<\/span><\/p>\n<\/li>\n<li class=\"md-list-item\">\n<p class=\"md-end-block md-p\"><span class=\"md-plain\">Kaszmirowa biel<\/span><\/p>\n<\/li>\n<li class=\"md-list-item\">\n<p class=\"md-end-block md-p\"><span class=\"md-plain\">Futrzane wyko\u0144czenie<\/span><\/p>\n<\/li>\n<\/ul>\n<h3 class=\"md-end-block md-heading\"><span class=\"md-plain\">Sezonowa magia<\/span><\/h3>\n<ul class=\"ul-list\" data-mark=\"-\">\n<li class=\"md-list-item\">\n<p class=\"md-end-block md-p\"><span class=\"md-plain\">Zima: G\u0142\u0119boki lodowiec<\/span><\/p>\n<\/li>\n<li class=\"md-list-item\">\n<p class=\"md-end-block md-p\"><span class=\"md-plain\">Wiosna: Roztopiony niebieski<\/span><\/p>\n<\/li>\n<li class=\"md-list-item\">\n<p class=\"md-end-block md-p\"><span class=\"md-plain\">Lato: Krystalicznie czysty<\/span><\/p>\n<\/li>\n<li class=\"md-list-item\">\n<p class=\"md-end-block md-p\"><span class=\"md-plain\">Jesie\u0144: Mr\u00f3z niebieski<\/span><\/p>\n<\/li>\n<\/ul>\n<h2 class=\"md-end-block md-heading\"><span class=\"md-plain\">Bezpiecze\u0144stwo i komfort<\/span><\/h2>\n<p class=\"md-end-block md-p\"><span class=\"md-plain\">Certyfikaty CE i FDA zapewniaj\u0105 wygod\u0119 od bazy do szczytu.<\/span><\/p>\n<h2 class=\"md-end-block md-heading\"><span class=\"md-plain\">Do\u015bwiadcz alpejskiego cudu!<\/span><\/h2>\n<p class=\"md-end-block md-p\"><span class=\"md-plain\">Odmie\u0144 swoje spojrzenie czysto\u015bci\u0105 wiecznego lodu!<\/span><\/p>\n<p class=\"md-end-block md-p md-focus\"><span class=\"md-plain md-expand\">#GlacierBlue #AlpineStyle #WinterMagic #ContactLenses #MountainChic #IceBlue #AlpineLuxury<\/span><\/p>","protected":false},"excerpt":{"rendered":"<p>\u2728 Glacier Blue Contact Lenses: Capturing Alpine Majesty \ud83d\udcab Design Inspiration These glacier blue contact lenses embody the pristine beauty of alpine ice fields. Each lens features crystalline gradients that mirror the depths of ancient glaciers, from ethereal surface blues to the profound azure of deep ice caves. Delicate prismatic highlights evoke sunlight dancing across [&#8230;]\n","protected":false},"featured_media":1974,"comment_status":"open","ping_status":"closed","template":"","meta":[],"product_brand":[],"product_cat":[75,92,188,98],"product_tag":[],"class_list":{"0":"post-1972","1":"product","2":"type-product","3":"status-publish","4":"has-post-thumbnail","6":"product_cat-blue-contact-lenses","7":"product_cat-14-5-mm","8":"product_cat-dream-contacts","9":"product_cat-yearly-disposable","11":"first","12":"instock","13":"sale","14":"shipping-taxable","15":"purchasable","16":"product-type-variable","17":"has-default-attributes"},"_links":{"self":[{"href":"https:\/\/bqeye.com\/pl\/wp-json\/wp\/v2\/product\/1972","targetHints":{"allow":["GET"]}}],"collection":[{"href":"https:\/\/bqeye.com\/pl\/wp-json\/wp\/v2\/product"}],"about":[{"href":"https:\/\/bqeye.com\/pl\/wp-json\/wp\/v2\/types\/product"}],"replies":[{"embeddable":true,"href":"https:\/\/bqeye.com\/pl\/wp-json\/wp\/v2\/comments?post=1972"}],"wp:featuredmedia":[{"embeddable":true,"href":"https:\/\/bqeye.com\/pl\/wp-json\/wp\/v2\/media\/1974"}],"wp:attachment":[{"href":"https:\/\/bqeye.com\/pl\/wp-json\/wp\/v2\/media?parent=1972"}],"wp:term":[{"taxonomy":"product_brand","embeddable":true,"href":"https:\/\/bqeye.com\/pl\/wp-json\/wp\/v2\/product_brand?post=1972"},{"taxonomy":"product_cat","embeddable":true,"href":"https:\/\/bqeye.com\/pl\/wp-json\/wp\/v2\/product_cat?post=1972"},{"taxonomy":"product_tag","embeddable":true,"href":"https:\/\/bqeye.com\/pl\/wp-json\/wp\/v2\/product_tag?post=1972"}],"curies":[{"name":"wp","href":"https:\/\/api.w.org\/{rel}","templated":true}]}}