{"id":1975,"date":"2025-01-07T19:19:14","date_gmt":"2025-01-07T11:19:14","guid":{"rendered":"https:\/\/bqeye.com\/?post_type=product&#038;p=1975"},"modified":"2025-01-07T19:20:21","modified_gmt":"2025-01-07T11:20:21","slug":"flirting-blue-contact-lenses","status":"publish","type":"product","link":"https:\/\/bqeye.com\/pl\/flirting-blue-contact-lenses\/","title":{"rendered":"Niebieskie soczewki kontaktowe Flirt"},"content":{"rendered":"<h1 class=\"md-end-block md-heading\"><span class=\"md-plain md-expand\">Niebieskie soczewki kontaktowe Flirting Blue: Czaruj\u0105cy urok<\/span><\/h1>\n<h2 class=\"md-end-block md-heading\"><span class=\"md-plain\">Inspiracje projektowe<\/span><\/h2>\n<p class=\"md-end-block md-p\"><span class=\"md-plain\">Te flirtuj\u0105ce niebieskie soczewki kontaktowe uosabiaj\u0105 zniewalaj\u0105ce wyrafinowanie i magnetyczny urok. Ka\u017cda soczewka zawiera hipnotyzuj\u0105c\u0105 mieszank\u0119 szafirowych odcieni, kt\u00f3re odzwierciedlaj\u0105 niebo o zmierzchu, z subtelnymi efektami po\u0142ysku, kt\u00f3re tworz\u0105 nieodparte spojrzenie. Delikatne przej\u015bcia kolor\u00f3w przywo\u0142uj\u0105 tajemnic\u0119 zmierzchu, a pryzmatyczne refleksy dodaj\u0105 idealnego blasku niezapomnianym chwilom.<\/span><\/p>\n<h2 class=\"md-end-block md-heading\"><span class=\"md-plain\">Influencerzy stylu<\/span><\/h2>\n<p class=\"md-end-block md-p\"><span class=\"md-plain\">@CharmingGaze (2,9 mln obserwuj\u0105cych):<\/span> <span class=\"md-plain\">\"Te soczewki zamieniaj\u0105 ka\u017cde spojrzenie w czyst\u0105 magi\u0119! Idealne na te wyj\u0105tkowe noce! \u2728\"<\/span><\/p>\n<p class=\"md-end-block md-p\"><span class=\"md-plain\">@FlirtStyle (2,7 mln obserwuj\u0105cych):<\/span> <span class=\"md-plain\">\"Od randek przy kawie po koktajle - to tworzy natychmiastow\u0105 chemi\u0119! \ud83d\udcab\"<\/span><\/p>\n<p class=\"md-end-block md-p\"><span class=\"md-plain\">@AllureQueen (2,5 mln obserwuj\u0105cych):<\/span> <span class=\"md-plain\">\"Moja tajna bro\u0144 na te chwile, w kt\u00f3rych nie mo\u017cna si\u0119 oderwa\u0107! \ud83c\udf19\"<\/span><\/p>\n<h2 class=\"md-end-block md-heading\"><span class=\"md-plain\">\ud83d\udc40 Zaczarowane do\u015bwiadczenia<\/span><\/h2>\n<p class=\"md-end-block md-p\"><span class=\"md-plain\">Isabella R. \u2b50\ufe0f\u2b50\ufe0f\u2b50\ufe0f\u2b50\ufe0f\u2b50\ufe0f<\/span> <span class=\"md-plain\">\"Idealny niebieski do tworzenia tych magnetycznych chwil!\"<\/span><\/p>\n<p class=\"md-end-block md-p\"><span class=\"md-plain\">Marcus L. \u2b50\ufe0f\u2b50\ufe0f\u2b50\ufe0f\u2b50\ufe0f\u2b50\ufe0f<\/span> <span class=\"md-plain\">\"Te soczewki dodaj\u0105 blasku ka\u017cdemu wieczorowi! \u2728\"<\/span><\/p>\n<p class=\"md-end-block md-p\"><span class=\"md-plain\">Sophie V. \u2b50\ufe0f\u2b50\ufe0f\u2b50\ufe0f\u2b50\ufe0f\u2b50\ufe0f<\/span> <span class=\"md-plain\">\"Wystarczaj\u0105co wygodne do ca\u0142onocnego uroku! \ud83d\udc8b\"<\/span><\/p>\n<h2 class=\"md-end-block md-heading\"><span class=\"md-plain\">Idealne chwile<\/span><\/h2>\n<h3 class=\"md-end-block md-heading\"><span class=\"md-plain\">Magia spo\u0142eczna<\/span><\/h3>\n<ul class=\"ul-list\" data-mark=\"-\">\n<li class=\"md-list-item\">\n<p class=\"md-end-block md-p\"><span class=\"md-plain\">Romantyczne kolacje<\/span><\/p>\n<\/li>\n<li class=\"md-list-item\">\n<p class=\"md-end-block md-p\"><span class=\"md-plain\">Wieczory koktajlowe<\/span><\/p>\n<\/li>\n<li class=\"md-list-item\">\n<p class=\"md-end-block md-p\"><span class=\"md-plain\">Wieczorne gale<\/span><\/p>\n<\/li>\n<li class=\"md-list-item\">\n<p class=\"md-end-block md-p\"><span class=\"md-plain\">Imprezy na dachu<\/span><\/p>\n<\/li>\n<\/ul>\n<h3 class=\"md-end-block md-heading\"><span class=\"md-plain\">Wydarzenia specjalne<\/span><\/h3>\n<ul class=\"ul-list\" data-mark=\"-\">\n<li class=\"md-list-item\">\n<p class=\"md-end-block md-p\"><span class=\"md-plain\">Nocne randki<\/span><\/p>\n<\/li>\n<li class=\"md-list-item\">\n<p class=\"md-end-block md-p\"><span class=\"md-plain\">Degustacje win<\/span><\/p>\n<\/li>\n<li class=\"md-list-item\">\n<p class=\"md-end-block md-p\"><span class=\"md-plain\">Galerie sztuki<\/span><\/p>\n<\/li>\n<li class=\"md-list-item\">\n<p class=\"md-end-block md-p\"><span class=\"md-plain\">Miejskie przygody<\/span><\/p>\n<\/li>\n<\/ul>\n<h3 class=\"md-end-block md-heading\"><span class=\"md-plain\">Ulepszenie stylu<\/span><\/h3>\n<ul class=\"ul-list\" data-mark=\"-\">\n<li class=\"md-list-item\">\n<p class=\"md-end-block md-p\"><span class=\"md-plain\">Dymne wyrafinowanie<\/span><\/p>\n<\/li>\n<li class=\"md-list-item\">\n<p class=\"md-end-block md-p\"><span class=\"md-plain\">Zroszona po\u015bwiata<\/span><\/p>\n<\/li>\n<li class=\"md-list-item\">\n<p class=\"md-end-block md-p\"><span class=\"md-plain\">Aksamitne wyko\u0144czenie<\/span><\/p>\n<\/li>\n<li class=\"md-list-item\">\n<p class=\"md-end-block md-p\"><span class=\"md-plain\">Luksusowe rz\u0119sy<\/span><\/p>\n<\/li>\n<\/ul>\n<h2 class=\"md-end-block md-heading\"><span class=\"md-plain\">Przewodnik po stylach<\/span><\/h2>\n<h3 class=\"md-end-block md-heading\"><span class=\"md-plain\">\"Flirtuj\u0105ce spojrzenie\"<\/span><\/h3>\n<ul class=\"ul-list\" data-mark=\"-\">\n<li class=\"md-list-item\">\n<p class=\"md-end-block md-p\"><span class=\"md-plain\">Granatowy<\/span><\/p>\n<\/li>\n<li class=\"md-list-item\">\n<p class=\"md-end-block md-p\"><span class=\"md-plain\">Szafirowy po\u0142ysk<\/span><\/p>\n<\/li>\n<li class=\"md-list-item\">\n<p class=\"md-end-block md-p\"><span class=\"md-plain\">Odcienie zmierzchu<\/span><\/p>\n<\/li>\n<li class=\"md-list-item\">\n<p class=\"md-end-block md-p\"><span class=\"md-plain\">Lazurowy urok<\/span><\/p>\n<\/li>\n<\/ul>\n<h3 class=\"md-end-block md-heading\"><span class=\"md-plain\">Idealne po\u0142\u0105czenia<\/span><\/h3>\n<ul class=\"ul-list\" data-mark=\"-\">\n<li class=\"md-list-item\">\n<p class=\"md-end-block md-p\"><span class=\"md-plain\">Delikatna bi\u017cuteria<\/span><\/p>\n<\/li>\n<li class=\"md-list-item\">\n<p class=\"md-end-block md-p\"><span class=\"md-plain\">Charakterystyczny zapach<\/span><\/p>\n<\/li>\n<li class=\"md-list-item\">\n<p class=\"md-end-block md-p\"><span class=\"md-plain\">Jedwabne akcenty<\/span><\/p>\n<\/li>\n<li class=\"md-list-item\">\n<p class=\"md-end-block md-p\"><span class=\"md-plain\">Koronkowe akcenty<\/span><\/p>\n<\/li>\n<\/ul>\n<h3 class=\"md-end-block md-heading\"><span class=\"md-plain\">Magia nastroju<\/span><\/h3>\n<ul class=\"ul-list\" data-mark=\"-\">\n<li class=\"md-list-item\">\n<p class=\"md-end-block md-p\"><span class=\"md-plain\">Wiecz\u00f3r: G\u0142\u0119boki b\u0142\u0119kit<\/span><\/p>\n<\/li>\n<li class=\"md-list-item\">\n<p class=\"md-end-block md-p\"><span class=\"md-plain\">Dzie\u0144: Subtelny po\u0142ysk<\/span><\/p>\n<\/li>\n<li class=\"md-list-item\">\n<p class=\"md-end-block md-p\"><span class=\"md-plain\">Strona: Elektryczny niebieski<\/span><\/p>\n<\/li>\n<li class=\"md-list-item\">\n<p class=\"md-end-block md-p\"><span class=\"md-plain\">Intymno\u015b\u0107: Bogaty lazur<\/span><\/p>\n<\/li>\n<\/ul>\n<h2 class=\"md-end-block md-heading\"><span class=\"md-plain\">Bezpiecze\u0144stwo i komfort<\/span><\/h2>\n<p class=\"md-end-block md-p\"><span class=\"md-plain\">Certyfikaty CE i FDA zapewniaj\u0105 komfort, kt\u00f3ry trwa od pierwszego spojrzenia do ostatniego ta\u0144ca.<\/span><\/p>\n<h2 class=\"md-end-block md-heading\"><span class=\"md-plain\">Do\u015bwiadcz magii!<\/span><\/h2>\n<p class=\"md-end-block md-p\"><span class=\"md-plain\">Odmie\u0144 swoje spojrzenie urzekaj\u0105cym b\u0142\u0119kitem!<\/span><\/p>\n<p class=\"md-end-block md-p md-focus\"><span class=\"md-plain md-expand\">#FlirtingBlue #CharmingStyle #MagneticGaze #ContactLenses #NightMagic #StyleSecrets #AllureStyle<\/span><\/p>","protected":false},"excerpt":{"rendered":"<p>\u2728 Flirting Blue Contact Lenses: Enchanting Allure \ud83d\udcab Design Inspiration These flirting blue contact lenses embody captivating sophistication and magnetic charm. Each lens features a mesmerizing blend of sapphire tones that mirror twilight skies, with subtle shimmer effects that create an irresistible gaze. Delicate color transitions evoke the mystery of dusk, while prismatic highlights add [&#8230;]\n","protected":false},"featured_media":1977,"comment_status":"open","ping_status":"closed","template":"","meta":[],"product_brand":[],"product_cat":[75,91,188,98],"product_tag":[],"class_list":{"0":"post-1975","1":"product","2":"type-product","3":"status-publish","4":"has-post-thumbnail","6":"product_cat-blue-contact-lenses","7":"product_cat-14-2-mm","8":"product_cat-dream-contacts","9":"product_cat-yearly-disposable","11":"first","12":"instock","13":"sale","14":"shipping-taxable","15":"purchasable","16":"product-type-variable","17":"has-default-attributes"},"_links":{"self":[{"href":"https:\/\/bqeye.com\/pl\/wp-json\/wp\/v2\/product\/1975","targetHints":{"allow":["GET"]}}],"collection":[{"href":"https:\/\/bqeye.com\/pl\/wp-json\/wp\/v2\/product"}],"about":[{"href":"https:\/\/bqeye.com\/pl\/wp-json\/wp\/v2\/types\/product"}],"replies":[{"embeddable":true,"href":"https:\/\/bqeye.com\/pl\/wp-json\/wp\/v2\/comments?post=1975"}],"wp:featuredmedia":[{"embeddable":true,"href":"https:\/\/bqeye.com\/pl\/wp-json\/wp\/v2\/media\/1977"}],"wp:attachment":[{"href":"https:\/\/bqeye.com\/pl\/wp-json\/wp\/v2\/media?parent=1975"}],"wp:term":[{"taxonomy":"product_brand","embeddable":true,"href":"https:\/\/bqeye.com\/pl\/wp-json\/wp\/v2\/product_brand?post=1975"},{"taxonomy":"product_cat","embeddable":true,"href":"https:\/\/bqeye.com\/pl\/wp-json\/wp\/v2\/product_cat?post=1975"},{"taxonomy":"product_tag","embeddable":true,"href":"https:\/\/bqeye.com\/pl\/wp-json\/wp\/v2\/product_tag?post=1975"}],"curies":[{"name":"wp","href":"https:\/\/api.w.org\/{rel}","templated":true}]}}