{"id":2023,"date":"2025-01-08T20:16:33","date_gmt":"2025-01-08T12:16:33","guid":{"rendered":"https:\/\/bqeye.com\/?post_type=product&#038;p=2023"},"modified":"2025-01-08T20:18:36","modified_gmt":"2025-01-08T12:18:36","slug":"moonlight-grey-contact-lenses","status":"publish","type":"product","link":"https:\/\/bqeye.com\/pl\/moonlight-grey-contact-lenses\/","title":{"rendered":"Soczewki kontaktowe Moonlight Grey"},"content":{"rendered":"<h1 class=\"md-end-block md-heading\"><span class=\"md-plain md-expand\">Soczewki kontaktowe Moonlight Grey: Ods\u0142o\u0144 swoje eteryczne spojrzenie \ud83c\udf19<\/span><\/h1>\n<h2 class=\"md-end-block md-heading\"><span class=\"md-plain\">Inspiracje projektowe i historia kolor\u00f3w<\/span><\/h2>\n<p class=\"md-end-block md-p\"><span class=\"md-plain\">Te <\/span><span class=\"md-pair-s\"><strong><span class=\"md-plain\">Soczewki kontaktowe Moonlight Grey<\/span><\/strong><\/span><span class=\"md-plain\"> uchwyci\u0107 tajemniczy urok ksi\u0119\u017cycowych nocy. Zainspirowane srebrnym blaskiem ksi\u0119\u017cyca w pe\u0142ni przez mgliste chmury, ka\u017cda soczewka ma delikatne warstwy \u015bwietlistych odcieni szaro\u015bci. Unikalny wz\u00f3r tworzy hipnotyzuj\u0105c\u0105 g\u0142\u0119bi\u0119, kt\u00f3ra przekszta\u0142ca oczy w baseny ksi\u0119\u017cycowej tajemnicy, idealne dla tych, kt\u00f3rzy szukaj\u0105 subtelnego, ale uderzaj\u0105cego wzmocnienia.<\/span><\/p>\n<h2 class=\"md-end-block md-heading\"><span class=\"md-plain\">Recenzje influencer\u00f3w<\/span><\/h2>\n<p class=\"md-end-block md-p\"><span class=\"md-plain\">@BeautyMoon (1,7 mln obserwuj\u0105cych): \"Te <\/span><span class=\"md-pair-s\"><strong><span class=\"md-plain\">Soczewki kontaktowe Moonlight Grey sprawiaj\u0105, \u017ce wirtualne spotkania staj\u0105 si\u0119 magiczne<\/span><\/strong><\/span><span class=\"md-plain\"> - idealna r\u00f3wnowaga mi\u0119dzy profesjonalizmem i urokiem! \u2728\"<\/span><\/p>\n<p class=\"md-end-block md-p\"><span class=\"md-plain\">@StyleSiren (1,1 mln obserwuj\u0105cych): \"The <\/span><span class=\"md-pair-s\"><strong><span class=\"md-plain\">Soczewka kontaktowa Moonlight Grey to moja tajna bro\u0144 podczas sesji redakcyjnych<\/span><\/strong><\/span><span class=\"md-plain\"> - fotografuj\u0105 jak marzenie! \ud83c\udf1f\"<\/span><\/p>\n<p class=\"md-end-block md-p\"><span class=\"md-plain\">@GlamGoddess (850 tys. obserwuj\u0105cych): \"Podczas wieczornych wydarze\u0144 te <\/span><span class=\"md-pair-s\"><strong><span class=\"md-plain\">Soczewki Moonlight Grey pi\u0119knie \u0142api\u0105 \u015bwiat\u0142o<\/span><\/strong><\/span><span class=\"md-plain\"> - czyste oczarowanie! \ud83d\udcab\"<\/span><\/p>\n<h2 class=\"md-end-block md-heading\"><span class=\"md-plain\">Prawdziwe do\u015bwiadczenia klient\u00f3w<\/span><\/h2>\n<p class=\"md-end-block md-p\"><span class=\"md-plain\">\"Te <\/span><span class=\"md-pair-s\"><strong><span class=\"md-plain\">Soczewki kontaktowe Moonlight Grey zapewniaj\u0105 uczucie niewa\u017cko\u015bci podczas prezentacji<\/span><\/strong><\/span><span class=\"md-plain\">idealny na d\u0142ugie dni pracy! \ud83d\udcbc\"<\/span><\/p>\n<p class=\"md-end-block md-p\"><span class=\"md-plain\">\"The <\/span><span class=\"md-pair-s\"><strong><span class=\"md-plain\">Soczewka kontaktowa Moonlight Grey uwydatnia moje cechy na spotkaniach towarzyskich<\/span><\/strong><\/span><span class=\"md-plain\">tak naturalnie elegancki! \u2728\"<\/span><\/p>\n<p class=\"md-end-block md-p\"><span class=\"md-plain\">\"Uwielbiam, jak te <\/span><span class=\"md-pair-s\"><strong><span class=\"md-plain\">Soczewki Moonlight Grey podkre\u015blaj\u0105 m\u00f3j wygl\u0105d podczas wieczornych kolacji<\/span><\/strong><\/span><span class=\"md-plain\"> - wyrafinowany i tajemniczy! \ud83c\udf19\"<\/span><\/p>\n<h2 class=\"md-end-block md-heading\"><span class=\"md-plain\">Idealne okazje<\/span><\/h2>\n<h3 class=\"md-end-block md-heading\"><span class=\"md-plain\">Ustawienia profesjonalne<\/span><\/h3>\n<ul class=\"ul-list\" data-mark=\"-\">\n<li class=\"md-list-item\">\n<p class=\"md-end-block md-p\"><span class=\"md-plain\">Spotkania zarz\u0105du<\/span><\/p>\n<\/li>\n<li class=\"md-list-item\">\n<p class=\"md-end-block md-p\"><span class=\"md-plain\">Prezentacje dla klient\u00f3w<\/span><\/p>\n<\/li>\n<li class=\"md-list-item\">\n<p class=\"md-end-block md-p\"><span class=\"md-plain\">Tworzenie sieci biznesowych<\/span><\/p>\n<\/li>\n<\/ul>\n<h3 class=\"md-end-block md-heading\"><span class=\"md-plain\">Wydarzenia specjalne<\/span><\/h3>\n<ul class=\"ul-list\" data-mark=\"-\">\n<li class=\"md-list-item\">\n<p class=\"md-end-block md-p\"><span class=\"md-plain\">Wieczorne gale<\/span><\/p>\n<\/li>\n<li class=\"md-list-item\">\n<p class=\"md-end-block md-p\"><span class=\"md-plain\">Przyj\u0119cia koktajlowe<\/span><\/p>\n<\/li>\n<li class=\"md-list-item\">\n<p class=\"md-end-block md-p\"><span class=\"md-plain\">Wydarzenia modowe<\/span><\/p>\n<\/li>\n<\/ul>\n<h2 class=\"md-end-block md-heading\"><span class=\"md-plain\">Przewodnik po parowaniu makija\u017cu<\/span><\/h2>\n<h3 class=\"md-end-block md-heading\"><span class=\"md-plain\">Wyrafinowanie w ci\u0105gu dnia<\/span><\/h3>\n<ul class=\"ul-list\" data-mark=\"-\">\n<li class=\"md-list-item\">\n<p class=\"md-end-block md-p\"><span class=\"md-plain\">\u015awiec\u0105ca podstawa<\/span><\/p>\n<\/li>\n<li class=\"md-list-item\">\n<p class=\"md-end-block md-p\"><span class=\"md-plain\">Per\u0142owy cie\u0144 do powiek<\/span><\/p>\n<\/li>\n<li class=\"md-list-item\">\n<p class=\"md-end-block md-p\"><span class=\"md-plain\">Zdefiniowane rz\u0119sy<\/span><\/p>\n<\/li>\n<\/ul>\n<h3 class=\"md-end-block md-heading\"><span class=\"md-plain\">Tajemnica wieczoru<\/span><\/h3>\n<ul class=\"ul-list\" data-mark=\"-\">\n<li class=\"md-list-item\">\n<p class=\"md-end-block md-p\"><span class=\"md-plain\">Metaliczne akcenty<\/span><\/p>\n<\/li>\n<li class=\"md-list-item\">\n<p class=\"md-end-block md-p\"><span class=\"md-plain\">Smokey eye w kolorze w\u0119gla drzewnego<\/span><\/p>\n<\/li>\n<li class=\"md-list-item\">\n<p class=\"md-end-block md-p\"><span class=\"md-plain\">Fioletowe usta<\/span><\/p>\n<\/li>\n<\/ul>\n<h2 class=\"md-end-block md-heading\"><span class=\"md-plain\">Koordynacja stylu<\/span><\/h2>\n<h3 class=\"md-end-block md-heading\"><span class=\"md-plain\">Kolory odzie\u017cy<\/span><\/h3>\n<ul class=\"ul-list\" data-mark=\"-\">\n<li class=\"md-list-item\">\n<p class=\"md-end-block md-p\"><span class=\"md-plain\">Srebro pr\u00f3by 925<\/span><\/p>\n<\/li>\n<li class=\"md-list-item\">\n<p class=\"md-end-block md-p\"><span class=\"md-plain\">Bia\u0142y kamie\u0144 ksi\u0119\u017cycowy<\/span><\/p>\n<\/li>\n<li class=\"md-list-item\">\n<p class=\"md-end-block md-p\"><span class=\"md-plain\">Mglista szaro\u015b\u0107<\/span><\/p>\n<\/li>\n<li class=\"md-list-item\">\n<p class=\"md-end-block md-p\"><span class=\"md-plain\">G\u0142\u0119boki w\u0119giel drzewny<\/span><\/p>\n<\/li>\n<\/ul>\n<h3 class=\"md-end-block md-heading\"><span class=\"md-plain\">Akcesoria<\/span><\/h3>\n<ul class=\"ul-list\" data-mark=\"-\">\n<li class=\"md-list-item\">\n<p class=\"md-end-block md-p\"><span class=\"md-plain\">Bi\u017cuteria platynowa<\/span><\/p>\n<\/li>\n<li class=\"md-list-item\">\n<p class=\"md-end-block md-p\"><span class=\"md-plain\">Szczeg\u00f3\u0142y kamienia ksi\u0119\u017cycowego<\/span><\/p>\n<\/li>\n<li class=\"md-list-item\">\n<p class=\"md-end-block md-p\"><span class=\"md-plain\">Kryszta\u0142owe elementy<\/span><\/p>\n<\/li>\n<\/ul>\n<h3 class=\"md-end-block md-heading\"><span class=\"md-plain\">Sezonowe porady dotycz\u0105ce stylu<\/span><\/h3>\n<ul class=\"ul-list\" data-mark=\"-\">\n<li class=\"md-list-item\">\n<p class=\"md-end-block md-p\"><span class=\"md-plain\">Wiosna\/Lato: Po\u0142\u0105cz z eterycznymi jedwabiami i zwiewnymi tkaninami.<\/span><\/p>\n<\/li>\n<li class=\"md-list-item\">\n<p class=\"md-end-block md-p\"><span class=\"md-plain\">Jesie\u0144\/zima: Uzupe\u0142nij aksamitnymi i metalicznymi akcentami<\/span><\/p>\n<\/li>\n<\/ul>\n<h2 class=\"md-end-block md-heading\"><span class=\"md-plain\">Komfort i bezpiecze\u0144stwo<\/span><\/h2>\n<p class=\"md-end-block md-p\"><span class=\"md-plain\">The <\/span><span class=\"md-pair-s\"><strong><span class=\"md-plain\">Soczewki kontaktowe Moonlight Grey<\/span><\/strong><\/span><span class=\"md-plain\"> wykonane z materia\u0142\u00f3w posiadaj\u0105cych certyfikaty CE i FDA, zaprojektowane z my\u015bl\u0105 o wyj\u0105tkowym komforcie i oddychalno\u015bci. Zaawansowana technologia blokowania wilgoci zapewnia d\u0142ugotrwa\u0142\u0105 \u015bwie\u017co\u015b\u0107 i czysto\u015b\u0107.<\/span><\/p>\n<p class=\"md-end-block md-p md-focus\"><span class=\"md-plain\">Ujarzmij swoj\u0105 tajemniczo\u015b\u0107 dzi\u0119ki <\/span><span class=\"md-pair-s\"><strong><span class=\"md-plain\">Soczewki kontaktowe Moonlight Grey<\/span><\/strong><\/span><span class=\"md-plain md-expand\"> - Gdzie elegancja spotyka si\u0119 z czarem!<\/span><\/p>","protected":false},"excerpt":{"rendered":"<p>Moonlight Grey Contact Lenses: Unveil Your Ethereal Gaze \ud83c\udf19 Design Inspiration &amp; Color Story These Moonlight Grey Contact Lenses capture the mysterious allure of moonlit nights. Inspired by the silver glow of a full moon through misty clouds, each lens features delicate layers of luminous grey tones. The unique pattern creates a mesmerizing depth that [&#8230;]\n","protected":false},"featured_media":2025,"comment_status":"open","ping_status":"closed","template":"","meta":[],"product_brand":[],"product_cat":[81,91,188,98],"product_tag":[],"class_list":{"0":"post-2023","1":"product","2":"type-product","3":"status-publish","4":"has-post-thumbnail","6":"product_cat-grey-contact-lenses","7":"product_cat-14-2-mm","8":"product_cat-dream-contacts","9":"product_cat-yearly-disposable","11":"first","12":"instock","13":"sale","14":"shipping-taxable","15":"purchasable","16":"product-type-variable","17":"has-default-attributes"},"_links":{"self":[{"href":"https:\/\/bqeye.com\/pl\/wp-json\/wp\/v2\/product\/2023","targetHints":{"allow":["GET"]}}],"collection":[{"href":"https:\/\/bqeye.com\/pl\/wp-json\/wp\/v2\/product"}],"about":[{"href":"https:\/\/bqeye.com\/pl\/wp-json\/wp\/v2\/types\/product"}],"replies":[{"embeddable":true,"href":"https:\/\/bqeye.com\/pl\/wp-json\/wp\/v2\/comments?post=2023"}],"wp:featuredmedia":[{"embeddable":true,"href":"https:\/\/bqeye.com\/pl\/wp-json\/wp\/v2\/media\/2025"}],"wp:attachment":[{"href":"https:\/\/bqeye.com\/pl\/wp-json\/wp\/v2\/media?parent=2023"}],"wp:term":[{"taxonomy":"product_brand","embeddable":true,"href":"https:\/\/bqeye.com\/pl\/wp-json\/wp\/v2\/product_brand?post=2023"},{"taxonomy":"product_cat","embeddable":true,"href":"https:\/\/bqeye.com\/pl\/wp-json\/wp\/v2\/product_cat?post=2023"},{"taxonomy":"product_tag","embeddable":true,"href":"https:\/\/bqeye.com\/pl\/wp-json\/wp\/v2\/product_tag?post=2023"}],"curies":[{"name":"wp","href":"https:\/\/api.w.org\/{rel}","templated":true}]}}