{"id":2026,"date":"2025-01-08T20:28:47","date_gmt":"2025-01-08T12:28:47","guid":{"rendered":"https:\/\/bqeye.com\/?post_type=product&#038;p=2026"},"modified":"2025-01-08T20:29:43","modified_gmt":"2025-01-08T12:29:43","slug":"camden-jade-contact-lenses","status":"publish","type":"product","link":"https:\/\/bqeye.com\/pl\/camden-jade-contact-lenses\/","title":{"rendered":"Soczewki kontaktowe Camden Jade"},"content":{"rendered":"<h1 class=\"md-end-block md-heading\"><span class=\"md-plain md-expand\">Soczewki kontaktowe Camden Jade: Miejski szyk \u0142\u0105czy si\u0119 z naturalnym pi\u0119knem \ud83c\udf3f<\/span><\/h1>\n<h2 class=\"md-end-block md-heading\"><span class=\"md-plain\">Inspiracje projektowe i historia kolor\u00f3w<\/span><\/h2>\n<p class=\"md-end-block md-p\"><span class=\"md-plain\">Te <\/span><span class=\"md-pair-s\"><strong><span class=\"md-plain\">Soczewki kontaktowe Camden Jade<\/span><\/strong><\/span><span class=\"md-plain\"> \u0142\u0105cz\u0105 miejskie wyrafinowanie Londynu z ponadczasowym urokiem jadeitu. Ka\u017cda soczewka posiada unikalny wz\u00f3r inspirowany eklektycznym duchem Camden Market i \u0142\u0105czy w sobie g\u0142\u0119bokie odcienie jadeitu z subtelnymi szmaragdowymi tonami. Projekt tworzy idealn\u0105 r\u00f3wnowag\u0119 mi\u0119dzy efektowno\u015bci\u0105 i wyrafinowaniem, idealn\u0105 dla wsp\u00f3\u0142czesnych trendsetter\u00f3w.<\/span><\/p>\n<h2 class=\"md-end-block md-heading\"><span class=\"md-plain\">Recenzje influencer\u00f3w<\/span><\/h2>\n<p class=\"md-end-block md-p\"><span class=\"md-plain\">@LondonStyle (1,9 mln obserwuj\u0105cych): \"Te <\/span><span class=\"md-pair-s\"><strong><span class=\"md-plain\">Soczewki kontaktowe Camden Jade s\u0105 idealne do sesji w stylu ulicznym<\/span><\/strong><\/span><span class=\"md-plain\"> - uchwyci\u0142y t\u0119 kultow\u0105 londy\u0144sk\u0105 kraw\u0119d\u017a! \ud83d\udc9a\"<\/span><\/p>\n<p class=\"md-end-block md-p\"><span class=\"md-plain\">@UrbanGlow (1,3 mln obserwuj\u0105cych): \"The <\/span><span class=\"md-pair-s\"><strong><span class=\"md-plain\">Soczewki kontaktowe Camden Jade dodaj\u0105 charakteru moim stylizacjom redakcyjnym<\/span><\/strong><\/span><span class=\"md-plain\"> - absolutnie osza\u0142amiaj\u0105ce! \u2728\"<\/span><\/p>\n<p class=\"md-end-block md-p\"><span class=\"md-plain\">@CityChic (880 tys. obserwuj\u0105cych): \"Podczas tygodnia mody te <\/span><span class=\"md-pair-s\"><strong><span class=\"md-plain\">Soczewki Camden Jade przyci\u0105gaj\u0105 wzrok<\/span><\/strong><\/span><span class=\"md-plain\"> - czysta londy\u0144ska postawa! \ud83c\udf1f\"<\/span><\/p>\n<h2 class=\"md-end-block md-heading\"><span class=\"md-plain\">Prawdziwe do\u015bwiadczenia klient\u00f3w<\/span><\/h2>\n<p class=\"md-end-block md-p\"><span class=\"md-plain\">\"Te <\/span><span class=\"md-pair-s\"><strong><span class=\"md-plain\">Soczewki kontaktowe Camden Jade zapewniaj\u0105 niesamowite uczucie podczas kreatywnych spotka\u0144<\/span><\/strong><\/span><span class=\"md-plain\">idealny na moje wydarzenia w galerii sztuki! \ud83c\udfa8\"<\/span><\/p>\n<p class=\"md-end-block md-p\"><span class=\"md-plain\">\"The <\/span><span class=\"md-pair-s\"><strong><span class=\"md-plain\">Obiektyw kontaktowy Camden Jade wnosi tak\u0105 przewag\u0119 do mojej fotografii ulicznej<\/span><\/strong><\/span><span class=\"md-plain\"> - ca\u0142kowicie transformuj\u0105cy! \ud83d\udcf8\"<\/span><\/p>\n<p class=\"md-end-block md-p\"><span class=\"md-plain\">\"Uwielbiam, jak te <\/span><span class=\"md-pair-s\"><strong><span class=\"md-plain\">Soczewki Camden Jade wyr\u00f3\u017cniaj\u0105 si\u0119 na scenach muzycznych<\/span><\/strong><\/span><span class=\"md-plain\"> - tak wyj\u0105tkowo londy\u0144ski! \ud83c\udfb8\"<\/span><\/p>\n<h2 class=\"md-end-block md-heading\"><span class=\"md-plain\">Idealne okazje<\/span><\/h2>\n<h3 class=\"md-end-block md-heading\"><span class=\"md-plain\">Miejskie przygody<\/span><\/h3>\n<ul class=\"ul-list\" data-mark=\"-\">\n<li class=\"md-list-item\">\n<p class=\"md-end-block md-p\"><span class=\"md-plain\">Otwarcia galerii<\/span><\/p>\n<\/li>\n<li class=\"md-list-item\">\n<p class=\"md-end-block md-p\"><span class=\"md-plain\">Festiwale muzyczne<\/span><\/p>\n<\/li>\n<li class=\"md-list-item\">\n<p class=\"md-end-block md-p\"><span class=\"md-plain\">Rynki uliczne<\/span><\/p>\n<\/li>\n<\/ul>\n<h3 class=\"md-end-block md-heading\"><span class=\"md-plain\">Ustawienia profesjonalne<\/span><\/h3>\n<ul class=\"ul-list\" data-mark=\"-\">\n<li class=\"md-list-item\">\n<p class=\"md-end-block md-p\"><span class=\"md-plain\">Kreatywne spotkania<\/span><\/p>\n<\/li>\n<li class=\"md-list-item\">\n<p class=\"md-end-block md-p\"><span class=\"md-plain\">Wydarzenia modowe<\/span><\/p>\n<\/li>\n<li class=\"md-list-item\">\n<p class=\"md-end-block md-p\"><span class=\"md-plain\">Wyst\u0105pienia w mediach<\/span><\/p>\n<\/li>\n<\/ul>\n<h2 class=\"md-end-block md-heading\"><span class=\"md-plain\">Przewodnik po parowaniu makija\u017cu<\/span><\/h2>\n<h3 class=\"md-end-block md-heading\"><span class=\"md-plain\">Day Urban Look<\/span><\/h3>\n<ul class=\"ul-list\" data-mark=\"-\">\n<li class=\"md-list-item\">\n<p class=\"md-end-block md-p\"><span class=\"md-plain\">Zroszona sk\u00f3ra<\/span><\/p>\n<\/li>\n<li class=\"md-list-item\">\n<p class=\"md-end-block md-p\"><span class=\"md-plain\">Metaliczne akcenty<\/span><\/p>\n<\/li>\n<li class=\"md-list-item\">\n<p class=\"md-end-block md-p\"><span class=\"md-plain\">Pogrubione brwi<\/span><\/p>\n<\/li>\n<\/ul>\n<h3 class=\"md-end-block md-heading\"><span class=\"md-plain\">Scena nocna<\/span><\/h3>\n<ul class=\"ul-list\" data-mark=\"-\">\n<li class=\"md-list-item\">\n<p class=\"md-end-block md-p\"><span class=\"md-plain\">Wk\u0142adka graficzna<\/span><\/p>\n<\/li>\n<li class=\"md-list-item\">\n<p class=\"md-end-block md-p\"><span class=\"md-plain\">Po\u0142yskuj\u0105ce \u015bwiat\u0142a<\/span><\/p>\n<\/li>\n<li class=\"md-list-item\">\n<p class=\"md-end-block md-p\"><span class=\"md-plain\">Odwa\u017cne usta<\/span><\/p>\n<\/li>\n<\/ul>\n<h2 class=\"md-end-block md-heading\"><span class=\"md-plain\">Koordynacja stylu<\/span><\/h2>\n<h3 class=\"md-end-block md-heading\"><span class=\"md-plain\">Kolory odzie\u017cy<\/span><\/h3>\n<ul class=\"ul-list\" data-mark=\"-\">\n<li class=\"md-list-item\">\n<p class=\"md-end-block md-p\"><span class=\"md-plain\">Vintage czarny<\/span><\/p>\n<\/li>\n<li class=\"md-list-item\">\n<p class=\"md-end-block md-p\"><span class=\"md-plain\">Szary przemys\u0142owy<\/span><\/p>\n<\/li>\n<li class=\"md-list-item\">\n<p class=\"md-end-block md-p\"><span class=\"md-plain\">G\u0142\u0119boki jadeit<\/span><\/p>\n<\/li>\n<li class=\"md-list-item\">\n<p class=\"md-end-block md-p\"><span class=\"md-plain\">Metaliczny srebrny<\/span><\/p>\n<\/li>\n<\/ul>\n<h3 class=\"md-end-block md-heading\"><span class=\"md-plain\">Akcesoria<\/span><\/h3>\n<ul class=\"ul-list\" data-mark=\"-\">\n<li class=\"md-list-item\">\n<p class=\"md-end-block md-p\"><span class=\"md-plain\">Metale mieszane<\/span><\/p>\n<\/li>\n<li class=\"md-list-item\">\n<p class=\"md-end-block md-p\"><span class=\"md-plain\">Surowe kryszta\u0142y<\/span><\/p>\n<\/li>\n<li class=\"md-list-item\">\n<p class=\"md-end-block md-p\"><span class=\"md-plain\">Sk\u00f3rzane detale<\/span><\/p>\n<\/li>\n<\/ul>\n<h3 class=\"md-end-block md-heading\"><span class=\"md-plain\">Sezonowe porady dotycz\u0105ce stylu<\/span><\/h3>\n<ul class=\"ul-list\" data-mark=\"-\">\n<li class=\"md-list-item\">\n<p class=\"md-end-block md-p\"><span class=\"md-plain\">Wiosna\/Lato: Po\u0142\u0105cz z ostr\u0105 odzie\u017c\u0105 uliczn\u0105<\/span><\/p>\n<\/li>\n<li class=\"md-list-item\">\n<p class=\"md-end-block md-p\"><span class=\"md-plain\">Jesie\u0144\/zima: Warstwy z elementami vintage<\/span><\/p>\n<\/li>\n<\/ul>\n<h2 class=\"md-end-block md-heading\"><span class=\"md-plain\">Komfort i bezpiecze\u0144stwo<\/span><\/h2>\n<p class=\"md-end-block md-p\"><span class=\"md-plain\">The <\/span><span class=\"md-pair-s\"><strong><span class=\"md-plain\">Soczewki kontaktowe Camden Jade<\/span><\/strong><\/span><span class=\"md-plain\"> posiadaj\u0105 materia\u0142y z certyfikatami CE i FDA, zaprojektowane z my\u015bl\u0105 o komforcie podczas d\u0142ugich miejskich przyg\u00f3d. Zaawansowana technologia odprowadzania wilgoci zapewnia d\u0142ugotrwa\u0142\u0105 \u015bwie\u017co\u015b\u0107 podczas miejskich eksploracji.<\/span><\/p>\n<p class=\"md-end-block md-p md-focus\"><span class=\"md-plain\">Wyra\u017a sw\u00f3j niepowtarzalny styl dzi\u0119ki <\/span><span class=\"md-pair-s\"><strong><span class=\"md-plain\">Soczewki kontaktowe Camden Jade<\/span><\/strong><\/span><span class=\"md-plain md-expand\"> - Gdzie londy\u0144ska kraw\u0119d\u017a \u0142\u0105czy si\u0119 z naturalnym urokiem!<\/span><\/p>","protected":false},"excerpt":{"rendered":"<p>Camden Jade Contact Lenses: Urban Chic Meets Natural Beauty \ud83c\udf3f Design Inspiration &amp; Color Story These Camden Jade Contact Lenses blend London&#8217;s urban sophistication with the timeless allure of jade stone. Featuring a unique pattern inspired by the eclectic spirit of Camden Market, each lens combines deep jade tones with subtle emerald undertones. The design [&#8230;]\n","protected":false},"featured_media":2028,"comment_status":"open","ping_status":"closed","template":"","meta":[],"product_brand":[],"product_cat":[77,91,188,98],"product_tag":[],"class_list":{"0":"post-2026","1":"product","2":"type-product","3":"status-publish","4":"has-post-thumbnail","6":"product_cat-green-contact-lenses","7":"product_cat-14-2-mm","8":"product_cat-dream-contacts","9":"product_cat-yearly-disposable","11":"first","12":"instock","13":"sale","14":"shipping-taxable","15":"purchasable","16":"product-type-variable","17":"has-default-attributes"},"_links":{"self":[{"href":"https:\/\/bqeye.com\/pl\/wp-json\/wp\/v2\/product\/2026","targetHints":{"allow":["GET"]}}],"collection":[{"href":"https:\/\/bqeye.com\/pl\/wp-json\/wp\/v2\/product"}],"about":[{"href":"https:\/\/bqeye.com\/pl\/wp-json\/wp\/v2\/types\/product"}],"replies":[{"embeddable":true,"href":"https:\/\/bqeye.com\/pl\/wp-json\/wp\/v2\/comments?post=2026"}],"wp:featuredmedia":[{"embeddable":true,"href":"https:\/\/bqeye.com\/pl\/wp-json\/wp\/v2\/media\/2028"}],"wp:attachment":[{"href":"https:\/\/bqeye.com\/pl\/wp-json\/wp\/v2\/media?parent=2026"}],"wp:term":[{"taxonomy":"product_brand","embeddable":true,"href":"https:\/\/bqeye.com\/pl\/wp-json\/wp\/v2\/product_brand?post=2026"},{"taxonomy":"product_cat","embeddable":true,"href":"https:\/\/bqeye.com\/pl\/wp-json\/wp\/v2\/product_cat?post=2026"},{"taxonomy":"product_tag","embeddable":true,"href":"https:\/\/bqeye.com\/pl\/wp-json\/wp\/v2\/product_tag?post=2026"}],"curies":[{"name":"wp","href":"https:\/\/api.w.org\/{rel}","templated":true}]}}