{"id":2029,"date":"2025-01-08T20:39:23","date_gmt":"2025-01-08T12:39:23","guid":{"rendered":"https:\/\/bqeye.com\/?post_type=product&#038;p=2029"},"modified":"2025-01-08T20:40:21","modified_gmt":"2025-01-08T12:40:21","slug":"camden-rose-grey-contact-lenses","status":"publish","type":"product","link":"https:\/\/bqeye.com\/pl\/camden-rose-grey-contact-lenses\/","title":{"rendered":"Soczewki kontaktowe Camden Rose-Grey"},"content":{"rendered":"<h1 class=\"md-end-block md-heading\"><span class=\"md-plain md-expand\">Soczewki kontaktowe Camden Rose-Grey: Alternatywna kraw\u0119d\u017a spotyka si\u0119 z brytyjskim romansem \ud83c\udf39<\/span><\/h1>\n<h2 class=\"md-end-block md-heading\"><span class=\"md-plain\">Inspiracje projektowe i historia kolor\u00f3w<\/span><\/h2>\n<p class=\"md-end-block md-p\"><span class=\"md-plain\">Te <\/span><span class=\"md-pair-s\"><strong><span class=\"md-plain\">Soczewki kontaktowe Camden Rose-Grey<\/span><\/strong><\/span><span class=\"md-plain\"> uchwyci\u0107 esencj\u0119 najbardziej eklektycznej dzielnicy Londynu. Ka\u017cdy obiektyw charakteryzuje si\u0119 unikaln\u0105 mieszank\u0105 zakurzonego r\u00f3\u017cu i industrialnych odcieni szaro\u015bci, inspirowanych kultowymi straganami targowymi Camden i punkowym dziedzictwem. Projekt tworzy idealne po\u0142\u0105czenie kultury alternatywnej i uroku vintage, odzwierciedlaj\u0105c kreatywnego ducha tego obszaru.<\/span><\/p>\n<h2 class=\"md-end-block md-heading\"><span class=\"md-plain\">Recenzje influencer\u00f3w<\/span><\/h2>\n<p class=\"md-end-block md-p\"><span class=\"md-plain\">@LondonEdge (1,3 mln obserwuj\u0105cych): \"Te <\/span><span class=\"md-pair-s\"><strong><span class=\"md-plain\">Soczewki kontaktowe Camden Rose-Grey<\/span><\/strong><\/span><span class=\"md-plain\"> s\u0105 niezb\u0119dne do moich sesji zdj\u0119ciowych na targach vintage - absolutnie osza\u0142amiaj\u0105ce z moimi stylizacjami inspirowanymi punkiem! \ud83c\udfb8\"<\/span><\/p>\n<p class=\"md-end-block md-p\"><span class=\"md-plain\">@AlternativeFashion (920 tys. obserwuj\u0105cych): \"The <\/span><span class=\"md-pair-s\"><strong><span class=\"md-plain\">Soczewka kontaktowa Camden Rose-Grey<\/span><\/strong><\/span><span class=\"md-plain\"> daje mi idealn\u0105 r\u00f3wnowag\u0119 mi\u0119dzy kraw\u0119dzi\u0105 a romantyzmem podczas undergroundowych koncert\u00f3w! \u2728\"<\/span><\/p>\n<p class=\"md-end-block md-p\"><span class=\"md-plain\">@VintageLondon (850 tys. obserwuj\u0105cych): \"For my music festival looks, these <\/span><span class=\"md-pair-s\"><strong><span class=\"md-plain\">R\u00f3\u017cowo-szare soczewki<\/span><\/strong><\/span><span class=\"md-plain\"> to czysta magia Camden - ca\u0142kowicie odmieni\u0142y m\u00f3j styl! \ud83c\udfaa\"<\/span><\/p>\n<h2 class=\"md-end-block md-heading\"><span class=\"md-plain\">Prawdziwe do\u015bwiadczenia klient\u00f3w<\/span><\/h2>\n<p class=\"md-end-block md-p\"><span class=\"md-plain\">\"Te <\/span><span class=\"md-pair-s\"><strong><span class=\"md-plain\">Soczewki kontaktowe Camden Rose-Grey<\/span><\/strong><\/span><span class=\"md-plain\"> czuj\u0119 si\u0119 niesamowicie podczas moich set\u00f3w DJ-skich w alternatywnych klubach! \ud83c\udfa7\"<\/span><\/p>\n<p class=\"md-end-block md-p\"><span class=\"md-plain\">\"The <\/span><span class=\"md-pair-s\"><strong><span class=\"md-plain\">Soczewka kontaktowa r\u00f3\u017cowo-szara<\/span><\/strong><\/span><span class=\"md-plain\"> doskonale uzupe\u0142nia moje vintage znaleziska z Lock Market! \ud83d\udecd\ufe0f\"<\/span><\/p>\n<p class=\"md-end-block md-p\"><span class=\"md-plain\">\"Uwielbiam, jak te <\/span><span class=\"md-pair-s\"><strong><span class=\"md-plain\">R\u00f3\u017cowo-szare soczewki<\/span><\/strong><\/span><span class=\"md-plain\"> Ulepsz moje spojrzenie na koncerty niezale\u017cnych zespo\u0142\u00f3w - czysty klimat Camden! \ud83c\udfb8\"<\/span><\/p>\n<h2 class=\"md-end-block md-heading\"><span class=\"md-plain\">Idealne okazje<\/span><\/h2>\n<h3 class=\"md-end-block md-heading\"><span class=\"md-plain\">Wydarzenia alternatywne<\/span><\/h3>\n<ul class=\"ul-list\" data-mark=\"-\">\n<li class=\"md-list-item\">\n<p class=\"md-end-block md-p\"><span class=\"md-plain\">Festiwale muzyczne<\/span><\/p>\n<\/li>\n<li class=\"md-list-item\">\n<p class=\"md-end-block md-p\"><span class=\"md-plain\">Podziemne koncerty<\/span><\/p>\n<\/li>\n<li class=\"md-list-item\">\n<p class=\"md-end-block md-p\"><span class=\"md-plain\">Rynki staroci<\/span><\/p>\n<\/li>\n<\/ul>\n<h3 class=\"md-end-block md-heading\"><span class=\"md-plain\">Miejskie przygody<\/span><\/h3>\n<ul class=\"ul-list\" data-mark=\"-\">\n<li class=\"md-list-item\">\n<p class=\"md-end-block md-p\"><span class=\"md-plain\">Wyst\u0119py uliczne<\/span><\/p>\n<\/li>\n<li class=\"md-list-item\">\n<p class=\"md-end-block md-p\"><span class=\"md-plain\">Wystawy sztuki<\/span><\/p>\n<\/li>\n<li class=\"md-list-item\">\n<p class=\"md-end-block md-p\"><span class=\"md-plain\">Przegl\u0105danie rynku<\/span><\/p>\n<\/li>\n<\/ul>\n<h2 class=\"md-end-block md-heading\"><span class=\"md-plain\">Przewodnik po parowaniu makija\u017cu<\/span><\/h2>\n<h3 class=\"md-end-block md-heading\"><span class=\"md-plain\">Alternatywny wygl\u0105d na dzie\u0144<\/span><\/h3>\n<ul class=\"ul-list\" data-mark=\"-\">\n<li class=\"md-list-item\">\n<p class=\"md-end-block md-p\"><span class=\"md-plain\">Zroszona sk\u00f3ra<\/span><\/p>\n<\/li>\n<li class=\"md-list-item\">\n<p class=\"md-end-block md-p\"><span class=\"md-plain\">Przydymione odcienie<\/span><\/p>\n<\/li>\n<li class=\"md-list-item\">\n<p class=\"md-end-block md-p\"><span class=\"md-plain\">Pogrubione brwi<\/span><\/p>\n<\/li>\n<\/ul>\n<h3 class=\"md-end-block md-heading\"><span class=\"md-plain\">Evening Edge<\/span><\/h3>\n<ul class=\"ul-list\" data-mark=\"-\">\n<li class=\"md-list-item\">\n<p class=\"md-end-block md-p\"><span class=\"md-plain\">Wyko\u0144czenie porcelanowe<\/span><\/p>\n<\/li>\n<li class=\"md-list-item\">\n<p class=\"md-end-block md-p\"><span class=\"md-plain\">Oczy inspirowane rockiem<\/span><\/p>\n<\/li>\n<li class=\"md-list-item\">\n<p class=\"md-end-block md-p\"><span class=\"md-plain\">Usta w kolorze g\u0142\u0119bokiego r\u00f3\u017cu<\/span><\/p>\n<\/li>\n<\/ul>\n<h2 class=\"md-end-block md-heading\"><span class=\"md-plain\">Koordynacja stylu<\/span><\/h2>\n<h3 class=\"md-end-block md-heading\"><span class=\"md-plain\">Kolory odzie\u017cy<\/span><\/h3>\n<ul class=\"ul-list\" data-mark=\"-\">\n<li class=\"md-list-item\">\n<p class=\"md-end-block md-p\"><span class=\"md-plain\">Vintage czarny<\/span><\/p>\n<\/li>\n<li class=\"md-list-item\">\n<p class=\"md-end-block md-p\"><span class=\"md-plain\">Zakurzona r\u00f3\u017ca<\/span><\/p>\n<\/li>\n<li class=\"md-list-item\">\n<p class=\"md-end-block md-p\"><span class=\"md-plain\">Szary przemys\u0142owy<\/span><\/p>\n<\/li>\n<li class=\"md-list-item\">\n<p class=\"md-end-block md-p\"><span class=\"md-plain\">Punkowa czerwie\u0144<\/span><\/p>\n<\/li>\n<\/ul>\n<h3 class=\"md-end-block md-heading\"><span class=\"md-plain\">Akcesoria<\/span><\/h3>\n<ul class=\"ul-list\" data-mark=\"-\">\n<li class=\"md-list-item\">\n<p class=\"md-end-block md-p\"><span class=\"md-plain\">Bi\u017cuteria alternatywna<\/span><\/p>\n<\/li>\n<li class=\"md-list-item\">\n<p class=\"md-end-block md-p\"><span class=\"md-plain\">Szale w stylu vintage<\/span><\/p>\n<\/li>\n<li class=\"md-list-item\">\n<p class=\"md-end-block md-p\"><span class=\"md-plain\">Sk\u00f3rzane detale<\/span><\/p>\n<\/li>\n<\/ul>\n<h3 class=\"md-end-block md-heading\"><span class=\"md-plain\">Sezonowe porady dotycz\u0105ce stylu<\/span><\/h3>\n<ul class=\"ul-list\" data-mark=\"-\">\n<li class=\"md-list-item\">\n<p class=\"md-end-block md-p\"><span class=\"md-plain\">Wiosna\/Lato: Po\u0142\u0105cz z kwiatami w stylu vintage i d\u017cinsami z przetarciami<\/span><\/p>\n<\/li>\n<li class=\"md-list-item\">\n<p class=\"md-end-block md-p\"><span class=\"md-plain\">Jesie\u0144\/zima: Sk\u00f3ra i romantyczne koronki<\/span><\/p>\n<\/li>\n<\/ul>\n<h2 class=\"md-end-block md-heading\"><span class=\"md-plain\">Komfort i bezpiecze\u0144stwo<\/span><\/h2>\n<p class=\"md-end-block md-p\"><span class=\"md-plain\">The <\/span><span class=\"md-pair-s\"><strong><span class=\"md-plain\">Soczewki kontaktowe Camden Rose-Grey<\/span><\/strong><\/span><span class=\"md-plain\"> posiadaj\u0105 certyfikaty CE i FDA i zosta\u0142y zaprojektowane z my\u015bl\u0105 o komforcie podczas alternatywnych przyg\u00f3d. Zaawansowana technologia odprowadzania wilgoci zapewnia d\u0142ugotrwa\u0142\u0105 \u015bwie\u017co\u015b\u0107 podczas eksploracji Camden.<\/span><\/p>\n<p class=\"md-end-block md-p md-focus\"><span class=\"md-plain\">Wyra\u017a sw\u00f3j niepowtarzalny styl dzi\u0119ki <\/span><span class=\"md-pair-s\"><strong><span class=\"md-plain\">Soczewki kontaktowe Camden Rose-Grey<\/span><\/strong><\/span><span class=\"md-plain md-expand\"> - Gdzie kultura alternatywna spotyka si\u0119 z romansem w stylu vintage!<\/span><\/p>","protected":false},"excerpt":{"rendered":"<p>Camden Rose-Grey Contact Lenses: Alternative Edge Meets British Romance \ud83c\udf39 Design Inspiration &amp; Color Story These Camden Rose-Grey Contact Lenses capture the essence of London&#8217;s most eclectic neighborhood. Each lens features a unique blend of dusty rose and industrial grey tones, inspired by Camden&#8217;s iconic market stalls and punk heritage. The design creates a perfect [&#8230;]\n","protected":false},"featured_media":2031,"comment_status":"open","ping_status":"closed","template":"","meta":[],"product_brand":[],"product_cat":[74,91,188,81,98],"product_tag":[],"class_list":{"0":"post-2029","1":"product","2":"type-product","3":"status-publish","4":"has-post-thumbnail","6":"product_cat-pink-contact-lenses","7":"product_cat-14-2-mm","8":"product_cat-dream-contacts","9":"product_cat-grey-contact-lenses","10":"product_cat-yearly-disposable","12":"first","13":"instock","14":"sale","15":"shipping-taxable","16":"purchasable","17":"product-type-variable","18":"has-default-attributes"},"_links":{"self":[{"href":"https:\/\/bqeye.com\/pl\/wp-json\/wp\/v2\/product\/2029","targetHints":{"allow":["GET"]}}],"collection":[{"href":"https:\/\/bqeye.com\/pl\/wp-json\/wp\/v2\/product"}],"about":[{"href":"https:\/\/bqeye.com\/pl\/wp-json\/wp\/v2\/types\/product"}],"replies":[{"embeddable":true,"href":"https:\/\/bqeye.com\/pl\/wp-json\/wp\/v2\/comments?post=2029"}],"wp:featuredmedia":[{"embeddable":true,"href":"https:\/\/bqeye.com\/pl\/wp-json\/wp\/v2\/media\/2031"}],"wp:attachment":[{"href":"https:\/\/bqeye.com\/pl\/wp-json\/wp\/v2\/media?parent=2029"}],"wp:term":[{"taxonomy":"product_brand","embeddable":true,"href":"https:\/\/bqeye.com\/pl\/wp-json\/wp\/v2\/product_brand?post=2029"},{"taxonomy":"product_cat","embeddable":true,"href":"https:\/\/bqeye.com\/pl\/wp-json\/wp\/v2\/product_cat?post=2029"},{"taxonomy":"product_tag","embeddable":true,"href":"https:\/\/bqeye.com\/pl\/wp-json\/wp\/v2\/product_tag?post=2029"}],"curies":[{"name":"wp","href":"https:\/\/api.w.org\/{rel}","templated":true}]}}