{"id":2032,"date":"2025-01-08T20:53:03","date_gmt":"2025-01-08T12:53:03","guid":{"rendered":"https:\/\/bqeye.com\/?post_type=product&#038;p=2032"},"modified":"2025-01-08T20:54:03","modified_gmt":"2025-01-08T12:54:03","slug":"frozen-sea-salt-blue-contact-lenses","status":"publish","type":"product","link":"https:\/\/bqeye.com\/pl\/frozen-sea-salt-blue-contact-lenses\/","title":{"rendered":"Soczewki kontaktowe Frozen Sea Salt Blue"},"content":{"rendered":"<h1 class=\"md-end-block md-heading\"><span class=\"md-plain md-expand\">Soczewki kontaktowe Frozen Sea Salt Blue: Nordycki blask \u0142\u0105czy si\u0119 z morsk\u0105 elegancj\u0105 \ud83c\udf0a<\/span><\/h1>\n<h2 class=\"md-end-block md-heading\"><span class=\"md-plain\">Inspiracje projektowe i historia kolor\u00f3w<\/span><\/h2>\n<p class=\"md-end-block md-p\"><span class=\"md-plain\">Te <\/span><span class=\"md-pair-s\"><strong><span class=\"md-plain\">Soczewki kontaktowe Frozen Sea Salt Blue<\/span><\/strong><\/span><span class=\"md-plain\"> uosabiaj\u0105 krystaliczne pi\u0119kno p\u00f3\u0142nocnych m\u00f3rz. Ka\u017cda soczewka w artystyczny spos\u00f3b \u0142\u0105czy lodowate niebieskie odcienie z per\u0142owymi refleksami, inspirowanymi arktycznymi wodami i kryszta\u0142ami soli morskiej. Projekt oddaje idealn\u0105 r\u00f3wnowag\u0119 morskiego mrozu i nordyckiego wyrafinowania, z subtelnymi przej\u015bciami kolor\u00f3w, kt\u00f3re odzwierciedlaj\u0105 g\u0142\u0119bi\u0119 zamarzni\u0119tych fiord\u00f3w.<\/span><\/p>\n<h2 class=\"md-end-block md-heading\"><span class=\"md-plain\">Recenzje influencer\u00f3w<\/span><\/h2>\n<p class=\"md-end-block md-p\"><span class=\"md-plain\">@NordicStyle (1,1 mln obserwuj\u0105cych): \"Te <\/span><span class=\"md-pair-s\"><strong><span class=\"md-plain\">Soczewki kontaktowe Frozen Sea Salt Blue<\/span><\/strong><\/span><span class=\"md-plain\"> Zmie\u0144 moje nadmorskie sesje zdj\u0119ciowe w czyst\u0105 magi\u0119! \u2744\ufe0f\"<\/span><\/p>\n<p class=\"md-end-block md-p\"><span class=\"md-plain\">@MaritimeChic (940 tys. obserwuj\u0105cych): \"The <\/span><span class=\"md-pair-s\"><strong><span class=\"md-plain\">Niebieska soczewka kontaktowa z sol\u0105 morsk\u0105<\/span><\/strong><\/span><span class=\"md-plain\"> daje mi ten idealny lodowaty blask na nadmorskie imprezy! \u2728\"<\/span><\/p>\n<p class=\"md-end-block md-p\"><span class=\"md-plain\">@ArcticGlam (820 tys. obserwuj\u0105cych): \"Dla moich zimowych sesji na pla\u017cy, te <\/span><span class=\"md-pair-s\"><strong><span class=\"md-plain\">Soczewki Frozen Blue<\/span><\/strong><\/span><span class=\"md-plain\"> Stw\u00f3rz najbardziej osza\u0142amiaj\u0105cy efekt kr\u00f3lowej lodu! \ud83c\udf0a\"<\/span><\/p>\n<h2 class=\"md-end-block md-heading\"><span class=\"md-plain\">Prawdziwe do\u015bwiadczenia klient\u00f3w<\/span><\/h2>\n<p class=\"md-end-block md-p\"><span class=\"md-plain\">\"Te <\/span><span class=\"md-pair-s\"><strong><span class=\"md-plain\">Soczewki kontaktowe Frozen Sea Salt Blue<\/span><\/strong><\/span><span class=\"md-plain\"> s\u0105 osza\u0142amiaj\u0105ce podczas moich przyg\u00f3d z zorz\u0105 polarn\u0105! \ud83c\udf0c\"<\/span><\/p>\n<p class=\"md-end-block md-p\"><span class=\"md-plain\">\"The <\/span><span class=\"md-pair-s\"><strong><span class=\"md-plain\">Niebieska soczewka kontaktowa z sol\u0105 morsk\u0105<\/span><\/strong><\/span><span class=\"md-plain\"> doskonale oddaje t\u0119 nadmorsk\u0105 zimow\u0105 magi\u0119! \u2693\"<\/span><\/p>\n<p class=\"md-end-block md-p\"><span class=\"md-plain\">\"Uwielbiam, jak te <\/span><span class=\"md-pair-s\"><strong><span class=\"md-plain\">Soczewki Frozen Blue<\/span><\/strong><\/span><span class=\"md-plain\"> uzupe\u0142niaj\u0105 moje stylizacje inspirowane morzem! \ud83c\udf0a\"<\/span><\/p>\n<h2 class=\"md-end-block md-heading\"><span class=\"md-plain\">Idealne okazje<\/span><\/h2>\n<h3 class=\"md-end-block md-heading\"><span class=\"md-plain\">Chwile na wybrze\u017cu<\/span><\/h3>\n<ul class=\"ul-list\" data-mark=\"-\">\n<li class=\"md-list-item\">\n<p class=\"md-end-block md-p\"><span class=\"md-plain\">Spacery po pla\u017cy<\/span><\/p>\n<\/li>\n<li class=\"md-list-item\">\n<p class=\"md-end-block md-p\"><span class=\"md-plain\">Rejsy \u017ceglarskie<\/span><\/p>\n<\/li>\n<li class=\"md-list-item\">\n<p class=\"md-end-block md-p\"><span class=\"md-plain\">Wydarzenia w porcie<\/span><\/p>\n<\/li>\n<\/ul>\n<h3 class=\"md-end-block md-heading\"><span class=\"md-plain\">Miejskie przygody<\/span><\/h3>\n<ul class=\"ul-list\" data-mark=\"-\">\n<li class=\"md-list-item\">\n<p class=\"md-end-block md-p\"><span class=\"md-plain\">Posi\u0142ki nad brzegiem morza<\/span><\/p>\n<\/li>\n<li class=\"md-list-item\">\n<p class=\"md-end-block md-p\"><span class=\"md-plain\">Zimowe festiwale<\/span><\/p>\n<\/li>\n<li class=\"md-list-item\">\n<p class=\"md-end-block md-p\"><span class=\"md-plain\">Galerie przybrze\u017cne<\/span><\/p>\n<\/li>\n<\/ul>\n<h2 class=\"md-end-block md-heading\"><span class=\"md-plain\">Przewodnik po parowaniu makija\u017cu<\/span><\/h2>\n<h3 class=\"md-end-block md-heading\"><span class=\"md-plain\">Day Look<\/span><\/h3>\n<ul class=\"ul-list\" data-mark=\"-\">\n<li class=\"md-list-item\">\n<p class=\"md-end-block md-p\"><span class=\"md-plain\">Matowa po\u015bwiata<\/span><\/p>\n<\/li>\n<li class=\"md-list-item\">\n<p class=\"md-end-block md-p\"><span class=\"md-plain\">Najwa\u017cniejsze cechy pere\u0142<\/span><\/p>\n<\/li>\n<li class=\"md-list-item\">\n<p class=\"md-end-block md-p\"><span class=\"md-plain\">Kryszta\u0142owe akcenty<\/span><\/p>\n<\/li>\n<\/ul>\n<h3 class=\"md-end-block md-heading\"><span class=\"md-plain\">Styl wieczorowy<\/span><\/h3>\n<ul class=\"ul-list\" data-mark=\"-\">\n<li class=\"md-list-item\">\n<p class=\"md-end-block md-p\"><span class=\"md-plain\">Wyko\u0144czenie Ice-queen<\/span><\/p>\n<\/li>\n<li class=\"md-list-item\">\n<p class=\"md-end-block md-p\"><span class=\"md-plain\">Arktyczne smokey eyes<\/span><\/p>\n<\/li>\n<li class=\"md-list-item\">\n<p class=\"md-end-block md-p\"><span class=\"md-plain\">Usta z morskiego szronu<\/span><\/p>\n<\/li>\n<\/ul>\n<h2 class=\"md-end-block md-heading\"><span class=\"md-plain\">Koordynacja stylu<\/span><\/h2>\n<h3 class=\"md-end-block md-heading\"><span class=\"md-plain\">Kolory odzie\u017cy<\/span><\/h3>\n<ul class=\"ul-list\" data-mark=\"-\">\n<li class=\"md-list-item\">\n<p class=\"md-end-block md-p\"><span class=\"md-plain\">Arktyczna biel<\/span><\/p>\n<\/li>\n<li class=\"md-list-item\">\n<p class=\"md-end-block md-p\"><span class=\"md-plain\">Morski b\u0142\u0119kit<\/span><\/p>\n<\/li>\n<li class=\"md-list-item\">\n<p class=\"md-end-block md-p\"><span class=\"md-plain\">Lodowcowa szaro\u015b\u0107<\/span><\/p>\n<\/li>\n<li class=\"md-list-item\">\n<p class=\"md-end-block md-p\"><span class=\"md-plain\">Per\u0142owy srebrny<\/span><\/p>\n<\/li>\n<\/ul>\n<h3 class=\"md-end-block md-heading\"><span class=\"md-plain\">Akcesoria<\/span><\/h3>\n<ul class=\"ul-list\" data-mark=\"-\">\n<li class=\"md-list-item\">\n<p class=\"md-end-block md-p\"><span class=\"md-plain\">Bi\u017cuteria morska<\/span><\/p>\n<\/li>\n<li class=\"md-list-item\">\n<p class=\"md-end-block md-p\"><span class=\"md-plain\">Szczeg\u00f3\u0142y kryszta\u0142u<\/span><\/p>\n<\/li>\n<li class=\"md-list-item\">\n<p class=\"md-end-block md-p\"><span class=\"md-plain\">Per\u0142owe wyko\u0144czenia<\/span><\/p>\n<\/li>\n<\/ul>\n<h3 class=\"md-end-block md-heading\"><span class=\"md-plain\">Sezonowe porady dotycz\u0105ce stylu<\/span><\/h3>\n<ul class=\"ul-list\" data-mark=\"-\">\n<li class=\"md-list-item\">\n<p class=\"md-end-block md-p\"><span class=\"md-plain\">Wiosna\/Lato: Po\u0142\u0105cz z lekkimi elementami \u017ceglarskimi<\/span><\/p>\n<\/li>\n<li class=\"md-list-item\">\n<p class=\"md-end-block md-p\"><span class=\"md-plain\">Jesie\u0144\/zima: Warstwy skandynawskich dzianin i mro\u017ane tekstury<\/span><\/p>\n<\/li>\n<\/ul>\n<h2 class=\"md-end-block md-heading\"><span class=\"md-plain\">Komfort i bezpiecze\u0144stwo<\/span><\/h2>\n<p class=\"md-end-block md-p\"><span class=\"md-plain\">The <\/span><span class=\"md-pair-s\"><strong><span class=\"md-plain\">Soczewki kontaktowe Frozen Sea Salt Blue<\/span><\/strong><\/span><span class=\"md-plain\"> posiadaj\u0105 certyfikaty CE i FDA i zosta\u0142y zaprojektowane z my\u015bl\u0105 o komforcie podczas morskich przyg\u00f3d. Zaawansowana technologia odprowadzania wilgoci zapewnia d\u0142ugotrwa\u0142\u0105 \u015bwie\u017co\u015b\u0107 podczas przybrze\u017cnych eksploracji.<\/span><\/p>\n<p class=\"md-end-block md-p md-focus\"><span class=\"md-plain\">Wyra\u017a swoj\u0105 morsk\u0105 elegancj\u0119 dzi\u0119ki <\/span><span class=\"md-pair-s\"><strong><span class=\"md-plain\">Soczewki kontaktowe Frozen Sea Salt Blue<\/span><\/strong><\/span><span class=\"md-plain md-expand\"> - Gdzie nordycki mr\u00f3z \u0142\u0105czy si\u0119 z nadmorskim wyrafinowaniem!<\/span><\/p>","protected":false},"excerpt":{"rendered":"<p>Frozen Sea Salt Blue Contact Lenses: Nordic Brilliance Meets Maritime Elegance \ud83c\udf0a Design Inspiration &amp; Color Story These Frozen Sea Salt Blue Contact Lenses embody the crystalline beauty of northern seas. Each lens artfully combines icy blue tones with pearlescent highlights, inspired by Arctic waters and sea salt crystals. The design captures the perfect balance [&#8230;]\n","protected":false},"featured_media":2034,"comment_status":"open","ping_status":"closed","template":"","meta":[],"product_brand":[],"product_cat":[75,92,188,98],"product_tag":[],"class_list":{"0":"post-2032","1":"product","2":"type-product","3":"status-publish","4":"has-post-thumbnail","6":"product_cat-blue-contact-lenses","7":"product_cat-14-5-mm","8":"product_cat-dream-contacts","9":"product_cat-yearly-disposable","11":"first","12":"instock","13":"sale","14":"shipping-taxable","15":"purchasable","16":"product-type-variable","17":"has-default-attributes"},"_links":{"self":[{"href":"https:\/\/bqeye.com\/pl\/wp-json\/wp\/v2\/product\/2032","targetHints":{"allow":["GET"]}}],"collection":[{"href":"https:\/\/bqeye.com\/pl\/wp-json\/wp\/v2\/product"}],"about":[{"href":"https:\/\/bqeye.com\/pl\/wp-json\/wp\/v2\/types\/product"}],"replies":[{"embeddable":true,"href":"https:\/\/bqeye.com\/pl\/wp-json\/wp\/v2\/comments?post=2032"}],"wp:featuredmedia":[{"embeddable":true,"href":"https:\/\/bqeye.com\/pl\/wp-json\/wp\/v2\/media\/2034"}],"wp:attachment":[{"href":"https:\/\/bqeye.com\/pl\/wp-json\/wp\/v2\/media?parent=2032"}],"wp:term":[{"taxonomy":"product_brand","embeddable":true,"href":"https:\/\/bqeye.com\/pl\/wp-json\/wp\/v2\/product_brand?post=2032"},{"taxonomy":"product_cat","embeddable":true,"href":"https:\/\/bqeye.com\/pl\/wp-json\/wp\/v2\/product_cat?post=2032"},{"taxonomy":"product_tag","embeddable":true,"href":"https:\/\/bqeye.com\/pl\/wp-json\/wp\/v2\/product_tag?post=2032"}],"curies":[{"name":"wp","href":"https:\/\/api.w.org\/{rel}","templated":true}]}}