{"id":2035,"date":"2025-01-08T21:03:42","date_gmt":"2025-01-08T13:03:42","guid":{"rendered":"https:\/\/bqeye.com\/?post_type=product&#038;p=2035"},"modified":"2025-01-08T21:04:57","modified_gmt":"2025-01-08T13:04:57","slug":"moonlit-pearl-black-contact-lenses","status":"publish","type":"product","link":"https:\/\/bqeye.com\/pl\/moonlit-pearl-black-contact-lenses\/","title":{"rendered":"Czarne soczewki kontaktowe Moonlit Pearl"},"content":{"rendered":"<h1 class=\"md-end-block md-heading\"><span class=\"md-plain md-expand\">Czarne soczewki kontaktowe Moonlit Pearl: Nocna elegancja spotyka si\u0119 z mistycznym blaskiem \ud83c\udf19<\/span><\/h1>\n<h2 class=\"md-end-block md-heading\"><span class=\"md-plain\">Inspiracje projektowe i historia kolor\u00f3w<\/span><\/h2>\n<p class=\"md-end-block md-p\"><span class=\"md-plain\">Te <\/span><span class=\"md-pair-s\"><strong><span class=\"md-plain\">Czarne soczewki kontaktowe Moonlit Pearl<\/span><\/strong><\/span><span class=\"md-plain\"> uosabiaj\u0105 czaruj\u0105ce pi\u0119kno ksi\u0119\u017cycowej nocy. Ka\u017cda soczewka w artystyczny spos\u00f3b \u0142\u0105czy g\u0142\u0119bok\u0105 czer\u0144 obsydianu z per\u0142owym blaskiem ksi\u0119\u017cyca, tworz\u0105c eteryczny efekt przypominaj\u0105cy promienie ksi\u0119\u017cyca ta\u0144cz\u0105ce na ciemnych wodach. Projekt oddaje idealn\u0105 r\u00f3wnowag\u0119 mi\u0119dzy tajemnicz\u0105 g\u0142\u0119bi\u0105 i \u015bwietlist\u0105 elegancj\u0105.<\/span><\/p>\n<h2 class=\"md-end-block md-heading\"><span class=\"md-plain\">Recenzje influencer\u00f3w<\/span><\/h2>\n<p class=\"md-end-block md-p\"><span class=\"md-plain\">@NightGlow (1,2 mln obserwuj\u0105cych): \"Te <\/span><span class=\"md-pair-s\"><strong><span class=\"md-plain\">Czarne soczewki Moonlit Pearl<\/span><\/strong><\/span><span class=\"md-plain\"> zmienia moje wieczorne sesje zdj\u0119ciowe w czyst\u0105 magi\u0119! \u2728\"<\/span><\/p>\n<p class=\"md-end-block md-p\"><span class=\"md-plain\">@MysticStyle (940 tys. obserwuj\u0105cych): \"The <\/span><span class=\"md-pair-s\"><strong><span class=\"md-plain\">Soczewka czarna per\u0142owa<\/span><\/strong><\/span><span class=\"md-plain\"> daje mi idealny enigmatyczny wygl\u0105d na wieczorne imprezy! \ud83c\udf11\"<\/span><\/p>\n<p class=\"md-end-block md-p\"><span class=\"md-plain\">@LunarGlam (880 tys. obserwuj\u0105cych): \"For my moonlight shoots, these <\/span><span class=\"md-pair-s\"><strong><span class=\"md-plain\">Czarne soczewki Moonlit<\/span><\/strong><\/span><span class=\"md-plain\"> Stw\u00f3rz najbardziej osza\u0142amiaj\u0105cy mistyczny efekt! \ud83d\udcab\"<\/span><\/p>\n<h2 class=\"md-end-block md-heading\"><span class=\"md-plain\">Prawdziwe do\u015bwiadczenia klient\u00f3w<\/span><\/h2>\n<p class=\"md-end-block md-p\"><span class=\"md-plain\">\"Te <\/span><span class=\"md-pair-s\"><strong><span class=\"md-plain\">Czarne soczewki kontaktowe Moonlit Pearl<\/span><\/strong><\/span><span class=\"md-plain\"> s\u0105 osza\u0142amiaj\u0105ce podczas wieczornych gal! \ud83c\udf1f\"<\/span><\/p>\n<p class=\"md-end-block md-p\"><span class=\"md-plain\">\"The <\/span><span class=\"md-pair-s\"><strong><span class=\"md-plain\">Soczewka czarna per\u0142owa<\/span><\/strong><\/span><span class=\"md-plain\"> doskonale oddaje tajemnicz\u0105 magi\u0119 nocy! \ud83c\udfad\"<\/span><\/p>\n<p class=\"md-end-block md-p\"><span class=\"md-plain\">\"Uwielbiam, jak te <\/span><span class=\"md-pair-s\"><strong><span class=\"md-plain\">Ksi\u0119\u017cycowe soczewki<\/span><\/strong><\/span><span class=\"md-plain\"> uzupe\u0142niaj\u0105 moje wieczorowe zestawy! \u2728\"<\/span><\/p>\n<h2 class=\"md-end-block md-heading\"><span class=\"md-plain\">Idealne okazje<\/span><\/h2>\n<h3 class=\"md-end-block md-heading\"><span class=\"md-plain\">Wydarzenia wieczorne<\/span><\/h3>\n<ul class=\"ul-list\" data-mark=\"-\">\n<li class=\"md-list-item\">\n<p class=\"md-end-block md-p\"><span class=\"md-plain\">Uroczyste gale<\/span><\/p>\n<\/li>\n<li class=\"md-list-item\">\n<p class=\"md-end-block md-p\"><span class=\"md-plain\">Wieczory operowe<\/span><\/p>\n<\/li>\n<li class=\"md-list-item\">\n<p class=\"md-end-block md-p\"><span class=\"md-plain\">Imprezy przy pe\u0142ni ksi\u0119\u017cyca<\/span><\/p>\n<\/li>\n<\/ul>\n<h3 class=\"md-end-block md-heading\"><span class=\"md-plain\">Miejskie przygody<\/span><\/h3>\n<ul class=\"ul-list\" data-mark=\"-\">\n<li class=\"md-list-item\">\n<p class=\"md-end-block md-p\"><span class=\"md-plain\">Galerie sztuki<\/span><\/p>\n<\/li>\n<li class=\"md-list-item\">\n<p class=\"md-end-block md-p\"><span class=\"md-plain\">Kluby jazzowe<\/span><\/p>\n<\/li>\n<li class=\"md-list-item\">\n<p class=\"md-end-block md-p\"><span class=\"md-plain\">Wieczory koktajlowe<\/span><\/p>\n<\/li>\n<\/ul>\n<h2 class=\"md-end-block md-heading\"><span class=\"md-plain\">Przewodnik po parowaniu makija\u017cu<\/span><\/h2>\n<h3 class=\"md-end-block md-heading\"><span class=\"md-plain\">Wygl\u0105d wieczorowy<\/span><\/h3>\n<ul class=\"ul-list\" data-mark=\"-\">\n<li class=\"md-list-item\">\n<p class=\"md-end-block md-p\"><span class=\"md-plain\">Per\u0142owy blask<\/span><\/p>\n<\/li>\n<li class=\"md-list-item\">\n<p class=\"md-end-block md-p\"><span class=\"md-plain\">Przydymione akcenty<\/span><\/p>\n<\/li>\n<li class=\"md-list-item\">\n<p class=\"md-end-block md-p\"><span class=\"md-plain\">Najwa\u017cniejsze cechy Moon-frost<\/span><\/p>\n<\/li>\n<\/ul>\n<h3 class=\"md-end-block md-heading\"><span class=\"md-plain\">Styl dramatyczny<\/span><\/h3>\n<ul class=\"ul-list\" data-mark=\"-\">\n<li class=\"md-list-item\">\n<p class=\"md-end-block md-p\"><span class=\"md-plain\">Ksi\u0119\u017cycowy blask<\/span><\/p>\n<\/li>\n<li class=\"md-list-item\">\n<p class=\"md-end-block md-p\"><span class=\"md-plain\">Blask gwiazd<\/span><\/p>\n<\/li>\n<li class=\"md-list-item\">\n<p class=\"md-end-block md-p\"><span class=\"md-plain\">Ciemne aksamitne usta<\/span><\/p>\n<\/li>\n<\/ul>\n<h2 class=\"md-end-block md-heading\"><span class=\"md-plain\">Koordynacja stylu<\/span><\/h2>\n<h3 class=\"md-end-block md-heading\"><span class=\"md-plain\">Kolory odzie\u017cy<\/span><\/h3>\n<ul class=\"ul-list\" data-mark=\"-\">\n<li class=\"md-list-item\">\n<p class=\"md-end-block md-p\"><span class=\"md-plain\">Czarny o p\u00f3\u0142nocy<\/span><\/p>\n<\/li>\n<li class=\"md-list-item\">\n<p class=\"md-end-block md-p\"><span class=\"md-plain\">Per\u0142owa biel<\/span><\/p>\n<\/li>\n<li class=\"md-list-item\">\n<p class=\"md-end-block md-p\"><span class=\"md-plain\">Srebrny ksi\u0119\u017cyc<\/span><\/p>\n<\/li>\n<li class=\"md-list-item\">\n<p class=\"md-end-block md-p\"><span class=\"md-plain\">Gwiezdna szaro\u015b\u0107<\/span><\/p>\n<\/li>\n<\/ul>\n<h3 class=\"md-end-block md-heading\"><span class=\"md-plain\">Akcesoria<\/span><\/h3>\n<ul class=\"ul-list\" data-mark=\"-\">\n<li class=\"md-list-item\">\n<p class=\"md-end-block md-p\"><span class=\"md-plain\">Bi\u017cuteria z pere\u0142<\/span><\/p>\n<\/li>\n<li class=\"md-list-item\">\n<p class=\"md-end-block md-p\"><span class=\"md-plain\">Szczeg\u00f3\u0142y srebrny<\/span><\/p>\n<\/li>\n<li class=\"md-list-item\">\n<p class=\"md-end-block md-p\"><span class=\"md-plain\">Kryszta\u0142owe akcenty<\/span><\/p>\n<\/li>\n<\/ul>\n<h3 class=\"md-end-block md-heading\"><span class=\"md-plain\">Sezonowe porady dotycz\u0105ce stylu<\/span><\/h3>\n<ul class=\"ul-list\" data-mark=\"-\">\n<li class=\"md-list-item\">\n<p class=\"md-end-block md-p\"><span class=\"md-plain\">Wiosna\/Lato: Po\u0142\u0105cz z lej\u0105cymi, zwiewnymi tkaninami<\/span><\/p>\n<\/li>\n<li class=\"md-list-item\">\n<p class=\"md-end-block md-p\"><span class=\"md-plain\">Jesie\u0144\/zima: Warstwy z bogatymi, luksusowymi teksturami<\/span><\/p>\n<\/li>\n<\/ul>\n<h2 class=\"md-end-block md-heading\"><span class=\"md-plain\">Komfort i bezpiecze\u0144stwo<\/span><\/h2>\n<p class=\"md-end-block md-p\"><span class=\"md-plain\">The <\/span><span class=\"md-pair-s\"><strong><span class=\"md-plain\">Czarne soczewki kontaktowe Moonlit Pearl<\/span><\/strong><\/span><span class=\"md-plain\"> posiadaj\u0105 certyfikaty CE i FDA i zosta\u0142y zaprojektowane z my\u015bl\u0105 o komforcie podczas nocnych przyg\u00f3d. Zaawansowana technologia odprowadzania wilgoci zapewnia d\u0142ugotrwa\u0142\u0105 \u015bwie\u017co\u015b\u0107 podczas wieczornych eksploracji.<\/span><\/p>\n<p class=\"md-end-block md-p md-focus\"><span class=\"md-plain\">Wyra\u017a sw\u00f3j tajemniczy urok za pomoc\u0105 <\/span><span class=\"md-pair-s\"><strong><span class=\"md-plain\">Czarne soczewki kontaktowe Moonlit Pearl<\/span><\/strong><\/span><span class=\"md-plain md-expand\"> - Gdzie nocna elegancja spotyka si\u0119 z ksi\u0119\u017cycowym wyrafinowaniem!<\/span><\/p>","protected":false},"excerpt":{"rendered":"<p>Moonlit Pearl Black Contact Lenses: Nocturnal Elegance Meets Mystic Shimmer \ud83c\udf19 Design Inspiration &amp; Color Story These Moonlit Pearl Black Contact Lenses embody the enchanting beauty of a moonlit night. Each lens artfully blends deep obsidian black with pearlescent moonlight shimmer, creating an ethereal effect reminiscent of moonbeams dancing on dark waters. The design captures [&#8230;]\n","protected":false},"featured_media":2037,"comment_status":"open","ping_status":"closed","template":"","meta":[],"product_brand":[],"product_cat":[73,92,188,158,98],"product_tag":[],"class_list":{"0":"post-2035","1":"product","2":"type-product","3":"status-publish","4":"has-post-thumbnail","6":"product_cat-black-contact-lenses","7":"product_cat-14-5-mm","8":"product_cat-dream-contacts","9":"product_cat-enlarge-contacts","10":"product_cat-yearly-disposable","12":"first","13":"instock","14":"sale","15":"shipping-taxable","16":"purchasable","17":"product-type-variable","18":"has-default-attributes"},"_links":{"self":[{"href":"https:\/\/bqeye.com\/pl\/wp-json\/wp\/v2\/product\/2035","targetHints":{"allow":["GET"]}}],"collection":[{"href":"https:\/\/bqeye.com\/pl\/wp-json\/wp\/v2\/product"}],"about":[{"href":"https:\/\/bqeye.com\/pl\/wp-json\/wp\/v2\/types\/product"}],"replies":[{"embeddable":true,"href":"https:\/\/bqeye.com\/pl\/wp-json\/wp\/v2\/comments?post=2035"}],"wp:featuredmedia":[{"embeddable":true,"href":"https:\/\/bqeye.com\/pl\/wp-json\/wp\/v2\/media\/2037"}],"wp:attachment":[{"href":"https:\/\/bqeye.com\/pl\/wp-json\/wp\/v2\/media?parent=2035"}],"wp:term":[{"taxonomy":"product_brand","embeddable":true,"href":"https:\/\/bqeye.com\/pl\/wp-json\/wp\/v2\/product_brand?post=2035"},{"taxonomy":"product_cat","embeddable":true,"href":"https:\/\/bqeye.com\/pl\/wp-json\/wp\/v2\/product_cat?post=2035"},{"taxonomy":"product_tag","embeddable":true,"href":"https:\/\/bqeye.com\/pl\/wp-json\/wp\/v2\/product_tag?post=2035"}],"curies":[{"name":"wp","href":"https:\/\/api.w.org\/{rel}","templated":true}]}}