{"id":2038,"date":"2025-01-08T21:20:25","date_gmt":"2025-01-08T13:20:25","guid":{"rendered":"https:\/\/bqeye.com\/?post_type=product&#038;p=2038"},"modified":"2025-01-08T21:21:39","modified_gmt":"2025-01-08T13:21:39","slug":"milky-coffee-amber-contact-lenses","status":"publish","type":"product","link":"https:\/\/bqeye.com\/pl\/milky-coffee-amber-contact-lenses\/","title":{"rendered":"Bursztynowe soczewki kontaktowe Milky Coffee"},"content":{"rendered":"<h1 class=\"md-end-block md-heading\"><span class=\"md-plain md-expand\">Soczewki kontaktowe Milky Coffee Amber: Czaruj\u0105ce spojrzenie \u2727<\/span><\/h1>\n<h2 class=\"md-end-block md-heading\"><span class=\"md-plain\">Inspiracje projektowe i symbolika kolor\u00f3w<\/span><\/h2>\n<p class=\"md-end-block md-p\"><span class=\"md-plain\">The <\/span><span class=\"md-pair-s\"><strong><span class=\"md-plain\">Bursztynowe soczewki kontaktowe Milky Coffee<\/span><\/strong><\/span><span class=\"md-plain\"> czerpi\u0105 inspiracj\u0119 z kunsztu wysokiej klasy kultury kawowej i ciep\u0142a bursztynowych zachod\u00f3w s\u0142o\u0144ca. Projekt oddaje hipnotyzuj\u0105cy moment, w kt\u00f3rym bogate espresso spotyka si\u0119 z kremowym mlekiem, tworz\u0105c idealne kawowe wiry. Ta wyrafinowana mieszanka reprezentuje harmoni\u0119 mi\u0119dzy si\u0142\u0105 i delikatno\u015bci\u0105.<\/span><\/p>\n<p class=\"md-end-block md-p\"><span class=\"md-plain\">Zewn\u0119trzny g\u0142\u0119boki br\u0105zowy pier\u015bcie\u0144 odzwierciedla intensywno\u015b\u0107 \u015bwie\u017co palonych ziaren kawy, podczas gdy wewn\u0119trzne bursztynowe odcienie odzwierciedlaj\u0105 ciep\u0142y u\u015bcisk z\u0142otej godziny. Ta dwoisto\u015b\u0107 tworzy urzekaj\u0105c\u0105 g\u0142\u0119bi\u0119, kt\u00f3ra naturalnie powi\u0119ksza oczy. Skomplikowane przej\u015bcia kolor\u00f3w odzwierciedlaj\u0105 warstwy znalezione w doskonale wykonanej sztuce latte, w kt\u00f3rej ka\u017cdy pier\u015bcie\u0144 opowiada w\u0142asn\u0105 histori\u0119.<\/span><\/p>\n<p class=\"md-end-block md-p\"><span class=\"md-plain\">Soczewki te uciele\u015bniaj\u0105 idealn\u0105 r\u00f3wnowag\u0119 mi\u0119dzy dramatycznym efektem a naturalnym pi\u0119knem. Zewn\u0119trzny pier\u015bcie\u0144 inspirowany kaw\u0105 nie tylko tworzy efekt powi\u0119kszenia, ale tak\u017ce dodaje spojrzeniu tajemniczej g\u0142\u0119bi. Tymczasem bursztynowe odcienie dodaj\u0105 ciep\u0142a i wymiaru, sprawiaj\u0105c, \u017ce oczy wydaj\u0105 si\u0119 bardziej \u017cywe i wyraziste.<\/span><\/p>\n<p class=\"md-end-block md-p\"><span class=\"md-plain\">Filozofia projektowania celebruje transformuj\u0105c\u0105 moc kultury kawy - jak co\u015b tak prostego jak kawa i mleko mo\u017ce stworzy\u0107 niezwyk\u0142e pi\u0119kno. Koncepcja ta przek\u0142ada si\u0119 na podkre\u015blenie oczu, kt\u00f3re jest zar\u00f3wno luksusowe, jak i naturalne.<\/span><\/p>\n<h2 class=\"md-end-block md-heading\"><span class=\"md-plain\">Recenzje influencer\u00f3w<\/span><\/h2>\n<p class=\"md-end-block md-p\"><span class=\"md-plain\">@CoffeeBeautyQueen (1,2 mln obserwuj\u0105cych): \"Te soczewki to moja tajna bro\u0144 do tworzenia tre\u015bci! Powi\u0119kszony efekt jest tak naturalny, a kawowo-bursztynowe odcienie sprawiaj\u0105, \u017ce moje oczy wyskakuj\u0105 w ka\u017cdym o\u015bwietleniu. Idealne do moich film\u00f3w z recenzjami kawiarni! \u2615\ufe0f\u2728\"<\/span><\/p>\n<p class=\"md-end-block md-p\"><span class=\"md-plain\">@StyleSiren (890 tys. obserwuj\u0105cych): \"Ciemny zewn\u0119trzny pier\u015bcie\u0144 daje mi ten idealny efekt powi\u0119kszenia oczu, o kt\u00f3rym zawsze marzy\u0142am. Za\u0142o\u017cy\u0142am je na Fashion Week i wszyscy pytali o moje hipnotyzuj\u0105ce oczy! \ud83d\udc40\"<\/span><\/p>\n<p class=\"md-end-block md-p\"><span class=\"md-plain\">@BeautyInsider (750 tys. obserwuj\u0105cych): \"W ko\u0144cu znalaz\u0142am moje \u015bwi\u0119te soczewki Graal! Mleczno-kawowe odcienie idealnie komponuj\u0105 si\u0119 z moim naturalnym kolorem oczu, a zewn\u0119trzny pier\u015bcie\u0144 sprawia, \u017ce moje oczy wygl\u0105daj\u0105 na znacznie wi\u0119ksze. Moje ulubione do wszystkich tutoriali kosmetycznych! \ud83d\udcab\"<\/span><\/p>\n<h2 class=\"md-end-block md-heading\"><span class=\"md-plain\">Do\u015bwiadczenia u\u017cytkownik\u00f3w<\/span><\/h2>\n<p class=\"md-end-block md-p\"><span class=\"md-plain\">\"Efekt powi\u0119kszenia jest osza\u0142amiaj\u0105cy, a jednocze\u015bnie naturalny. Moi koledzy komplementuj\u0105 moje oczy podczas spotka\u0144, nie zdaj\u0105c sobie sprawy, \u017ce nosz\u0119 kontakty! \ud83d\ude0a\"<\/span><\/p>\n<p class=\"md-end-block md-p\"><span class=\"md-plain\">\"Absolutnie uwielbiam spos\u00f3b, w jaki sprawiaj\u0105, \u017ce moje oczy wygl\u0105daj\u0105 na znacznie wi\u0119ksze bez rzucania si\u0119 w oczy. Idealne do noszenia na co dzie\u0144, zw\u0142aszcza podczas moich zmian baristycznych, kiedy musz\u0119 wygl\u0105da\u0107 \u015bwie\u017co i naturalnie! \u2728\"<\/span><\/p>\n<p class=\"md-end-block md-p\"><span class=\"md-plain\">\"Te soczewki ca\u0142kowicie odmieni\u0142y m\u00f3j wygl\u0105d! Ciemny zewn\u0119trzny pier\u015bcie\u0144 naprawd\u0119 sprawia, \u017ce moje oczy staj\u0105 si\u0119 bardziej wyraziste, a bursztynowe odcienie dodaj\u0105 pi\u0119knego ciep\u0142a. Niezb\u0119dne do moich sesji zdj\u0119ciowych! \ud83d\udc95\"<\/span><\/p>\n<h2 class=\"md-end-block md-heading\"><span class=\"md-plain\">Idealne okazje<\/span><\/h2>\n<h3 class=\"md-end-block md-heading\"><span class=\"md-plain\">Codzienne noszenie<\/span><\/h3>\n<ul class=\"ul-list\" data-mark=\"-\">\n<li class=\"md-list-item\">\n<p class=\"md-end-block md-p\"><span class=\"md-plain\">Randki w kawiarni<\/span><\/p>\n<\/li>\n<li class=\"md-list-item\">\n<p class=\"md-end-block md-p\"><span class=\"md-plain\">Spotkania biznesowe<\/span><\/p>\n<\/li>\n<li class=\"md-list-item\">\n<p class=\"md-end-block md-p\"><span class=\"md-plain\">Wycieczki na zakupy<\/span><\/p>\n<\/li>\n<li class=\"md-list-item\">\n<p class=\"md-end-block md-p\"><span class=\"md-plain\">Nieformalne wyj\u015bcia<\/span><\/p>\n<\/li>\n<\/ul>\n<h3 class=\"md-end-block md-heading\"><span class=\"md-plain\">Wydarzenia specjalne<\/span><\/h3>\n<ul class=\"ul-list\" data-mark=\"-\">\n<li class=\"md-list-item\">\n<p class=\"md-end-block md-p\"><span class=\"md-plain\">Sesje fotograficzne<\/span><\/p>\n<\/li>\n<li class=\"md-list-item\">\n<p class=\"md-end-block md-p\"><span class=\"md-plain\">Spotkania towarzyskie<\/span><\/p>\n<\/li>\n<li class=\"md-list-item\">\n<p class=\"md-end-block md-p\"><span class=\"md-plain\">Profesjonalne prezentacje<\/span><\/p>\n<\/li>\n<li class=\"md-list-item\">\n<p class=\"md-end-block md-p\"><span class=\"md-plain\">Wydarzenia wieczorne<\/span><\/p>\n<\/li>\n<\/ul>\n<h2 class=\"md-end-block md-heading\"><span class=\"md-plain\">Przewodnik po stylizacji<\/span><\/h2>\n<h3 class=\"md-end-block md-heading\"><span class=\"md-plain\">Parowanie makija\u017cu<\/span><\/h3>\n<ul class=\"ul-list\" data-mark=\"-\">\n<li class=\"md-list-item\">\n<p class=\"md-end-block md-p\"><span class=\"md-plain\">Naturalny wygl\u0105d: Delikatne br\u0105zowe cienie do powiek<\/span><\/p>\n<\/li>\n<li class=\"md-list-item\">\n<p class=\"md-end-block md-p\"><span class=\"md-plain\">Dramatyczny styl: Z\u0142ote smokey eye<\/span><\/p>\n<\/li>\n<li class=\"md-list-item\">\n<p class=\"md-end-block md-p\"><span class=\"md-plain\">Swobodny szyk: Neutralne ciep\u0142e odcienie<\/span><\/p>\n<\/li>\n<\/ul>\n<h3 class=\"md-end-block md-heading\"><span class=\"md-plain\">Koordynacja mody<\/span><\/h3>\n<ul class=\"ul-list\" data-mark=\"-\">\n<li class=\"md-list-item\">\n<p class=\"md-end-block md-p\"><span class=\"md-plain\">Odcienie ziemi<\/span><\/p>\n<\/li>\n<li class=\"md-list-item\">\n<p class=\"md-end-block md-p\"><span class=\"md-plain\">Ciep\u0142e neutralne kolory<\/span><\/p>\n<\/li>\n<li class=\"md-list-item\">\n<p class=\"md-end-block md-p\"><span class=\"md-plain\">Kolory inspirowane kaw\u0105<\/span><\/p>\n<\/li>\n<li class=\"md-list-item\">\n<p class=\"md-end-block md-p\"><span class=\"md-plain\">Bursztynowe i z\u0142ote akcenty<\/span><\/p>\n<\/li>\n<\/ul>\n<h3 class=\"md-end-block md-heading\"><span class=\"md-plain\">Sezonowe porady dotycz\u0105ce stylu<\/span><\/h3>\n<ul class=\"ul-list\" data-mark=\"-\">\n<li class=\"md-list-item\">\n<p class=\"md-end-block md-p\"><span class=\"md-plain\">Wiosna\/Lato: Lekkie, przewiewne tkaniny<\/span><\/p>\n<\/li>\n<li class=\"md-list-item\">\n<p class=\"md-end-block md-p\"><span class=\"md-plain\">Jesie\u0144\/zima: Bogate, ciep\u0142e tekstury<\/span><\/p>\n<\/li>\n<\/ul>\n<p class=\"md-end-block md-p md-focus\"><span class=\"md-plain\">Odmie\u0144 swoje spojrzenie dzi\u0119ki <\/span><span class=\"md-pair-s\"><strong><span class=\"md-plain\">Bursztynowe soczewki kontaktowe Milky Coffee<\/span><\/strong><\/span><span class=\"md-plain md-expand\"> - Elegancja inspirowana kaw\u0105 i naturalne podkre\u015blenie oczu! \u2727<\/span><\/p>","protected":false},"excerpt":{"rendered":"<p>Milky Coffee Amber Contact Lenses: Enchanting Gaze Enhancement \u2727 Design Inspiration &amp; Color Symbolism The Milky Coffee Amber Contact Lenses draw their inspiration from the artistry of high-end coffee culture and the warmth of amber sunsets. The design captures the mesmerizing moment when rich espresso meets creamy milk, creating perfect coffee art swirls. This sophisticated [&#8230;]\n","protected":false},"featured_media":2040,"comment_status":"open","ping_status":"closed","template":"","meta":[],"product_brand":[],"product_cat":[80,92,188,158,98],"product_tag":[],"class_list":{"0":"post-2038","1":"product","2":"type-product","3":"status-publish","4":"has-post-thumbnail","6":"product_cat-brown-contact-lenses","7":"product_cat-14-5-mm","8":"product_cat-dream-contacts","9":"product_cat-enlarge-contacts","10":"product_cat-yearly-disposable","12":"first","13":"instock","14":"sale","15":"shipping-taxable","16":"purchasable","17":"product-type-variable","18":"has-default-attributes"},"_links":{"self":[{"href":"https:\/\/bqeye.com\/pl\/wp-json\/wp\/v2\/product\/2038","targetHints":{"allow":["GET"]}}],"collection":[{"href":"https:\/\/bqeye.com\/pl\/wp-json\/wp\/v2\/product"}],"about":[{"href":"https:\/\/bqeye.com\/pl\/wp-json\/wp\/v2\/types\/product"}],"replies":[{"embeddable":true,"href":"https:\/\/bqeye.com\/pl\/wp-json\/wp\/v2\/comments?post=2038"}],"wp:featuredmedia":[{"embeddable":true,"href":"https:\/\/bqeye.com\/pl\/wp-json\/wp\/v2\/media\/2040"}],"wp:attachment":[{"href":"https:\/\/bqeye.com\/pl\/wp-json\/wp\/v2\/media?parent=2038"}],"wp:term":[{"taxonomy":"product_brand","embeddable":true,"href":"https:\/\/bqeye.com\/pl\/wp-json\/wp\/v2\/product_brand?post=2038"},{"taxonomy":"product_cat","embeddable":true,"href":"https:\/\/bqeye.com\/pl\/wp-json\/wp\/v2\/product_cat?post=2038"},{"taxonomy":"product_tag","embeddable":true,"href":"https:\/\/bqeye.com\/pl\/wp-json\/wp\/v2\/product_tag?post=2038"}],"curies":[{"name":"wp","href":"https:\/\/api.w.org\/{rel}","templated":true}]}}