{"id":2101,"date":"2025-01-09T22:33:12","date_gmt":"2025-01-09T14:33:12","guid":{"rendered":"https:\/\/bqeye.com\/?post_type=product&#038;p=2101"},"modified":"2025-01-09T22:34:22","modified_gmt":"2025-01-09T14:34:22","slug":"alluring-black-contact-lenses","status":"publish","type":"product","link":"https:\/\/bqeye.com\/pl\/alluring-black-contact-lenses\/","title":{"rendered":"Uwodzicielskie czarne soczewki kontaktowe"},"content":{"rendered":"<h1 class=\"md-end-block md-heading\"><span class=\"md-plain md-expand\">Uwodzicielskie czarne soczewki kontaktowe: Midnight Enchantment<\/span><\/h1>\n<h2 class=\"md-end-block md-heading\"><span class=\"md-plain\">Inspiracje projektowe i historia kolor\u00f3w<\/span><\/h2>\n<p class=\"md-end-block md-p\"><span class=\"md-plain\">Te czarne soczewki kontaktowe Alluring Black \u0142\u0105cz\u0105 wyrafinowan\u0105 elegancj\u0119 z tajemniczym urokiem. Projekt oddaje g\u0142\u0119bi\u0119 bezksi\u0119\u017cycowej nocy, charakteryzuj\u0105c si\u0119 luksusowym czarnym odcieniem wzmocnionym subtelnymi jedwabnymi refleksami. Wykorzystuj\u0105c zaawansowan\u0105 technologi\u0119 gradientu, soczewki tworz\u0105 hipnotyzuj\u0105cy efekt, kt\u00f3ry intensyfikuje naturalny wygl\u0105d oczu przy jednoczesnym zachowaniu autentyczno\u015bci. Zewn\u0119trzny pier\u015bcie\u0144 ma g\u0142\u0119boki obsydianowy odcie\u0144, kt\u00f3ry p\u0142ynnie przechodzi w delikatniejsz\u0105 wewn\u0119trzn\u0105 czer\u0144, tworz\u0105c urzekaj\u0105cy wymiar i g\u0142\u0119bi\u0119.<\/span><\/p>\n<h2 class=\"md-end-block md-heading\"><span class=\"md-plain\">Uwagi dla influencer\u00f3w<\/span><\/h2>\n<ul class=\"ul-list\" data-mark=\"*\">\n<li class=\"md-list-item\">\n<p class=\"md-end-block md-p\"><span class=\"md-plain\">@NightGlam (895 tys. obserwuj\u0105cych): \"Te soczewki s\u0105 absolutnie osza\u0142amiaj\u0105ce na wieczorne imprezy! Spos\u00f3b, w jaki \u0142api\u0105 \u015bwiat\u0142o na zdj\u0119ciach to czysta magia - moja sesja zar\u0119czynowa by\u0142a absolutnie eteryczna! \ud83d\udda4\"<\/span><\/p>\n<\/li>\n<li class=\"md-list-item\">\n<p class=\"md-end-block md-p\"><span class=\"md-plain\">@DarkBeauty (920 tys. obserwuj\u0105cych): \"W ko\u0144cu znalaz\u0142am idealne czarne soczewki, kt\u00f3re nie wygl\u0105daj\u0105 sztucznie! Pi\u0119knie fotografuj\u0105 i dodaj\u0105 tajemniczo\u015bci ka\u017cdej stylizacji. \u2728\"<\/span><\/p>\n<\/li>\n<li class=\"md-list-item\">\n<p class=\"md-end-block md-p\"><span class=\"md-plain\">@MidnightStyle (875 tys. obserwuj\u0105cych): \"Niezale\u017cnie od tego, czy jest to sesja mody, czy wydarzenie na czerwonym dywanie, te soczewki przekszta\u0142caj\u0105 ka\u017cdy wygl\u0105d w co\u015b niezwyk\u0142ego. Czyste wyrafinowanie! \ud83d\udc41\ufe0f\"<\/span><\/p>\n<\/li>\n<\/ul>\n<h2 class=\"md-end-block md-heading\"><span class=\"md-plain\">Do\u015bwiadczenia u\u017cytkownik\u00f3w<\/span><\/h2>\n<ul class=\"ul-list\" data-mark=\"*\">\n<li class=\"md-list-item\">\n<p class=\"md-end-block md-p\"><span class=\"md-plain\">\"Te soczewki wygl\u0105daj\u0105 niezwykle naturalnie, mimo \u017ce s\u0105 czarne. Idealne zar\u00f3wno do u\u017cytku profesjonalnego, jak i na wieczorne imprezy\".<\/span><\/p>\n<\/li>\n<li class=\"md-list-item\">\n<p class=\"md-end-block md-p\"><span class=\"md-plain\">\"Poziom komfortu jest wyj\u0105tkowy - mog\u0119 je nosi\u0107 przez ca\u0142y dzie\u0144 w pracy i prosto na kolacj\u0119 bez \u017cadnych podra\u017cnie\u0144. \ud83c\udf19\"<\/span><\/p>\n<\/li>\n<li class=\"md-list-item\">\n<p class=\"md-end-block md-p\"><span class=\"md-plain\">\"Uwielbiam spos\u00f3b, w jaki podkre\u015blaj\u0105 moje oczy, nie wygl\u0105daj\u0105c przy tym teatralnie. S\u0105 subtelne, a jednocze\u015bnie efektowne! \u2728\"<\/span><\/p>\n<\/li>\n<\/ul>\n<h2 class=\"md-end-block md-heading\"><span class=\"md-plain\">Idealny dla<\/span><\/h2>\n<h3 class=\"md-end-block md-heading\"><span class=\"md-plain\">Codzienne okazje<\/span><\/h3>\n<ul class=\"ul-list\" data-mark=\"*\">\n<li class=\"md-list-item\">\n<p class=\"md-end-block md-p\"><span class=\"md-plain\">Spotkania firmowe<\/span><\/p>\n<\/li>\n<li class=\"md-list-item\">\n<p class=\"md-end-block md-p\"><span class=\"md-plain\">Kreatywne miejsca pracy<\/span><\/p>\n<\/li>\n<li class=\"md-list-item\">\n<p class=\"md-end-block md-p\"><span class=\"md-plain\">Spotkania towarzyskie<\/span><\/p>\n<\/li>\n<li class=\"md-list-item\">\n<p class=\"md-end-block md-p\"><span class=\"md-plain\">Miejskie przygody<\/span><\/p>\n<\/li>\n<\/ul>\n<h3 class=\"md-end-block md-heading\"><span class=\"md-plain\">Wydarzenia specjalne<\/span><\/h3>\n<ul class=\"ul-list\" data-mark=\"*\">\n<li class=\"md-list-item\">\n<p class=\"md-end-block md-p\"><span class=\"md-plain\">Wieczorne gale<\/span><\/p>\n<\/li>\n<li class=\"md-list-item\">\n<p class=\"md-end-block md-p\"><span class=\"md-plain\">Sesje zdj\u0119ciowe<\/span><\/p>\n<\/li>\n<li class=\"md-list-item\">\n<p class=\"md-end-block md-p\"><span class=\"md-plain\">Eleganckie wesela<\/span><\/p>\n<\/li>\n<li class=\"md-list-item\">\n<p class=\"md-end-block md-p\"><span class=\"md-plain\">Przyj\u0119cia koktajlowe<\/span><\/p>\n<\/li>\n<\/ul>\n<h3 class=\"md-end-block md-heading\"><span class=\"md-plain\">Porady dotycz\u0105ce makija\u017cu<\/span><\/h3>\n<ul class=\"ul-list\" data-mark=\"*\">\n<li class=\"md-list-item\">\n<p class=\"md-end-block md-p\"><span class=\"md-plain\">Smokey eyes<\/span><\/p>\n<\/li>\n<li class=\"md-list-item\">\n<p class=\"md-end-block md-p\"><span class=\"md-plain\">\u015awietlista sk\u00f3ra<\/span><\/p>\n<\/li>\n<li class=\"md-list-item\">\n<p class=\"md-end-block md-p\"><span class=\"md-plain\">Skrzydlata wk\u0142adka<\/span><\/p>\n<\/li>\n<li class=\"md-list-item\">\n<p class=\"md-end-block md-p\"><span class=\"md-plain\">Usta o aksamitnym wyko\u0144czeniu<\/span><\/p>\n<\/li>\n<\/ul>\n<h2 class=\"md-end-block md-heading\"><span class=\"md-plain\">Przewodnik po stylach<\/span><\/h2>\n<h3 class=\"md-end-block md-heading\"><span class=\"md-plain\">Kolory stroju<\/span><\/h3>\n<ul class=\"ul-list\" data-mark=\"*\">\n<li class=\"md-list-item\">\n<p class=\"md-end-block md-p\"><span class=\"md-plain\">G\u0142\u0119boka czer\u0144<\/span><\/p>\n<\/li>\n<li class=\"md-list-item\">\n<p class=\"md-end-block md-p\"><span class=\"md-plain\">Szary w\u0119giel drzewny<\/span><\/p>\n<\/li>\n<li class=\"md-list-item\">\n<p class=\"md-end-block md-p\"><span class=\"md-plain\">Per\u0142owa biel<\/span><\/p>\n<\/li>\n<li class=\"md-list-item\">\n<p class=\"md-end-block md-p\"><span class=\"md-plain\">Bogaty burgund<\/span><\/p>\n<\/li>\n<li class=\"md-list-item\">\n<p class=\"md-end-block md-p\"><span class=\"md-plain\">Metaliczny srebrny<\/span><\/p>\n<\/li>\n<\/ul>\n<h3 class=\"md-end-block md-heading\"><span class=\"md-plain\">Akcesoria<\/span><\/h3>\n<ul class=\"ul-list\" data-mark=\"*\">\n<li class=\"md-list-item\">\n<p class=\"md-end-block md-p\"><span class=\"md-plain\">Bi\u017cuteria z bia\u0142ego z\u0142ota<\/span><\/p>\n<\/li>\n<li class=\"md-list-item\">\n<p class=\"md-end-block md-p\"><span class=\"md-plain\">Czarne per\u0142y<\/span><\/p>\n<\/li>\n<li class=\"md-list-item\">\n<p class=\"md-end-block md-p\"><span class=\"md-plain\">Kawa\u0142ki onyksu<\/span><\/p>\n<\/li>\n<li class=\"md-list-item\">\n<p class=\"md-end-block md-p\"><span class=\"md-plain\">Szczeg\u00f3\u0142y Chrome<\/span><\/p>\n<\/li>\n<\/ul>\n<h3 class=\"md-end-block md-heading\"><span class=\"md-plain\">Stylizacja sezonowa<\/span><\/h3>\n<ul class=\"ul-list\" data-mark=\"*\">\n<li class=\"md-list-item\">\n<p class=\"md-end-block md-p\"><span class=\"md-plain\">Wiosna: Minimalistyczny wygl\u0105d<\/span><\/p>\n<\/li>\n<li class=\"md-list-item\">\n<p class=\"md-end-block md-p\"><span class=\"md-plain\">Lato: Light noir<\/span><\/p>\n<\/li>\n<li class=\"md-list-item\">\n<p class=\"md-end-block md-p\"><span class=\"md-plain\">Jesie\u0144: Ciemne palety<\/span><\/p>\n<\/li>\n<li class=\"md-list-item\">\n<p class=\"md-end-block md-p\"><span class=\"md-plain\">Zima: Ca\u0142kowity czarny<\/span><\/p>\n<\/li>\n<\/ul>\n<h2 class=\"md-end-block md-heading\"><span class=\"md-plain\">Bezpiecze\u0144stwo i komfort<\/span><\/h2>\n<p class=\"md-end-block md-p\"><span class=\"md-plain\">Zaawansowana technologia nawil\u017cania zapewnia komfort i przejrzysto\u015b\u0107 przez ca\u0142y dzie\u0144. Zaprojektowane z najwy\u017cszej jako\u015bci materia\u0142\u00f3w dla optymalnego zdrowia oczu.<\/span><\/p>\n<p class=\"md-end-block md-p md-focus\"><span class=\"md-plain md-expand\">Soczewki kontaktowe Experience Alluring Black - gdzie wyrafinowanie spotyka si\u0119 z tajemnic\u0105 \u2727<\/span><\/p>","protected":false},"excerpt":{"rendered":"<p>Alluring Black Contact Lenses: Midnight Enchantment Design Inspiration &amp; Color Story These Alluring Black Contact Lenses blend sophisticated elegance with mysterious allure. The design captures the depth of a moonless night, featuring a luxurious black hue enhanced with subtle silk-like reflections. Using advanced gradient technology, the lenses create a mesmerizing effect that intensifies the natural [&#8230;]\n","protected":false},"featured_media":2103,"comment_status":"open","ping_status":"closed","template":"","meta":[],"product_brand":[],"product_cat":[73,91,188,158,98],"product_tag":[],"class_list":{"0":"post-2101","1":"product","2":"type-product","3":"status-publish","4":"has-post-thumbnail","6":"product_cat-black-contact-lenses","7":"product_cat-14-2-mm","8":"product_cat-dream-contacts","9":"product_cat-enlarge-contacts","10":"product_cat-yearly-disposable","12":"first","13":"instock","14":"sale","15":"shipping-taxable","16":"purchasable","17":"product-type-variable","18":"has-default-attributes"},"_links":{"self":[{"href":"https:\/\/bqeye.com\/pl\/wp-json\/wp\/v2\/product\/2101","targetHints":{"allow":["GET"]}}],"collection":[{"href":"https:\/\/bqeye.com\/pl\/wp-json\/wp\/v2\/product"}],"about":[{"href":"https:\/\/bqeye.com\/pl\/wp-json\/wp\/v2\/types\/product"}],"replies":[{"embeddable":true,"href":"https:\/\/bqeye.com\/pl\/wp-json\/wp\/v2\/comments?post=2101"}],"wp:featuredmedia":[{"embeddable":true,"href":"https:\/\/bqeye.com\/pl\/wp-json\/wp\/v2\/media\/2103"}],"wp:attachment":[{"href":"https:\/\/bqeye.com\/pl\/wp-json\/wp\/v2\/media?parent=2101"}],"wp:term":[{"taxonomy":"product_brand","embeddable":true,"href":"https:\/\/bqeye.com\/pl\/wp-json\/wp\/v2\/product_brand?post=2101"},{"taxonomy":"product_cat","embeddable":true,"href":"https:\/\/bqeye.com\/pl\/wp-json\/wp\/v2\/product_cat?post=2101"},{"taxonomy":"product_tag","embeddable":true,"href":"https:\/\/bqeye.com\/pl\/wp-json\/wp\/v2\/product_tag?post=2101"}],"curies":[{"name":"wp","href":"https:\/\/api.w.org\/{rel}","templated":true}]}}