{"id":2137,"date":"2025-01-13T11:57:19","date_gmt":"2025-01-13T03:57:19","guid":{"rendered":"https:\/\/bqeye.com\/?post_type=product&#038;p=2137"},"modified":"2025-01-13T11:58:52","modified_gmt":"2025-01-13T03:58:52","slug":"ocean-abyss-dark-blue-crystal-contact-lenses","status":"publish","type":"product","link":"https:\/\/bqeye.com\/pl\/ocean-abyss-dark-blue-crystal-contact-lenses\/","title":{"rendered":"Ciemnoniebieskie kryszta\u0142owe soczewki kontaktowe Ocean Abyss"},"content":{"rendered":"<h1 class=\"md-end-block md-heading\"><span class=\"md-plain md-expand\">Ciemnoniebieskie kryszta\u0142owe soczewki kontaktowe Ocean Abyss \ud83c\udf0a<\/span><\/h1>\n<h2 class=\"md-end-block md-heading\"><span class=\"md-plain\">Inspiracja projektowa i historia kolor\u00f3w<\/span><\/h2>\n<p class=\"md-end-block md-p\"><span class=\"md-plain\">Te hipnotyzuj\u0105ce soczewki Ocean Abyss Crystal oddaj\u0105 eteryczne pi\u0119kno g\u0142\u0119bokich row\u00f3w oceanicznych. Projekt na\u015bladuje \u015bwiat\u0142o s\u0142oneczne przebijaj\u0105ce si\u0119 przez krystalicznie czyste wody, tworz\u0105c czaruj\u0105cy gradient od intensywnego morskiego b\u0142\u0119kitu do krystalicznego \u015brodka. Ka\u017cda soczewka ma innowacyjny wz\u00f3r z efektem kryszta\u0142u, kt\u00f3ry odzwierciedla spos\u00f3b, w jaki \u015bwiat\u0142o ta\u0144czy w g\u0142\u0119bokich wodach oceanu, wraz z subtelnymi iskierkami, kt\u00f3re \u0142api\u0105 \u015bwiat\u0142o jak podwodne klejnoty.<\/span><\/p>\n<h2 class=\"md-end-block md-heading\"><span class=\"md-plain\">Magia influencer\u00f3w<\/span><\/h2>\n<ul class=\"ul-list\" data-mark=\"*\">\n<li class=\"md-list-item\">\n<p class=\"md-end-block md-p\"><span class=\"md-plain\">@OceanQueen (2,5 mln obserwuj\u0105cych): \"Te krystalicznie niebieskie soczewki to czysta magia! Efekt g\u0142\u0119bi jest nierealny - jak patrzenie w krystaliczn\u0105 wod\u0119! \ud83c\udf0a\u2728\"<\/span><\/p>\n<\/li>\n<li class=\"md-list-item\">\n<p class=\"md-end-block md-p\"><span class=\"md-plain\">@CrystalBeauty (1,9 mln obserwuj\u0105cych): \"W ko\u0144cu znalaz\u0142am moje sygnaturowe soczewki! Krystaliczno-niebieski efekt zapiera dech w piersiach i s\u0105 takie wygodne! \ud83d\udc99\"<\/span><\/p>\n<\/li>\n<li class=\"md-list-item\">\n<p class=\"md-end-block md-p\"><span class=\"md-plain\">@MarineMuse (1,4 mln obserwuj\u0105cych): \"Wszyscy pytaj\u0105 o moje oczy! Efekt kryszta\u0142u w tych soczewkach Ocean Abyss jest absolutnie osza\u0142amiaj\u0105cy! \ud83d\udc40\"<\/span><\/p>\n<\/li>\n<\/ul>\n<h2 class=\"md-end-block md-heading\"><span class=\"md-plain\">Kryszta\u0142owe historie<\/span><\/h2>\n<ul class=\"ul-list\" data-mark=\"*\">\n<li class=\"md-list-item\">\n<p class=\"md-end-block md-p\"><span class=\"md-plain\">\"Te soczewki zmieniaj\u0105 moje oczy w kryszta\u0142y oceanu - g\u0142\u0119bia i blask s\u0105 niesamowite!\"<\/span><\/p>\n<\/li>\n<li class=\"md-list-item\">\n<p class=\"md-end-block md-p\"><span class=\"md-plain\">\"Idealna r\u00f3wnowaga mi\u0119dzy naturalno\u015bci\u0105 a eteryczno\u015bci\u0105. Efekt kryszta\u0142u dodaje magicznego wymiaru.\"<\/span><\/p>\n<\/li>\n<li class=\"md-list-item\">\n<p class=\"md-end-block md-p\"><span class=\"md-plain\">\"Najlepsze niebieskie soczewki, jakie wypr\u00f3bowa\u0142em - komfort jest niesamowity, a krystalicznie niebieski kolor jest hipnotyzuj\u0105cy!\"<\/span><\/p>\n<\/li>\n<\/ul>\n<h2 class=\"md-end-block md-heading\"><span class=\"md-plain\">Idealne chwile<\/span><\/h2>\n<h3 class=\"md-end-block md-heading\"><span class=\"md-plain\">Daily Crystal<\/span><\/h3>\n<ul class=\"ul-list\" data-mark=\"*\">\n<li class=\"md-list-item\">\n<p class=\"md-end-block md-p\"><span class=\"md-plain\">Profesjonalny urok<\/span><\/p>\n<\/li>\n<li class=\"md-list-item\">\n<p class=\"md-end-block md-p\"><span class=\"md-plain\">Swobodna elegancja<\/span><\/p>\n<\/li>\n<li class=\"md-list-item\">\n<p class=\"md-end-block md-p\"><span class=\"md-plain\">Kreatywne spotkania<\/span><\/p>\n<\/li>\n<\/ul>\n<h3 class=\"md-end-block md-heading\"><span class=\"md-plain\">Magia specjalna<\/span><\/h3>\n<ul class=\"ul-list\" data-mark=\"*\">\n<li class=\"md-list-item\">\n<p class=\"md-end-block md-p\"><span class=\"md-plain\">Wydarzenia wieczorne<\/span><\/p>\n<\/li>\n<li class=\"md-list-item\">\n<p class=\"md-end-block md-p\"><span class=\"md-plain\">Imprezy o tematyce oceanicznej<\/span><\/p>\n<\/li>\n<li class=\"md-list-item\">\n<p class=\"md-end-block md-p\"><span class=\"md-plain\">Romantyczne okazje<\/span><\/p>\n<\/li>\n<\/ul>\n<h3 class=\"md-end-block md-heading\"><span class=\"md-plain\">Harmonia makija\u017cu<\/span><\/h3>\n<ul class=\"ul-list\" data-mark=\"*\">\n<li class=\"md-list-item\">\n<p class=\"md-end-block md-p\"><span class=\"md-plain\">Kryszta\u0142owy po\u0142ysk<\/span><\/p>\n<\/li>\n<li class=\"md-list-item\">\n<p class=\"md-end-block md-p\"><span class=\"md-plain\">Oczy inspirowane oceanem<\/span><\/p>\n<\/li>\n<li class=\"md-list-item\">\n<p class=\"md-end-block md-p\"><span class=\"md-plain\">Naturalny blask<\/span><\/p>\n<\/li>\n<\/ul>\n<h2 class=\"md-end-block md-heading\"><span class=\"md-plain\">Przewodnik po stylach<\/span><\/h2>\n<h3 class=\"md-end-block md-heading\"><span class=\"md-plain\">Kryszta\u0142owe kolory<\/span><\/h3>\n<ul class=\"ul-list\" data-mark=\"*\">\n<li class=\"md-list-item\">\n<p class=\"md-end-block md-p\"><span class=\"md-plain\">G\u0142\u0119boki b\u0142\u0119kit oceanu<\/span><\/p>\n<\/li>\n<li class=\"md-list-item\">\n<p class=\"md-end-block md-p\"><span class=\"md-plain\">Kryszta\u0142owy lazur<\/span><\/p>\n<\/li>\n<li class=\"md-list-item\">\n<p class=\"md-end-block md-p\"><span class=\"md-plain\">Morskie odcienie<\/span><\/p>\n<\/li>\n<li class=\"md-list-item\">\n<p class=\"md-end-block md-p\"><span class=\"md-plain\">Per\u0142owa biel<\/span><\/p>\n<\/li>\n<\/ul>\n<h3 class=\"md-end-block md-heading\"><span class=\"md-plain\">Akcenty oceaniczne<\/span><\/h3>\n<ul class=\"ul-list\" data-mark=\"*\">\n<li class=\"md-list-item\">\n<p class=\"md-end-block md-p\"><span class=\"md-plain\">Kryszta\u0142owa bi\u017cuteria<\/span><\/p>\n<\/li>\n<li class=\"md-list-item\">\n<p class=\"md-end-block md-p\"><span class=\"md-plain\">Elementy per\u0142owe<\/span><\/p>\n<\/li>\n<li class=\"md-list-item\">\n<p class=\"md-end-block md-p\"><span class=\"md-plain\">Szczeg\u00f3\u0142y srebrny<\/span><\/p>\n<\/li>\n<\/ul>\n<h3 class=\"md-end-block md-heading\"><span class=\"md-plain\">Fale sezonowe<\/span><\/h3>\n<ul class=\"ul-list\" data-mark=\"*\">\n<li class=\"md-list-item\">\n<p class=\"md-end-block md-p\"><span class=\"md-plain\">Wiosna: Kryszta\u0142owy \u015bwit<\/span><\/p>\n<\/li>\n<li class=\"md-list-item\">\n<p class=\"md-end-block md-p\"><span class=\"md-plain\">Lato: Oceaniczny blask<\/span><\/p>\n<\/li>\n<li class=\"md-list-item\">\n<p class=\"md-end-block md-p\"><span class=\"md-plain\">Jesie\u0144: G\u0142\u0119bokie wody<\/span><\/p>\n<\/li>\n<li class=\"md-list-item\">\n<p class=\"md-end-block md-p\"><span class=\"md-plain\">Zima: Lodowy kryszta\u0142<\/span><\/p>\n<\/li>\n<\/ul>\n<h2 class=\"md-end-block md-heading\"><span class=\"md-plain\">Crystal Comfort<\/span><\/h2>\n<ul class=\"ul-list\" data-mark=\"*\">\n<li class=\"md-list-item\">\n<p class=\"md-end-block md-p\"><span class=\"md-plain\">Konstrukcja zapewniaj\u0105ca ca\u0142odzienne noszenie<\/span><\/p>\n<\/li>\n<li class=\"md-list-item\">\n<p class=\"md-end-block md-p\"><span class=\"md-plain\">Zwi\u0119kszone nawil\u017cenie<\/span><\/p>\n<\/li>\n<li class=\"md-list-item\">\n<p class=\"md-end-block md-p\"><span class=\"md-plain\">Krystalicznie czysty obraz<\/span><\/p>\n<\/li>\n<li class=\"md-list-item\">\n<p class=\"md-end-block md-p\"><span class=\"md-plain\">Certyfikat bezpiecze\u0144stwa<\/span><\/p>\n<\/li>\n<li class=\"md-list-item\">\n<p class=\"md-end-block md-p\"><span class=\"md-plain\">\u0141atwa konserwacja<\/span><\/p>\n<\/li>\n<\/ul>\n<h2 class=\"md-end-block md-heading\"><span class=\"md-plain\">Instrukcja obs\u0142ugi<\/span><\/h2>\n<ul class=\"ul-list\" data-mark=\"*\">\n<li class=\"md-list-item\">\n<p class=\"md-end-block md-p\"><span class=\"md-plain\">Codzienne oczyszczanie<\/span><\/p>\n<\/li>\n<li class=\"md-list-item\">\n<p class=\"md-end-block md-p\"><span class=\"md-plain\">\u015awie\u017ce rozwi\u0105zanie<\/span><\/p>\n<\/li>\n<li class=\"md-list-item\">\n<p class=\"md-end-block md-p\"><span class=\"md-plain\">Fajne przechowywanie<\/span><\/p>\n<\/li>\n<li class=\"md-list-item\">\n<p class=\"md-end-block md-p\"><span class=\"md-plain\">Delikatna obs\u0142uga<\/span><\/p>\n<\/li>\n<li class=\"md-list-item\">\n<p class=\"md-end-block md-p\"><span class=\"md-plain\">Regularne odnawianie<\/span><\/p>\n<\/li>\n<\/ul>\n<p class=\"md-end-block md-p md-focus\"><span class=\"md-plain md-expand\">Zanurz si\u0119 w krystalicznie czystym pi\u0119knie dzi\u0119ki soczewkom Ocean Abyss Dark Blue Crystal - gdzie tajemnica g\u0142\u0119bokiego oceanu \u0142\u0105czy si\u0119 z krystaliczn\u0105 przejrzysto\u015bci\u0105! \ud83c\udf0a\u2728<\/span><\/p>","protected":false},"excerpt":{"rendered":"<p>Ocean Abyss Dark Blue Crystal Contact Lenses \ud83c\udf0a \ud83d\udcab Design Inspiration &amp; Color Story These mesmerizing Ocean Abyss Crystal lenses capture the ethereal beauty of deep ocean trenches. The design mimics sunlight piercing through crystal-clear waters, creating an enchanting gradient from intense marine blue to crystalline center. Each lens features an innovative crystal-effect pattern that [&#8230;]\n","protected":false},"featured_media":2139,"comment_status":"open","ping_status":"closed","template":"","meta":[],"product_brand":[],"product_cat":[75,91,188,158,98],"product_tag":[],"class_list":{"0":"post-2137","1":"product","2":"type-product","3":"status-publish","4":"has-post-thumbnail","6":"product_cat-blue-contact-lenses","7":"product_cat-14-2-mm","8":"product_cat-dream-contacts","9":"product_cat-enlarge-contacts","10":"product_cat-yearly-disposable","12":"first","13":"instock","14":"sale","15":"shipping-taxable","16":"purchasable","17":"product-type-variable","18":"has-default-attributes"},"_links":{"self":[{"href":"https:\/\/bqeye.com\/pl\/wp-json\/wp\/v2\/product\/2137","targetHints":{"allow":["GET"]}}],"collection":[{"href":"https:\/\/bqeye.com\/pl\/wp-json\/wp\/v2\/product"}],"about":[{"href":"https:\/\/bqeye.com\/pl\/wp-json\/wp\/v2\/types\/product"}],"replies":[{"embeddable":true,"href":"https:\/\/bqeye.com\/pl\/wp-json\/wp\/v2\/comments?post=2137"}],"wp:featuredmedia":[{"embeddable":true,"href":"https:\/\/bqeye.com\/pl\/wp-json\/wp\/v2\/media\/2139"}],"wp:attachment":[{"href":"https:\/\/bqeye.com\/pl\/wp-json\/wp\/v2\/media?parent=2137"}],"wp:term":[{"taxonomy":"product_brand","embeddable":true,"href":"https:\/\/bqeye.com\/pl\/wp-json\/wp\/v2\/product_brand?post=2137"},{"taxonomy":"product_cat","embeddable":true,"href":"https:\/\/bqeye.com\/pl\/wp-json\/wp\/v2\/product_cat?post=2137"},{"taxonomy":"product_tag","embeddable":true,"href":"https:\/\/bqeye.com\/pl\/wp-json\/wp\/v2\/product_tag?post=2137"}],"curies":[{"name":"wp","href":"https:\/\/api.w.org\/{rel}","templated":true}]}}