{"id":2171,"date":"2025-01-14T16:24:35","date_gmt":"2025-01-14T08:24:35","guid":{"rendered":"https:\/\/bqeye.com\/?post_type=product&#038;p=2171"},"modified":"2025-01-14T16:26:06","modified_gmt":"2025-01-14T08:26:06","slug":"latte-cloud-brown-contact-lenses","status":"publish","type":"product","link":"https:\/\/bqeye.com\/pl\/latte-cloud-brown-contact-lenses\/","title":{"rendered":"Br\u0105zowe soczewki kontaktowe Latte Cloud"},"content":{"rendered":"<h1 class=\"md-end-block md-heading\"><span class=\"md-plain md-expand\">15 powod\u00f3w, dla kt\u00f3rych soczewki kontaktowe Latte Cloud Brown s\u0105 now\u0105 obsesj\u0105 na punkcie kawy!<\/span><\/h1>\n<h2 class=\"md-end-block md-heading\"><span class=\"md-plain\">Najbardziej luksusowy design inspirowany kaw\u0105!<\/span><\/h2>\n<p class=\"md-end-block md-p\"><span class=\"md-plain\">OBUD\u0179 SI\u0118 I ZABIJ! Te soczewki kontaktowe Latte Cloud Brown to dos\u0142ownie Twoje ulubione kremowe latte w formie soczewek! Wyobra\u017a sobie to idealne zawirowanie, gdy paruj\u0105ce mleko spotyka si\u0119 z bogatym espresso - dok\u0142adnie to oddaj\u0105 te soczewki! Soczewki posiadaj\u0105 gradient, kt\u00f3ry zaczyna si\u0119 od krystalicznie czystego \u015brodka i przechodzi w najpi\u0119kniejsze br\u0105zowe kraw\u0119dzie latte cloud. To daje przytulne luksusowe wibracje i \u017bYJEMY DLA TEGO! \u2728<\/span><\/p>\n<h2 class=\"md-end-block md-heading\"><span class=\"md-plain\">Notatki mi\u0142osne dla influencer\u00f3w<\/span><\/h2>\n<ul class=\"ul-list\" data-mark=\"*\">\n<li class=\"md-list-item\">\n<p class=\"md-end-block md-p\"><span class=\"md-plain\">@CoffeeChic (3.1M): \"Te soczewki daj\u0105 mi ten b\u0142ysk 'w\u0142a\u015bnie zam\u00f3wi\u0142em trzeci\u0105 owsian\u0105 latte'! #LatteEyes\"<\/span><\/p>\n<\/li>\n<li class=\"md-list-item\">\n<p class=\"md-end-block md-p\"><span class=\"md-plain\">@CafeStyle (2.7M): \"Najbardziej naturalne br\u0105zowe soczewki w historii - jak spe\u0142nienie marze\u0144 mi\u0142o\u015bnika kawy!\".<\/span><\/p>\n<\/li>\n<li class=\"md-list-item\">\n<p class=\"md-end-block md-p\"><span class=\"md-plain\">@CozyGlam (2.3M): \"Idealny do makija\u017cu \"bez makija\u017cu\"! Taki mi\u0119kki i marzycielski!\"<\/span><\/p>\n<\/li>\n<\/ul>\n<h2 class=\"md-end-block md-heading\"><span class=\"md-plain\">Recenzje prawdziwych mi\u0142o\u015bnik\u00f3w kawy<\/span><\/h2>\n<ul class=\"ul-list\" data-mark=\"*\">\n<li class=\"md-list-item\">\n<p class=\"md-end-block md-p\"><span class=\"md-plain\">\"Jak posiadanie idealnej latte w oczach!\"<\/span><\/p>\n<\/li>\n<li class=\"md-list-item\">\n<p class=\"md-end-block md-p\"><span class=\"md-plain\">\"Dzi\u0119ki nim moje ciemne oczy wygl\u0105daj\u0105 jak sk\u0105pane w z\u0142ocistym \u015bwietle!\"<\/span><\/p>\n<\/li>\n<li class=\"md-list-item\">\n<p class=\"md-end-block md-p\"><span class=\"md-plain\">\"Wreszcie br\u0105zowe soczewki, kt\u00f3re wygl\u0105daj\u0105 drogo i naturalnie!\"<\/span><\/p>\n<\/li>\n<\/ul>\n<h2 class=\"md-end-block md-heading\"><span class=\"md-plain\">Idealne momenty do noszenia<\/span><\/h2>\n<h3 class=\"md-end-block md-heading\"><span class=\"md-plain\">Codzienna estetyka<\/span><\/h3>\n<ul class=\"ul-list\" data-mark=\"*\">\n<li class=\"md-list-item\">\n<p class=\"md-end-block md-p\"><span class=\"md-plain\">Praca w kawiarni<\/span><\/p>\n<\/li>\n<li class=\"md-list-item\">\n<p class=\"md-end-block md-p\"><span class=\"md-plain\">Terminy brunchu<\/span><\/p>\n<\/li>\n<li class=\"md-list-item\">\n<p class=\"md-end-block md-p\"><span class=\"md-plain\">Wizyty w bibliotece<\/span><\/p>\n<\/li>\n<li class=\"md-list-item\">\n<p class=\"md-end-block md-p\"><span class=\"md-plain\">Jesienne spacery<\/span><\/p>\n<\/li>\n<\/ul>\n<h3 class=\"md-end-block md-heading\"><span class=\"md-plain\">Wydarzenia specjalne<\/span><\/h3>\n<ul class=\"ul-list\" data-mark=\"*\">\n<li class=\"md-list-item\">\n<p class=\"md-end-block md-p\"><span class=\"md-plain\">Przytulne spotkania<\/span><\/p>\n<\/li>\n<li class=\"md-list-item\">\n<p class=\"md-end-block md-p\"><span class=\"md-plain\">Jesienne sesje zdj\u0119ciowe<\/span><\/p>\n<\/li>\n<li class=\"md-list-item\">\n<p class=\"md-end-block md-p\"><span class=\"md-plain\">Nieformalne spotkania<\/span><\/p>\n<\/li>\n<li class=\"md-list-item\">\n<p class=\"md-end-block md-p\"><span class=\"md-plain\">Weekendowe brunche<\/span><\/p>\n<\/li>\n<\/ul>\n<h2 class=\"md-end-block md-heading\"><span class=\"md-plain\">Zestawienia do makija\u017cu<\/span><\/h2>\n<ul class=\"ul-list\" data-mark=\"*\">\n<li class=\"md-list-item\">\n<p class=\"md-end-block md-p\"><span class=\"md-plain\">Ciep\u0142a, l\u015bni\u0105ca sk\u00f3ra<\/span><\/p>\n<\/li>\n<li class=\"md-list-item\">\n<p class=\"md-end-block md-p\"><span class=\"md-plain\">Delikatne br\u0105zowe cienie<\/span><\/p>\n<\/li>\n<li class=\"md-list-item\">\n<p class=\"md-end-block md-p\"><span class=\"md-plain\">B\u0142yszcz\u0105ce usta w kolorze nude<\/span><\/p>\n<\/li>\n<li class=\"md-list-item\">\n<p class=\"md-end-block md-p\"><span class=\"md-plain\">Najwa\u017cniejsze cechy br\u0105zu<\/span><\/p>\n<\/li>\n<\/ul>\n<h2 class=\"md-end-block md-heading\"><span class=\"md-plain\">Przewodnik po stylach<\/span><\/h2>\n<h3 class=\"md-end-block md-heading\"><span class=\"md-plain\">Przytulno\u015b\u0107 w ci\u0105gu dnia<\/span><\/h3>\n<ul class=\"ul-list\" data-mark=\"*\">\n<li class=\"md-list-item\">\n<p class=\"md-end-block md-p\"><span class=\"md-plain\">Kremowe dzianiny<\/span><\/p>\n<\/li>\n<li class=\"md-list-item\">\n<p class=\"md-end-block md-p\"><span class=\"md-plain\">Podstawy w kolorze kawy<\/span><\/p>\n<\/li>\n<li class=\"md-list-item\">\n<p class=\"md-end-block md-p\"><span class=\"md-plain\">Camelowe p\u0142aszcze<\/span><\/p>\n<\/li>\n<li class=\"md-list-item\">\n<p class=\"md-end-block md-p\"><span class=\"md-plain\">Z\u0142ote akcesoria<\/span><\/p>\n<\/li>\n<\/ul>\n<h3 class=\"md-end-block md-heading\"><span class=\"md-plain\">Wieczorne ciep\u0142o<\/span><\/h3>\n<ul class=\"ul-list\" data-mark=\"*\">\n<li class=\"md-list-item\">\n<p class=\"md-end-block md-p\"><span class=\"md-plain\">Br\u0105zowy jedwab<\/span><\/p>\n<\/li>\n<li class=\"md-list-item\">\n<p class=\"md-end-block md-p\"><span class=\"md-plain\">Kaszmirowe akcenty<\/span><\/p>\n<\/li>\n<li class=\"md-list-item\">\n<p class=\"md-end-block md-p\"><span class=\"md-plain\">Ciep\u0142e neutralne kolory<\/span><\/p>\n<\/li>\n<li class=\"md-list-item\">\n<p class=\"md-end-block md-p\"><span class=\"md-plain\">Szczeg\u00f3\u0142y br\u0105zu<\/span><\/p>\n<\/li>\n<\/ul>\n<h2 class=\"md-end-block md-heading\"><span class=\"md-plain\">Cele zwi\u0105zane z komfortem<\/span><\/h2>\n<ul class=\"ul-list\" data-mark=\"*\">\n<li class=\"md-list-item\">\n<p class=\"md-end-block md-p\"><span class=\"md-plain\">Mi\u0119kki jak chmury<\/span><\/p>\n<\/li>\n<li class=\"md-list-item\">\n<p class=\"md-end-block md-p\"><span class=\"md-plain\">Ca\u0142odzienne nawil\u017cenie<\/span><\/p>\n<\/li>\n<li class=\"md-list-item\">\n<p class=\"md-end-block md-p\"><span class=\"md-plain\">Doskona\u0142a przejrzysto\u015b\u0107<\/span><\/p>\n<\/li>\n<li class=\"md-list-item\">\n<p class=\"md-end-block md-p\"><span class=\"md-plain\">Noszenie bez wysi\u0142ku<\/span><\/p>\n<\/li>\n<\/ul>\n<h2 class=\"md-end-block md-heading\"><span class=\"md-plain\">Dlaczego s\u0105 niezb\u0119dne?<\/span><\/h2>\n<ul class=\"ul-list\" data-mark=\"*\">\n<li class=\"md-list-item\">\n<p class=\"md-end-block md-p\"><span class=\"md-plain\">Elegancja na co dzie\u0144<\/span><\/p>\n<\/li>\n<li class=\"md-list-item\">\n<p class=\"md-end-block md-p\"><span class=\"md-plain\">Idealny do selfie<\/span><\/p>\n<\/li>\n<li class=\"md-list-item\">\n<p class=\"md-end-block md-p\"><span class=\"md-plain\">Naturalne wzmocnienie<\/span><\/p>\n<\/li>\n<li class=\"md-list-item\">\n<p class=\"md-end-block md-p\"><span class=\"md-plain\">Wszechstronny urok<\/span><\/p>\n<\/li>\n<\/ul>\n<h2 class=\"md-end-block md-heading\"><span class=\"md-plain\">Obietnica jako\u015bci<\/span><\/h2>\n<ul class=\"ul-list\" data-mark=\"*\">\n<li class=\"md-list-item\">\n<p class=\"md-end-block md-p\"><span class=\"md-plain\">Materia\u0142y najwy\u017cszej jako\u015bci<\/span><\/p>\n<\/li>\n<li class=\"md-list-item\">\n<p class=\"md-end-block md-p\"><span class=\"md-plain\">Certyfikat bezpiecze\u0144stwa<\/span><\/p>\n<\/li>\n<li class=\"md-list-item\">\n<p class=\"md-end-block md-p\"><span class=\"md-plain\">\u0141atwa konserwacja<\/span><\/p>\n<\/li>\n<li class=\"md-list-item\">\n<p class=\"md-end-block md-p\"><span class=\"md-plain\">D\u0142ugotrwa\u0142e zu\u017cycie<\/span><\/p>\n<\/li>\n<\/ul>\n<p class=\"md-end-block md-p\"><span class=\"md-plain\">#LatteCloudBrown #ContactLenses #CoffeeVibes #BrownEyes #CozyBeauty<\/span><\/p>\n<p class=\"md-end-block md-p md-focus\"><span class=\"md-plain md-expand\">FINAL SIP: Soczewki kontaktowe Latte Cloud Brown to nie tylko soczewki - to codzienna dawka magii inspirowanej kaw\u0105! Gotowy, aby zaserwowa\u0107 te ciep\u0142e, przytulne wibracje oczu? TWOJA PRZERWA NA KAW\u0118 ZACZYNA SI\u0118 TERAZ! \ud83e\udd0e\u2728<\/span><\/p>","protected":false},"excerpt":{"rendered":"<p>\u2615 15 Reasons Why Latte Cloud Brown Contact Lenses Are The New Coffee-Break Obsession! \u2728 The Most Luxurious Coffee-Inspired Design! WAKE UP AND SLAY! These Latte Cloud Brown Contact Lenses are literally your favorite creamy latte in lens form! Imagine that perfect swirl when steamed milk meets rich espresso &#8211; that&#8217;s exactly what these lenses [&#8230;]\n","protected":false},"featured_media":2173,"comment_status":"open","ping_status":"closed","template":"","meta":[],"product_brand":[],"product_cat":[80,92,188,158,98],"product_tag":[],"class_list":{"0":"post-2171","1":"product","2":"type-product","3":"status-publish","4":"has-post-thumbnail","6":"product_cat-brown-contact-lenses","7":"product_cat-14-5-mm","8":"product_cat-dream-contacts","9":"product_cat-enlarge-contacts","10":"product_cat-yearly-disposable","12":"first","13":"instock","14":"sale","15":"shipping-taxable","16":"purchasable","17":"product-type-variable","18":"has-default-attributes"},"_links":{"self":[{"href":"https:\/\/bqeye.com\/pl\/wp-json\/wp\/v2\/product\/2171","targetHints":{"allow":["GET"]}}],"collection":[{"href":"https:\/\/bqeye.com\/pl\/wp-json\/wp\/v2\/product"}],"about":[{"href":"https:\/\/bqeye.com\/pl\/wp-json\/wp\/v2\/types\/product"}],"replies":[{"embeddable":true,"href":"https:\/\/bqeye.com\/pl\/wp-json\/wp\/v2\/comments?post=2171"}],"wp:featuredmedia":[{"embeddable":true,"href":"https:\/\/bqeye.com\/pl\/wp-json\/wp\/v2\/media\/2173"}],"wp:attachment":[{"href":"https:\/\/bqeye.com\/pl\/wp-json\/wp\/v2\/media?parent=2171"}],"wp:term":[{"taxonomy":"product_brand","embeddable":true,"href":"https:\/\/bqeye.com\/pl\/wp-json\/wp\/v2\/product_brand?post=2171"},{"taxonomy":"product_cat","embeddable":true,"href":"https:\/\/bqeye.com\/pl\/wp-json\/wp\/v2\/product_cat?post=2171"},{"taxonomy":"product_tag","embeddable":true,"href":"https:\/\/bqeye.com\/pl\/wp-json\/wp\/v2\/product_tag?post=2171"}],"curies":[{"name":"wp","href":"https:\/\/api.w.org\/{rel}","templated":true}]}}