{"id":2174,"date":"2025-01-14T16:34:30","date_gmt":"2025-01-14T08:34:30","guid":{"rendered":"https:\/\/bqeye.com\/?post_type=product&#038;p=2174"},"modified":"2025-01-14T16:42:19","modified_gmt":"2025-01-14T08:42:19","slug":"manga-black-pearl-contact-lenses","status":"publish","type":"product","link":"https:\/\/bqeye.com\/pl\/manga-black-pearl-contact-lenses\/","title":{"rendered":"Soczewki kontaktowe Manga Black Pearl"},"content":{"rendered":"<h1 class=\"md-end-block md-heading\"><span class=\"md-plain md-expand\">Najwy\u017cej oceniane: Przegl\u0105d kolorowych soczewek kontaktowych Black Pearl Magic 2025 - seria manga<\/span><\/h1>\n<h2 class=\"md-end-block md-heading\"><span class=\"md-plain\">Soczewki kontaktowe Manga Pearl Dark - Wzmocnienie oczu inspirowane anime!<\/span><\/h2>\n<p class=\"md-end-block md-p\"><span class=\"md-plain\">GOR\u0104CA PREMIERA! Kolekcja Manga Black Pearl \u0142\u0105czy dramatyczne ciemne odcienie z hipnotyzuj\u0105cym per\u0142owym wyko\u0144czeniem, idealnym do stylizacji anime i cosplay! Te kolorowe soczewki zrewolucjonizuj\u0105 scen\u0119 cosplay dzi\u0119ki autentycznemu blaskowi mangi! \ud83d\udcab<\/span><\/p>\n<h2 class=\"md-end-block md-heading\"><span class=\"md-plain\">Funkcje premium: Seria soczewek kontaktowych Manga Black Pearl<\/span><\/h2>\n<ul class=\"ul-list\" data-mark=\"*\">\n<li class=\"md-list-item\">\n<p class=\"md-end-block md-p\"><span class=\"md-plain\">Czarne per\u0142owe pigmenty inspirowane anime<\/span><\/p>\n<\/li>\n<li class=\"md-list-item\">\n<p class=\"md-end-block md-p\"><span class=\"md-plain\">Technologia ciemnych soczewek o wysokiej rozdzielczo\u015bci<\/span><\/p>\n<\/li>\n<li class=\"md-list-item\">\n<p class=\"md-end-block md-p\"><span class=\"md-plain\">Efekt per\u0142owego po\u0142ysku w stylu Manga<\/span><\/p>\n<\/li>\n<li class=\"md-list-item\">\n<p class=\"md-end-block md-p\"><span class=\"md-plain\">Naturalna czarna mieszanka soczewek kontaktowych<\/span><\/p>\n<\/li>\n<li class=\"md-list-item\">\n<p class=\"md-end-block md-p\"><span class=\"md-plain\">Kolorowe kontakty zatwierdzone przez Cosplay<\/span><\/p>\n<\/li>\n<\/ul>\n<h2 class=\"md-end-block md-heading\"><span class=\"md-plain\">Recenzje tw\u00f3rc\u00f3w cosplay \ud83d\udcab: Manga Pearl Lenses<\/span><\/h2>\n<ul class=\"ul-list\" data-mark=\"*\">\n<li class=\"md-list-item\">\n<p class=\"md-end-block md-p\"><span class=\"md-plain\">@CosplayLens (3.7M): \"Najlepsze czarne kontakty dla wygl\u0105du anime! #MangaPearlLenses\"<\/span><\/p>\n<\/li>\n<li class=\"md-list-item\">\n<p class=\"md-end-block md-p\"><span class=\"md-plain\">@AnimeEyes (3.1M): \"Te per\u0142owo-czarne soczewki s\u0105 idealne dla postaci z mangi!\".<\/span><\/p>\n<\/li>\n<li class=\"md-list-item\">\n<p class=\"md-end-block md-p\"><span class=\"md-plain\">@CostumeCreator (2.8M): \"Najbardziej autentyczne mangowe soczewki kontaktowe na rynku!\".<\/span><\/p>\n<\/li>\n<\/ul>\n<h2 class=\"md-end-block md-heading\"><span class=\"md-plain\">Zweryfikowane recenzje: Kontakty Manga Black Pearl<\/span><\/h2>\n<ul class=\"ul-list\" data-mark=\"*\">\n<li class=\"md-list-item\">\n<p class=\"md-end-block md-p\"><span class=\"md-plain\">\"Idealne czarne kontakty manga dla ciemnych oczu!\"<\/span><\/p>\n<\/li>\n<li class=\"md-list-item\">\n<p class=\"md-end-block md-p\"><span class=\"md-plain\">\"Najbardziej realistyczne soczewki kontaktowe anime!\"<\/span><\/p>\n<\/li>\n<li class=\"md-list-item\">\n<p class=\"md-end-block md-p\"><span class=\"md-plain\">\"Najlepsze kolorowe kontakty do fotografii cosplay!\"<\/span><\/p>\n<\/li>\n<\/ul>\n<h2 class=\"md-end-block md-heading\"><span class=\"md-plain\">Idealne zastosowania: Kolorowe soczewki Manga Pearl<\/span><\/h2>\n<h3 class=\"md-end-block md-heading\"><span class=\"md-plain\">Casual Cosplay<\/span><\/h3>\n<ul class=\"ul-list\" data-mark=\"*\">\n<li class=\"md-list-item\">\n<p class=\"md-end-block md-p\"><span class=\"md-plain\">Codzienny wygl\u0105d anime<\/span><\/p>\n<\/li>\n<li class=\"md-list-item\">\n<p class=\"md-end-block md-p\"><span class=\"md-plain\">Styl inspirowany mang\u0105<\/span><\/p>\n<\/li>\n<li class=\"md-list-item\">\n<p class=\"md-end-block md-p\"><span class=\"md-plain\">Subtelne ulepszenie postaci<\/span><\/p>\n<\/li>\n<li class=\"md-list-item\">\n<p class=\"md-end-block md-p\"><span class=\"md-plain\">Codzienna odzie\u017c do cosplayu<\/span><\/p>\n<\/li>\n<\/ul>\n<h3 class=\"md-end-block md-heading\"><span class=\"md-plain\">Zastosowanie profesjonalne<\/span><\/h3>\n<ul class=\"ul-list\" data-mark=\"*\">\n<li class=\"md-list-item\">\n<p class=\"md-end-block md-p\"><span class=\"md-plain\">Wyst\u0119py na konwentach<\/span><\/p>\n<\/li>\n<li class=\"md-list-item\">\n<p class=\"md-end-block md-p\"><span class=\"md-plain\">Sesje zdj\u0119ciowe postaci<\/span><\/p>\n<\/li>\n<li class=\"md-list-item\">\n<p class=\"md-end-block md-p\"><span class=\"md-plain\">Konkursy cosplay<\/span><\/p>\n<\/li>\n<li class=\"md-list-item\">\n<p class=\"md-end-block md-p\"><span class=\"md-plain\">Wydarzenia anime<\/span><\/p>\n<\/li>\n<\/ul>\n<h2 class=\"md-end-block md-heading\"><span class=\"md-plain\">Specyfikacje techniczne: Soczewki Manga Pearl<\/span><\/h2>\n<ul class=\"ul-list\" data-mark=\"*\">\n<li class=\"md-list-item\">\n<p class=\"md-end-block md-p\"><span class=\"md-plain\">Rozmiar: 14,5 mm<\/span><\/p>\n<\/li>\n<li class=\"md-list-item\">\n<p class=\"md-end-block md-p\"><span class=\"md-plain\">Krzywa bazowa: 8,6 mm<\/span><\/p>\n<\/li>\n<li class=\"md-list-item\">\n<p class=\"md-end-block md-p\"><span class=\"md-plain\">Nawodnienie: 45%<\/span><\/p>\n<\/li>\n<li class=\"md-list-item\">\n<p class=\"md-end-block md-p\"><span class=\"md-plain\">Czas noszenia: co miesi\u0105c<\/span><\/p>\n<\/li>\n<li class=\"md-list-item\">\n<p class=\"md-end-block md-p\"><span class=\"md-plain\">Blokada UV: W zestawie<\/span><\/p>\n<\/li>\n<\/ul>\n<h2 class=\"md-end-block md-heading\"><span class=\"md-plain\">\ud83d\udc41\ufe0f Ulepszone funkcje<\/span><\/h2>\n<ul class=\"ul-list\" data-mark=\"*\">\n<li class=\"md-list-item\">\n<p class=\"md-end-block md-p\"><span class=\"md-plain\">Projekt zoptymalizowany pod k\u0105tem mangi<\/span><\/p>\n<\/li>\n<li class=\"md-list-item\">\n<p class=\"md-end-block md-p\"><span class=\"md-plain\">Doskona\u0142y kolor<\/span><\/p>\n<\/li>\n<li class=\"md-list-item\">\n<p class=\"md-end-block md-p\"><span class=\"md-plain\">Wyd\u0142u\u017cony komfort noszenia<\/span><\/p>\n<\/li>\n<li class=\"md-list-item\">\n<p class=\"md-end-block md-p\"><span class=\"md-plain\">Fotograficzny odcie\u0144<\/span><\/p>\n<\/li>\n<\/ul>\n<h2 class=\"md-end-block md-heading\"><span class=\"md-plain\">Kluczowe korzy\u015bci: Kontakty Manga Pearl<\/span><\/h2>\n<ul class=\"ul-list\" data-mark=\"*\">\n<li class=\"md-list-item\">\n<p class=\"md-end-block md-p\"><span class=\"md-plain\">Autentyczny wygl\u0105d anime<\/span><\/p>\n<\/li>\n<li class=\"md-list-item\">\n<p class=\"md-end-block md-p\"><span class=\"md-plain\">Komfort noszenia przez ca\u0142y dzie\u0144<\/span><\/p>\n<\/li>\n<li class=\"md-list-item\">\n<p class=\"md-end-block md-p\"><span class=\"md-plain\">Najwy\u017csza jako\u015b\u0107 obiektywu<\/span><\/p>\n<\/li>\n<li class=\"md-list-item\">\n<p class=\"md-end-block md-p\"><span class=\"md-plain\">Idealny do zdj\u0119\u0107<\/span><\/p>\n<\/li>\n<li class=\"md-list-item\">\n<p class=\"md-end-block md-p\"><span class=\"md-plain\">Odpowiedni dla ciemnych oczu<\/span><\/p>\n<\/li>\n<\/ul>\n<h2 class=\"md-end-block md-heading\"><span class=\"md-plain\">Standardy jako\u015bci<\/span><\/h2>\n<ul class=\"ul-list\" data-mark=\"*\">\n<li class=\"md-list-item\">\n<p class=\"md-end-block md-p\"><span class=\"md-plain\">Materia\u0142y z certyfikatem Cosplay<\/span><\/p>\n<\/li>\n<li class=\"md-list-item\">\n<p class=\"md-end-block md-p\"><span class=\"md-plain\">Zaawansowana technologia kolor\u00f3w<\/span><\/p>\n<\/li>\n<li class=\"md-list-item\">\n<p class=\"md-end-block md-p\"><span class=\"md-plain\">Profesjonalna trwa\u0142o\u015b\u0107<\/span><\/p>\n<\/li>\n<li class=\"md-list-item\">\n<p class=\"md-end-block md-p\"><span class=\"md-plain\">Konstrukcja gotowa do zawod\u00f3w<\/span><\/p>\n<\/li>\n<\/ul>\n<p class=\"md-end-block md-p\"><span class=\"md-plain\">#MangaContacts #BlackPearlLenses #AnimeContacts #CosplayLenses #ColoredContactLenses<\/span><\/p>\n<p class=\"md-end-block md-p\"><span class=\"md-plain\">UWAGA ZAMYKAJ\u0104CA: Wciel si\u0119 w swoj\u0105 ulubion\u0105 mang\u0119 dzi\u0119ki tym kolorowym soczewkom kontaktowym Manga Black Pearl! Idealne zar\u00f3wno do swobodnego stylu anime, jak i profesjonalnego cosplayu! TWOJA TRANSFORMACJA POSTACI CZEKA! \ud83d\udda4\u2728<\/span><\/p>\n<p class=\"md-end-block md-p md-focus\"><span class=\"md-plain md-expand\">Chcesz dowiedzie\u0107 si\u0119 wi\u0119cej o konkretnych dopasowaniach postaci z mangi lub wskaz\u00f3wkach dotycz\u0105cych noszenia?<\/span><\/p>","protected":false},"excerpt":{"rendered":"<p>\ud83c\udf1f Top Rated: Black Pearl Magic Color Contact Lenses Review 2025 &#8211; Manga Series \u2728 Manga Pearl Dark Contact Lenses &#8211; Anime-Inspired Eye Enhancement! HOT RELEASE! The Manga Black Pearl Collection combines dramatic dark tones with a mesmerizing pearl finish, perfect for anime and cosplay looks! These colored contacts are revolutionizing the cosplay scene with [&#8230;]\n","protected":false},"featured_media":2176,"comment_status":"open","ping_status":"closed","template":"","meta":[],"product_brand":[],"product_cat":[73,92,188,158,98],"product_tag":[],"class_list":{"0":"post-2174","1":"product","2":"type-product","3":"status-publish","4":"has-post-thumbnail","6":"product_cat-black-contact-lenses","7":"product_cat-14-5-mm","8":"product_cat-dream-contacts","9":"product_cat-enlarge-contacts","10":"product_cat-yearly-disposable","12":"first","13":"instock","14":"sale","15":"shipping-taxable","16":"purchasable","17":"product-type-variable","18":"has-default-attributes"},"_links":{"self":[{"href":"https:\/\/bqeye.com\/pl\/wp-json\/wp\/v2\/product\/2174","targetHints":{"allow":["GET"]}}],"collection":[{"href":"https:\/\/bqeye.com\/pl\/wp-json\/wp\/v2\/product"}],"about":[{"href":"https:\/\/bqeye.com\/pl\/wp-json\/wp\/v2\/types\/product"}],"replies":[{"embeddable":true,"href":"https:\/\/bqeye.com\/pl\/wp-json\/wp\/v2\/comments?post=2174"}],"wp:featuredmedia":[{"embeddable":true,"href":"https:\/\/bqeye.com\/pl\/wp-json\/wp\/v2\/media\/2176"}],"wp:attachment":[{"href":"https:\/\/bqeye.com\/pl\/wp-json\/wp\/v2\/media?parent=2174"}],"wp:term":[{"taxonomy":"product_brand","embeddable":true,"href":"https:\/\/bqeye.com\/pl\/wp-json\/wp\/v2\/product_brand?post=2174"},{"taxonomy":"product_cat","embeddable":true,"href":"https:\/\/bqeye.com\/pl\/wp-json\/wp\/v2\/product_cat?post=2174"},{"taxonomy":"product_tag","embeddable":true,"href":"https:\/\/bqeye.com\/pl\/wp-json\/wp\/v2\/product_tag?post=2174"}],"curies":[{"name":"wp","href":"https:\/\/api.w.org\/{rel}","templated":true}]}}