{"id":2180,"date":"2025-01-14T17:04:23","date_gmt":"2025-01-14T09:04:23","guid":{"rendered":"https:\/\/bqeye.com\/?post_type=product&#038;p=2180"},"modified":"2025-01-14T17:08:24","modified_gmt":"2025-01-14T09:08:24","slug":"stardust-mystery-black-contact-lenses","status":"publish","type":"product","link":"https:\/\/bqeye.com\/pl\/stardust-mystery-black-contact-lenses\/","title":{"rendered":"Czarne soczewki kontaktowe Stardust Mystery"},"content":{"rendered":"<h1 class=\"md-end-block md-heading\"><span class=\"md-plain md-expand\">Czarne soczewki kontaktowe Stardust Mystery - Tw\u00f3j portal do wszech\u015bwiata \u2728<\/span><\/h1>\n<h2 class=\"md-end-block md-heading\"><span class=\"md-plain\">Inspiracja projektowa i historia kolor\u00f3w<\/span><\/h2>\n<p class=\"md-end-block md-p\"><span class=\"md-plain\">The <\/span><span class=\"md-pair-s\"><strong><span class=\"md-plain\">Czarne soczewki kontaktowe Stardust Mystery<\/span><\/strong><\/span><span class=\"md-plain\"> czerpi\u0105 swoj\u0105 urzekaj\u0105c\u0105 inspiracj\u0119 z niesko\u0144czonego kosmosu. Zrodzone z hipnotyzuj\u0105cego pi\u0119kna mi\u0119dzygwiezdnych mg\u0142awic i tajemnic ciemnej materii kosmosu, soczewki te oddaj\u0105 istot\u0119 rozgwie\u017cd\u017conego nocnego nieba. Ka\u017cda soczewka ma wyrafinowan\u0105 czarn\u0105 podstaw\u0119 przeplatan\u0105 mikroskopijnymi cz\u0105steczkami kryszta\u0142u, kt\u00f3re tworz\u0105 subtelny, migocz\u0105cy efekt - zupe\u0142nie jak gwiezdny py\u0142 unosz\u0105cy si\u0119 w ogromnej przestrzeni kosmicznej. Ta niezwyk\u0142a konstrukcja pozwala u\u017cytkownikom nosi\u0107 kawa\u0142ek wszech\u015bwiata w swoich oczach, dzi\u0119ki czemu wydaj\u0105 si\u0119 one g\u0142\u0119bsze, bardziej tajemnicze i ca\u0142kowicie czaruj\u0105ce. Rezultat jest niezwykle wierny zdj\u0119ciom produktu, zapewniaj\u0105c, \u017ce to, co widzisz, jest dok\u0142adnie tym, co otrzymasz.<\/span><\/p>\n<h2 class=\"md-end-block md-heading\"><span class=\"md-plain\">Recenzje influencer\u00f3w<\/span><\/h2>\n<ul class=\"ul-list\" data-mark=\"*\">\n<li class=\"md-list-item\">\n<p class=\"md-end-block md-p\"><span class=\"md-plain\">@CosmicBeauty (2,3 mln obserwuj\u0105cych): \"Te <\/span><span class=\"md-pair-s\"><strong><span class=\"md-plain\">Czarne soczewki Stardust Mystery<\/span><\/strong><\/span><span class=\"md-plain\"> odmieni\u0142y ca\u0142y m\u00f3j wygl\u0105d! Spos\u00f3b, w jaki \u0142api\u0105 \u015bwiat\u0142o, to czysta magia - jakbym mia\u0142a galaktyki w oczach! \u2728\"<\/span><\/p>\n<\/li>\n<li class=\"md-list-item\">\n<p class=\"md-end-block md-p\"><span class=\"md-plain\">@NightSkyGaze (1,5 mln obserwuj\u0105cych): \"Pr\u00f3bowa\u0142em wielu <\/span><span class=\"md-pair-s\"><strong><span class=\"md-plain\">Czarne soczewki kontaktowe<\/span><\/strong><\/span><span class=\"md-plain\">ale te s\u0105 w swojej w\u0142asnej lidze. Idealne na moje nocne sesje zdj\u0119ciowe i imprezy na czerwonym dywanie! \ud83c\udf20\"<\/span><\/p>\n<\/li>\n<li class=\"md-list-item\">\n<p class=\"md-end-block md-p\"><span class=\"md-plain\">@StardustQueen (900 tys. obserwuj\u0105cych): \"The <\/span><span class=\"md-pair-s\"><strong><span class=\"md-plain\">Stardust Mystery Lens<\/span><\/strong><\/span><span class=\"md-plain\"> jest absolutnie osza\u0142amiaj\u0105ca. Moi obserwatorzy nie mog\u0105 przesta\u0107 o nie pyta\u0107! \ud83d\udc40\"<\/span><\/p>\n<\/li>\n<\/ul>\n<h2 class=\"md-end-block md-heading\"><span class=\"md-plain\">Do\u015bwiadczenia u\u017cytkownik\u00f3w<\/span><\/h2>\n<ul class=\"ul-list\" data-mark=\"*\">\n<li class=\"md-list-item\">\n<p class=\"md-end-block md-p\"><span class=\"md-plain\">\"Te <\/span><span class=\"md-pair-s\"><strong><span class=\"md-plain\">Czarne soczewki Stardust Mystery<\/span><\/strong><\/span><span class=\"md-plain\"> s\u0105 niesamowicie wygodne. Mia\u0142am je na sobie podczas 12-godzinnej sesji zdj\u0119ciowej i czu\u0142am si\u0119 w nich niesamowicie!\"<\/span><\/p>\n<\/li>\n<li class=\"md-list-item\">\n<p class=\"md-end-block md-p\"><span class=\"md-plain\">\"The <\/span><span class=\"md-pair-s\"><strong><span class=\"md-plain\">Czarne soczewki kontaktowe<\/span><\/strong><\/span><span class=\"md-plain\"> sprawiaj\u0105, \u017ce moje oczy wygl\u0105daj\u0105 tak urzekaj\u0105co. Uwielbiam spos\u00f3b, w jaki tworz\u0105 g\u0142\u0119bi\u0119, a jednocze\u015bnie wygl\u0105daj\u0105 naturalnie\".<\/span><\/p>\n<\/li>\n<li class=\"md-list-item\">\n<p class=\"md-end-block md-p\"><span class=\"md-plain\">\"Znalaz\u0142em moje idealne dopasowanie z tymi <\/span><span class=\"md-pair-s\"><strong><span class=\"md-plain\">Obiektywy Stardust Mystery<\/span><\/strong><\/span><span class=\"md-plain\">! S\u0105 wystarczaj\u0105co wygodne do noszenia na co dzie\u0144 i wystarczaj\u0105co efektowne na specjalne okazje.\"<\/span><\/p>\n<\/li>\n<\/ul>\n<h2 class=\"md-end-block md-heading\"><span class=\"md-plain\">Idealne okazje<\/span><\/h2>\n<p class=\"md-end-block md-p\"><span class=\"md-plain\">Te <\/span><span class=\"md-pair-s\"><strong><span class=\"md-plain\">Czarne soczewki kontaktowe Stardust Mystery<\/span><\/strong><\/span><span class=\"md-plain\"> \u015bwieci\u0107 w:<\/span><\/p>\n<ul class=\"ul-list\" data-mark=\"*\">\n<li class=\"md-list-item\">\n<p class=\"md-end-block md-p\"><span class=\"md-plain\">Do noszenia na co dzie\u0144: Spotkania biurowe, swobodne wyj\u015bcia, gdzie subtelna tajemniczo\u015b\u0107 jest kluczowa<\/span><\/p>\n<\/li>\n<li class=\"md-list-item\">\n<p class=\"md-end-block md-p\"><span class=\"md-plain\">Wydarzenia specjalne: Sesje fotograficzne, imprezy, przedstawienia teatralne<\/span><\/p>\n<\/li>\n<li class=\"md-list-item\">\n<p class=\"md-end-block md-p\"><span class=\"md-plain\">Sprawy wieczorne: Randki, nocne imprezy, gdzie efekt iskrzenia naprawd\u0119 o\u017cywa.<\/span><\/p>\n<\/li>\n<\/ul>\n<h2 class=\"md-end-block md-heading\"><span class=\"md-plain\">Przewodnik po stylach<\/span><\/h2>\n<p class=\"md-end-block md-p\"><span class=\"md-plain\">\"Tworzenie kosmicznego wygl\u0105du\"<\/span><\/p>\n<ul class=\"ul-list\" data-mark=\"*\">\n<li class=\"md-list-item\">\n<p class=\"md-end-block md-p\"><span class=\"md-plain\">Wyb\u00f3r garderoby: G\u0142\u0119bokie b\u0142\u0119kity, kosmiczne fiolety, metaliczne srebra<\/span><\/p>\n<\/li>\n<li class=\"md-list-item\">\n<p class=\"md-end-block md-p\"><span class=\"md-plain\">Akcesoria: Bi\u017cuteria z motywem gwiazd, niebia\u0144skie wzory<\/span><\/p>\n<\/li>\n<li class=\"md-list-item\">\n<p class=\"md-end-block md-p\"><span class=\"md-plain\">Sezonowa stylizacja: Lekkie tkaniny na letnie gwia\u017adziste noce, bogate aksamity na zimowe tajemnice<\/span><\/p>\n<\/li>\n<\/ul>\n<h2 class=\"md-end-block md-heading\"><span class=\"md-plain\">Bezpiecze\u0144stwo i komfort<\/span><\/h2>\n<p class=\"md-end-block md-p\"><span class=\"md-plain\">The <\/span><span class=\"md-pair-s\"><strong><span class=\"md-plain\">Czarne soczewki kontaktowe Stardust Mystery<\/span><\/strong><\/span><span class=\"md-plain\"> s\u0105 w pe\u0142ni certyfikowane i przetestowane, zapewniaj\u0105c zar\u00f3wno bezpiecze\u0144stwo, jak i komfort przez ca\u0142y czas noszenia. Ka\u017cda para zapewnia sta\u0142\u0105 jako\u015b\u0107 i niezawodne dzia\u0142anie.<\/span><\/p>\n<p class=\"md-end-block md-p\"><span class=\"md-plain\">#StardustMystery #BlackLenses #ContactLenses #CosmicBeauty #EyeStyle<\/span><\/p>\n<p class=\"md-end-block md-p md-focus\"><span class=\"md-plain\">\u2728 <\/span><span class=\"md-pair-s\"><em><span class=\"md-plain\">Wkrocz w kosmiczne nieznane z czarnymi soczewkami kontaktowymi Stardust Mystery - gdzie tajemnica \u0142\u0105czy si\u0119 z komfortem w doskona\u0142ej harmonii!<\/span><\/em><\/span><span class=\"md-plain md-expand\"> \u2728<\/span><\/p>","protected":false},"excerpt":{"rendered":"<p>\u2728 Stardust Mystery Black Contact Lenses &#8211; Your Portal to the Universe \u2728 \ud83c\udf0c Design Inspiration &amp; Color Story The Stardust Mystery Black Contact Lenses draw their captivating inspiration from the infinite cosmos. Born from the mesmerizing beauty of interstellar nebulae and the dark matter mysteries of space, these lenses capture the essence of a [&#8230;]\n","protected":false},"featured_media":2183,"comment_status":"open","ping_status":"closed","template":"","meta":[],"product_brand":[],"product_cat":[73,91,188,158,98],"product_tag":[],"class_list":{"0":"post-2180","1":"product","2":"type-product","3":"status-publish","4":"has-post-thumbnail","6":"product_cat-black-contact-lenses","7":"product_cat-14-2-mm","8":"product_cat-dream-contacts","9":"product_cat-enlarge-contacts","10":"product_cat-yearly-disposable","12":"first","13":"instock","14":"sale","15":"shipping-taxable","16":"purchasable","17":"product-type-variable","18":"has-default-attributes"},"_links":{"self":[{"href":"https:\/\/bqeye.com\/pl\/wp-json\/wp\/v2\/product\/2180","targetHints":{"allow":["GET"]}}],"collection":[{"href":"https:\/\/bqeye.com\/pl\/wp-json\/wp\/v2\/product"}],"about":[{"href":"https:\/\/bqeye.com\/pl\/wp-json\/wp\/v2\/types\/product"}],"replies":[{"embeddable":true,"href":"https:\/\/bqeye.com\/pl\/wp-json\/wp\/v2\/comments?post=2180"}],"wp:featuredmedia":[{"embeddable":true,"href":"https:\/\/bqeye.com\/pl\/wp-json\/wp\/v2\/media\/2183"}],"wp:attachment":[{"href":"https:\/\/bqeye.com\/pl\/wp-json\/wp\/v2\/media?parent=2180"}],"wp:term":[{"taxonomy":"product_brand","embeddable":true,"href":"https:\/\/bqeye.com\/pl\/wp-json\/wp\/v2\/product_brand?post=2180"},{"taxonomy":"product_cat","embeddable":true,"href":"https:\/\/bqeye.com\/pl\/wp-json\/wp\/v2\/product_cat?post=2180"},{"taxonomy":"product_tag","embeddable":true,"href":"https:\/\/bqeye.com\/pl\/wp-json\/wp\/v2\/product_tag?post=2180"}],"curies":[{"name":"wp","href":"https:\/\/api.w.org\/{rel}","templated":true}]}}