{"id":2209,"date":"2025-01-14T21:55:46","date_gmt":"2025-01-14T13:55:46","guid":{"rendered":"https:\/\/bqeye.com\/?post_type=product&#038;p=2209"},"modified":"2025-01-14T21:56:54","modified_gmt":"2025-01-14T13:56:54","slug":"creamy-almond-contact-lenses","status":"publish","type":"product","link":"https:\/\/bqeye.com\/pl\/creamy-almond-contact-lenses\/","title":{"rendered":"Kremowo-migda\u0142owe soczewki kontaktowe"},"content":{"rendered":"<h1 class=\"md-end-block md-heading\"><span class=\"md-plain md-expand\">Soczewki kontaktowe Creamy Almond - delikatna elegancja \u2728<\/span><\/h1>\n<h2 class=\"md-end-block md-heading\"><span class=\"md-plain\">Inspiracje projektowe<\/span><\/h2>\n<p class=\"md-end-block md-p\"><span class=\"md-plain\">The <\/span><span class=\"md-pair-s\"><strong><span class=\"md-plain\">Kremowo-migda\u0142owe soczewki kontaktowe<\/span><\/strong><\/span><span class=\"md-plain\"> funkcja:<\/span><\/p>\n<ul class=\"ul-list\" data-mark=\"*\">\n<li class=\"md-list-item\">\n<p class=\"md-end-block md-p\"><span class=\"md-plain\">Ciep\u0142y migda\u0142owy \u015brodek<\/span><\/p>\n<\/li>\n<li class=\"md-list-item\">\n<p class=\"md-end-block md-p\"><span class=\"md-plain\">Mi\u0119kki be\u017cowy pier\u015bcie\u0144 zewn\u0119trzny<\/span><\/p>\n<\/li>\n<li class=\"md-list-item\">\n<p class=\"md-end-block md-p\"><span class=\"md-plain\">Kremowe przej\u015bcia<\/span><\/p>\n<\/li>\n<li class=\"md-list-item\">\n<p class=\"md-end-block md-p\"><span class=\"md-plain\">Delikatne rozproszenie \u015bwiat\u0142a<\/span><\/p>\n<\/li>\n<li class=\"md-list-item\">\n<p class=\"md-end-block md-p\"><span class=\"md-plain\">Naturalna mieszanka g\u0142\u0119bi<\/span><\/p>\n<\/li>\n<\/ul>\n<h2 class=\"md-end-block md-heading\"><span class=\"md-plain\">Idealny dla<\/span><\/h2>\n<ul class=\"ul-list\" data-mark=\"*\">\n<li class=\"md-list-item\">\n<p class=\"md-end-block md-p\"><span class=\"md-plain\">Ustawienia profesjonalne<\/span><\/p>\n<\/li>\n<li class=\"md-list-item\">\n<p class=\"md-end-block md-p\"><span class=\"md-plain\">Fotografia naturalna<\/span><\/p>\n<\/li>\n<li class=\"md-list-item\">\n<p class=\"md-end-block md-p\"><span class=\"md-plain\">Imprezy okoliczno\u015bciowe<\/span><\/p>\n<\/li>\n<li class=\"md-list-item\">\n<p class=\"md-end-block md-p\"><span class=\"md-plain\">Stylizacje \u015blubne<\/span><\/p>\n<\/li>\n<li class=\"md-list-item\">\n<p class=\"md-end-block md-p\"><span class=\"md-plain\">Odzie\u017c codzienna<\/span><\/p>\n<\/li>\n<\/ul>\n<h2 class=\"md-end-block md-heading\"><span class=\"md-plain\">Kluczowe cechy<\/span><\/h2>\n<ul class=\"ul-list\" data-mark=\"*\">\n<li class=\"md-list-item\">\n<p class=\"md-end-block md-p\"><span class=\"md-plain\">Technologia rozpraszania \u015bwiat\u0142a<\/span><\/p>\n<\/li>\n<li class=\"md-list-item\">\n<p class=\"md-end-block md-p\"><span class=\"md-plain\">Wysoka retencja wilgoci<\/span><\/p>\n<\/li>\n<li class=\"md-list-item\">\n<p class=\"md-end-block md-p\"><span class=\"md-plain\">Ochrona przed promieniowaniem UV<\/span><\/p>\n<\/li>\n<li class=\"md-list-item\">\n<p class=\"md-end-block md-p\"><span class=\"md-plain\">Komfort przez ca\u0142y dzie\u0144<\/span><\/p>\n<\/li>\n<li class=\"md-list-item\">\n<p class=\"md-end-block md-p\"><span class=\"md-plain\">Kwartalna wymiana<\/span><\/p>\n<\/li>\n<\/ul>\n<h2 class=\"md-end-block md-heading\"><span class=\"md-plain\">Parowanie styl\u00f3w<\/span><\/h2>\n<p class=\"md-end-block md-p\"><span class=\"md-pair-s\"><strong><span class=\"md-plain\">Makija\u017c<\/span><\/strong><\/span><\/p>\n<ul class=\"ul-list\" data-mark=\"*\">\n<li class=\"md-list-item\">\n<p class=\"md-end-block md-p\"><span class=\"md-plain\">Szampa\u0144ski cie\u0144<\/span><\/p>\n<\/li>\n<li class=\"md-list-item\">\n<p class=\"md-end-block md-p\"><span class=\"md-plain\">Najwa\u017cniejsze cechy ko\u015bci s\u0142oniowej<\/span><\/p>\n<\/li>\n<li class=\"md-list-item\">\n<p class=\"md-end-block md-p\"><span class=\"md-plain\">Delikatny brzoskwiniowy r\u00f3\u017c<\/span><\/p>\n<\/li>\n<li class=\"md-list-item\">\n<p class=\"md-end-block md-p\"><span class=\"md-plain\">Be\u017cowe usta w odcieniu nude<\/span><\/p>\n<\/li>\n<\/ul>\n<p class=\"md-end-block md-p\"><span class=\"md-pair-s\"><strong><span class=\"md-plain\">Kolory<\/span><\/strong><\/span><\/p>\n<ul class=\"ul-list\" data-mark=\"*\">\n<li class=\"md-list-item\">\n<p class=\"md-end-block md-p\"><span class=\"md-plain\">Krem waniliowy<\/span><\/p>\n<\/li>\n<li class=\"md-list-item\">\n<p class=\"md-end-block md-p\"><span class=\"md-plain\">Ciep\u0142y be\u017c<\/span><\/p>\n<\/li>\n<li class=\"md-list-item\">\n<p class=\"md-end-block md-p\"><span class=\"md-plain\">Mi\u0119kki ciemnoszary<\/span><\/p>\n<\/li>\n<li class=\"md-list-item\">\n<p class=\"md-end-block md-p\"><span class=\"md-plain\">Per\u0142owa biel<\/span><\/p>\n<\/li>\n<li class=\"md-list-item\">\n<p class=\"md-end-block md-p\"><span class=\"md-plain\">Jasna mokka<\/span><\/p>\n<\/li>\n<\/ul>\n<h2 class=\"md-end-block md-heading\"><span class=\"md-plain\">Instrukcja obs\u0142ugi<\/span><\/h2>\n<ul class=\"ul-list\" data-mark=\"*\">\n<li class=\"md-list-item\">\n<p class=\"md-end-block md-p\"><span class=\"md-plain\">Codzienne oczyszczanie<\/span><\/p>\n<\/li>\n<li class=\"md-list-item\">\n<p class=\"md-end-block md-p\"><span class=\"md-plain\">\u015awie\u017ce rozwi\u0105zanie<\/span><\/p>\n<\/li>\n<li class=\"md-list-item\">\n<p class=\"md-end-block md-p\"><span class=\"md-plain\">Wymienia\u0107 co 3 miesi\u0105ce<\/span><\/p>\n<\/li>\n<li class=\"md-list-item\">\n<p class=\"md-end-block md-p\"><span class=\"md-plain\">Unika\u0107 kontaktu z wod\u0105<\/span><\/p>\n<\/li>\n<li class=\"md-list-item\">\n<p class=\"md-end-block md-p\"><span class=\"md-plain\">Usu\u0144 w nocy<\/span><\/p>\n<\/li>\n<\/ul>\n<p class=\"md-end-block md-p\"><span class=\"md-plain\">#CreamyLenses #NaturalBeauty #ContactLenses<\/span><\/p>\n<p class=\"md-end-block md-p md-focus\"><span class=\"md-plain\">\u2728 <\/span><span class=\"md-pair-s\"><em><span class=\"md-plain\">Postaw na eleganck\u0105 prostot\u0119<\/span><\/em><\/span><span class=\"md-plain md-expand\"> \u2728<\/span><\/p>","protected":false},"excerpt":{"rendered":"<p>\u2728 Creamy Almond Contact Lenses &#8211; Soft Sophistication \u2728 \ud83e\udd0e Design Inspiration The Creamy Almond Contact Lenses feature: Warm almond center Soft beige outer ring Cream-toned transitions Gentle light diffusion Natural depth blend \ud83c\udfad Perfect For Professional Settings Natural Photography Casual Events Bridal Looks Everyday Wear \ud83d\udcab Key Features Light-diffusing technology High moisture retention UV [&#8230;]\n","protected":false},"featured_media":2211,"comment_status":"open","ping_status":"closed","template":"","meta":[],"product_brand":[],"product_cat":[80,91,188,158,98],"product_tag":[],"class_list":{"0":"post-2209","1":"product","2":"type-product","3":"status-publish","4":"has-post-thumbnail","6":"product_cat-brown-contact-lenses","7":"product_cat-14-2-mm","8":"product_cat-dream-contacts","9":"product_cat-enlarge-contacts","10":"product_cat-yearly-disposable","12":"first","13":"instock","14":"sale","15":"shipping-taxable","16":"purchasable","17":"product-type-variable","18":"has-default-attributes"},"_links":{"self":[{"href":"https:\/\/bqeye.com\/pl\/wp-json\/wp\/v2\/product\/2209","targetHints":{"allow":["GET"]}}],"collection":[{"href":"https:\/\/bqeye.com\/pl\/wp-json\/wp\/v2\/product"}],"about":[{"href":"https:\/\/bqeye.com\/pl\/wp-json\/wp\/v2\/types\/product"}],"replies":[{"embeddable":true,"href":"https:\/\/bqeye.com\/pl\/wp-json\/wp\/v2\/comments?post=2209"}],"wp:featuredmedia":[{"embeddable":true,"href":"https:\/\/bqeye.com\/pl\/wp-json\/wp\/v2\/media\/2211"}],"wp:attachment":[{"href":"https:\/\/bqeye.com\/pl\/wp-json\/wp\/v2\/media?parent=2209"}],"wp:term":[{"taxonomy":"product_brand","embeddable":true,"href":"https:\/\/bqeye.com\/pl\/wp-json\/wp\/v2\/product_brand?post=2209"},{"taxonomy":"product_cat","embeddable":true,"href":"https:\/\/bqeye.com\/pl\/wp-json\/wp\/v2\/product_cat?post=2209"},{"taxonomy":"product_tag","embeddable":true,"href":"https:\/\/bqeye.com\/pl\/wp-json\/wp\/v2\/product_tag?post=2209"}],"curies":[{"name":"wp","href":"https:\/\/api.w.org\/{rel}","templated":true}]}}