{"id":2221,"date":"2025-01-15T14:15:52","date_gmt":"2025-01-15T06:15:52","guid":{"rendered":"https:\/\/bqeye.com\/?post_type=product&#038;p=2221"},"modified":"2025-01-15T14:16:54","modified_gmt":"2025-01-15T06:16:54","slug":"pure-hazel-contact-lenses","status":"publish","type":"product","link":"https:\/\/bqeye.com\/pl\/pure-hazel-contact-lenses\/","title":{"rendered":"Soczewki kontaktowe Pure Hazel"},"content":{"rendered":"<h1 class=\"md-end-block md-heading\"><span class=\"md-plain md-expand\">Soczewki kontaktowe Pure Hazel: Twoja brama do oczu mu\u015bni\u0119tych s\u0142o\u0144cem \u2728<\/span><\/h1>\n<h2 class=\"md-end-block md-heading\"><span class=\"md-plain\">Co sprawia, \u017ce Pure Hazel jest magiczny?<\/span><\/h2>\n<p class=\"md-end-block md-p\"><span class=\"md-plain\">Wyobra\u017a sobie ciep\u0142e jesienne \u015bwiat\u0142o s\u0142oneczne przebijaj\u0105ce si\u0119 przez li\u015bcie - to esencja tych soczewek Pure Hazel. Zosta\u0142y zaprojektowane tak, aby uchwyci\u0107 idealn\u0105 mieszank\u0119 z\u0142otego br\u0105zu i subtelnej zieleni, kt\u00f3ra sprawia, \u017ce naturalne piwne oczy s\u0105 tak urzekaj\u0105ce. Ka\u017cda soczewka ma skomplikowany wz\u00f3r, kt\u00f3ry na\u015bladuje z\u0142o\u017cone wariacje kolor\u00f3w wyst\u0119puj\u0105ce w prawdziwych piwnych oczach.<\/span><\/p>\n<p class=\"md-end-block md-p\"><span class=\"md-plain\">To nie s\u0105 zwyk\u0142e kolorowe soczewki kontaktowe; to ma\u0142e dzie\u0142a sztuki, kt\u00f3re przekszta\u0142caj\u0105 oczy w hipnotyzuj\u0105ce ka\u0142u\u017ce bursztynowych i miodowych odcieni. Wielowarstwowa technologia kolor\u00f3w tworzy poszukiwan\u0105 g\u0142\u0119bi\u0119, kt\u00f3ra wygl\u0105da niezwykle naturalnie, niezale\u017cnie od tego, czy jeste\u015b w jasnym \u015bwietle s\u0142onecznym, czy w delikatnym o\u015bwietleniu wewn\u0119trznym.<\/span><\/p>\n<h2 class=\"md-end-block md-heading\"><span class=\"md-plain\">Buzz<\/span><\/h2>\n<p class=\"md-end-block md-p\"><span class=\"md-plain\">@BeautyInsider_Jen (1,4 mln obserwuj\u0105cych)<\/span><\/p>\n<blockquote>\n<p class=\"md-end-block md-p\"><span class=\"md-plain\">\"Te soczewki Pure Hazel daj\u0105 mi ten idealny wygl\u0105d \"czy to naturalne, czy nie?\". Czysta magia! \ud83c\udf6f\"<\/span><\/p>\n<\/blockquote>\n<p class=\"md-end-block md-p\"><span class=\"md-plain\">@EyeStyle_Alex (950 tys. obserwuj\u0105cych)<\/span><\/p>\n<blockquote>\n<p class=\"md-end-block md-p\"><span class=\"md-plain\">\"W ko\u0144cu znalaz\u0142am moje idealne soczewki na co dzie\u0144. Tak naturalnie komponuj\u0105 si\u0119 z ka\u017cdym odcieniem sk\u00f3ry! \u2728\"<\/span><\/p>\n<\/blockquote>\n<p class=\"md-end-block md-p\"><span class=\"md-plain\">@MakeupPro_Sam (780 tys. obserwuj\u0105cych)<\/span><\/p>\n<blockquote>\n<p class=\"md-end-block md-p\"><span class=\"md-plain\">\"M\u00f3j ulubiony produkt do makija\u017cu \u015blubnego. Najbardziej naturalnie wygl\u0105daj\u0105ca mgie\u0142ka, jakiej kiedykolwiek u\u017cywa\u0142am! \ud83e\udd0e\"<\/span><\/p>\n<\/blockquote>\n<h2 class=\"md-end-block md-heading\"><span class=\"md-plain\">\ud83d\udc41\ufe0f Prawdziwe recenzje<\/span><\/h2>\n<p class=\"md-end-block md-p\"><span class=\"md-plain\">\"Zmieni\u0142em ca\u0142y sw\u00f3j wygl\u0105d bez rzucania si\u0119 w oczy - dok\u0142adnie to, czego chcia\u0142em!\"<\/span><\/p>\n<p class=\"md-end-block md-p\"><span class=\"md-plain\">\"Ludzie wci\u0105\u017c pytaj\u0105, czy to moje prawdziwe oczy. Najlepszy komplement w \u017cyciu\".<\/span><\/p>\n<p class=\"md-end-block md-p\"><span class=\"md-plain\">\"Wystarczaj\u0105co wygodne, aby nosi\u0107 je przez ca\u0142y dzie\u0144, a kolor jest absolutnie osza\u0142amiaj\u0105cy\".<\/span><\/p>\n<h2 class=\"md-end-block md-heading\"><span class=\"md-plain\">Idealny dla<\/span><\/h2>\n<ul class=\"ul-list\" data-mark=\"*\">\n<li class=\"md-list-item\">\n<p class=\"md-end-block md-p\"><span class=\"md-plain\">Codzienne zu\u017cycie<\/span><\/p>\n<\/li>\n<li class=\"md-list-item\">\n<p class=\"md-end-block md-p\"><span class=\"md-plain\">Specjalne okazje<\/span><\/p>\n<\/li>\n<li class=\"md-list-item\">\n<p class=\"md-end-block md-p\"><span class=\"md-plain\">Dni \u015blubu<\/span><\/p>\n<\/li>\n<li class=\"md-list-item\">\n<p class=\"md-end-block md-p\"><span class=\"md-plain\">Sesje zdj\u0119ciowe<\/span><\/p>\n<\/li>\n<li class=\"md-list-item\">\n<p class=\"md-end-block md-p\"><span class=\"md-plain\">Rozmowy kwalifikacyjne<\/span><\/p>\n<\/li>\n<li class=\"md-list-item\">\n<p class=\"md-end-block md-p\"><span class=\"md-plain\">Nocne randki<\/span><\/p>\n<\/li>\n<li class=\"md-list-item\">\n<p class=\"md-end-block md-p\"><span class=\"md-plain\">Wydarzenia spo\u0142eczno\u015bciowe<\/span><\/p>\n<\/li>\n<\/ul>\n<h2 class=\"md-end-block md-heading\"><span class=\"md-plain\">Przewodnik po stylach<\/span><\/h2>\n<p class=\"md-end-block md-p\"><span class=\"md-pair-s\"><strong><span class=\"md-plain\">Najlepsze po\u0142\u0105czenie z:<\/span><\/strong><\/span><\/p>\n<ul class=\"ul-list\" data-mark=\"*\">\n<li class=\"md-list-item\">\n<p class=\"md-end-block md-p\"><span class=\"md-plain\">Stroje w kolorach ziemi<\/span><\/p>\n<\/li>\n<li class=\"md-list-item\">\n<p class=\"md-end-block md-p\"><span class=\"md-plain\">Oliwkowozielone kawa\u0142ki<\/span><\/p>\n<\/li>\n<li class=\"md-list-item\">\n<p class=\"md-end-block md-p\"><span class=\"md-plain\">Z\u0142ote akcesoria<\/span><\/p>\n<\/li>\n<li class=\"md-list-item\">\n<p class=\"md-end-block md-p\"><span class=\"md-plain\">Ciep\u0142e neutralne kolory<\/span><\/p>\n<\/li>\n<li class=\"md-list-item\">\n<p class=\"md-end-block md-p\"><span class=\"md-plain\">Br\u0105zowy makija\u017c<\/span><\/p>\n<\/li>\n<\/ul>\n<p class=\"md-end-block md-p\"><span class=\"md-pair-s\"><strong><span class=\"md-plain\">Wskaz\u00f3wki dotycz\u0105ce makija\u017cu:<\/span><\/strong><\/span><\/p>\n<ul class=\"ul-list\" data-mark=\"*\">\n<li class=\"md-list-item\">\n<p class=\"md-end-block md-p\"><span class=\"md-plain\">Br\u0105zowe cienie do powiek<\/span><\/p>\n<\/li>\n<li class=\"md-list-item\">\n<p class=\"md-end-block md-p\"><span class=\"md-plain\">Br\u0105zowy eyeliner<\/span><\/p>\n<\/li>\n<li class=\"md-list-item\">\n<p class=\"md-end-block md-p\"><span class=\"md-plain\">Najwa\u017cniejsze cechy miedzi<\/span><\/p>\n<\/li>\n<li class=\"md-list-item\">\n<p class=\"md-end-block md-p\"><span class=\"md-plain\">Z\u0142oty po\u0142ysk<\/span><\/p>\n<\/li>\n<li class=\"md-list-item\">\n<p class=\"md-end-block md-p\"><span class=\"md-plain\">R\u00f3\u017c w ciep\u0142ej tonacji<\/span><\/p>\n<\/li>\n<\/ul>\n<h2 class=\"md-end-block md-heading\"><span class=\"md-plain\">Cechy<\/span><\/h2>\n<ul class=\"ul-list\" data-mark=\"*\">\n<li class=\"md-list-item\">\n<p class=\"md-end-block md-p\"><span class=\"md-plain\">Komfort przez ca\u0142y dzie\u0144<\/span><\/p>\n<\/li>\n<li class=\"md-list-item\">\n<p class=\"md-end-block md-p\"><span class=\"md-plain\">Naturalna wilgotno\u015b\u0107<\/span><\/p>\n<\/li>\n<li class=\"md-list-item\">\n<p class=\"md-end-block md-p\"><span class=\"md-plain\">Oddychaj\u0105cy materia\u0142<\/span><\/p>\n<\/li>\n<li class=\"md-list-item\">\n<p class=\"md-end-block md-p\"><span class=\"md-plain\">G\u0142adkie kraw\u0119dzie<\/span><\/p>\n<\/li>\n<li class=\"md-list-item\">\n<p class=\"md-end-block md-p\"><span class=\"md-plain\">Ochrona przed promieniowaniem UV<\/span><\/p>\n<\/li>\n<\/ul>\n<h2 class=\"md-end-block md-heading\"><span class=\"md-plain\">Ostatnie s\u0142owo<\/span><\/h2>\n<p class=\"md-end-block md-p\"><span class=\"md-plain\">Gotowy na ciep\u0142o i tajemniczo\u015b\u0107 piwnych oczu? Soczewki Pure Hazel zapewniaj\u0105 idealn\u0105 r\u00f3wnowag\u0119 mi\u0119dzy subtelnym podkre\u015bleniem a naturalnym pi\u0119knem. Zosta\u0142y zaprojektowane tak, aby uzupe\u0142nia\u0107 Twoje rysy twarzy, a jednocze\u015bnie dodawa\u0107 uroku, kt\u00f3ry sprawia, \u017ce ludzie patrz\u0105 na Ciebie z niedowierzaniem.<\/span><\/p>\n<p class=\"md-end-block md-p\"><span class=\"md-plain\">Niezale\u017cnie od tego, czy chcesz ca\u0142kowicie odmieni\u0107 sw\u00f3j wygl\u0105d, czy tylko podkre\u015bli\u0107 to, co da\u0142a Ci natura, te soczewki zapewniaj\u0105 upragnion\u0105 leszczynow\u0105 magi\u0119, nie wygl\u0105daj\u0105c przy tym sztucznie. Czas odkry\u0107, dlaczego piwne oczy zawsze by\u0142y uwa\u017cane za jeden z najpi\u0119kniejszych dar\u00f3w natury.<\/span><\/p>\n<p class=\"md-end-block md-p md-focus\"><span class=\"md-plain md-expand\">#PureHazel #ContactLenses #EyeBeauty #NaturalGlow #BeautyEssentials<\/span><\/p>","protected":false},"excerpt":{"rendered":"<p>\u2728 Pure Hazel Contact Lenses: Your Gateway to Sun-Kissed Eyes \u2728 \ud83c\udf1f What Makes Pure Hazel Magic Picture warm autumn sunlight filtering through leaves &#8211; that&#8217;s the essence of these Pure Hazel lenses. They&#8217;re designed to capture that perfect blend of golden brown and subtle green that makes natural hazel eyes so captivating. Each lens [&#8230;]\n","protected":false},"featured_media":2223,"comment_status":"open","ping_status":"closed","template":"","meta":[],"product_brand":[],"product_cat":[84,91,188,158,98],"product_tag":[],"class_list":{"0":"post-2221","1":"product","2":"type-product","3":"status-publish","4":"has-post-thumbnail","6":"product_cat-hazel-contact-lenses","7":"product_cat-14-2-mm","8":"product_cat-dream-contacts","9":"product_cat-enlarge-contacts","10":"product_cat-yearly-disposable","12":"first","13":"instock","14":"sale","15":"shipping-taxable","16":"purchasable","17":"product-type-variable","18":"has-default-attributes"},"_links":{"self":[{"href":"https:\/\/bqeye.com\/pl\/wp-json\/wp\/v2\/product\/2221","targetHints":{"allow":["GET"]}}],"collection":[{"href":"https:\/\/bqeye.com\/pl\/wp-json\/wp\/v2\/product"}],"about":[{"href":"https:\/\/bqeye.com\/pl\/wp-json\/wp\/v2\/types\/product"}],"replies":[{"embeddable":true,"href":"https:\/\/bqeye.com\/pl\/wp-json\/wp\/v2\/comments?post=2221"}],"wp:featuredmedia":[{"embeddable":true,"href":"https:\/\/bqeye.com\/pl\/wp-json\/wp\/v2\/media\/2223"}],"wp:attachment":[{"href":"https:\/\/bqeye.com\/pl\/wp-json\/wp\/v2\/media?parent=2221"}],"wp:term":[{"taxonomy":"product_brand","embeddable":true,"href":"https:\/\/bqeye.com\/pl\/wp-json\/wp\/v2\/product_brand?post=2221"},{"taxonomy":"product_cat","embeddable":true,"href":"https:\/\/bqeye.com\/pl\/wp-json\/wp\/v2\/product_cat?post=2221"},{"taxonomy":"product_tag","embeddable":true,"href":"https:\/\/bqeye.com\/pl\/wp-json\/wp\/v2\/product_tag?post=2221"}],"curies":[{"name":"wp","href":"https:\/\/api.w.org\/{rel}","templated":true}]}}