{"id":2227,"date":"2025-01-15T14:55:47","date_gmt":"2025-01-15T06:55:47","guid":{"rendered":"https:\/\/bqeye.com\/?post_type=product&#038;p=2227"},"modified":"2025-01-15T14:59:13","modified_gmt":"2025-01-15T06:59:13","slug":"neala-brown-contact-lenses","status":"publish","type":"product","link":"https:\/\/bqeye.com\/pl\/neala-brown-contact-lenses\/","title":{"rendered":"Br\u0105zowe soczewki kontaktowe Neala"},"content":{"rendered":"<h1 class=\"md-end-block md-heading\"><span class=\"md-plain md-expand\">Br\u0105zowe soczewki kontaktowe Neala - ciep\u0142y u\u015bcisk natury \ud83c\udf42<\/span><\/h1>\n<h2 class=\"md-end-block md-heading\"><span class=\"md-plain\">Inspiracja i znaczenie projektu<\/span><\/h2>\n<p class=\"md-end-block md-p\"><span class=\"md-plain\">Wyobra\u017a sobie spacer po jesiennym lesie o z\u0142otej godzinie - to esencja soczewek Neala Brown. Zainspirowane bogatymi odcieniami ziemi jesiennych li\u015bci i poca\u0142owanych s\u0142o\u0144cem kasztan\u00f3w, soczewki te oddaj\u0105 najbardziej pocieszaj\u0105ce odcienie natury. Ka\u017cda soczewka posiada idealnie wywa\u017con\u0105 mieszank\u0119 miodowo-bursztynowego \u015brodka, kt\u00f3ry promieniuje na zewn\u0105trz do subtelnych karmelowych kraw\u0119dzi, tworz\u0105c hipnotyzuj\u0105c\u0105 g\u0142\u0119bi\u0119, kt\u00f3ra odzwierciedla naturalne br\u0105zowe oczy.<\/span><\/p>\n<p class=\"md-end-block md-p\"><span class=\"md-plain\">Nazwa \"Neala\" wywodzi si\u0119 z celtyckiego pochodzenia i oznacza \"mistrza\" lub \"chmur\u0119\", reprezentuj\u0105c zar\u00f3wno si\u0142\u0119, jak i mi\u0119kko\u015b\u0107. W psychologii kolor\u00f3w, br\u0105z symbolizuje niezawodno\u015b\u0107, stabilno\u015b\u0107 i ciep\u0142o - cechy, kt\u00f3re sprawiaj\u0105, \u017ce soczewki te s\u0105 idealne zar\u00f3wno do zastosowa\u0144 profesjonalnych, jak i kameralnych spotka\u0144.<\/span><\/p>\n<h2 class=\"md-end-block md-heading\"><span class=\"md-plain\">Recenzje influencer\u00f3w<\/span><\/h2>\n<p class=\"md-end-block md-p\"><span class=\"md-plain\">@StyleQueen (2,3 mln obserwuj\u0105cych)<\/span> <span class=\"md-plain\">\"Te br\u0105zowe soczewki s\u0105 dos\u0142ownie wszystkim! Tak naturalne, \u017ce moi obserwatorzy nie mogli powiedzie\u0107, \u017ce je nosz\u0119! \ud83d\ude0d\"<\/span><\/p>\n<p class=\"md-end-block md-p\"><span class=\"md-plain\">@BeautyGuru_Sarah (1,5 mln obserwuj\u0105cych)<\/span> <span class=\"md-plain\">\"Soczewki Neala Brown zapewniaj\u0105 idealny wygl\u0105d \"drogich oczu\" bez zbytniego wysi\u0142ku. Absolutny must-have! \ud83d\udcab\"<\/span><\/p>\n<p class=\"md-end-block md-p\"><span class=\"md-plain\">@MakeupMaster_J (890 tys. obserwuj\u0105cych)<\/span> <span class=\"md-plain\">\"Wreszcie br\u0105zowe soczewki kontaktowe, kt\u00f3re nie wygl\u0105daj\u0105 sztucznie! Ich wymiar jest niesamowity \u2728\"<\/span><\/p>\n<h2 class=\"md-end-block md-heading\"><span class=\"md-plain\">Do\u015bwiadczenia u\u017cytkownik\u00f3w<\/span><\/h2>\n<p class=\"md-end-block md-p\"><span class=\"md-plain\">\"Idealne do noszenia na co dzie\u0144 - zapominam, \u017ce je nosz\u0119!\" - Maria, 24<\/span> <span class=\"md-plain\">\"Dzi\u0119ki nim moje oczy wygl\u0105daj\u0105 jak mi\u00f3d w s\u0142o\u0144cu\" - James, 29 lat<\/span> <span class=\"md-plain\">\"M\u00f3j wyb\u00f3r zar\u00f3wno do pracy, jak i na randki\" - Sophie, 31 lat<\/span><\/p>\n<h2 class=\"md-end-block md-heading\"><span class=\"md-plain\">Idealne okazje<\/span><\/h2>\n<ul class=\"ul-list\" data-mark=\"*\">\n<li class=\"md-list-item\">\n<p class=\"md-end-block md-p\"><span class=\"md-plain\">Spotkania biznesowe<\/span><\/p>\n<\/li>\n<li class=\"md-list-item\">\n<p class=\"md-end-block md-p\"><span class=\"md-plain\">Terminy kawowe<\/span><\/p>\n<\/li>\n<li class=\"md-list-item\">\n<p class=\"md-end-block md-p\"><span class=\"md-plain\">Fotografia \u015blubna<\/span><\/p>\n<\/li>\n<li class=\"md-list-item\">\n<p class=\"md-end-block md-p\"><span class=\"md-plain\">Nieformalne brunche<\/span><\/p>\n<\/li>\n<li class=\"md-list-item\">\n<p class=\"md-end-block md-p\"><span class=\"md-plain\">Wieczorne spotkania<\/span><\/p>\n<\/li>\n<li class=\"md-list-item\">\n<p class=\"md-end-block md-p\"><span class=\"md-plain\">Miejskie przygody<\/span><\/p>\n<\/li>\n<li class=\"md-list-item\">\n<p class=\"md-end-block md-p\"><span class=\"md-plain\">Wycieczki przyrodnicze<\/span><\/p>\n<\/li>\n<\/ul>\n<h2 class=\"md-end-block md-heading\"><span class=\"md-plain\">Przewodnik po stylach<\/span><\/h2>\n<p class=\"md-end-block md-p\"><span class=\"md-pair-s\"><strong><span class=\"md-plain\">Uzupe\u0142nij sw\u00f3j wygl\u0105d:<\/span><\/strong><\/span><\/p>\n<ul class=\"ul-list\" data-mark=\"*\">\n<li class=\"md-list-item\">\n<p class=\"md-end-block md-p\"><span class=\"md-plain\">Neutralne kolory ziemi<\/span><\/p>\n<\/li>\n<li class=\"md-list-item\">\n<p class=\"md-end-block md-p\"><span class=\"md-plain\">Kremowe dzianiny<\/span><\/p>\n<\/li>\n<li class=\"md-list-item\">\n<p class=\"md-end-block md-p\"><span class=\"md-plain\">Zielone oliwki<\/span><\/p>\n<\/li>\n<li class=\"md-list-item\">\n<p class=\"md-end-block md-p\"><span class=\"md-plain\">Rdzawe pomara\u0144cze<\/span><\/p>\n<\/li>\n<li class=\"md-list-item\">\n<p class=\"md-end-block md-p\"><span class=\"md-plain\">Z\u0142ote akcesoria<\/span><\/p>\n<\/li>\n<li class=\"md-list-item\">\n<p class=\"md-end-block md-p\"><span class=\"md-plain\">Ramki w kolorze \u017c\u00f3\u0142wim<\/span><\/p>\n<\/li>\n<li class=\"md-list-item\">\n<p class=\"md-end-block md-p\"><span class=\"md-plain\">Camelowe p\u0142aszcze<\/span><\/p>\n<\/li>\n<\/ul>\n<p class=\"md-end-block md-p\"><span class=\"md-pair-s\"><strong><span class=\"md-plain\">Pary do makija\u017cu:<\/span><\/strong><\/span><\/p>\n<ul class=\"ul-list\" data-mark=\"*\">\n<li class=\"md-list-item\">\n<p class=\"md-end-block md-p\"><span class=\"md-plain\">Br\u0105zowe smokey eyes<\/span><\/p>\n<\/li>\n<li class=\"md-list-item\">\n<p class=\"md-end-block md-p\"><span class=\"md-plain\">R\u00f3\u017c w ciep\u0142ej tonacji<\/span><\/p>\n<\/li>\n<li class=\"md-list-item\">\n<p class=\"md-end-block md-p\"><span class=\"md-plain\">Najwa\u017cniejsze cechy miedzi<\/span><\/p>\n<\/li>\n<li class=\"md-list-item\">\n<p class=\"md-end-block md-p\"><span class=\"md-plain\">B\u0142yszcz\u0105ce usta w kolorze nude<\/span><\/p>\n<\/li>\n<li class=\"md-list-item\">\n<p class=\"md-end-block md-p\"><span class=\"md-plain\">Zdefiniowane brwi<\/span><\/p>\n<\/li>\n<\/ul>\n<h2 class=\"md-end-block md-heading\"><span class=\"md-plain\">\ud83d\udee1\ufe0f Komfort i bezpiecze\u0144stwo<\/span><\/h2>\n<p class=\"md-end-block md-p\"><span class=\"md-plain\">Soczewki te wyposa\u017cone s\u0105 w zaawansowan\u0105 technologi\u0119 blokowania wilgoci i oddychaj\u0105ce materia\u0142y, zapewniaj\u0105c komfort noszenia do 8 godzin. Zatwierdzone przez FDA i przetestowane dermatologicznie, s\u0105 idealne dla wra\u017cliwych oczu.<\/span><\/p>\n<h2 class=\"md-end-block md-heading\"><span class=\"md-plain\">Odmie\u0144 sw\u00f3j wygl\u0105d ju\u017c dzi\u015b<\/span><\/h2>\n<p class=\"md-end-block md-p\"><span class=\"md-plain\">Wkrocz do \u015bwiata, w kt\u00f3rym naturalne pi\u0119kno spotyka si\u0119 z subteln\u0105 popraw\u0105. Soczewki Neala Brown oferuj\u0105 idealn\u0105 r\u00f3wnowag\u0119 autentyczno\u015bci i uroku, tworz\u0105c wygl\u0105d, kt\u00f3ry jest zar\u00f3wno wyrafinowany, jak i przyst\u0119pny. Poczuj ciep\u0142o i g\u0142\u0119bi\u0119 tych osza\u0142amiaj\u0105cych soczewek - Twoje oczy zas\u0142uguj\u0105 na odrobin\u0119 magii.<\/span><\/p>\n<p class=\"md-end-block md-p md-focus\"><span class=\"md-plain md-expand\">#NealaBrown #ContactLenses #NaturalBeauty #EyeStyle<\/span><\/p>","protected":false},"excerpt":{"rendered":"<p>Neala Brown Contact Lenses &#8211; The Warm Embrace of Nature \ud83c\udf42 \u2728 Design Inspiration &amp; Meaning Imagine walking through an autumn forest at golden hour &#8211; this is the essence of Neala Brown lenses. Inspired by the rich earth tones of fall foliage and sun-kissed chestnuts, these lenses capture nature&#8217;s most comforting hues. Each lens [&#8230;]\n","protected":false},"featured_media":2229,"comment_status":"open","ping_status":"closed","template":"","meta":[],"product_brand":[],"product_cat":[80,90,188,158,98],"product_tag":[],"class_list":{"0":"post-2227","1":"product","2":"type-product","3":"status-publish","4":"has-post-thumbnail","6":"product_cat-brown-contact-lenses","7":"product_cat-14-0-mm","8":"product_cat-dream-contacts","9":"product_cat-enlarge-contacts","10":"product_cat-yearly-disposable","12":"first","13":"instock","14":"sale","15":"shipping-taxable","16":"purchasable","17":"product-type-variable","18":"has-default-attributes"},"_links":{"self":[{"href":"https:\/\/bqeye.com\/pl\/wp-json\/wp\/v2\/product\/2227","targetHints":{"allow":["GET"]}}],"collection":[{"href":"https:\/\/bqeye.com\/pl\/wp-json\/wp\/v2\/product"}],"about":[{"href":"https:\/\/bqeye.com\/pl\/wp-json\/wp\/v2\/types\/product"}],"replies":[{"embeddable":true,"href":"https:\/\/bqeye.com\/pl\/wp-json\/wp\/v2\/comments?post=2227"}],"wp:featuredmedia":[{"embeddable":true,"href":"https:\/\/bqeye.com\/pl\/wp-json\/wp\/v2\/media\/2229"}],"wp:attachment":[{"href":"https:\/\/bqeye.com\/pl\/wp-json\/wp\/v2\/media?parent=2227"}],"wp:term":[{"taxonomy":"product_brand","embeddable":true,"href":"https:\/\/bqeye.com\/pl\/wp-json\/wp\/v2\/product_brand?post=2227"},{"taxonomy":"product_cat","embeddable":true,"href":"https:\/\/bqeye.com\/pl\/wp-json\/wp\/v2\/product_cat?post=2227"},{"taxonomy":"product_tag","embeddable":true,"href":"https:\/\/bqeye.com\/pl\/wp-json\/wp\/v2\/product_tag?post=2227"}],"curies":[{"name":"wp","href":"https:\/\/api.w.org\/{rel}","templated":true}]}}