{"id":2231,"date":"2025-01-15T22:02:58","date_gmt":"2025-01-15T14:02:58","guid":{"rendered":"https:\/\/bqeye.com\/?post_type=product&#038;p=2231"},"modified":"2025-01-15T22:04:20","modified_gmt":"2025-01-15T14:04:20","slug":"angeles-blue-contact-lenses","status":"publish","type":"product","link":"https:\/\/bqeye.com\/pl\/angeles-blue-contact-lenses\/","title":{"rendered":"Niebieskie soczewki kontaktowe Angeles"},"content":{"rendered":"<h1 class=\"md-end-block md-heading\"><span class=\"md-plain md-expand\">Niebieskie soczewki kontaktowe Angeles - Tw\u00f3j bilet do niebia\u0144skiego pi\u0119kna \ud83c\udf0a<\/span><\/h1>\n<h2 class=\"md-end-block md-heading\"><span class=\"md-plain\">Niebia\u0144ska inspiracja projektowa<\/span><\/h2>\n<p class=\"md-end-block md-p\"><span class=\"md-plain\">Zanurz si\u0119 w eterycznym \u015bwiecie Angeles Blue - gdzie g\u0142\u0119biny Pacyfiku spotykaj\u0105 si\u0119 z czysto\u015bci\u0105 letniego nieba. Soczewki te uchwyci\u0142y ten magiczny moment, gdy \u015bwiat\u0142o s\u0142oneczne ca\u0142uje fale oceanu, tworz\u0105c hipnotyzuj\u0105c\u0105 mieszank\u0119 lazurowych i szafirowych odcieni, kt\u00f3ra sprawi, \u017ce wszyscy b\u0119d\u0105 si\u0119 zastanawia\u0107, czy rzeczywi\u015bcie jeste\u015b syren\u0105.<\/span><\/p>\n<h2 class=\"md-end-block md-heading\"><span class=\"md-plain\">Creator Buzz<\/span><\/h2>\n<p class=\"md-end-block md-p\"><span class=\"md-plain\">@BeautyOracle (2,8 mln obserwuj\u0105cych)<\/span> <span class=\"md-plain\">\"Te b\u0142\u0119kity s\u0105 NIESAMOWITE! Dos\u0142ownie sprawiaj\u0105, \u017ce moje oczy wygl\u0105daj\u0105 jak klejnoty oceanu! Komplementy nie maj\u0105 ko\u0144ca \ud83c\udf0a\"<\/span><\/p>\n<p class=\"md-end-block md-p\"><span class=\"md-plain\">@GlamGuide (1,7 mln obserwuj\u0105cych)<\/span> <span class=\"md-plain\">\"Przesta\u0144 przewija\u0107! Te kontakty dodaj\u0105 energii g\u0142\u00f3wnej postaci! Moje DM eksploduj\u0105 za ka\u017cdym razem, gdy je nosz\u0119 \u2728\"<\/span><\/p>\n<p class=\"md-end-block md-p\"><span class=\"md-plain\">@StyleSiren (940 tys. obserwuj\u0105cych)<\/span> <span class=\"md-plain\">\"Najbardziej naturalnie wygl\u0105daj\u0105ce niebieskie soczewki kontaktowe, jakie kiedykolwiek wypr\u00f3bowa\u0142em! Czysta magia w Twoich oczach \ud83d\udc99\"<\/span><\/p>\n<h2 class=\"md-end-block md-heading\"><span class=\"md-plain\">Prawdziwe recenzje od prawdziwych kr\u00f3lowych<\/span><\/h2>\n<p class=\"md-end-block md-p\"><span class=\"md-plain\">\"Podczas sesji zdj\u0119ciowej na pla\u017cy czu\u0142am si\u0119 jak bogini!\" - Sophia, 26<\/span> <span class=\"md-plain\">\"Te b\u0142\u0119kity s\u0105 wystarczaj\u0105co subtelne do pracy, ale \u015bwietnie sprawdzaj\u0105 si\u0119 podczas happy hour\" - Alex, 29 lat<\/span> <span class=\"md-plain\">\"Moja pewno\u015b\u0107 siebie gwa\u0142townie wzros\u0142a, gdy tylko je za\u0142o\u017cy\u0142am\" - Madison, 24 lata<\/span><\/p>\n<h2 class=\"md-end-block md-heading\"><span class=\"md-plain\">Rozbij te okazje<\/span><\/h2>\n<ul class=\"ul-list\" data-mark=\"*\">\n<li class=\"md-list-item\">\n<p class=\"md-end-block md-p\"><span class=\"md-plain\">Imprezy na pla\u017cy<\/span><\/p>\n<\/li>\n<li class=\"md-list-item\">\n<p class=\"md-end-block md-p\"><span class=\"md-plain\">Letnie wesela<\/span><\/p>\n<\/li>\n<li class=\"md-list-item\">\n<p class=\"md-end-block md-p\"><span class=\"md-plain\">Wieczory na dachu<\/span><\/p>\n<\/li>\n<li class=\"md-list-item\">\n<p class=\"md-end-block md-p\"><span class=\"md-plain\">Przygody na jachcie<\/span><\/p>\n<\/li>\n<li class=\"md-list-item\">\n<p class=\"md-end-block md-p\"><span class=\"md-plain\">Sezon festiwalowy<\/span><\/p>\n<\/li>\n<li class=\"md-list-item\">\n<p class=\"md-end-block md-p\"><span class=\"md-plain\">Sesje zdj\u0119ciowe o zachodzie s\u0142o\u0144ca<\/span><\/p>\n<\/li>\n<li class=\"md-list-item\">\n<p class=\"md-end-block md-p\"><span class=\"md-plain\">Brunch przy basenie<\/span><\/p>\n<\/li>\n<\/ul>\n<h2 class=\"md-end-block md-heading\"><span class=\"md-plain\">Przewodnik po stylach serwowania stylizacji<\/span><\/h2>\n<p class=\"md-end-block md-p\"><span class=\"md-pair-s\"><strong><span class=\"md-plain\">Magia garderoby:<\/span><\/strong><\/span><\/p>\n<ul class=\"ul-list\" data-mark=\"*\">\n<li class=\"md-list-item\">\n<p class=\"md-end-block md-p\"><span class=\"md-plain\">Wyra\u017ana biel<\/span><\/p>\n<\/li>\n<li class=\"md-list-item\">\n<p class=\"md-end-block md-p\"><span class=\"md-plain\">Piaskowe neutralne<\/span><\/p>\n<\/li>\n<li class=\"md-list-item\">\n<p class=\"md-end-block md-p\"><span class=\"md-plain\">Sprany denim<\/span><\/p>\n<\/li>\n<li class=\"md-list-item\">\n<p class=\"md-end-block md-p\"><span class=\"md-plain\">Srebrny metalik<\/span><\/p>\n<\/li>\n<li class=\"md-list-item\">\n<p class=\"md-end-block md-p\"><span class=\"md-plain\">Nadruki przybrze\u017cne<\/span><\/p>\n<\/li>\n<li class=\"md-list-item\">\n<p class=\"md-end-block md-p\"><span class=\"md-plain\">Biel greckiej bogini<\/span><\/p>\n<\/li>\n<li class=\"md-list-item\">\n<p class=\"md-end-block md-p\"><span class=\"md-plain\">Akcesoria per\u0142owe<\/span><\/p>\n<\/li>\n<\/ul>\n<p class=\"md-end-block md-p\"><span class=\"md-pair-s\"><strong><span class=\"md-plain\">Makija\u017c Must-Dos:<\/span><\/strong><\/span><\/p>\n<ul class=\"ul-list\" data-mark=\"*\">\n<li class=\"md-list-item\">\n<p class=\"md-end-block md-p\"><span class=\"md-plain\">Zroszona sk\u00f3ra<\/span><\/p>\n<\/li>\n<li class=\"md-list-item\">\n<p class=\"md-end-block md-p\"><span class=\"md-plain\">B\u0142yszcz\u0105ce powieki<\/span><\/p>\n<\/li>\n<li class=\"md-list-item\">\n<p class=\"md-end-block md-p\"><span class=\"md-plain\">Podkre\u015blone wewn\u0119trzne rogi<\/span><\/p>\n<\/li>\n<li class=\"md-list-item\">\n<p class=\"md-end-block md-p\"><span class=\"md-plain\">Puszyste rz\u0119sy<\/span><\/p>\n<\/li>\n<li class=\"md-list-item\">\n<p class=\"md-end-block md-p\"><span class=\"md-plain\">B\u0142yszcz\u0105ce usta<\/span><\/p>\n<\/li>\n<\/ul>\n<h2 class=\"md-end-block md-heading\"><span class=\"md-plain\">Dlaczego s\u0105 wszystkim<\/span><\/h2>\n<ul class=\"ul-list\" data-mark=\"*\">\n<li class=\"md-list-item\">\n<p class=\"md-end-block md-p\"><span class=\"md-plain\">Krystalicznie czysty obraz<\/span><\/p>\n<\/li>\n<li class=\"md-list-item\">\n<p class=\"md-end-block md-p\"><span class=\"md-plain\">Blokada wilgoci przez ca\u0142y dzie\u0144<\/span><\/p>\n<\/li>\n<li class=\"md-list-item\">\n<p class=\"md-end-block md-p\"><span class=\"md-plain\">Przyjazny dla wra\u017cliwych oczu<\/span><\/p>\n<\/li>\n<li class=\"md-list-item\">\n<p class=\"md-end-block md-p\"><span class=\"md-plain\">Ultra oddychaj\u0105ca<\/span><\/p>\n<\/li>\n<li class=\"md-list-item\">\n<p class=\"md-end-block md-p\"><span class=\"md-plain\">Po\u0142ysk gotowy do kamery<\/span><\/p>\n<\/li>\n<\/ul>\n<h2 class=\"md-end-block md-heading\"><span class=\"md-plain\">Chwila nale\u017cy do Ciebie<\/span><\/h2>\n<p class=\"md-end-block md-p\"><span class=\"md-plain\">Gotowa na przemian\u0119 w eteryczn\u0105 bogini\u0119, kt\u00f3r\u0105 mia\u0142a\u015b by\u0107? Soczewki kontaktowe Angeles Blue to nie tylko soczewki - to Tw\u00f3j paszport do energii g\u0142\u00f3wnej bohaterki. Niezale\u017cnie od tego, czy serwujesz spojrzenia na pla\u017cy, czy na letnim weselu, te soczewki sprawi\u0105, \u017ce Twoje oczy stan\u0105 si\u0119 tematem rozm\u00f3w w mie\u015bcie.<\/span><\/p>\n<p class=\"md-end-block md-p\"><span class=\"md-plain\">Czas zrobi\u0107 fale, kochanie! Twoje oczy oceanu czekaj\u0105. \ud83c\udf0a<\/span><\/p>\n<p class=\"md-end-block md-p\"><span class=\"md-plain\">#AngelesBlue #ContactLenses #OceanVibes #BeautyGoals<\/span><\/p>\n<p class=\"md-end-block md-p md-focus\"><span class=\"md-pair-s md-expand\"><em><span class=\"md-plain\">Uwaga dotycz\u0105ca bezpiecze\u0144stwa: Zatwierdzony dla wra\u017cliwych oczu i testowany dermatologicznie. Poniewa\u017c nawet syreny potrzebuj\u0105 pi\u0119knego snu!<\/span><\/em><\/span><\/p>","protected":false},"excerpt":{"rendered":"<p>Angeles Blue Contact Lenses &#8211; Your Ticket to Celestial Beauty \ud83c\udf0a \u2728 Heavenly Design Inspiration Dive into the ethereal world of Angeles Blue &#8211; where the depths of the Pacific meet the clarity of summer skies. These lenses capture that magical moment when sunlight kisses ocean waves, creating a mesmerizing blend of azure and sapphire [&#8230;]\n","protected":false},"featured_media":2235,"comment_status":"open","ping_status":"closed","template":"","meta":[],"product_brand":[],"product_cat":[75,91,188,158,98],"product_tag":[],"class_list":{"0":"post-2231","1":"product","2":"type-product","3":"status-publish","4":"has-post-thumbnail","6":"product_cat-blue-contact-lenses","7":"product_cat-14-2-mm","8":"product_cat-dream-contacts","9":"product_cat-enlarge-contacts","10":"product_cat-yearly-disposable","12":"first","13":"instock","14":"sale","15":"shipping-taxable","16":"purchasable","17":"product-type-variable","18":"has-default-attributes"},"_links":{"self":[{"href":"https:\/\/bqeye.com\/pl\/wp-json\/wp\/v2\/product\/2231","targetHints":{"allow":["GET"]}}],"collection":[{"href":"https:\/\/bqeye.com\/pl\/wp-json\/wp\/v2\/product"}],"about":[{"href":"https:\/\/bqeye.com\/pl\/wp-json\/wp\/v2\/types\/product"}],"replies":[{"embeddable":true,"href":"https:\/\/bqeye.com\/pl\/wp-json\/wp\/v2\/comments?post=2231"}],"wp:featuredmedia":[{"embeddable":true,"href":"https:\/\/bqeye.com\/pl\/wp-json\/wp\/v2\/media\/2235"}],"wp:attachment":[{"href":"https:\/\/bqeye.com\/pl\/wp-json\/wp\/v2\/media?parent=2231"}],"wp:term":[{"taxonomy":"product_brand","embeddable":true,"href":"https:\/\/bqeye.com\/pl\/wp-json\/wp\/v2\/product_brand?post=2231"},{"taxonomy":"product_cat","embeddable":true,"href":"https:\/\/bqeye.com\/pl\/wp-json\/wp\/v2\/product_cat?post=2231"},{"taxonomy":"product_tag","embeddable":true,"href":"https:\/\/bqeye.com\/pl\/wp-json\/wp\/v2\/product_tag?post=2231"}],"curies":[{"name":"wp","href":"https:\/\/api.w.org\/{rel}","templated":true}]}}