{"id":2248,"date":"2025-01-16T09:36:12","date_gmt":"2025-01-16T01:36:12","guid":{"rendered":"https:\/\/bqeye.com\/?post_type=product&#038;p=2248"},"modified":"2025-01-16T09:40:53","modified_gmt":"2025-01-16T01:40:53","slug":"hazel-salt-lake-contact-lenses","status":"publish","type":"product","link":"https:\/\/bqeye.com\/pl\/hazel-salt-lake-contact-lenses\/","title":{"rendered":"Soczewki kontaktowe Hazel Salt Lake"},"content":{"rendered":"<h1 class=\"md-end-block md-heading\"><span class=\"md-plain md-expand\">Soczewki kontaktowe Hazel Salt Lake: Krystaliczna elegancja natury \ud83c\udf05<\/span><\/h1>\n<h2 class=\"md-end-block md-heading\"><span class=\"md-plain\">Design Story \ud83c\udfa8<\/span><\/h2>\n<p class=\"md-end-block md-p\"><span class=\"md-plain\">Zainspirowane eterycznym pi\u0119knem solnisk o zachodzie s\u0142o\u0144ca, soczewki te oddaj\u0105 hipnotyzuj\u0105c\u0105 gr\u0119 bursztynu, z\u0142ota i odcieni ziemi. Ka\u017cda soczewka ma unikalny krystaliczny wz\u00f3r, kt\u00f3ry na\u015bladuje naturalne tworzenie si\u0119 kryszta\u0142\u00f3w soli, tworz\u0105c wielowymiarowy efekt orzecha laskowego, kt\u00f3ry zmienia si\u0119 wraz ze zmieniaj\u0105cym si\u0119 \u015bwiat\u0142em.<\/span><\/p>\n<h2 class=\"md-end-block md-heading\"><span class=\"md-plain\">Profil kolor\u00f3w \u2728<\/span><\/h2>\n<ul class=\"ul-list\" data-mark=\"*\">\n<li class=\"md-list-item\">\n<p class=\"md-end-block md-p\"><span class=\"md-plain\">\u015arodek: Bogaty bursztynowy rdze\u0144<\/span><\/p>\n<\/li>\n<li class=\"md-list-item\">\n<p class=\"md-end-block md-p\"><span class=\"md-plain\">Strefa \u015brodkowa: Miodowe wzory kryszta\u0142\u00f3w<\/span><\/p>\n<\/li>\n<li class=\"md-list-item\">\n<p class=\"md-end-block md-p\"><span class=\"md-plain\">Pier\u015bcie\u0144 zewn\u0119trzny: Subtelne pr\u0105\u017cki w kolorze ziemi <\/span><\/p>\n<\/li>\n<li class=\"md-list-item\">\n<p class=\"md-end-block md-p\"><span class=\"md-plain\">Obr\u0119cz: Delikatne z\u0142ote plamki<\/span><\/p>\n<\/li>\n<\/ul>\n<h2 class=\"md-end-block md-heading\"><span class=\"md-plain\">Idealny dla \ud83c\udfaf<\/span><\/h2>\n<ul class=\"ul-list\" data-mark=\"*\">\n<li class=\"md-list-item\">\n<p class=\"md-end-block md-p\"><span class=\"md-plain\">Jasne i \u015brednie kolory oczu<\/span><\/p>\n<\/li>\n<li class=\"md-list-item\">\n<p class=\"md-end-block md-p\"><span class=\"md-plain\">Naturalny wygl\u0105d makija\u017cu<\/span><\/p>\n<\/li>\n<li class=\"md-list-item\">\n<p class=\"md-end-block md-p\"><span class=\"md-plain\">Fotografia plenerowa<\/span><\/p>\n<\/li>\n<li class=\"md-list-item\">\n<p class=\"md-end-block md-p\"><span class=\"md-plain\">Odzie\u017c codzienna<\/span><\/p>\n<\/li>\n<li class=\"md-list-item\">\n<p class=\"md-end-block md-p\"><span class=\"md-plain\">Specjalne okazje<\/span><\/p>\n<\/li>\n<li class=\"md-list-item\">\n<p class=\"md-end-block md-p\"><span class=\"md-plain\">Profesjonalne ustawienia<\/span><\/p>\n<\/li>\n<\/ul>\n<h2 class=\"md-end-block md-heading\"><span class=\"md-plain\">Ulepszenie stylu \ud83d\udcab<\/span><\/h2>\n<ul class=\"ul-list\" data-mark=\"*\">\n<li class=\"md-list-item\">\n<p class=\"md-end-block md-p\"><span class=\"md-plain\">Wzmacnia zielone\/br\u0105zowe odcienie<\/span><\/p>\n<\/li>\n<li class=\"md-list-item\">\n<p class=\"md-end-block md-p\"><span class=\"md-plain\">Tworzy g\u0142\u0119bi\u0119 bez sztucznego wygl\u0105du<\/span><\/p>\n<\/li>\n<li class=\"md-list-item\">\n<p class=\"md-end-block md-p\"><span class=\"md-plain\">Pi\u0119knie \u0142apie \u015bwiat\u0142o<\/span><\/p>\n<\/li>\n<li class=\"md-list-item\">\n<p class=\"md-end-block md-p\"><span class=\"md-plain\">Naturalnie wygl\u0105daj\u0105cy wymiar<\/span><\/p>\n<\/li>\n<li class=\"md-list-item\">\n<p class=\"md-end-block md-p\"><span class=\"md-plain\">Subtelne przej\u015bcie kolor\u00f3w<\/span><\/p>\n<\/li>\n<\/ul>\n<h2 class=\"md-end-block md-heading\"><span class=\"md-plain\">Cechy komfortu \u2705<\/span><\/h2>\n<ul class=\"ul-list\" data-mark=\"*\">\n<li class=\"md-list-item\">\n<p class=\"md-end-block md-p\"><span class=\"md-plain\">Oddychaj\u0105cy materia\u0142<\/span><\/p>\n<\/li>\n<li class=\"md-list-item\">\n<p class=\"md-end-block md-p\"><span class=\"md-plain\">8-godzinne zatrzymywanie wilgoci<\/span><\/p>\n<\/li>\n<li class=\"md-list-item\">\n<p class=\"md-end-block md-p\"><span class=\"md-plain\">Ochrona przed promieniowaniem UV<\/span><\/p>\n<\/li>\n<li class=\"md-list-item\">\n<p class=\"md-end-block md-p\"><span class=\"md-plain\">Optyka HD<\/span><\/p>\n<\/li>\n<li class=\"md-list-item\">\n<p class=\"md-end-block md-p\"><span class=\"md-plain\">Cienka konstrukcja kraw\u0119dzi<\/span><\/p>\n<\/li>\n<li class=\"md-list-item\">\n<p class=\"md-end-block md-p\"><span class=\"md-plain\">Technologia g\u0142adkiej powierzchni<\/span><\/p>\n<\/li>\n<\/ul>\n<h2 class=\"md-end-block md-heading\"><span class=\"md-plain\">Najlepiej w po\u0142\u0105czeniu z \ud83d\udc57<\/span><\/h2>\n<ul class=\"ul-list\" data-mark=\"*\">\n<li class=\"md-list-item\">\n<p class=\"md-end-block md-p\"><span class=\"md-plain\">Odzie\u017c w kolorach ziemi<\/span><\/p>\n<\/li>\n<li class=\"md-list-item\">\n<p class=\"md-end-block md-p\"><span class=\"md-plain\">Br\u0105zowy makija\u017c<\/span><\/p>\n<\/li>\n<li class=\"md-list-item\">\n<p class=\"md-end-block md-p\"><span class=\"md-plain\">Z\u0142ota bi\u017cuteria<\/span><\/p>\n<\/li>\n<li class=\"md-list-item\">\n<p class=\"md-end-block md-p\"><span class=\"md-plain\">Neutralne palety<\/span><\/p>\n<\/li>\n<li class=\"md-list-item\">\n<p class=\"md-end-block md-p\"><span class=\"md-plain\">Stroje w ciep\u0142ych kolorach<\/span><\/p>\n<\/li>\n<li class=\"md-list-item\">\n<p class=\"md-end-block md-p\"><span class=\"md-plain\">Naturalne tkaniny<\/span><\/p>\n<\/li>\n<\/ul>\n<h2 class=\"md-end-block md-heading\"><span class=\"md-plain\">Prawdziwe recenzje \ud83d\udde3\ufe0f<\/span><\/h2>\n<p class=\"md-end-block md-p\"><span class=\"md-plain\">\"Te soczewki nadaj\u0105 moim oczom s\u0142oneczny blask, nie wygl\u0105daj\u0105c przy tym sztucznie\".<\/span><\/p>\n<p class=\"md-end-block md-p\"><span class=\"md-plain\">\"Idealny do moich zdj\u0119\u0107 \u015blubnych - naturalny, ale ulepszony!\"<\/span><\/p>\n<p class=\"md-end-block md-p\"><span class=\"md-plain\">\"Krystaliczny wz\u00f3r pi\u0119knie \u0142apie \u015bwiat\u0142o\".<\/span><\/p>\n<h2 class=\"md-end-block md-heading\"><span class=\"md-plain\">Instrukcje dotycz\u0105ce piel\u0119gnacji \ud83e\uddf9<\/span><\/h2>\n<ul class=\"ul-list\" data-mark=\"*\">\n<li class=\"md-list-item\">\n<p class=\"md-end-block md-p\"><span class=\"md-plain\">Wymagane codzienne czyszczenie<\/span><\/p>\n<\/li>\n<li class=\"md-list-item\">\n<p class=\"md-end-block md-p\"><span class=\"md-plain\">Przechowywa\u0107 w \u015bwie\u017cym roztworze<\/span><\/p>\n<\/li>\n<li class=\"md-list-item\">\n<p class=\"md-end-block md-p\"><span class=\"md-plain\">Wymienia\u0107 co miesi\u0105c<\/span><\/p>\n<\/li>\n<li class=\"md-list-item\">\n<p class=\"md-end-block md-p\"><span class=\"md-plain\">Obs\u0142uga czystymi r\u0119kami<\/span><\/p>\n<\/li>\n<li class=\"md-list-item\">\n<p class=\"md-end-block md-p\"><span class=\"md-plain\">Usun\u0105\u0107 przed snem<\/span><\/p>\n<\/li>\n<li class=\"md-list-item\">\n<p class=\"md-end-block md-p\"><span class=\"md-plain\">Unika\u0107 kontaktu z wod\u0105<\/span><\/p>\n<\/li>\n<\/ul>\n<p class=\"md-end-block md-p\"><span class=\"md-pair-s\"><em><span class=\"md-plain\">Przed u\u017cyciem nale\u017cy skonsultowa\u0107 si\u0119 z okulist\u0105. Indywidualne wyniki mog\u0105 si\u0119 r\u00f3\u017cni\u0107.<\/span><\/em><\/span><\/p>\n<p class=\"md-end-block md-p md-focus\"><span class=\"md-plain md-expand\">#HazelLenses #NaturalBeauty #ContactLenses #SaltLakeCollection<\/span><\/p>","protected":false},"excerpt":{"rendered":"<p>Hazel Salt Lake Contact Lenses: Nature&#8217;s Crystalline Elegance \ud83c\udf05 Design Story \ud83c\udfa8 Inspired by the ethereal beauty of salt flats at sunset, these lenses capture the mesmerizing interplay of amber, gold, and earth tones. Each lens features a unique crystalline pattern that mimics the natural formation of salt crystals, creating a multidimensional hazel effect that [&#8230;]\n","protected":false},"featured_media":2250,"comment_status":"open","ping_status":"closed","template":"","meta":[],"product_brand":[],"product_cat":[84,91,188,158,98],"product_tag":[],"class_list":{"0":"post-2248","1":"product","2":"type-product","3":"status-publish","4":"has-post-thumbnail","6":"product_cat-hazel-contact-lenses","7":"product_cat-14-2-mm","8":"product_cat-dream-contacts","9":"product_cat-enlarge-contacts","10":"product_cat-yearly-disposable","12":"first","13":"instock","14":"sale","15":"shipping-taxable","16":"purchasable","17":"product-type-variable","18":"has-default-attributes"},"_links":{"self":[{"href":"https:\/\/bqeye.com\/pl\/wp-json\/wp\/v2\/product\/2248","targetHints":{"allow":["GET"]}}],"collection":[{"href":"https:\/\/bqeye.com\/pl\/wp-json\/wp\/v2\/product"}],"about":[{"href":"https:\/\/bqeye.com\/pl\/wp-json\/wp\/v2\/types\/product"}],"replies":[{"embeddable":true,"href":"https:\/\/bqeye.com\/pl\/wp-json\/wp\/v2\/comments?post=2248"}],"wp:featuredmedia":[{"embeddable":true,"href":"https:\/\/bqeye.com\/pl\/wp-json\/wp\/v2\/media\/2250"}],"wp:attachment":[{"href":"https:\/\/bqeye.com\/pl\/wp-json\/wp\/v2\/media?parent=2248"}],"wp:term":[{"taxonomy":"product_brand","embeddable":true,"href":"https:\/\/bqeye.com\/pl\/wp-json\/wp\/v2\/product_brand?post=2248"},{"taxonomy":"product_cat","embeddable":true,"href":"https:\/\/bqeye.com\/pl\/wp-json\/wp\/v2\/product_cat?post=2248"},{"taxonomy":"product_tag","embeddable":true,"href":"https:\/\/bqeye.com\/pl\/wp-json\/wp\/v2\/product_tag?post=2248"}],"curies":[{"name":"wp","href":"https:\/\/api.w.org\/{rel}","templated":true}]}}