{"id":2255,"date":"2025-01-16T11:32:44","date_gmt":"2025-01-16T03:32:44","guid":{"rendered":"https:\/\/bqeye.com\/?post_type=product&#038;p=2255"},"modified":"2025-01-16T11:34:05","modified_gmt":"2025-01-16T03:34:05","slug":"savage-brown-contact-lenses","status":"publish","type":"product","link":"https:\/\/bqeye.com\/pl\/savage-brown-contact-lenses\/","title":{"rendered":"Br\u0105zowe soczewki kontaktowe Savage"},"content":{"rendered":"<h1 class=\"md-end-block md-heading\"><span class=\"md-plain md-expand\">Br\u0105zowe soczewki kontaktowe Savage: Wild Earth Collection \ud83e\udd81<\/span><\/h1>\n<h2 class=\"md-end-block md-heading\"><span class=\"md-plain\">Design Inspiration \ud83c\udf0e<\/span><\/h2>\n<p class=\"md-end-block md-p\"><span class=\"md-plain\">Uchwycaj\u0105c nieokie\u0142znanego ducha dzikiej przyrody, soczewki te czerpi\u0105 inspiracj\u0119 z bogatych odcieni ziemi afryka\u0144skich sawann i oczu drapie\u017cnik\u00f3w. Misterny wz\u00f3r \u0142\u0105czy g\u0142\u0119boki maho\u0144 z bursztynowymi refleksami, tworz\u0105c spojrzenie r\u00f3wnie zaci\u0119te, co hipnotyzuj\u0105ce.<\/span><\/p>\n<p class=\"md-end-block md-p\"><span class=\"md-plain\">Ka\u017cda soczewka ma unikalny wz\u00f3r, kt\u00f3ry na\u015bladuje pot\u0119\u017cne oczy du\u017cych kot\u00f3w, z uderzaj\u0105cym miodowo-br\u0105zowym \u015brodkiem, kt\u00f3ry promieniuje na zewn\u0105trz w ciemniejsze odcienie, tworz\u0105c g\u0142\u0119bi\u0119 i tajemnic\u0119, kt\u00f3ra przyci\u0105ga uwag\u0119.<\/span><\/p>\n<h2 class=\"md-end-block md-heading\"><span class=\"md-plain\">Recenzje tw\u00f3rc\u00f3w \ud83d\udcab<\/span><\/h2>\n<p class=\"md-end-block md-p\"><span class=\"md-plain\">@WildBeauty (1.4M)<\/span> <span class=\"md-plain\">\"Te soczewki zmieniaj\u0105 ca\u0142y m\u00f3j wygl\u0105d - dziki br\u0105zowy odcie\u0144 daje tak intensywn\u0105, koci\u0105 energi\u0119!\" <\/span><\/p>\n<p class=\"md-end-block md-p\"><span class=\"md-plain\">@BeautyHunter (950K)<\/span> <span class=\"md-plain\">\"Idealne do tworzenia odwa\u017cnych, redakcyjnych stylizacji. Ich wymiar jest nierealny!\" <\/span><\/p>\n<p class=\"md-end-block md-p\"><span class=\"md-plain\">@GlamSafari (780 tys.)<\/span> <span class=\"md-plain\">\"M\u00f3j wyb\u00f3r, je\u015bli chodzi o naturalne, ale efektowne transformacje oczu. Pi\u0119knie fotografuj\u0105!\"<\/span><\/p>\n<h2 class=\"md-end-block md-heading\"><span class=\"md-plain\">Idealny dla \ud83c\udfaf<\/span><\/h2>\n<ul class=\"ul-list\" data-mark=\"*\">\n<li class=\"md-list-item\">\n<p class=\"md-end-block md-p\"><span class=\"md-plain\">Sesje zdj\u0119ciowe<\/span><\/p>\n<\/li>\n<li class=\"md-list-item\">\n<p class=\"md-end-block md-p\"><span class=\"md-plain\">Stylizacje inspirowane natur\u0105<\/span><\/p>\n<\/li>\n<li class=\"md-list-item\">\n<p class=\"md-end-block md-p\"><span class=\"md-plain\">Tre\u015b\u0107 redakcyjna<\/span><\/p>\n<\/li>\n<li class=\"md-list-item\">\n<p class=\"md-end-block md-p\"><span class=\"md-plain\">Dramatyczne portrety<\/span><\/p>\n<\/li>\n<li class=\"md-list-item\">\n<p class=\"md-end-block md-p\"><span class=\"md-plain\">Codzienny wzrost pewno\u015bci siebie<\/span><\/p>\n<\/li>\n<li class=\"md-list-item\">\n<p class=\"md-end-block md-p\"><span class=\"md-plain\">Wydarzenia specjalne<\/span><\/p>\n<\/li>\n<\/ul>\n<h2 class=\"md-end-block md-heading\"><span class=\"md-plain\">Przewodnik po stylach \ud83d\udc57<\/span><\/h2>\n<p class=\"md-end-block md-p\"><span class=\"md-plain\">Doskonale komponuje si\u0119 z:<\/span><\/p>\n<ul class=\"ul-list\" data-mark=\"*\">\n<li class=\"md-list-item\">\n<p class=\"md-end-block md-p\"><span class=\"md-plain\">Stroje w kolorach ziemi<\/span><\/p>\n<\/li>\n<li class=\"md-list-item\">\n<p class=\"md-end-block md-p\"><span class=\"md-plain\">Odciski zwierz\u0105t<\/span><\/p>\n<\/li>\n<li class=\"md-list-item\">\n<p class=\"md-end-block md-p\"><span class=\"md-plain\">Z\u0142ota bi\u017cuteria<\/span><\/p>\n<\/li>\n<li class=\"md-list-item\">\n<p class=\"md-end-block md-p\"><span class=\"md-plain\">Akcesoria sk\u00f3rzane<\/span><\/p>\n<\/li>\n<li class=\"md-list-item\">\n<p class=\"md-end-block md-p\"><span class=\"md-plain\">Br\u0105zowy makija\u017c<\/span><\/p>\n<\/li>\n<li class=\"md-list-item\">\n<p class=\"md-end-block md-p\"><span class=\"md-plain\">Naturalne tekstury<\/span><\/p>\n<\/li>\n<\/ul>\n<h2 class=\"md-end-block md-heading\"><span class=\"md-plain\">Cechy komfortu \u2705<\/span><\/h2>\n<ul class=\"ul-list\" data-mark=\"*\">\n<li class=\"md-list-item\">\n<p class=\"md-end-block md-p\"><span class=\"md-plain\">Wysoki przep\u0142yw tlenu<\/span><\/p>\n<\/li>\n<li class=\"md-list-item\">\n<p class=\"md-end-block md-p\"><span class=\"md-plain\">Zatrzymywanie wilgoci<\/span><\/p>\n<\/li>\n<li class=\"md-list-item\">\n<p class=\"md-end-block md-p\"><span class=\"md-plain\">G\u0142adkie kraw\u0119dzie<\/span><\/p>\n<\/li>\n<li class=\"md-list-item\">\n<p class=\"md-end-block md-p\"><span class=\"md-plain\">Naturalny ruch<\/span><\/p>\n<\/li>\n<li class=\"md-list-item\">\n<p class=\"md-end-block md-p\"><span class=\"md-plain\">Optyka HD<\/span><\/p>\n<\/li>\n<li class=\"md-list-item\">\n<p class=\"md-end-block md-p\"><span class=\"md-plain\">Wyd\u0142u\u017cony komfort noszenia<\/span><\/p>\n<\/li>\n<\/ul>\n<h2 class=\"md-end-block md-heading\"><span class=\"md-plain\">Do\u015bwiadczenia u\u017cytkownik\u00f3w \ud83d\udde3\ufe0f<\/span><\/h2>\n<p class=\"md-end-block md-p\"><span class=\"md-plain\">\"Jak mie\u0107 oczy lwicy - pot\u0119\u017cne, a jednocze\u015bnie naturalnie pi\u0119kne!\"<\/span><\/p>\n<p class=\"md-end-block md-p\"><span class=\"md-plain\">\"Najwygodniejsze br\u0105zowe soczewki, jakie kiedykolwiek nosi\u0142em\".<\/span><\/p>\n<p class=\"md-end-block md-p\"><span class=\"md-plain\">\"Dodaj\u0105 mi pewno\u015bci siebie - s\u0105 subtelne, ale efektowne\".<\/span><\/p>\n<h2 class=\"md-end-block md-heading\"><span class=\"md-plain\">Bezpiecze\u0144stwo przede wszystkim \ud83d\udee1\ufe0f<\/span><\/h2>\n<ul class=\"ul-list\" data-mark=\"*\">\n<li class=\"md-list-item\">\n<p class=\"md-end-block md-p\"><span class=\"md-plain\">Certyfikat ISO<\/span><\/p>\n<\/li>\n<li class=\"md-list-item\">\n<p class=\"md-end-block md-p\"><span class=\"md-plain\">Zatwierdzony przez FDA<\/span><\/p>\n<\/li>\n<li class=\"md-list-item\">\n<p class=\"md-end-block md-p\"><span class=\"md-plain\">Materia\u0142y najwy\u017cszej jako\u015bci<\/span><\/p>\n<\/li>\n<li class=\"md-list-item\">\n<p class=\"md-end-block md-p\"><span class=\"md-plain\">Wymagany profesjonalny monta\u017c<\/span><\/p>\n<\/li>\n<li class=\"md-list-item\">\n<p class=\"md-end-block md-p\"><span class=\"md-plain\">Zalecana regularna konserwacja<\/span><\/p>\n<\/li>\n<li class=\"md-list-item\">\n<p class=\"md-end-block md-p\"><span class=\"md-plain\">Sterylne opakowanie<\/span><\/p>\n<\/li>\n<\/ul>\n<p class=\"md-end-block md-p\"><span class=\"md-plain\">Uwolnij swoj\u0105 dzik\u0105 stron\u0119 dzi\u0119ki soczewkom kontaktowym Savage Brown! Do\u015bwiadcz idealnego po\u0142\u0105czenia nieokie\u0142znanego pi\u0119kna i nowoczesnego komfortu, wnosz\u0105c pot\u0119\u017cny urok natury do swojego codziennego wygl\u0105du.<\/span><\/p>\n<p class=\"md-end-block md-p\"><span class=\"md-pair-s\"><em><span class=\"md-plain\">Profesjonalne dopasowanie zalecane dla uzyskania optymalnych rezultat\u00f3w.<\/span><\/em><\/span><\/p>\n<p class=\"md-end-block md-p md-focus\"><span class=\"md-plain md-expand\">#SavageBrown #WildBeauty #ContactLenses<\/span><\/p>","protected":false},"excerpt":{"rendered":"<p>Savage Brown Contact Lenses: Wild Earth Collection \ud83e\udd81 Design Inspiration \ud83c\udf0e Capturing the untamed spirit of the wilderness, these lenses draw inspiration from the rich earth tones of African savannas and predator eyes. The intricate pattern blends deep mahogany with amber highlights, creating a gaze as fierce as it is mesmerizing. Each lens features a [&#8230;]\n","protected":false},"featured_media":2257,"comment_status":"open","ping_status":"closed","template":"","meta":[],"product_brand":[],"product_cat":[80,90,188,158,98],"product_tag":[],"class_list":{"0":"post-2255","1":"product","2":"type-product","3":"status-publish","4":"has-post-thumbnail","6":"product_cat-brown-contact-lenses","7":"product_cat-14-0-mm","8":"product_cat-dream-contacts","9":"product_cat-enlarge-contacts","10":"product_cat-yearly-disposable","12":"first","13":"instock","14":"sale","15":"shipping-taxable","16":"purchasable","17":"product-type-variable","18":"has-default-attributes"},"_links":{"self":[{"href":"https:\/\/bqeye.com\/pl\/wp-json\/wp\/v2\/product\/2255","targetHints":{"allow":["GET"]}}],"collection":[{"href":"https:\/\/bqeye.com\/pl\/wp-json\/wp\/v2\/product"}],"about":[{"href":"https:\/\/bqeye.com\/pl\/wp-json\/wp\/v2\/types\/product"}],"replies":[{"embeddable":true,"href":"https:\/\/bqeye.com\/pl\/wp-json\/wp\/v2\/comments?post=2255"}],"wp:featuredmedia":[{"embeddable":true,"href":"https:\/\/bqeye.com\/pl\/wp-json\/wp\/v2\/media\/2257"}],"wp:attachment":[{"href":"https:\/\/bqeye.com\/pl\/wp-json\/wp\/v2\/media?parent=2255"}],"wp:term":[{"taxonomy":"product_brand","embeddable":true,"href":"https:\/\/bqeye.com\/pl\/wp-json\/wp\/v2\/product_brand?post=2255"},{"taxonomy":"product_cat","embeddable":true,"href":"https:\/\/bqeye.com\/pl\/wp-json\/wp\/v2\/product_cat?post=2255"},{"taxonomy":"product_tag","embeddable":true,"href":"https:\/\/bqeye.com\/pl\/wp-json\/wp\/v2\/product_tag?post=2255"}],"curies":[{"name":"wp","href":"https:\/\/api.w.org\/{rel}","templated":true}]}}