{"id":2264,"date":"2025-01-17T10:45:13","date_gmt":"2025-01-17T02:45:13","guid":{"rendered":"https:\/\/bqeye.com\/?post_type=product&#038;p=2264"},"modified":"2025-01-17T10:47:36","modified_gmt":"2025-01-17T02:47:36","slug":"seattle-blue-contact-lenses","status":"publish","type":"product","link":"https:\/\/bqeye.com\/pl\/seattle-blue-contact-lenses\/","title":{"rendered":"Niebieskie soczewki kontaktowe Seattle"},"content":{"rendered":"<h1 class=\"md-end-block md-heading\"><span class=\"md-plain md-expand\">Niebieskie soczewki kontaktowe Seattle: Kolekcja Pacific Northwest \ud83c\udf0a<\/span><\/h1>\n<h2 class=\"md-end-block md-heading\"><span class=\"md-plain\">Design Inspiration \u2614<\/span><\/h2>\n<p class=\"md-end-block md-p\"><span class=\"md-plain\">Uchwycaj\u0105c esencj\u0119 nastrojowego nieba i w\u00f3d przybrze\u017cnych Seattle, soczewki te \u0142\u0105cz\u0105 mgliste szaro-niebieskie odcienie z subtelnymi srebrnymi refleksami. Unikalny wz\u00f3r odzwierciedla charakterystyczn\u0105 dla miasta pochmurn\u0105 atmosfer\u0119, tworz\u0105c spojrzenie, kt\u00f3re jest zar\u00f3wno wyrafinowane, jak i tajemniczo urzekaj\u0105ce.<\/span><\/p>\n<p class=\"md-end-block md-p\"><span class=\"md-plain\">Ka\u017cda soczewka ma wielowymiarowy wz\u00f3r przechodz\u0105cy od burzowego \u015brodka do mglistych kraw\u0119dzi, z kryszta\u0142owymi akcentami przypominaj\u0105cymi krople deszczu na Puget Sound.<\/span><\/p>\n<h2 class=\"md-end-block md-heading\"><span class=\"md-plain\">Recenzje tw\u00f3rc\u00f3w \ud83d\udcab<\/span><\/h2>\n<p class=\"md-end-block md-p\"><span class=\"md-plain\">@PNWBeauty (890K)<\/span> <span class=\"md-plain\">\"Te obiektywy doskonale oddaj\u0105 kultowe niebo Seattle!\" <\/span><\/p>\n<p class=\"md-end-block md-p\"><span class=\"md-plain\">@RainyDayStyle (750 tys.)<\/span> <span class=\"md-plain\">\"Najbardziej autentyczne szaro-niebieskie soczewki, jakie znalaz\u0142em. Czysty klimat p\u00f3\u0142nocno-zachodniego Pacyfiku!\" <\/span><\/p>\n<p class=\"md-end-block md-p\"><span class=\"md-plain\">@UrbanStyle (820K)<\/span> <span class=\"md-plain\">\"Daj\u0105 taki fajny, wsp\u00f3\u0142czesny wygl\u0105d. Moi obserwatorzy nie mog\u0105 si\u0119 doczeka\u0107!\"<\/span><\/p>\n<h2 class=\"md-end-block md-heading\"><span class=\"md-plain\">Idealny dla \ud83c\udfaf<\/span><\/h2>\n<ul class=\"ul-list\" data-mark=\"*\">\n<li class=\"md-list-item\">\n<p class=\"md-end-block md-p\"><span class=\"md-plain\">Fotografia miejska<\/span><\/p>\n<\/li>\n<li class=\"md-list-item\">\n<p class=\"md-end-block md-p\"><span class=\"md-plain\">Minimalistyczna estetyka<\/span><\/p>\n<\/li>\n<li class=\"md-list-item\">\n<p class=\"md-end-block md-p\"><span class=\"md-plain\">Nowoczesny wygl\u0105d<\/span><\/p>\n<\/li>\n<li class=\"md-list-item\">\n<p class=\"md-end-block md-p\"><span class=\"md-plain\">Codzienne zu\u017cycie<\/span><\/p>\n<\/li>\n<li class=\"md-list-item\">\n<p class=\"md-end-block md-p\"><span class=\"md-plain\">Sesje artystyczne<\/span><\/p>\n<\/li>\n<li class=\"md-list-item\">\n<p class=\"md-end-block md-p\"><span class=\"md-plain\">Klimat kawiarni<\/span><\/p>\n<\/li>\n<\/ul>\n<h2 class=\"md-end-block md-heading\"><span class=\"md-plain\">Przewodnik po stylach \ud83d\udc57<\/span><\/h2>\n<p class=\"md-end-block md-p\"><span class=\"md-plain\">Doskonale komponuje si\u0119 z:<\/span><\/p>\n<ul class=\"ul-list\" data-mark=\"*\">\n<li class=\"md-list-item\">\n<p class=\"md-end-block md-p\"><span class=\"md-plain\">Miejska odzie\u017c uliczna<\/span><\/p>\n<\/li>\n<li class=\"md-list-item\">\n<p class=\"md-end-block md-p\"><span class=\"md-plain\">Stroje monochromatyczne<\/span><\/p>\n<\/li>\n<li class=\"md-list-item\">\n<p class=\"md-end-block md-p\"><span class=\"md-plain\">Akcesoria przemys\u0142owe<\/span><\/p>\n<\/li>\n<li class=\"md-list-item\">\n<p class=\"md-end-block md-p\"><span class=\"md-plain\">Wsp\u00f3\u0142czesna moda<\/span><\/p>\n<\/li>\n<li class=\"md-list-item\">\n<p class=\"md-end-block md-p\"><span class=\"md-plain\">Naturalny makija\u017c<\/span><\/p>\n<\/li>\n<li class=\"md-list-item\">\n<p class=\"md-end-block md-p\"><span class=\"md-plain\">Nowoczesne fryzury<\/span><\/p>\n<\/li>\n<\/ul>\n<h2 class=\"md-end-block md-heading\"><span class=\"md-plain\">Cechy komfortu \u2705<\/span><\/h2>\n<ul class=\"ul-list\" data-mark=\"*\">\n<li class=\"md-list-item\">\n<p class=\"md-end-block md-p\"><span class=\"md-plain\">Wysoka retencja wilgoci<\/span><\/p>\n<\/li>\n<li class=\"md-list-item\">\n<p class=\"md-end-block md-p\"><span class=\"md-plain\">Oddychaj\u0105cy materia\u0142<\/span><\/p>\n<\/li>\n<li class=\"md-list-item\">\n<p class=\"md-end-block md-p\"><span class=\"md-plain\">G\u0142adkie kraw\u0119dzie<\/span><\/p>\n<\/li>\n<li class=\"md-list-item\">\n<p class=\"md-end-block md-p\"><span class=\"md-plain\">Naturalny ruch<\/span><\/p>\n<\/li>\n<li class=\"md-list-item md-focus-container\">\n<p class=\"md-end-block md-p md-focus\"><span class=\"md-plain md-expand\">Krystalicznie czysta wizja<\/span><\/p>\n<\/li>\n<li class=\"md-list-item\">\n<p class=\"md-end-block md-p\"><span class=\"md-plain\">Komfort przez ca\u0142y dzie\u0144<\/span><\/p>\n<\/li>\n<\/ul>\n<h2 class=\"md-end-block md-heading\"><span class=\"md-plain\">Do\u015bwiadczenia u\u017cytkownik\u00f3w \ud83d\udde3\ufe0f<\/span><\/h2>\n<p class=\"md-end-block md-p\"><span class=\"md-plain\">\"Jak noszenie panoramy Seattle - tak naturalnie tajemnicze!\"<\/span><\/p>\n<p class=\"md-end-block md-p\"><span class=\"md-plain\">\"Idealny dla wra\u017cliwych oczu, szczeg\u00f3lnie w deszczow\u0105 pogod\u0119\".<\/span><\/p>\n<p class=\"md-end-block md-p\"><span class=\"md-plain\">\"Doskonale oddaj\u0105 nowoczesn\u0105 estetyk\u0119 PNW!\"<\/span><\/p>\n<h2 class=\"md-end-block md-heading\"><span class=\"md-plain\">Bezpiecze\u0144stwo przede wszystkim \ud83d\udee1\ufe0f<\/span><\/h2>\n<ul class=\"ul-list\" data-mark=\"*\">\n<li class=\"md-list-item\">\n<p class=\"md-end-block md-p\"><span class=\"md-plain\">Certyfikat ISO<\/span><\/p>\n<\/li>\n<li class=\"md-list-item\">\n<p class=\"md-end-block md-p\"><span class=\"md-plain\">Zatwierdzony przez FDA<\/span><\/p>\n<\/li>\n<li class=\"md-list-item\">\n<p class=\"md-end-block md-p\"><span class=\"md-plain\">Materia\u0142y najwy\u017cszej jako\u015bci<\/span><\/p>\n<\/li>\n<li class=\"md-list-item\">\n<p class=\"md-end-block md-p\"><span class=\"md-plain\">Wymagany profesjonalny monta\u017c<\/span><\/p>\n<\/li>\n<li class=\"md-list-item\">\n<p class=\"md-end-block md-p\"><span class=\"md-plain\">Zalecana regularna piel\u0119gnacja<\/span><\/p>\n<\/li>\n<li class=\"md-list-item\">\n<p class=\"md-end-block md-p\"><span class=\"md-plain\">Sterylne opakowanie<\/span><\/p>\n<\/li>\n<\/ul>\n<p class=\"md-end-block md-p\"><span class=\"md-plain\">Poczuj estetyk\u0119 p\u00f3\u0142nocno-zachodniego Pacyfiku dzi\u0119ki soczewkom kontaktowym Seattle Blue! To idealne po\u0142\u0105czenie miejskiego wyrafinowania i naturalnego pi\u0119kna, kt\u00f3re przenosi mistyk\u0119 nieba Seattle do Twoich oczu.<\/span><\/p>\n<p class=\"md-end-block md-p\"><span class=\"md-pair-s\"><em><span class=\"md-plain\">Profesjonalne dopasowanie zalecane dla uzyskania optymalnych rezultat\u00f3w.<\/span><\/em><\/span><\/p>\n<p class=\"md-end-block md-p\"><span class=\"md-plain md-expand\">#SeattleBlue #PNWBeauty #ContactLenses<\/span><\/p>","protected":false},"excerpt":{"rendered":"<p>Seattle Blue Contact Lenses: Pacific Northwest Collection \ud83c\udf0a Design Inspiration \u2614 Capturing the essence of Seattle&#8217;s moody skies and coastal waters, these lenses blend misty grey-blue tones with subtle silver highlights. The unique pattern mirrors the city&#8217;s signature overcast atmosphere, creating a gaze that&#8217;s both sophisticated and mysteriously captivating. Each lens features a multidimensional design [&#8230;]\n","protected":false},"featured_media":2266,"comment_status":"open","ping_status":"closed","template":"","meta":[],"product_brand":[],"product_cat":[75,91,188,158,98],"product_tag":[],"class_list":{"0":"post-2264","1":"product","2":"type-product","3":"status-publish","4":"has-post-thumbnail","6":"product_cat-blue-contact-lenses","7":"product_cat-14-2-mm","8":"product_cat-dream-contacts","9":"product_cat-enlarge-contacts","10":"product_cat-yearly-disposable","12":"first","13":"instock","14":"sale","15":"shipping-taxable","16":"purchasable","17":"product-type-variable","18":"has-default-attributes"},"_links":{"self":[{"href":"https:\/\/bqeye.com\/pl\/wp-json\/wp\/v2\/product\/2264","targetHints":{"allow":["GET"]}}],"collection":[{"href":"https:\/\/bqeye.com\/pl\/wp-json\/wp\/v2\/product"}],"about":[{"href":"https:\/\/bqeye.com\/pl\/wp-json\/wp\/v2\/types\/product"}],"replies":[{"embeddable":true,"href":"https:\/\/bqeye.com\/pl\/wp-json\/wp\/v2\/comments?post=2264"}],"wp:featuredmedia":[{"embeddable":true,"href":"https:\/\/bqeye.com\/pl\/wp-json\/wp\/v2\/media\/2266"}],"wp:attachment":[{"href":"https:\/\/bqeye.com\/pl\/wp-json\/wp\/v2\/media?parent=2264"}],"wp:term":[{"taxonomy":"product_brand","embeddable":true,"href":"https:\/\/bqeye.com\/pl\/wp-json\/wp\/v2\/product_brand?post=2264"},{"taxonomy":"product_cat","embeddable":true,"href":"https:\/\/bqeye.com\/pl\/wp-json\/wp\/v2\/product_cat?post=2264"},{"taxonomy":"product_tag","embeddable":true,"href":"https:\/\/bqeye.com\/pl\/wp-json\/wp\/v2\/product_tag?post=2264"}],"curies":[{"name":"wp","href":"https:\/\/api.w.org\/{rel}","templated":true}]}}