{"id":2274,"date":"2025-01-17T14:08:38","date_gmt":"2025-01-17T06:08:38","guid":{"rendered":"https:\/\/bqeye.com\/?post_type=product&#038;p=2274"},"modified":"2025-01-17T14:11:10","modified_gmt":"2025-01-17T06:11:10","slug":"rome-time-blue-contact-lenses","status":"publish","type":"product","link":"https:\/\/bqeye.com\/pl\/rome-time-blue-contact-lenses\/","title":{"rendered":"Niebieskie soczewki kontaktowe Rome Time"},"content":{"rendered":"<h1 class=\"md-end-block md-heading\"><span class=\"md-plain md-expand\">Niebieskie soczewki kontaktowe Rome Time: Kolekcja Mediterranean Azure \ud83c\udf0a<\/span><\/h1>\n<h2 class=\"md-end-block md-heading\"><span class=\"md-plain\">Design Inspiration \u2728<\/span><\/h2>\n<p class=\"md-end-block md-p\"><span class=\"md-plain\">Zainspirowane czaruj\u0105cym b\u0142\u0119kitem nieba nad staro\u017cytnymi zabytkami Rzymu i l\u015bni\u0105cymi wodami Morza \u015ar\u00f3dziemnego, soczewki te oddaj\u0105 ponadczasowe pi\u0119kno wiecznego miasta W\u0142och. Projekt zawiera skomplikowany wz\u00f3r, kt\u00f3ry przechodzi od g\u0142\u0119bokich szafirowych centr\u00f3w do ja\u015bniejszych lazurowych kraw\u0119dzi, przypominaj\u0105c sk\u0105pane w s\u0142o\u0144cu wody w rzymskich fontannach.<\/span><\/p>\n<p class=\"md-end-block md-p\"><span class=\"md-plain\">Ka\u017cda soczewka zawiera unikalny wz\u00f3r w kszta\u0142cie gwiazdy, kt\u00f3ry odzwierciedla spos\u00f3b, w jaki \u015bwiat\u0142o s\u0142oneczne pada na fontann\u0119 di Trevi, \u0142\u0105cz\u0105c klasyczn\u0105 rzymsk\u0105 elegancj\u0119 ze wsp\u00f3\u0142czesnym blaskiem. Wielowarstwowe niebieskie odcienie przywo\u0142uj\u0105 zar\u00f3wno historyczn\u0105 g\u0142\u0119bi\u0119 rzymskich fresk\u00f3w, jak i \u017cyw\u0105 energi\u0119 nowoczesnego w\u0142oskiego stylu.<\/span><\/p>\n<h2 class=\"md-end-block md-heading\"><span class=\"md-plain\">Recenzje influencer\u00f3w \ud83d\udcab<\/span><\/h2>\n<p class=\"md-end-block md-p\"><span class=\"md-plain\">@RomanBeauty (920K)<\/span> <span class=\"md-plain\">\"Te obiektywy doskonale oddaj\u0105 magi\u0119 rzymskich popo\u0142udni!\" <\/span><\/p>\n<p class=\"md-end-block md-p\"><span class=\"md-plain\">@StyleItalia (785K)<\/span> <span class=\"md-plain\">\"Najbardziej eleganckie niebieskie kontakty, jakie kiedykolwiek nosi\u0142em - czyste w\u0142oskie wyrafinowanie!\" <\/span><\/p>\n<p class=\"md-end-block md-p\"><span class=\"md-plain\">@EternalGlam (850 tys.)<\/span> <span class=\"md-plain\">\"Jak noszenie kawa\u0142ka \u015br\u00f3dziemnomorskiego nieba w oczach!\"<\/span><\/p>\n<h2 class=\"md-end-block md-heading\"><span class=\"md-plain\">Idealny dla \ud83c\udfaf<\/span><\/h2>\n<ul class=\"ul-list\" data-mark=\"*\">\n<li class=\"md-list-item\">\n<p class=\"md-end-block md-p\"><span class=\"md-plain\">Romantyczne wieczory<\/span><\/p>\n<\/li>\n<li class=\"md-list-item\">\n<p class=\"md-end-block md-p\"><span class=\"md-plain\">Letnie spotkania<\/span><\/p>\n<\/li>\n<li class=\"md-list-item\">\n<p class=\"md-end-block md-p\"><span class=\"md-plain\">\u015aluby docelowe<\/span><\/p>\n<\/li>\n<li class=\"md-list-item\">\n<p class=\"md-end-block md-p\"><span class=\"md-plain\">Wystawy sztuki<\/span><\/p>\n<\/li>\n<li class=\"md-list-item\">\n<p class=\"md-end-block md-p\"><span class=\"md-plain\">Eleganckie wieczory<\/span><\/p>\n<\/li>\n<li class=\"md-list-item\">\n<p class=\"md-end-block md-p\"><span class=\"md-plain\">Codzienne wyrafinowanie<\/span><\/p>\n<\/li>\n<\/ul>\n<h2 class=\"md-end-block md-heading\"><span class=\"md-plain\">Przewodnik po stylach \ud83d\udc57<\/span><\/h2>\n<p class=\"md-end-block md-p\"><span class=\"md-plain\">Pi\u0119knie komponuje si\u0119 z:<\/span><\/p>\n<ul class=\"ul-list\" data-mark=\"*\">\n<li class=\"md-list-item\">\n<p class=\"md-end-block md-p\"><span class=\"md-plain\">Klasyczne bia\u0142e stroje<\/span><\/p>\n<\/li>\n<li class=\"md-list-item\">\n<p class=\"md-end-block md-p\"><span class=\"md-plain\">Z\u0142ote akcesoria<\/span><\/p>\n<\/li>\n<li class=\"md-list-item\">\n<p class=\"md-end-block md-p\"><span class=\"md-plain\">\u015ar\u00f3dziemnomorskie nadruki<\/span><\/p>\n<\/li>\n<li class=\"md-list-item\">\n<p class=\"md-end-block md-p\"><span class=\"md-plain\">Sukienki inspirowane stylem rzymskim<\/span><\/p>\n<\/li>\n<li class=\"md-list-item\">\n<p class=\"md-end-block md-p\"><span class=\"md-plain\">Neutralna po\u015bciel<\/span><\/p>\n<\/li>\n<li class=\"md-list-item\">\n<p class=\"md-end-block md-p\"><span class=\"md-plain\">Elementy w stylu vintage<\/span><\/p>\n<\/li>\n<\/ul>\n<h2 class=\"md-end-block md-heading\"><span class=\"md-plain\">Cechy komfortu \u2705<\/span><\/h2>\n<ul class=\"ul-list\" data-mark=\"*\">\n<li class=\"md-list-item\">\n<p class=\"md-end-block md-p\"><span class=\"md-plain\">\u015ar\u00f3dziemnomorska uszczelka przeciwwilgociowa<\/span><\/p>\n<\/li>\n<li class=\"md-list-item\">\n<p class=\"md-end-block md-p\"><span class=\"md-plain\">Jedwabi\u015bcie g\u0142adki materia\u0142<\/span><\/p>\n<\/li>\n<li class=\"md-list-item\">\n<p class=\"md-end-block md-p\"><span class=\"md-plain\">Wyrafinowana konstrukcja kraw\u0119dzi<\/span><\/p>\n<\/li>\n<li class=\"md-list-item\">\n<p class=\"md-end-block md-p\"><span class=\"md-plain\">Naturalny ruch ga\u0142ek ocznych<\/span><\/p>\n<\/li>\n<li class=\"md-list-item\">\n<p class=\"md-end-block md-p\"><span class=\"md-plain\">Krystalicznie czysta wizja<\/span><\/p>\n<\/li>\n<li class=\"md-list-item\">\n<p class=\"md-end-block md-p\"><span class=\"md-plain\">Wyd\u0142u\u017cony komfort noszenia<\/span><\/p>\n<\/li>\n<\/ul>\n<h2 class=\"md-end-block md-heading\"><span class=\"md-plain\">Do\u015bwiadczenia u\u017cytkownik\u00f3w \ud83d\udde3\ufe0f<\/span><\/h2>\n<p class=\"md-end-block md-p\"><span class=\"md-plain\">\"Sprawiaj\u0105, \u017ce czuj\u0119 si\u0119 jak w\u0142oska bogini!\".<\/span><\/p>\n<p class=\"md-end-block md-p\"><span class=\"md-plain\">\"Idealne po\u0142\u0105czenie klasycznego i wsp\u00f3\u0142czesnego niebieskiego\".<\/span><\/p>\n<p class=\"md-end-block md-p\"><span class=\"md-plain\">\"Te soczewki przynosz\u0105 nieko\u0144cz\u0105ce si\u0119 komplementy\".<\/span><\/p>\n<h2 class=\"md-end-block md-heading\"><span class=\"md-plain\">Normy bezpiecze\u0144stwa \ud83d\udee1\ufe0f<\/span><\/h2>\n<ul class=\"ul-list\" data-mark=\"*\">\n<li class=\"md-list-item\">\n<p class=\"md-end-block md-p\"><span class=\"md-plain\">Certyfikat ISO<\/span><\/p>\n<\/li>\n<li class=\"md-list-item\">\n<p class=\"md-end-block md-p\"><span class=\"md-plain\">Zatwierdzony przez FDA<\/span><\/p>\n<\/li>\n<li class=\"md-list-item\">\n<p class=\"md-end-block md-p\"><span class=\"md-plain\">Materia\u0142y najwy\u017cszej jako\u015bci<\/span><\/p>\n<\/li>\n<li class=\"md-list-item\">\n<p class=\"md-end-block md-p\"><span class=\"md-plain\">Profesjonalny monta\u017c<\/span><\/p>\n<\/li>\n<li class=\"md-list-item\">\n<p class=\"md-end-block md-p\"><span class=\"md-plain\">Zalecane regularne badania kontrolne<\/span><\/p>\n<\/li>\n<li class=\"md-list-item\">\n<p class=\"md-end-block md-p\"><span class=\"md-plain\">Sterylne opakowanie<\/span><\/p>\n<\/li>\n<\/ul>\n<p class=\"md-end-block md-p\"><span class=\"md-plain\">Odmie\u0144 sw\u00f3j wygl\u0105d dzi\u0119ki soczewkom kontaktowym Rome Time Blue! Poczuj ponadczasowy urok \u015br\u00f3dziemnomorskiego pi\u0119kna i uchwy\u0107 esencj\u0119 rzymskiej elegancji w swoim spojrzeniu.<\/span><\/p>\n<p class=\"md-end-block md-p\"><span class=\"md-pair-s\"><em><span class=\"md-plain\">Profesjonalne dopasowanie zalecane dla uzyskania optymalnych rezultat\u00f3w.<\/span><\/em><\/span><\/p>\n<p class=\"md-end-block md-p md-focus\"><span class=\"md-plain md-expand\">#RomeTimeBlue #ItalianBeauty #ContactLenses<\/span><\/p>","protected":false},"excerpt":{"rendered":"<p>Rome Time Blue Contact Lenses: Mediterranean Azure Collection \ud83c\udf0a Design Inspiration \u2728 Inspired by the enchanting blue skies over Rome&#8217;s ancient monuments and the sparkling Mediterranean waters, these lenses capture the timeless beauty of Italy&#8217;s eternal city. The design features an intricate pattern that transitions from deep sapphire centers to lighter azure edges, reminiscent of [&#8230;]\n","protected":false},"featured_media":2277,"comment_status":"open","ping_status":"closed","template":"","meta":[],"product_brand":[],"product_cat":[90,75,188,158,98],"product_tag":[],"class_list":{"0":"post-2274","1":"product","2":"type-product","3":"status-publish","4":"has-post-thumbnail","6":"product_cat-14-0-mm","7":"product_cat-blue-contact-lenses","8":"product_cat-dream-contacts","9":"product_cat-enlarge-contacts","10":"product_cat-yearly-disposable","12":"first","13":"instock","14":"sale","15":"shipping-taxable","16":"purchasable","17":"product-type-variable","18":"has-default-attributes"},"_links":{"self":[{"href":"https:\/\/bqeye.com\/pl\/wp-json\/wp\/v2\/product\/2274","targetHints":{"allow":["GET"]}}],"collection":[{"href":"https:\/\/bqeye.com\/pl\/wp-json\/wp\/v2\/product"}],"about":[{"href":"https:\/\/bqeye.com\/pl\/wp-json\/wp\/v2\/types\/product"}],"replies":[{"embeddable":true,"href":"https:\/\/bqeye.com\/pl\/wp-json\/wp\/v2\/comments?post=2274"}],"wp:featuredmedia":[{"embeddable":true,"href":"https:\/\/bqeye.com\/pl\/wp-json\/wp\/v2\/media\/2277"}],"wp:attachment":[{"href":"https:\/\/bqeye.com\/pl\/wp-json\/wp\/v2\/media?parent=2274"}],"wp:term":[{"taxonomy":"product_brand","embeddable":true,"href":"https:\/\/bqeye.com\/pl\/wp-json\/wp\/v2\/product_brand?post=2274"},{"taxonomy":"product_cat","embeddable":true,"href":"https:\/\/bqeye.com\/pl\/wp-json\/wp\/v2\/product_cat?post=2274"},{"taxonomy":"product_tag","embeddable":true,"href":"https:\/\/bqeye.com\/pl\/wp-json\/wp\/v2\/product_tag?post=2274"}],"curies":[{"name":"wp","href":"https:\/\/api.w.org\/{rel}","templated":true}]}}