{"id":2311,"date":"2025-02-08T15:48:49","date_gmt":"2025-02-08T07:48:49","guid":{"rendered":"https:\/\/bqeye.com\/?post_type=product&#038;p=2311"},"modified":"2025-02-08T16:07:36","modified_gmt":"2025-02-08T08:07:36","slug":"punk-blue-colored-contacts","status":"publish","type":"product","link":"https:\/\/bqeye.com\/pl\/punk-blue-colored-contacts\/","title":{"rendered":"Kolorowe kontakty Punk Blue"},"content":{"rendered":"<h1 class=\"md-end-block md-heading\"><span class=\"md-plain md-expand\">Zmie\u0144 sw\u00f3j wygl\u0105d: Punk Blue Colored Contacts - Twoja brama do rewolucji w stylu Edgy<\/span><\/h1>\n<h2 class=\"md-end-block md-heading\"><span class=\"md-plain\">Buntowniczy duch stoj\u0105cy za niebieskimi kontaktami Punk<\/span><\/h2>\n<p class=\"md-end-block md-p\"><span class=\"md-plain\">Po\u0142\u0105czenie punkowej estetyki i elektryzuj\u0105cych niebieskich odcieni tworzy wyraz, kt\u00f3rego nie spos\u00f3b zignorowa\u0107. Te kolorowe soczewki kontaktowe czerpi\u0105 inspiracj\u0119 z surowej energii ruchu punkowego w po\u0142\u0105czeniu z eterycznym pi\u0119knem p\u00f3\u0142nocnych g\u0142\u0119bin oceanu. Elektryczny niebieski odcie\u0144 reprezentuje bunt, wolno\u015b\u0107 i wyra\u017canie siebie - podstawowe warto\u015bci, kt\u00f3re rezonuj\u0105 z duchem punka. Niczym b\u0142yskawica na burzowym niebie, te soczewki tworz\u0105 elektryzuj\u0105ce spojrzenie, kt\u00f3re przyci\u0105ga uwag\u0119 i \u0142amie konwencjonalne standardy pi\u0119kna.<\/span><\/p>\n<p class=\"md-end-block md-p\"><span class=\"md-plain\">Projektanci zaczerpn\u0119li wskaz\u00f3wki z kultowych element\u00f3w mody punkowej, w\u0142\u0105czaj\u0105c odwa\u017cn\u0105, nieskr\u0119powan\u0105 postaw\u0119, kt\u00f3ra zdefiniowa\u0142a epok\u0119. Wybrany odcie\u0144 niebieskiego odzwierciedla energi\u0119 ok\u0142adek punkowych album\u00f3w i neonowych \u015bwiate\u0142 podziemnych klub\u00f3w, tworz\u0105c idealn\u0105 harmoni\u0119 mi\u0119dzy ostrym stylem a nowoczesn\u0105 wra\u017cliwo\u015bci\u0105 modow\u0105.<\/span><\/p>\n<h2 class=\"md-end-block md-heading\"><span class=\"md-plain\">Influencer Spotlights \ud83c\udfad<\/span><\/h2>\n<ul class=\"ul-list\" data-mark=\"-\">\n<li class=\"md-list-item\">\n<p class=\"md-end-block md-p\"><span class=\"md-plain\">@PunkPrincess_Maya (2,1 mln obserwuj\u0105cych): \"Te punkowe niebieskie kolorowe kontakty ca\u0142kowicie odmieni\u0142y m\u00f3j cyberpunkowy cosplayowy look! Intensywno\u015b\u0107 jest dok\u0142adnie tym, czego potrzebowa\u0142am! \ud83e\udd18\"<\/span><\/p>\n<\/li>\n<li class=\"md-list-item\">\n<p class=\"md-end-block md-p\"><span class=\"md-plain\">@AlternativeBeauty_Sam (890 tys. obserwuj\u0105cych): \"W ko\u0144cu znalaz\u0142em kolorowe kontakty, kt\u00f3re idealnie pasuj\u0105 do mojej punkowej estetyki! S\u0105 wystarczaj\u0105co wygodne do noszenia przez ca\u0142y dzie\u0144 na festiwalach muzycznych \ud83d\udc99\"<\/span><\/p>\n<\/li>\n<li class=\"md-list-item\">\n<p class=\"md-end-block md-p\"><span class=\"md-plain\">@CosplayQueen_Jenna (1,5 mln obserwuj\u0105cych): \"Te kolorowe soczewki to moja tajna bro\u0144 do tworzenia intensywnych, nieziemskich stylizacji. Idealne zar\u00f3wno do subtelnych, jak i dramatycznych transformacji! \u2728\"<\/span><\/p>\n<\/li>\n<\/ul>\n<h2 class=\"md-end-block md-heading\"><span class=\"md-plain\">Rzeczywiste do\u015bwiadczenia u\u017cytkownik\u00f3w<\/span><\/h2>\n<p class=\"md-end-block md-p\"><span class=\"md-plain\">\"Za\u0142o\u017cy\u0142am je na koncert punk rockowy i czu\u0142am si\u0119 w pe\u0142ni sob\u0105. Niebieski jest intensywny, ale nie wygl\u0105da sztucznie\". - Alex, fotograf muzyczny<\/span><\/p>\n<p class=\"md-end-block md-p\"><span class=\"md-plain\">\"Te kolorowe soczewki wytrzyma\u0142y ca\u0142y dzie\u0144 sesji zdj\u0119ciowych. \u017badnych podra\u017cnie\u0144, czysta punkowa perfekcja\". - Marina, blogerka modowa<\/span><\/p>\n<p class=\"md-end-block md-p\"><span class=\"md-plain\">\"Niebieski odcie\u0144 jest dok\u0142adnie tym, czego potrzebowa\u0142am do mojego alternatywnego stylu. Wygl\u0105daj\u0105 zaskakuj\u0105co naturalnie, mimo \u017ce s\u0105 tak odwa\u017cne\". - James, wiza\u017cysta<\/span><\/p>\n<h2 class=\"md-end-block md-heading\"><span class=\"md-plain\">Komfort \u0142\u0105czy si\u0119 z bezpiecze\u0144stwem<\/span><\/h2>\n<p class=\"md-end-block md-p\"><span class=\"md-plain\">Te niebieskie soczewki kontaktowe zosta\u0142y poddane rygorystycznym testom i posiadaj\u0105 wszystkie niezb\u0119dne certyfikaty bezpiecze\u0144stwa od wiod\u0105cych organ\u00f3w regulacyjnych. Zaawansowany oddychaj\u0105cy materia\u0142 zapewnia komfort oczu przez ca\u0142y dzie\u0144, a precyzyjna konstrukcja gwarantuje bezpieczne dopasowanie, kt\u00f3re porusza si\u0119 naturalnie wraz z okiem.<\/span><\/p>\n<p class=\"md-end-block md-p\"><span class=\"md-plain\">Styki maj\u0105 wyj\u0105tkowo g\u0142adk\u0105 powierzchni\u0119, kt\u00f3ra zapobiega podra\u017cnieniom podczas d\u0142ugotrwa\u0142ego noszenia, dzi\u0119ki czemu idealnie nadaj\u0105 si\u0119 na koncerty, sesje zdj\u0119ciowe lub do codziennego noszenia. Ka\u017cda para jest indywidualnie sprawdzana w celu zapewnienia najwy\u017cszych standard\u00f3w jako\u015bci.<\/span><\/p>\n<h2 class=\"md-end-block md-heading\"><span class=\"md-plain\">Zmie\u0144 sw\u00f3j wygl\u0105d ju\u017c dzi\u015b<\/span><\/h2>\n<p class=\"md-end-block md-p\"><span class=\"md-plain\">Gotowy, by wcieli\u0107 si\u0119 w posta\u0107 punkowego buntownika? Te niebieskie soczewki kontaktowe s\u0105 przepustk\u0105 do natychmiastowej transformacji stylu. Niezale\u017cnie od tego, czy tworzysz idealny wygl\u0105d cosplay, wybierasz si\u0119 na festiwal muzyczny, czy po prostu chcesz wyr\u00f3\u017cni\u0107 si\u0119 z t\u0142umu, te kontakty zapewniaj\u0105 idealne po\u0142\u0105czenie komfortu i dramatycznego efektu.<\/span><\/p>\n<p class=\"md-end-block md-p\"><span class=\"md-plain\">Do\u0142\u0105cz do rewolucji wyra\u017cania siebie i odkryj, jak te punkowe niebieskie soczewki kontaktowe mog\u0105 wzmocni\u0107 Tw\u00f3j alternatywny styl. Twoje oczy opowiadaj\u0105 Twoj\u0105 histori\u0119 - uczy\u0144 j\u0105 niezapomnian\u0105 dzi\u0119ki spojrzeniu, kt\u00f3re jest zar\u00f3wno odwa\u017cne, jak i pi\u0119kne. Dzi\u0119ki tym kolorowym soczewkom kontaktowym nie tylko zmieniasz kolor oczu; sk\u0142adasz o\u015bwiadczenie o tym, kim jeste\u015b i kim masz odwag\u0119 si\u0119 sta\u0107.<\/span><\/p>\n<p class=\"md-end-block md-p md-focus\"><span class=\"md-plain md-expand\">Nie czekaj, aby uwolni\u0107 swojego wewn\u0119trznego buntownika. Do\u015bwiadcz idealnego po\u0142\u0105czenia punkowej postawy i wsp\u00f3\u0142czesnego komfortu dzi\u0119ki tym rewolucyjnym niebieskim kontaktom. Tw\u00f3j kolejny legendarny wygl\u0105d czeka!<\/span><\/p>","protected":false},"excerpt":{"rendered":"<p>Transform Your Look: Punk Blue Colored Contacts &#8211; Your Gateway to Edgy Style Revolution The Rebellious Spirit Behind Punk Blue Colored Contacts The fusion of punk aesthetics and electric blue hues creates a statement that&#8217;s impossible to ignore. These colored contacts draw inspiration from the raw energy of the punk movement, combined with the ethereal [&#8230;]\n","protected":false},"featured_media":2313,"comment_status":"open","ping_status":"closed","template":"","meta":[],"product_brand":[],"product_cat":[381,92,75,98],"product_tag":[],"class_list":{"0":"post-2311","1":"product","2":"type-product","3":"status-publish","4":"has-post-thumbnail","6":"product_cat-punk-series-colored-contacts","7":"product_cat-14-5-mm","8":"product_cat-blue-contact-lenses","9":"product_cat-yearly-disposable","11":"first","12":"instock","13":"sale","14":"shipping-taxable","15":"purchasable","16":"product-type-variable","17":"has-default-attributes"},"_links":{"self":[{"href":"https:\/\/bqeye.com\/pl\/wp-json\/wp\/v2\/product\/2311","targetHints":{"allow":["GET"]}}],"collection":[{"href":"https:\/\/bqeye.com\/pl\/wp-json\/wp\/v2\/product"}],"about":[{"href":"https:\/\/bqeye.com\/pl\/wp-json\/wp\/v2\/types\/product"}],"replies":[{"embeddable":true,"href":"https:\/\/bqeye.com\/pl\/wp-json\/wp\/v2\/comments?post=2311"}],"wp:featuredmedia":[{"embeddable":true,"href":"https:\/\/bqeye.com\/pl\/wp-json\/wp\/v2\/media\/2313"}],"wp:attachment":[{"href":"https:\/\/bqeye.com\/pl\/wp-json\/wp\/v2\/media?parent=2311"}],"wp:term":[{"taxonomy":"product_brand","embeddable":true,"href":"https:\/\/bqeye.com\/pl\/wp-json\/wp\/v2\/product_brand?post=2311"},{"taxonomy":"product_cat","embeddable":true,"href":"https:\/\/bqeye.com\/pl\/wp-json\/wp\/v2\/product_cat?post=2311"},{"taxonomy":"product_tag","embeddable":true,"href":"https:\/\/bqeye.com\/pl\/wp-json\/wp\/v2\/product_tag?post=2311"}],"curies":[{"name":"wp","href":"https:\/\/api.w.org\/{rel}","templated":true}]}}