{"id":2320,"date":"2025-02-12T21:06:37","date_gmt":"2025-02-12T13:06:37","guid":{"rendered":"https:\/\/bqeye.com\/?post_type=product&#038;p=2320"},"modified":"2025-02-12T21:18:59","modified_gmt":"2025-02-12T13:18:59","slug":"diamond-dust-grey-contact-lenses","status":"publish","type":"product","link":"https:\/\/bqeye.com\/pl\/diamond-dust-grey-contact-lenses\/","title":{"rendered":"Soczewki kontaktowe Diamond Dust Grey"},"content":{"rendered":"<h1 class=\"md-end-block md-heading\"><span class=\"md-plain md-expand\">Soczewki kontaktowe Diamond Dust Grey: Zachwy\u0107 krystaliczn\u0105 elegancj\u0105 \u2728<\/span><\/h1>\n<h2 class=\"md-end-block md-heading\"><span class=\"md-plain\">Inspiracje projektowe i znaczenie kolor\u00f3w<\/span><\/h2>\n<p class=\"md-end-block md-p\"><span class=\"md-plain\">Zainspirowane eterycznym blaskiem diamentowego py\u0142u \u0142api\u0105cego zimowe \u015bwiat\u0142o, soczewki te przekszta\u0142caj\u0105 zwyk\u0142e oczy w hipnotyzuj\u0105ce klejnoty. Unikalna konstrukcja ma wyrafinowan\u0105 szar\u0105 baz\u0119 nasycon\u0105 mikroskopijnymi cz\u0105steczkami odbijaj\u0105cymi \u015bwiat\u0142o, tworz\u0105c subtelny blask, kt\u00f3ry na\u015bladuje rozproszone fragmenty diamentu.<\/span><\/p>\n<p class=\"md-end-block md-p\"><span class=\"md-plain\">Ka\u017cda soczewka jest wykonana z wielu warstw o r\u00f3\u017cnych odcieniach szaro\u015bci, od per\u0142owo-szarego po g\u0142\u0119bsze odcienie \u0142upk\u00f3w. Krystaliczny wz\u00f3r tworzy tr\u00f3jwymiarowy efekt, kt\u00f3ry pi\u0119knie zmienia si\u0119 w r\u00f3\u017cnych warunkach o\u015bwietleniowych, podobnie jak prawdziwe diamenty \u0142api\u0105ce i odbijaj\u0105ce \u015bwiat\u0142o pod ka\u017cdym k\u0105tem.<\/span><\/p>\n<p class=\"md-end-block md-p\"><span class=\"md-plain\">Charakterystyczny wz\u00f3r iskier jest strategicznie rozmieszczony, aby wzmocni\u0107 naturalny ruch oka, zapewniaj\u0105c, \u017ce diamentowy blask wydaje si\u0119 organiczny i urzekaj\u0105cy, a nie sztuczny. Idealny dla os\u00f3b poszukuj\u0105cych wyrafinowanego wzmocnienia, kt\u00f3re zachowuje naturalne pi\u0119kno, dodaj\u0105c jednocze\u015bnie odrobin\u0119 luksusu.<\/span><\/p>\n<h2 class=\"md-end-block md-heading\"><span class=\"md-plain\">Recenzje influencer\u00f3w<\/span><\/h2>\n<p class=\"md-end-block md-p\"><span class=\"md-plain\">@CrystalGlow (1,5 mln obserwuj\u0105cych)<\/span><\/p>\n<blockquote>\n<p class=\"md-end-block md-p\"><span class=\"md-plain\">\"Te soczewki s\u0105 wszystkim! Efekt diamentu jest subtelny, ale osza\u0142amiaj\u0105cy - idealny dla moich luksusowych tre\u015bci! \ud83d\udc8e\"<\/span><\/p>\n<\/blockquote>\n<p class=\"md-end-block md-p\"><span class=\"md-plain\">@BeautyInsider (980 tys. obserwuj\u0105cych)<\/span><\/p>\n<blockquote>\n<p class=\"md-end-block md-p\"><span class=\"md-plain\">\"Wreszcie szare soczewki, kt\u00f3re faktycznie naturalnie b\u0142yszcz\u0105! M\u00f3j wyb\u00f3r zar\u00f3wno na co dzie\u0144, jak i na specjalne okazje \u2728\"<\/span><\/p>\n<\/blockquote>\n<p class=\"md-end-block md-p\"><span class=\"md-plain\">@GlamLifeDaily (750 tys. obserwuj\u0105cych)<\/span><\/p>\n<blockquote>\n<p class=\"md-end-block md-p\"><span class=\"md-plain\">\"Spos\u00f3b, w jaki \u0142api\u0105 \u015bwiat\u0142o, jest absolutnie magiczny! Najlepsza inwestycja dla moich tre\u015bci kosmetycznych \ud83d\udcab\"<\/span><\/p>\n<\/blockquote>\n<h2 class=\"md-end-block md-heading\"><span class=\"md-plain\">Do\u015bwiadczenia u\u017cytkownik\u00f3w<\/span><\/h2>\n<blockquote>\n<p class=\"md-end-block md-p\"><span class=\"md-plain\">\"Nosi\u0142am je do \u015blubnych sesji zdj\u0119ciowych, a efekt iskrzenia dodaje tak eterycznej jako\u015bci zdj\u0119ciom \u015blubnym\".<\/span><\/p>\n<\/blockquote>\n<ul class=\"ul-list\" data-mark=\"-\">\n<li class=\"md-list-item\">\n<p class=\"md-end-block md-p\"><span class=\"md-plain\">Emma Roberts (profesjonalny fotograf)<\/span><\/p>\n<\/li>\n<\/ul>\n<blockquote>\n<p class=\"md-end-block md-p\"><span class=\"md-plain\">\"Poziom komfortu jest niesamowity - mog\u0119 nosi\u0107 je przez ca\u0142y dzie\u0144 na imprezach bez \u017cadnych podra\u017cnie\u0144\".<\/span><\/p>\n<\/blockquote>\n<ul class=\"ul-list\" data-mark=\"-\">\n<li class=\"md-list-item\">\n<p class=\"md-end-block md-p\"><span class=\"md-plain\">Michelle Zhang (Event Planner)<\/span><\/p>\n<\/li>\n<\/ul>\n<blockquote>\n<p class=\"md-end-block md-p\"><span class=\"md-plain\">\"Pi\u0119knie fotografuj\u0105 zar\u00f3wno w naturalnym, jak i studyjnym o\u015bwietleniu. Efekt iskrzenia jest subtelny, ale zauwa\u017calny\".<\/span><\/p>\n<\/blockquote>\n<ul class=\"ul-list\" data-mark=\"-\">\n<li class=\"md-list-item\">\n<p class=\"md-end-block md-p\"><span class=\"md-plain\">Kate Anderson (modelka)<\/span><\/p>\n<\/li>\n<\/ul>\n<h2 class=\"md-end-block md-heading\"><span class=\"md-plain\">Komfort i bezpiecze\u0144stwo<\/span><\/h2>\n<p class=\"md-end-block md-p\"><span class=\"md-plain\">Wyprodukowany zgodnie z najwy\u017cszymi standardami jako\u015bci:<\/span><\/p>\n<ul class=\"ul-list\" data-mark=\"-\">\n<li class=\"md-list-item\">\n<p class=\"md-end-block md-p\"><span class=\"md-plain\">Zaawansowana technologia hydro\u017celowa<\/span><\/p>\n<\/li>\n<li class=\"md-list-item\">\n<p class=\"md-end-block md-p\"><span class=\"md-plain\">Zwi\u0119kszona przepuszczalno\u015b\u0107 tlenu<\/span><\/p>\n<\/li>\n<li class=\"md-list-item\">\n<p class=\"md-end-block md-p\"><span class=\"md-plain\">G\u0142adkie kraw\u0119dzie dla maksymalnego komfortu<\/span><\/p>\n<\/li>\n<li class=\"md-list-item\">\n<p class=\"md-end-block md-p\"><span class=\"md-plain\">Materia\u0142y zatwierdzone przez FDA<\/span><\/p>\n<\/li>\n<\/ul>\n<h2 class=\"md-end-block md-heading\"><span class=\"md-plain\">Do\u015bwiadczenie Diamond Dust<\/span><\/h2>\n<p class=\"md-end-block md-p\"><span class=\"md-plain\">Ka\u017cda para zapewnia:<\/span><\/p>\n<ul class=\"ul-list\" data-mark=\"-\">\n<li class=\"md-list-item\">\n<p class=\"md-end-block md-p\"><span class=\"md-plain\">Naturalnie wygl\u0105daj\u0105cy efekt krystaliczny<\/span><\/p>\n<\/li>\n<li class=\"md-list-item\">\n<p class=\"md-end-block md-p\"><span class=\"md-plain\">P\u0142ynne przej\u015bcie kolor\u00f3w<\/span><\/p>\n<\/li>\n<li class=\"md-list-item\">\n<p class=\"md-end-block md-p\"><span class=\"md-plain\">Komfort noszenia przez ca\u0142y dzie\u0144<\/span><\/p>\n<\/li>\n<li class=\"md-list-item\">\n<p class=\"md-end-block md-p\"><span class=\"md-plain\">\u0141atwa konserwacja<\/span><\/p>\n<\/li>\n<li class=\"md-list-item\">\n<p class=\"md-end-block md-p\"><span class=\"md-plain\">Stabilna intensywno\u015b\u0107 kolor\u00f3w<\/span><\/p>\n<\/li>\n<li class=\"md-list-item\">\n<p class=\"md-end-block md-p\"><span class=\"md-plain\">Krystalicznie czysty obraz<\/span><\/p>\n<\/li>\n<\/ul>\n<h2 class=\"md-end-block md-heading\"><span class=\"md-plain\">Odmie\u0144 sw\u00f3j wygl\u0105d ju\u017c dzi\u015b!<\/span><\/h2>\n<p class=\"md-end-block md-p\"><span class=\"md-plain\">Wkrocz do \u015bwiata wyrafinowanego blasku dzi\u0119ki soczewkom Diamond Dust Grey. Idealne dla:<\/span><\/p>\n<ul class=\"ul-list\" data-mark=\"-\">\n<li class=\"md-list-item\">\n<p class=\"md-end-block md-p\"><span class=\"md-plain\">Specjalne okazje<\/span><\/p>\n<\/li>\n<li class=\"md-list-item\">\n<p class=\"md-end-block md-p\"><span class=\"md-plain\">Profesjonalne sesje zdj\u0119ciowe<\/span><\/p>\n<\/li>\n<li class=\"md-list-item\">\n<p class=\"md-end-block md-p\"><span class=\"md-plain\">Elegancja na co dzie\u0144<\/span><\/p>\n<\/li>\n<li class=\"md-list-item\">\n<p class=\"md-end-block md-p\"><span class=\"md-plain\">Tre\u015bci w mediach spo\u0142eczno\u015bciowych<\/span><\/p>\n<\/li>\n<li class=\"md-list-item\">\n<p class=\"md-end-block md-p\"><span class=\"md-plain\">Wydarzenia formalne<\/span><\/p>\n<\/li>\n<\/ul>\n<p class=\"md-end-block md-p\"><span class=\"md-plain\">Do\u015bwiadcz idealnej r\u00f3wnowagi subtelnego wzmocnienia i osza\u0142amiaj\u0105cego efektu. Niech Twoje oczy zal\u015bni\u0105 ponadczasowym pi\u0119knem diamentowego py\u0142u! \u2728<\/span><\/p>\n<p class=\"md-end-block md-p\"><span class=\"md-plain\">Pami\u0119taj, \u017ce prawdziwy luksus tkwi w szczeg\u00f3\u0142ach - spraw, aby Twoje oczy sta\u0142y si\u0119 centralnym punktem Twojego wygl\u0105du dzi\u0119ki tym wyj\u0105tkowym soczewkom. Twoja diamentowa transformacja czeka! \ud83d\udc8e<\/span><\/p>\n<p class=\"md-end-block md-p md-focus\">#<span class=\"md-plain md-expand\">DiamondDustLenses #GreyContactLenses #LuxuryBeauty #EyeEnhancement #GlamourLenses<\/span><\/p>","protected":false},"excerpt":{"rendered":"<p>Diamond Dust Grey Contact Lenses: Captivate with Crystalline Elegance \u2728 Design Inspiration &amp; Color Significance Inspired by the ethereal shimmer of diamond dust catching winter light, these lenses transform ordinary eyes into mesmerizing jewels. The unique design features a sophisticated grey base infused with microscopic light-reflecting particles, creating a subtle sparkle that mimics scattered diamond [&#8230;]\n","protected":false},"featured_media":2322,"comment_status":"open","ping_status":"closed","template":"","meta":[],"product_brand":[],"product_cat":[81,92,188,158,204,98],"product_tag":[],"class_list":{"0":"post-2320","1":"product","2":"type-product","3":"status-publish","4":"has-post-thumbnail","6":"product_cat-grey-contact-lenses","7":"product_cat-14-5-mm","8":"product_cat-dream-contacts","9":"product_cat-enlarge-contacts","10":"product_cat-party-contacts","11":"product_cat-yearly-disposable","13":"first","14":"instock","15":"sale","16":"shipping-taxable","17":"purchasable","18":"product-type-variable","19":"has-default-attributes"},"_links":{"self":[{"href":"https:\/\/bqeye.com\/pl\/wp-json\/wp\/v2\/product\/2320","targetHints":{"allow":["GET"]}}],"collection":[{"href":"https:\/\/bqeye.com\/pl\/wp-json\/wp\/v2\/product"}],"about":[{"href":"https:\/\/bqeye.com\/pl\/wp-json\/wp\/v2\/types\/product"}],"replies":[{"embeddable":true,"href":"https:\/\/bqeye.com\/pl\/wp-json\/wp\/v2\/comments?post=2320"}],"wp:featuredmedia":[{"embeddable":true,"href":"https:\/\/bqeye.com\/pl\/wp-json\/wp\/v2\/media\/2322"}],"wp:attachment":[{"href":"https:\/\/bqeye.com\/pl\/wp-json\/wp\/v2\/media?parent=2320"}],"wp:term":[{"taxonomy":"product_brand","embeddable":true,"href":"https:\/\/bqeye.com\/pl\/wp-json\/wp\/v2\/product_brand?post=2320"},{"taxonomy":"product_cat","embeddable":true,"href":"https:\/\/bqeye.com\/pl\/wp-json\/wp\/v2\/product_cat?post=2320"},{"taxonomy":"product_tag","embeddable":true,"href":"https:\/\/bqeye.com\/pl\/wp-json\/wp\/v2\/product_tag?post=2320"}],"curies":[{"name":"wp","href":"https:\/\/api.w.org\/{rel}","templated":true}]}}