{"id":2324,"date":"2025-02-12T21:32:26","date_gmt":"2025-02-12T13:32:26","guid":{"rendered":"https:\/\/bqeye.com\/?post_type=product&#038;p=2324"},"modified":"2025-02-12T21:35:05","modified_gmt":"2025-02-12T13:35:05","slug":"stardust-mirage-grey-contact-lenses","status":"publish","type":"product","link":"https:\/\/bqeye.com\/pl\/stardust-mirage-grey-contact-lenses\/","title":{"rendered":"Soczewki kontaktowe Stardust Mirage Grey"},"content":{"rendered":"<h1 class=\"md-end-block md-heading\"><span class=\"md-plain md-expand\">Soczewki kontaktowe Stardust Mirage Grey: Stw\u00f3rz w\u0142asn\u0105 galaktyk\u0119 pi\u0119kna \u2728<\/span><\/h1>\n<p class=\"md-end-block md-p\"><span class=\"md-plain\">Przygotuj si\u0119 na podniesienie poziomu swojej gry oczu! Te szare soczewki kontaktowe Stardust Mirage to nie tylko kolejny dodatek do urody - to Twoja przepustka do wirusowego, nieziemskiego spojrzenia, o kt\u00f3rym wszyscy m\u00f3wi\u0105!<\/span><\/p>\n<h2 class=\"md-end-block md-heading\"><span class=\"md-plain\">Design Magic &amp; Color Story<\/span><\/h2>\n<p class=\"md-end-block md-p\"><span class=\"md-plain\">Zamknij oczy i wyobra\u017a sobie najbardziej czaruj\u0105c\u0105 galaktyk\u0119, jak\u0105 kiedykolwiek widzia\u0142e\u015b - to w\u0142a\u015bnie st\u0105d te magiczne szare soczewki kontaktowe czerpi\u0105 inspiracj\u0119! Projektanci wykorzystali hipnotyzuj\u0105cy taniec gwiezdnego py\u0142u na nocnym niebie i przekszta\u0142cili go w sztuk\u0119 do noszenia. Rezultat? Rewolucyjne szare soczewki kontaktowe, kt\u00f3re dos\u0142ownie robi\u0105 furor\u0119 w mediach spo\u0142eczno\u015bciowych!<\/span><\/p>\n<p class=\"md-end-block md-p\"><span class=\"md-plain\">Geniusz tkwi w skomplikowanym wzorze, kt\u00f3ry na\u015bladuje zjawiska kosmiczne. Wyobra\u017a to sobie: baza z eterycznej jasnej szaro\u015bci, kt\u00f3ra przekszta\u0142ca si\u0119 w g\u0142\u0119bsze, tajemnicze odcienie, tworz\u0105c iluzj\u0119 niesko\u0144czonej g\u0142\u0119bi. Unikalny wz\u00f3r Stardust Mirage zawiera subtelne opalizuj\u0105ce elementy, kt\u00f3re \u0142api\u0105 i odbijaj\u0105 \u015bwiat\u0142o, podobnie jak prawdziwy gwiezdny py\u0142 rozsypany po nocnym niebie. Ka\u017cda szara soczewka kontaktowa jest starannie wykonana z wielowymiarowym efektem, kt\u00f3ry sprawia, \u017ce oczy wygl\u0105daj\u0105, jakby zawiera\u0142y ca\u0142e wszech\u015bwiaty!<\/span><\/p>\n<p class=\"md-end-block md-p\"><span class=\"md-plain\">To, co wyr\u00f3\u017cnia te szare soczewki kontaktowe, to ich zdolno\u015b\u0107 do tworzenia r\u00f3\u017cnych efekt\u00f3w podczas ruchu. W naturalnym \u015bwietle wydzielaj\u0105 delikatny, marzycielski po\u0142ysk. W sztucznym o\u015bwietleniu przekszta\u0142caj\u0105 si\u0119 w co\u015b bardziej dramatycznego - jak ogl\u0105danie gwiazd o\u017cywaj\u0105cych na wieczornym niebie. Wz\u00f3r harmonijnie wsp\u00f3\u0142gra z naturalnym wzorem t\u0119cz\u00f3wki, tworz\u0105c wygl\u0105d, kt\u00f3ry jest zar\u00f3wno dramatyczny, jak i wiarygodnie pi\u0119kny.<\/span><\/p>\n<h2 class=\"md-end-block md-heading\"><span class=\"md-plain\">\u2b50 Influencer Raves<\/span><\/h2>\n<p class=\"md-end-block md-p\"><span class=\"md-plain\">@CosmicBeauty (1,7 mln obserwuj\u0105cych)<\/span><\/p>\n<blockquote>\n<p class=\"md-end-block md-p\"><span class=\"md-plain\">\"Te szare soczewki Stardust Mirage s\u0105 NIESAMOWITE! Daj\u0105 mi ten eteryczny klimat, kt\u00f3rego zawsze pragn\u0119\u0142am. Moje zaanga\u017cowanie dos\u0142ownie si\u0119 podwoi\u0142o, odk\u0105d zacz\u0105\u0142em je nosi\u0107! \ud83c\udf1f\"<\/span><\/p>\n<\/blockquote>\n<p class=\"md-end-block md-p\"><span class=\"md-plain\">@GalaxyGlam (980 tys. obserwuj\u0105cych)<\/span><\/p>\n<blockquote>\n<p class=\"md-end-block md-p\"><span class=\"md-plain\">\"Znalaz\u0142em sw\u00f3j charakterystyczny wygl\u0105d oczu! Te szare soczewki kontaktowe s\u0105 idealne zar\u00f3wno do noszenia na co dzie\u0144, jak i na specjalne chwile z kosmiczn\u0105 kr\u00f3low\u0105! \u2728\"<\/span><\/p>\n<\/blockquote>\n<p class=\"md-end-block md-p\"><span class=\"md-plain\">@StardustQueen (850 tys. obserwuj\u0105cych)<\/span><\/p>\n<blockquote>\n<p class=\"md-end-block md-p\"><span class=\"md-plain\">\"Spos\u00f3b, w jaki te szare soczewki kontaktowe \u0142api\u0105 \u015bwiat\u0142o jest NIESAMOWITY! Moi obserwatorzy maj\u0105 obsesj\u0119, ja te\u017c! \ud83d\udcab\"<\/span><\/p>\n<\/blockquote>\n<h2 class=\"md-end-block md-heading\"><span class=\"md-plain\">Prawdziwe historie od mi\u0142o\u015bnik\u00f3w gwiezdnego py\u0142u<\/span><\/h2>\n<p class=\"md-end-block md-p\"><span class=\"md-plain\">\"Te obiektywy odmieni\u0142y moje sesje redakcyjne! Subtelne zmiany odcieni szaro\u015bci tworz\u0105 niesamowit\u0105 g\u0142\u0119bi\u0119 na zdj\u0119ciach\".<\/span><\/p>\n<ul class=\"ul-list\" data-mark=\"-\">\n<li class=\"md-list-item\">\n<p class=\"md-end-block md-p\"><span class=\"md-plain\">Luna Park, fotograf mody<\/span><\/p>\n<\/li>\n<\/ul>\n<p class=\"md-end-block md-p\"><span class=\"md-plain\">\"Idealne do moich materia\u0142\u00f3w o tematyce niebieskiej! S\u0105 wystarczaj\u0105co wygodne na d\u0142ugie sesje filmowe i wygl\u0105daj\u0105 niesamowicie w kamerze\".<\/span><\/p>\n<ul class=\"ul-list\" data-mark=\"-\">\n<li class=\"md-list-item\">\n<p class=\"md-end-block md-p\"><span class=\"md-plain\">Stella Chen, tw\u00f3rczyni tre\u015bci<\/span><\/p>\n<\/li>\n<\/ul>\n<p class=\"md-end-block md-p\"><span class=\"md-plain\">\"Daj\u0105 mi idealne po\u0142\u0105czenie tajemniczo\u015bci i elegancji. Otrzymuj\u0119 komplementy, gdziekolwiek si\u0119 pojawi\u0119!\"<\/span><\/p>\n<ul class=\"ul-list\" data-mark=\"-\">\n<li class=\"md-list-item\">\n<p class=\"md-end-block md-p\"><span class=\"md-plain\">Aurora James, makija\u017cystka<\/span><\/p>\n<\/li>\n<\/ul>\n<h2 class=\"md-end-block md-heading\"><span class=\"md-plain\">Komfort, kt\u00f3ry jest nie z tego \u015bwiata<\/span><\/h2>\n<p class=\"md-end-block md-p\"><span class=\"md-plain\">Wiemy, \u017ce Twoje oczy s\u0105 cenne! Soczewki te posiadaj\u0105 wszystkie niezb\u0119dne certyfikaty bezpiecze\u0144stwa i zosta\u0142y zaprojektowane z wykorzystaniem zaawansowanej technologii komfortu. Wyj\u0105tkowo g\u0142adkie kraw\u0119dzie zapewniaj\u0105 komfort noszenia od \u015bwitu do zmierzchu!<\/span><\/p>\n<h2 class=\"md-end-block md-heading\"><span class=\"md-plain\">Idealny na ka\u017cd\u0105 okazj\u0119<\/span><\/h2>\n<p class=\"md-end-block md-p\"><span class=\"md-plain\">Sprawd\u017a te szare styki Stardust Mirage dla:<\/span><\/p>\n<ul class=\"ul-list\" data-mark=\"-\">\n<li class=\"md-list-item\">\n<p class=\"md-end-block md-p\"><span class=\"md-plain\">Tworzenie tre\u015bci w mediach spo\u0142eczno\u015bciowych<\/span><\/p>\n<\/li>\n<li class=\"md-list-item\">\n<p class=\"md-end-block md-p\"><span class=\"md-plain\">Specjalne wydarzenia i imprezy<\/span><\/p>\n<\/li>\n<li class=\"md-list-item\">\n<p class=\"md-end-block md-p\"><span class=\"md-plain\">Profesjonalne sesje zdj\u0119ciowe<\/span><\/p>\n<\/li>\n<li class=\"md-list-item\">\n<p class=\"md-end-block md-p\"><span class=\"md-plain\">Codzienny czaruj\u0105cy wygl\u0105d<\/span><\/p>\n<\/li>\n<li class=\"md-list-item\">\n<p class=\"md-end-block md-p\"><span class=\"md-plain\">Wieczorny blask<\/span><\/p>\n<\/li>\n<li class=\"md-list-item\">\n<p class=\"md-end-block md-p\"><span class=\"md-plain\">Kreatywne projekty<\/span><\/p>\n<\/li>\n<\/ul>\n<h2 class=\"md-end-block md-heading\"><span class=\"md-plain\">Do\u015bwiadczenie Stardust<\/span><\/h2>\n<p class=\"md-end-block md-p\"><span class=\"md-plain\">Zmie\u0144 sw\u00f3j wygl\u0105d dzi\u0119ki:<\/span><\/p>\n<ul class=\"ul-list\" data-mark=\"-\">\n<li class=\"md-list-item\">\n<p class=\"md-end-block md-p\"><span class=\"md-plain\">Eteryczne efekty przyci\u0105gaj\u0105ce \u015bwiat\u0142o<\/span><\/p>\n<\/li>\n<li class=\"md-list-item\">\n<p class=\"md-end-block md-p\"><span class=\"md-plain\">Naturalnie wygl\u0105daj\u0105ce ulepszenie<\/span><\/p>\n<\/li>\n<li class=\"md-list-item\">\n<p class=\"md-end-block md-p\"><span class=\"md-plain\">Komfort noszenia przez ca\u0142y dzie\u0144<\/span><\/p>\n<\/li>\n<li class=\"md-list-item\">\n<p class=\"md-end-block md-p\"><span class=\"md-plain\">Wszechstronny potencja\u0142 stylu<\/span><\/p>\n<\/li>\n<li class=\"md-list-item\">\n<p class=\"md-end-block md-p\"><span class=\"md-plain\">\u0141atwa piel\u0119gnacja<\/span><\/p>\n<\/li>\n<\/ul>\n<h2 class=\"md-end-block md-heading\"><span class=\"md-plain\">Dlaczego potrzebujesz ich w swoim \u017cyciu?<\/span><\/h2>\n<ul class=\"ul-list\" data-mark=\"-\">\n<li class=\"md-list-item\">\n<p class=\"md-end-block md-p\"><span class=\"md-plain\">Tworzy natychmiastow\u0105 opraw\u0119 oczu<\/span><\/p>\n<\/li>\n<li class=\"md-list-item\">\n<p class=\"md-end-block md-p\"><span class=\"md-plain\">Fotografuje wspaniale<\/span><\/p>\n<\/li>\n<li class=\"md-list-item\">\n<p class=\"md-end-block md-p\"><span class=\"md-plain\">Wygodne d\u0142ugotrwa\u0142e noszenie<\/span><\/p>\n<\/li>\n<li class=\"md-list-item\">\n<p class=\"md-end-block md-p\"><span class=\"md-plain\">Pasuje do ka\u017cdego makija\u017cu<\/span><\/p>\n<\/li>\n<li class=\"md-list-item\">\n<p class=\"md-end-block md-p\"><span class=\"md-plain\">Idealny do ka\u017cdego o\u015bwietlenia<\/span><\/p>\n<\/li>\n<\/ul>\n<p class=\"md-end-block md-p\"><span class=\"md-plain\">Gotowa, by sta\u0107 si\u0119 niebia\u0144sk\u0105 pi\u0119kno\u015bci\u0105, kt\u00f3r\u0105 mia\u0142a\u015b by\u0107? Te szare soczewki kontaktowe Stardust Mirage s\u0105 Twoim portalem do tej magicznej transformacji! Niezale\u017cnie od tego, czy tworzysz tre\u015bci, bierzesz udzia\u0142 w wydarzeniach, czy po prostu chcesz poczu\u0107 si\u0119 jak gwiazda w swoim codziennym \u017cyciu, te soczewki pomog\u0105 Ci zab\u0142ysn\u0105\u0107! \u2728<\/span><\/p>\n<p class=\"md-end-block md-p md-focus\">#<span class=\"md-plain md-expand\">StardustMirageLenses #GreyContactLenses #GreyEyeContacts #BeautyTransformation #EyesOnFleek<\/span><\/p>","protected":false},"excerpt":{"rendered":"<p>Stardust Mirage Grey Contact Lenses: Create Your Own Galaxy of Beauty \u2728 Get ready to level up your eye game! These Stardust Mirage grey contact lenses aren&#8217;t just another beauty accessory &#8211; they&#8217;re your ticket to that viral, otherworldly look everyone&#8217;s talking about! \ud83c\udf0c Design Magic &amp; Color Story Close your eyes and imagine the [&#8230;]\n","protected":false},"featured_media":2326,"comment_status":"open","ping_status":"closed","template":"","meta":[],"product_brand":[],"product_cat":[81,92,188,158,204,98],"product_tag":[],"class_list":{"0":"post-2324","1":"product","2":"type-product","3":"status-publish","4":"has-post-thumbnail","6":"product_cat-grey-contact-lenses","7":"product_cat-14-5-mm","8":"product_cat-dream-contacts","9":"product_cat-enlarge-contacts","10":"product_cat-party-contacts","11":"product_cat-yearly-disposable","13":"first","14":"instock","15":"sale","16":"shipping-taxable","17":"purchasable","18":"product-type-variable","19":"has-default-attributes"},"_links":{"self":[{"href":"https:\/\/bqeye.com\/pl\/wp-json\/wp\/v2\/product\/2324","targetHints":{"allow":["GET"]}}],"collection":[{"href":"https:\/\/bqeye.com\/pl\/wp-json\/wp\/v2\/product"}],"about":[{"href":"https:\/\/bqeye.com\/pl\/wp-json\/wp\/v2\/types\/product"}],"replies":[{"embeddable":true,"href":"https:\/\/bqeye.com\/pl\/wp-json\/wp\/v2\/comments?post=2324"}],"wp:featuredmedia":[{"embeddable":true,"href":"https:\/\/bqeye.com\/pl\/wp-json\/wp\/v2\/media\/2326"}],"wp:attachment":[{"href":"https:\/\/bqeye.com\/pl\/wp-json\/wp\/v2\/media?parent=2324"}],"wp:term":[{"taxonomy":"product_brand","embeddable":true,"href":"https:\/\/bqeye.com\/pl\/wp-json\/wp\/v2\/product_brand?post=2324"},{"taxonomy":"product_cat","embeddable":true,"href":"https:\/\/bqeye.com\/pl\/wp-json\/wp\/v2\/product_cat?post=2324"},{"taxonomy":"product_tag","embeddable":true,"href":"https:\/\/bqeye.com\/pl\/wp-json\/wp\/v2\/product_tag?post=2324"}],"curies":[{"name":"wp","href":"https:\/\/api.w.org\/{rel}","templated":true}]}}