{"id":2327,"date":"2025-02-12T21:54:18","date_gmt":"2025-02-12T13:54:18","guid":{"rendered":"https:\/\/bqeye.com\/?post_type=product&#038;p=2327"},"modified":"2025-02-12T21:55:28","modified_gmt":"2025-02-12T13:55:28","slug":"diamond-mist-grey-contact-lenses","status":"publish","type":"product","link":"https:\/\/bqeye.com\/pl\/diamond-mist-grey-contact-lenses\/","title":{"rendered":"Szare soczewki kontaktowe Diamond Mist"},"content":{"rendered":"<h1 class=\"md-end-block md-heading\"><span class=\"md-plain md-expand\">Soczewki kontaktowe Diamond Mist Grey: Krystaliczny blask dla Twoich oczu \u2728<\/span><\/h1>\n<p class=\"md-end-block md-p\"><span class=\"md-plain\">Odmie\u0144 swoje spojrzenie dzi\u0119ki naszym najbardziej luksusowym szarym soczewkom kontaktowym! Soczewki Diamond Mist posiadaj\u0105 innowacyjny krystaliczny wz\u00f3r, kt\u00f3ry przechwytuje i odbija \u015bwiat\u0142o jak cenne klejnoty.<\/span><\/p>\n<h2 class=\"md-end-block md-heading\"><span class=\"md-plain\">Kluczowe cechy<\/span><\/h2>\n<ul class=\"ul-list\" data-mark=\"-\">\n<li class=\"md-list-item\">\n<p class=\"md-end-block md-p\"><span class=\"md-plain\">Wysokiej jako\u015bci szara podstawa z krystaliczn\u0105 technologi\u0105 odbijaj\u0105c\u0105 \u015bwiat\u0142o<\/span><\/p>\n<\/li>\n<li class=\"md-list-item\">\n<p class=\"md-end-block md-p\"><span class=\"md-plain\">Wielowymiarowy wz\u00f3r imituj\u0105cy fasety diamentu<\/span><\/p>\n<\/li>\n<li class=\"md-list-item\">\n<p class=\"md-end-block md-p\"><span class=\"md-plain\">Naturalnie wygl\u0105daj\u0105ce wzmocnienie dla wszystkich kolor\u00f3w oczu<\/span><\/p>\n<\/li>\n<li class=\"md-list-item\">\n<p class=\"md-end-block md-p\"><span class=\"md-plain\">Wygodne noszenie przez ca\u0142y dzie\u0144<\/span><\/p>\n<\/li>\n<li class=\"md-list-item\">\n<p class=\"md-end-block md-p\"><span class=\"md-plain\">Dost\u0119pne na recept\u0119 i bez recepty<\/span><\/p>\n<\/li>\n<\/ul>\n<h2 class=\"md-end-block md-heading\"><span class=\"md-plain\">Efekt diamentu<\/span><\/h2>\n<p class=\"md-end-block md-p\"><span class=\"md-plain\">Unikalna konstrukcja mikropryzmatyczna tworzy:<\/span><\/p>\n<ul class=\"ul-list\" data-mark=\"-\">\n<li class=\"md-list-item\">\n<p class=\"md-end-block md-p\"><span class=\"md-plain\">Subtelny blask w naturalnym \u015bwietle<\/span><\/p>\n<\/li>\n<li class=\"md-list-item\">\n<p class=\"md-end-block md-p\"><span class=\"md-plain\">Zwi\u0119kszony blask na zdj\u0119ciach<\/span><\/p>\n<\/li>\n<li class=\"md-list-item\">\n<p class=\"md-end-block md-p\"><span class=\"md-plain\">Wyrafinowana g\u0142\u0119bia wymiarowa<\/span><\/p>\n<\/li>\n<li class=\"md-list-item\">\n<p class=\"md-end-block md-p\"><span class=\"md-plain\">Krystalicznie czysty obraz<\/span><\/p>\n<\/li>\n<\/ul>\n<h2 class=\"md-end-block md-heading\"><span class=\"md-plain\">Idealny dla<\/span><\/h2>\n<ul class=\"ul-list\" data-mark=\"-\">\n<li class=\"md-list-item\">\n<p class=\"md-end-block md-p\"><span class=\"md-plain\">Specjalne okazje<\/span><\/p>\n<\/li>\n<li class=\"md-list-item\">\n<p class=\"md-end-block md-p\"><span class=\"md-plain\">Fotografia \u015blubna<\/span><\/p>\n<\/li>\n<li class=\"md-list-item\">\n<p class=\"md-end-block md-p\"><span class=\"md-plain\">Profesjonalne wydarzenia<\/span><\/p>\n<\/li>\n<li class=\"md-list-item\">\n<p class=\"md-end-block md-p\"><span class=\"md-plain\">Codzienna elegancja<\/span><\/p>\n<\/li>\n<li class=\"md-list-item\">\n<p class=\"md-end-block md-p\"><span class=\"md-plain\">Tre\u015bci w mediach spo\u0142eczno\u015bciowych<\/span><\/p>\n<\/li>\n<li class=\"md-list-item\">\n<p class=\"md-end-block md-p\"><span class=\"md-plain\">Wieczorny blask<\/span><\/p>\n<\/li>\n<\/ul>\n<h2 class=\"md-end-block md-heading\"><span class=\"md-plain\">Funkcje zapewniaj\u0105ce komfort<\/span><\/h2>\n<ul class=\"ul-list\" data-mark=\"-\">\n<li class=\"md-list-item\">\n<p class=\"md-end-block md-p\"><span class=\"md-plain\">Materia\u0142 zatrzymuj\u0105cy wilgo\u0107<\/span><\/p>\n<\/li>\n<li class=\"md-list-item\">\n<p class=\"md-end-block md-p\"><span class=\"md-plain\">Wyj\u0105tkowo g\u0142adkie kraw\u0119dzie<\/span><\/p>\n<\/li>\n<li class=\"md-list-item\">\n<p class=\"md-end-block md-p\"><span class=\"md-plain\">Oddychaj\u0105ca konstrukcja<\/span><\/p>\n<\/li>\n<li class=\"md-list-item\">\n<p class=\"md-end-block md-p\"><span class=\"md-plain\">8-godzinny czas noszenia<\/span><\/p>\n<\/li>\n<li class=\"md-list-item\">\n<p class=\"md-end-block md-p\"><span class=\"md-plain\">\u0141atwa konserwacja<\/span><\/p>\n<\/li>\n<\/ul>\n<p class=\"md-end-block md-p\"><span class=\"md-plain\">Dost\u0119pne w 3-miesi\u0119cznych i codziennych opcjach jednorazowych. Ka\u017cde opakowanie zawiera szczeg\u00f3\u0142owe instrukcje piel\u0119gnacji i wysokiej jako\u015bci etui do przechowywania.<\/span><\/p>\n<p class=\"md-end-block md-p\"><span class=\"md-plain\">Zmie\u0144 sw\u00f3j wygl\u0105d dzi\u0119ki Diamond Mist - gdzie luksus \u0142\u0105czy si\u0119 z komfortem w idealnych szarych soczewkach kontaktowych.<\/span><\/p>\n<p class=\"md-end-block md-p md-focus\">#<span class=\"md-plain md-expand\">DiamondMistLenses #GreyContacts #LuxuryBeauty<\/span><\/p>","protected":false},"excerpt":{"rendered":"<p>Diamond Mist Grey Contact Lenses: Crystalline Brilliance For Your Eyes \u2728 Transform your gaze with our most luxurious grey contacts yet! Diamond Mist lenses feature an innovative crystalline pattern that captures and reflects light like precious gems. \u2728 Key Features Premium grey base with crystalline light-reflecting technology Multi-dimensional pattern mimicking diamond facets Natural-looking enhancement for [&#8230;]\n","protected":false},"featured_media":2329,"comment_status":"open","ping_status":"closed","template":"","meta":[],"product_brand":[],"product_cat":[81,91,188,158,204,98],"product_tag":[],"class_list":{"0":"post-2327","1":"product","2":"type-product","3":"status-publish","4":"has-post-thumbnail","6":"product_cat-grey-contact-lenses","7":"product_cat-14-2-mm","8":"product_cat-dream-contacts","9":"product_cat-enlarge-contacts","10":"product_cat-party-contacts","11":"product_cat-yearly-disposable","13":"first","14":"instock","15":"sale","16":"shipping-taxable","17":"purchasable","18":"product-type-variable","19":"has-default-attributes"},"_links":{"self":[{"href":"https:\/\/bqeye.com\/pl\/wp-json\/wp\/v2\/product\/2327","targetHints":{"allow":["GET"]}}],"collection":[{"href":"https:\/\/bqeye.com\/pl\/wp-json\/wp\/v2\/product"}],"about":[{"href":"https:\/\/bqeye.com\/pl\/wp-json\/wp\/v2\/types\/product"}],"replies":[{"embeddable":true,"href":"https:\/\/bqeye.com\/pl\/wp-json\/wp\/v2\/comments?post=2327"}],"wp:featuredmedia":[{"embeddable":true,"href":"https:\/\/bqeye.com\/pl\/wp-json\/wp\/v2\/media\/2329"}],"wp:attachment":[{"href":"https:\/\/bqeye.com\/pl\/wp-json\/wp\/v2\/media?parent=2327"}],"wp:term":[{"taxonomy":"product_brand","embeddable":true,"href":"https:\/\/bqeye.com\/pl\/wp-json\/wp\/v2\/product_brand?post=2327"},{"taxonomy":"product_cat","embeddable":true,"href":"https:\/\/bqeye.com\/pl\/wp-json\/wp\/v2\/product_cat?post=2327"},{"taxonomy":"product_tag","embeddable":true,"href":"https:\/\/bqeye.com\/pl\/wp-json\/wp\/v2\/product_tag?post=2327"}],"curies":[{"name":"wp","href":"https:\/\/api.w.org\/{rel}","templated":true}]}}