{"id":2330,"date":"2025-02-12T22:41:09","date_gmt":"2025-02-12T14:41:09","guid":{"rendered":"https:\/\/bqeye.com\/?post_type=product&#038;p=2330"},"modified":"2025-02-12T22:42:33","modified_gmt":"2025-02-12T14:42:33","slug":"tulip-stardust-brown-contact-lenses","status":"publish","type":"product","link":"https:\/\/bqeye.com\/pl\/tulip-stardust-brown-contact-lenses\/","title":{"rendered":"Br\u0105zowe soczewki kontaktowe Tulip Stardust"},"content":{"rendered":"<h1 class=\"md-end-block md-heading\"><span class=\"md-plain md-expand\">Br\u0105zowe soczewki kontaktowe Tulip Stardust: Gdzie kwiatowa gracja spotyka si\u0119 z niebia\u0144sk\u0105 magi\u0105 \u2728<\/span><\/h1>\n<p class=\"md-end-block md-p\"><span class=\"md-plain\">Poczuj urok naszych charakterystycznych br\u0105zowych soczewek kontaktowych, w kt\u00f3rych ziemskie pi\u0119kno spotyka si\u0119 z gwiezdnym blaskiem.<\/span><\/p>\n<h2 class=\"md-end-block md-heading\"><span class=\"md-plain\">Artyzm i projektowanie<\/span><\/h2>\n<p class=\"md-end-block md-p\"><span class=\"md-plain\">Zainspirowane p\u0142atkami tulipan\u00f3w opr\u00f3szonymi \u015bwiat\u0142em gwiazd, soczewki te posiadaj\u0105 innowacyjny wz\u00f3r, kt\u00f3ry oddaje zar\u00f3wno naturalne ciep\u0142o, jak i kosmiczny blask. Projekt \u0142\u0105czy w sobie:<\/span><\/p>\n<ul class=\"ul-list\" data-mark=\"-\">\n<li class=\"md-list-item\">\n<p class=\"md-end-block md-p\"><span class=\"md-plain\">Bogaty czekoladowy odcie\u0144<\/span><\/p>\n<\/li>\n<li class=\"md-list-item\">\n<p class=\"md-end-block md-p\"><span class=\"md-plain\">Najwa\u017cniejsze cechy gwiezdnego py\u0142u<\/span><\/p>\n<\/li>\n<li class=\"md-list-item\">\n<p class=\"md-end-block md-p\"><span class=\"md-plain\">Subtelna tekstura inspirowana p\u0142atkami kwiat\u00f3w<\/span><\/p>\n<\/li>\n<li class=\"md-list-item\">\n<p class=\"md-end-block md-p\"><span class=\"md-plain\">Dynamiczne elementy reaguj\u0105ce na \u015bwiat\u0142o<\/span><\/p>\n<\/li>\n<\/ul>\n<p class=\"md-end-block md-p\"><span class=\"md-plain\">Ka\u017cda soczewka tworzy hipnotyzuj\u0105c\u0105 gr\u0119 \u015bwiat\u0142a, kt\u00f3ra zmienia si\u0119 jak gwiezdny py\u0142 rozsypany na bogatym br\u0105zowym aksamicie.<\/span><\/p>\n<h2 class=\"md-end-block md-heading\"><span class=\"md-plain\">Recenzje ekspert\u00f3w<\/span><\/h2>\n<p class=\"md-end-block md-p\"><span class=\"md-plain\">@BeautyInnovator (890 tys. obserwuj\u0105cych)<\/span><\/p>\n<blockquote>\n<p class=\"md-end-block md-p\"><span class=\"md-plain\">\"Te soczewki s\u0105 eteryczne! Efekt gwiezdnego py\u0142u to czysta magia \u2728\"<\/span><\/p>\n<\/blockquote>\n<p class=\"md-end-block md-p\"><span class=\"md-plain\">@StyleMuse (760 tys. obserwuj\u0105cych)<\/span><\/p>\n<blockquote>\n<p class=\"md-end-block md-p\"><span class=\"md-plain\">\"Idealne po\u0142\u0105czenie naturalno\u015bci i niezwyk\u0142o\u015bci. Po prostu osza\u0142amiaj\u0105ce! \ud83c\udf37\"<\/span><\/p>\n<\/blockquote>\n<p class=\"md-end-block md-p\"><span class=\"md-plain\">@LensGuru (580 tys. obserwuj\u0105cych)<\/span><\/p>\n<blockquote>\n<p class=\"md-end-block md-p\"><span class=\"md-plain\">\"Najlepsze br\u0105zowe soczewki do tworzenia czaruj\u0105cych tre\u015bci! \ud83d\udcf8\"<\/span><\/p>\n<\/blockquote>\n<h2 class=\"md-end-block md-heading\"><span class=\"md-plain\">Historie klient\u00f3w<\/span><\/h2>\n<p class=\"md-end-block md-p\"><span class=\"md-plain\">\"Fotografuj\u0105 jak marzenie - gwiezdny py\u0142 pi\u0119knie \u0142apie \u015bwiat\u0142o\".<\/span><\/p>\n<ul class=\"ul-list\" data-mark=\"-\">\n<li class=\"md-list-item\">\n<p class=\"md-end-block md-p\"><span class=\"md-plain\">Rachel Bennett, fotograf portretowy<\/span><\/p>\n<\/li>\n<\/ul>\n<p class=\"md-end-block md-p\"><span class=\"md-plain\">\"Moi klienci s\u0105 zdumieni tym, jak naturalnie, a jednocze\u015bnie magicznie wygl\u0105daj\u0105\".<\/span><\/p>\n<ul class=\"ul-list\" data-mark=\"-\">\n<li class=\"md-list-item\">\n<p class=\"md-end-block md-p\"><span class=\"md-plain\">Michael Zhang, makija\u017cysta gwiazd<\/span><\/p>\n<\/li>\n<\/ul>\n<p class=\"md-end-block md-p\"><span class=\"md-plain\">\"Najbardziej komfortowe soczewki, jakie kiedykolwiek nosi\u0142em. Efekt jest subtelny, ale uderzaj\u0105cy.\"<\/span><\/p>\n<ul class=\"ul-list\" data-mark=\"-\">\n<li class=\"md-list-item\">\n<p class=\"md-end-block md-p\"><span class=\"md-plain\">Isabella Moore, tw\u00f3rca cyfrowy<\/span><\/p>\n<\/li>\n<\/ul>\n<h2 class=\"md-end-block md-heading\"><span class=\"md-plain\">Cechy<\/span><\/h2>\n<ul class=\"ul-list\" data-mark=\"-\">\n<li class=\"md-list-item\">\n<p class=\"md-end-block md-p\"><span class=\"md-plain\">Nawil\u017caj\u0105ca technologia komfortu<\/span><\/p>\n<\/li>\n<li class=\"md-list-item\">\n<p class=\"md-end-block md-p\"><span class=\"md-plain\">Ochrona przed promieniowaniem UV<\/span><\/p>\n<\/li>\n<li class=\"md-list-item\">\n<p class=\"md-end-block md-p\"><span class=\"md-plain\">Wysoka przepuszczalno\u015b\u0107 tlenu<\/span><\/p>\n<\/li>\n<li class=\"md-list-item\">\n<p class=\"md-end-block md-p\"><span class=\"md-plain\">Najwy\u017csza klarowno\u015b\u0107 obrazu<\/span><\/p>\n<\/li>\n<li class=\"md-list-item\">\n<p class=\"md-end-block md-p\"><span class=\"md-plain\">Naturalne zatrzymywanie wilgoci<\/span><\/p>\n<\/li>\n<\/ul>\n<h2 class=\"md-end-block md-heading\"><span class=\"md-plain\">Idealny dla<\/span><\/h2>\n<ul class=\"ul-list\" data-mark=\"-\">\n<li class=\"md-list-item\">\n<p class=\"md-end-block md-p\"><span class=\"md-plain\">Codzienne ulepszenia<\/span><\/p>\n<\/li>\n<li class=\"md-list-item\">\n<p class=\"md-end-block md-p\"><span class=\"md-plain\">Profesjonalna fotografia<\/span><\/p>\n<\/li>\n<li class=\"md-list-item\">\n<p class=\"md-end-block md-p\"><span class=\"md-plain\">Wydarzenia specjalne<\/span><\/p>\n<\/li>\n<li class=\"md-list-item\">\n<p class=\"md-end-block md-p\"><span class=\"md-plain\">Tre\u015bci w mediach spo\u0142eczno\u015bciowych<\/span><\/p>\n<\/li>\n<li class=\"md-list-item\">\n<p class=\"md-end-block md-p\"><span class=\"md-plain\">Wygl\u0105d \u015blubny<\/span><\/p>\n<\/li>\n<li class=\"md-list-item\">\n<p class=\"md-end-block md-p\"><span class=\"md-plain\">Nocne okazje<\/span><\/p>\n<\/li>\n<\/ul>\n<h2 class=\"md-end-block md-heading\"><span class=\"md-plain\">Unikalne korzy\u015bci<\/span><\/h2>\n<ul class=\"ul-list\" data-mark=\"-\">\n<li class=\"md-list-item\">\n<p class=\"md-end-block md-p\"><span class=\"md-plain\">Naturalne przej\u015bcie kolor\u00f3w<\/span><\/p>\n<\/li>\n<li class=\"md-list-item\">\n<p class=\"md-end-block md-p\"><span class=\"md-plain\">Efekt mieni\u0105cego si\u0119 gwiezdnego py\u0142u<\/span><\/p>\n<\/li>\n<li class=\"md-list-item\">\n<p class=\"md-end-block md-p\"><span class=\"md-plain\">Komfort noszenia przez ca\u0142y dzie\u0144<\/span><\/p>\n<\/li>\n<li class=\"md-list-item\">\n<p class=\"md-end-block md-p\"><span class=\"md-plain\">Wszechstronne opcje stylizacji<\/span><\/p>\n<\/li>\n<li class=\"md-list-item\">\n<p class=\"md-end-block md-p\"><span class=\"md-plain\">\u0141atwa konserwacja<\/span><\/p>\n<\/li>\n<\/ul>\n<h2 class=\"md-end-block md-heading\"><span class=\"md-plain\">Dlaczego warto wybra\u0107 Tulip Stardust?<\/span><\/h2>\n<ul class=\"ul-list\" data-mark=\"-\">\n<li class=\"md-list-item\">\n<p class=\"md-end-block md-p\"><span class=\"md-plain\">Natychmiastowe wzmocnienie oczu<\/span><\/p>\n<\/li>\n<li class=\"md-list-item\">\n<p class=\"md-end-block md-p\"><span class=\"md-plain\">Najwy\u017csza jako\u015b\u0107 zdj\u0119\u0107<\/span><\/p>\n<\/li>\n<li class=\"md-list-item\">\n<p class=\"md-end-block md-p\"><span class=\"md-plain\">Profesjonalny komfort<\/span><\/p>\n<\/li>\n<li class=\"md-list-item\">\n<p class=\"md-end-block md-p\"><span class=\"md-plain\">Uniwersalnie pochlebne<\/span><\/p>\n<\/li>\n<li class=\"md-list-item\">\n<p class=\"md-end-block md-p\"><span class=\"md-plain\">Wszechstronno\u015b\u0107 od dnia do nocy<\/span><\/p>\n<\/li>\n<\/ul>\n<p class=\"md-end-block md-p\"><span class=\"md-plain\">Odmie\u0144 swoje spojrzenie dzi\u0119ki br\u0105zowym soczewkom kontaktowym Tulip Stardust - gdzie naturalne pi\u0119kno spotyka si\u0119 z niebia\u0144skim cudem.<\/span><\/p>\n<p class=\"md-end-block md-p\"><span class=\"md-pair-s\"><em><span class=\"md-plain\">Wymagany profesjonalny monta\u017c. Dost\u0119pne u autoryzowanych dealer\u00f3w.<\/span><\/em><\/span><\/p>\n<p class=\"md-end-block md-p md-focus\">#<span class=\"md-plain md-expand\">TulipStardust #BrownLenses #BeautyEnhancement #EyeStyle<\/span><\/p>","protected":false},"excerpt":{"rendered":"<p>Tulip Stardust Brown Contact Lenses: Where Floral Grace Meets Celestial Magic \u2728 Experience the enchantment of our signature brown contact lenses, where earthly beauty meets stellar brilliance. \ud83d\udcab Artistry &amp; Design Inspired by tulip petals dusted with starlight, these lenses feature an innovative pattern that captures both natural warmth and cosmic sparkle. The design combines: [&#8230;]\n","protected":false},"featured_media":2333,"comment_status":"open","ping_status":"closed","template":"","meta":[],"product_brand":[],"product_cat":[80,92,188,158,204,98],"product_tag":[],"class_list":{"0":"post-2330","1":"product","2":"type-product","3":"status-publish","4":"has-post-thumbnail","6":"product_cat-brown-contact-lenses","7":"product_cat-14-5-mm","8":"product_cat-dream-contacts","9":"product_cat-enlarge-contacts","10":"product_cat-party-contacts","11":"product_cat-yearly-disposable","13":"first","14":"instock","15":"sale","16":"shipping-taxable","17":"purchasable","18":"product-type-variable","19":"has-default-attributes"},"_links":{"self":[{"href":"https:\/\/bqeye.com\/pl\/wp-json\/wp\/v2\/product\/2330","targetHints":{"allow":["GET"]}}],"collection":[{"href":"https:\/\/bqeye.com\/pl\/wp-json\/wp\/v2\/product"}],"about":[{"href":"https:\/\/bqeye.com\/pl\/wp-json\/wp\/v2\/types\/product"}],"replies":[{"embeddable":true,"href":"https:\/\/bqeye.com\/pl\/wp-json\/wp\/v2\/comments?post=2330"}],"wp:featuredmedia":[{"embeddable":true,"href":"https:\/\/bqeye.com\/pl\/wp-json\/wp\/v2\/media\/2333"}],"wp:attachment":[{"href":"https:\/\/bqeye.com\/pl\/wp-json\/wp\/v2\/media?parent=2330"}],"wp:term":[{"taxonomy":"product_brand","embeddable":true,"href":"https:\/\/bqeye.com\/pl\/wp-json\/wp\/v2\/product_brand?post=2330"},{"taxonomy":"product_cat","embeddable":true,"href":"https:\/\/bqeye.com\/pl\/wp-json\/wp\/v2\/product_cat?post=2330"},{"taxonomy":"product_tag","embeddable":true,"href":"https:\/\/bqeye.com\/pl\/wp-json\/wp\/v2\/product_tag?post=2330"}],"curies":[{"name":"wp","href":"https:\/\/api.w.org\/{rel}","templated":true}]}}