{"id":2334,"date":"2025-02-12T22:57:45","date_gmt":"2025-02-12T14:57:45","guid":{"rendered":"https:\/\/bqeye.com\/?post_type=product&#038;p=2334"},"modified":"2025-02-12T23:00:00","modified_gmt":"2025-02-12T15:00:00","slug":"mustard-brown-contact-lenses","status":"publish","type":"product","link":"https:\/\/bqeye.com\/pl\/mustard-brown-contact-lenses\/","title":{"rendered":"Musztardowo-br\u0105zowe soczewki kontaktowe"},"content":{"rendered":"<h1 class=\"md-end-block md-heading\"><span class=\"md-plain md-expand\">Musztardowo-br\u0105zowe soczewki kontaktowe: Rzemie\u015blnicze ciep\u0142o dla Twoich oczu \ud83c\udf3e<\/span><\/h1>\n<p class=\"md-end-block md-p\"><span class=\"md-plain\">Ujmij wyj\u0105tkowy urok rzemie\u015blniczego br\u0105zu musztardowego - gdzie z\u0142ote odcienie ziemi \u0142\u0105cz\u0105 si\u0119 z bogatym bursztynem w wyrafinowanej mieszance.<\/span><\/p>\n<h2 class=\"md-end-block md-heading\"><span class=\"md-plain\">Profil kolor\u00f3w<\/span><\/h2>\n<p class=\"md-end-block md-p\"><span class=\"md-plain\">Nasza charakterystyczna musztardowa paleta zawiera:<\/span><\/p>\n<ul class=\"ul-list\" data-mark=\"-\">\n<li class=\"md-list-item\">\n<p class=\"md-end-block md-p\"><span class=\"md-plain\">G\u0142\u0119bokie z\u0142ote odcienie<\/span><\/p>\n<\/li>\n<li class=\"md-list-item\">\n<p class=\"md-end-block md-p\"><span class=\"md-plain\">Ciep\u0142a br\u0105zowa podstawa<\/span><\/p>\n<\/li>\n<li class=\"md-list-item\">\n<p class=\"md-end-block md-p\"><span class=\"md-plain\">Ziemiste bursztynowe akcenty<\/span><\/p>\n<\/li>\n<li class=\"md-list-item\">\n<p class=\"md-end-block md-p\"><span class=\"md-plain\">Subtelne miodowe refleksy<\/span><\/p>\n<\/li>\n<\/ul>\n<p class=\"md-end-block md-p\"><span class=\"md-plain\">Ka\u017cda soczewka tworzy artystyczn\u0105 g\u0142\u0119bi\u0119, kt\u00f3ra dodaje charakteru i ciep\u0142a naturalnemu kolorowi oczu.<\/span><\/p>\n<h2 class=\"md-end-block md-heading\"><span class=\"md-plain\">Recenzje ekspert\u00f3w ds. urody<\/span><\/h2>\n<p class=\"md-end-block md-p\"><span class=\"md-plain\">@EarthTones (880 tys. obserwuj\u0105cych)<\/span><\/p>\n<blockquote>\n<p class=\"md-end-block md-p\"><span class=\"md-plain\">\"Te soczewki s\u0105 niesamowicie wyj\u0105tkowe! Musztardowy odcie\u0144 to czysta sztuka \u2728\"<\/span><\/p>\n<\/blockquote>\n<p class=\"md-end-block md-p\"><span class=\"md-plain\">@WarmBeauty (795 tys. obserwuj\u0105cych)<\/span><\/p>\n<blockquote>\n<p class=\"md-end-block md-p\"><span class=\"md-plain\">\"Idealny do stworzenia tego redakcyjnego wygl\u0105du w odcieniach ziemi! \ud83c\udf42\"<\/span><\/p>\n<\/blockquote>\n<p class=\"md-end-block md-p\"><span class=\"md-plain\">@LensArtistry (670 tys. obserwuj\u0105cych)<\/span><\/p>\n<blockquote>\n<p class=\"md-end-block md-p\"><span class=\"md-plain\">\"Najciekawsze neutralne kolory, jakie widzia\u0142em - pi\u0119knie fotografuj\u0105 \ud83d\udcf8\"<\/span><\/p>\n<\/blockquote>\n<h2 class=\"md-end-block md-heading\"><span class=\"md-plain\">Profesjonalne informacje zwrotne<\/span><\/h2>\n<p class=\"md-end-block md-p\"><span class=\"md-plain\">\"Musztardowe odcienie tworz\u0105 fascynuj\u0105ce efekty redakcyjne\".<\/span><\/p>\n<ul class=\"ul-list\" data-mark=\"-\">\n<li class=\"md-list-item\">\n<p class=\"md-end-block md-p\"><span class=\"md-plain\">Nina Chen, fotograf mody<\/span><\/p>\n<\/li>\n<\/ul>\n<p class=\"md-end-block md-p\"><span class=\"md-plain\">\"Te soczewki dodaj\u0105 natychmiastowego charakteru ka\u017cdej stylizacji\".<\/span><\/p>\n<ul class=\"ul-list\" data-mark=\"-\">\n<li class=\"md-list-item\">\n<p class=\"md-end-block md-p\"><span class=\"md-plain\">Thomas Wright, makija\u017cysta redakcyjny<\/span><\/p>\n<\/li>\n<\/ul>\n<p class=\"md-end-block md-p\"><span class=\"md-plain\">\"Idealny do kierowania artystycznego i wyj\u0105tkowej stylizacji\".<\/span><\/p>\n<ul class=\"ul-list\" data-mark=\"-\">\n<li class=\"md-list-item\">\n<p class=\"md-end-block md-p\"><span class=\"md-plain\">Olivia Santos, dyrektor ds. stylu<\/span><\/p>\n<\/li>\n<\/ul>\n<h2 class=\"md-end-block md-heading\"><span class=\"md-plain\">W\u0142a\u015bciwo\u015bci techniczne<\/span><\/h2>\n<ul class=\"ul-list\" data-mark=\"-\">\n<li class=\"md-list-item\">\n<p class=\"md-end-block md-p\"><span class=\"md-plain\">Technologia nawadniania<\/span><\/p>\n<\/li>\n<li class=\"md-list-item\">\n<p class=\"md-end-block md-p\"><span class=\"md-plain\">Ochrona przed promieniowaniem UV<\/span><\/p>\n<\/li>\n<li class=\"md-list-item\">\n<p class=\"md-end-block md-p\"><span class=\"md-plain\">Optymalizacja tlenu<\/span><\/p>\n<\/li>\n<li class=\"md-list-item\">\n<p class=\"md-end-block md-p\"><span class=\"md-plain\">Najwy\u017csza przejrzysto\u015b\u0107<\/span><\/p>\n<\/li>\n<li class=\"md-list-item\">\n<p class=\"md-end-block md-p\"><span class=\"md-plain\">Komfortowa konstrukcja<\/span><\/p>\n<\/li>\n<\/ul>\n<h2 class=\"md-end-block md-heading\"><span class=\"md-plain\">Idealny dla<\/span><\/h2>\n<ul class=\"ul-list\" data-mark=\"-\">\n<li class=\"md-list-item\">\n<p class=\"md-end-block md-p\"><span class=\"md-plain\">Wygl\u0105d redakcyjny<\/span><\/p>\n<\/li>\n<li class=\"md-list-item\">\n<p class=\"md-end-block md-p\"><span class=\"md-plain\">Sesje artystyczne<\/span><\/p>\n<\/li>\n<li class=\"md-list-item\">\n<p class=\"md-end-block md-p\"><span class=\"md-plain\">Unikalna stylistyka<\/span><\/p>\n<\/li>\n<li class=\"md-list-item\">\n<p class=\"md-end-block md-p\"><span class=\"md-plain\">Tworzenie tre\u015bci<\/span><\/p>\n<\/li>\n<li class=\"md-list-item\">\n<p class=\"md-end-block md-p\"><span class=\"md-plain\">Jesienne sesje<\/span><\/p>\n<\/li>\n<li class=\"md-list-item\">\n<p class=\"md-end-block md-p\"><span class=\"md-plain\">Kreatywna re\u017cyseria<\/span><\/p>\n<\/li>\n<\/ul>\n<h2 class=\"md-end-block md-heading\"><span class=\"md-plain\">Kluczowe korzy\u015bci<\/span><\/h2>\n<ul class=\"ul-list\" data-mark=\"-\">\n<li class=\"md-list-item\">\n<p class=\"md-end-block md-p\"><span class=\"md-plain\">Artystyczne po\u0142\u0105czenie kolor\u00f3w<\/span><\/p>\n<\/li>\n<li class=\"md-list-item\">\n<p class=\"md-end-block md-p\"><span class=\"md-plain\">G\u0142\u0119bia odcieni ziemi<\/span><\/p>\n<\/li>\n<li class=\"md-list-item\">\n<p class=\"md-end-block md-p\"><span class=\"md-plain\">Komfort przez ca\u0142y dzie\u0144<\/span><\/p>\n<\/li>\n<li class=\"md-list-item\">\n<p class=\"md-end-block md-p\"><span class=\"md-plain\">Kreatywna wszechstronno\u015b\u0107<\/span><\/p>\n<\/li>\n<li class=\"md-list-item\">\n<p class=\"md-end-block md-p\"><span class=\"md-plain\">\u0141atwa konserwacja<\/span><\/p>\n<\/li>\n<\/ul>\n<h2 class=\"md-end-block md-heading\"><span class=\"md-plain\">Wyj\u0105tkowe cechy<\/span><\/h2>\n<ul class=\"ul-list\" data-mark=\"-\">\n<li class=\"md-list-item\">\n<p class=\"md-end-block md-p\"><span class=\"md-plain\">Apel redakcji<\/span><\/p>\n<\/li>\n<li class=\"md-list-item\">\n<p class=\"md-end-block md-p\"><span class=\"md-plain\">Wymiar naturalny<\/span><\/p>\n<\/li>\n<li class=\"md-list-item\">\n<p class=\"md-end-block md-p\"><span class=\"md-plain\">Klasa profesjonalna<\/span><\/p>\n<\/li>\n<li class=\"md-list-item\">\n<p class=\"md-end-block md-p\"><span class=\"md-plain\">Ekspresja artystyczna<\/span><\/p>\n<\/li>\n<li class=\"md-list-item\">\n<p class=\"md-end-block md-p\"><span class=\"md-plain\">Sezonowa wszechstronno\u015b\u0107<\/span><\/p>\n<\/li>\n<\/ul>\n<p class=\"md-end-block md-p\"><span class=\"md-plain\">Zmie\u0144 sw\u00f3j wygl\u0105d dzi\u0119ki soczewkom kontaktowym Mustard Brown - gdzie rzemie\u015blniczy kolor \u0142\u0105czy si\u0119 z naturalnym wyrafinowaniem.<\/span><\/p>\n<p class=\"md-end-block md-p\"><span class=\"md-pair-s\"><em><span class=\"md-plain\">Wymagane profesjonalne dopasowanie. Dost\u0119pne u autoryzowanych sprzedawc\u00f3w.<\/span><\/em><\/span><\/p>\n<p class=\"md-end-block md-p md-focus\">#<span class=\"md-plain md-expand\">MustardBrown #EditorialLenses #ArtisticBeauty #EyeStyle<\/span><\/p>","protected":false},"excerpt":{"rendered":"<p>Mustard Brown Contact Lenses: Artisanal Warmth for Your Eyes \ud83c\udf3e Embrace the unique charm of artisanal mustard brown &#8211; where golden earth tones meet rich amber in a sophisticated blend. \ud83d\udcab Color Profile Our distinctive mustard palette features: Deep golden undertones Warm brown base Earthy amber accents Subtle honey highlights Each lens creates an artistic [&#8230;]\n","protected":false},"featured_media":2337,"comment_status":"open","ping_status":"closed","template":"","meta":[],"product_brand":[382],"product_cat":[80,92,188,158,204,98],"product_tag":[],"class_list":{"0":"post-2334","1":"product","2":"type-product","3":"status-publish","4":"has-post-thumbnail","6":"product_brand-bqeye","7":"product_cat-brown-contact-lenses","8":"product_cat-14-5-mm","9":"product_cat-dream-contacts","10":"product_cat-enlarge-contacts","11":"product_cat-party-contacts","12":"product_cat-yearly-disposable","14":"first","15":"instock","16":"sale","17":"shipping-taxable","18":"purchasable","19":"product-type-variable","20":"has-default-attributes"},"_links":{"self":[{"href":"https:\/\/bqeye.com\/pl\/wp-json\/wp\/v2\/product\/2334","targetHints":{"allow":["GET"]}}],"collection":[{"href":"https:\/\/bqeye.com\/pl\/wp-json\/wp\/v2\/product"}],"about":[{"href":"https:\/\/bqeye.com\/pl\/wp-json\/wp\/v2\/types\/product"}],"replies":[{"embeddable":true,"href":"https:\/\/bqeye.com\/pl\/wp-json\/wp\/v2\/comments?post=2334"}],"wp:featuredmedia":[{"embeddable":true,"href":"https:\/\/bqeye.com\/pl\/wp-json\/wp\/v2\/media\/2337"}],"wp:attachment":[{"href":"https:\/\/bqeye.com\/pl\/wp-json\/wp\/v2\/media?parent=2334"}],"wp:term":[{"taxonomy":"product_brand","embeddable":true,"href":"https:\/\/bqeye.com\/pl\/wp-json\/wp\/v2\/product_brand?post=2334"},{"taxonomy":"product_cat","embeddable":true,"href":"https:\/\/bqeye.com\/pl\/wp-json\/wp\/v2\/product_cat?post=2334"},{"taxonomy":"product_tag","embeddable":true,"href":"https:\/\/bqeye.com\/pl\/wp-json\/wp\/v2\/product_tag?post=2334"}],"curies":[{"name":"wp","href":"https:\/\/api.w.org\/{rel}","templated":true}]}}