{"id":2338,"date":"2025-02-13T11:02:25","date_gmt":"2025-02-13T03:02:25","guid":{"rendered":"https:\/\/bqeye.com\/?post_type=product&#038;p=2338"},"modified":"2025-02-13T11:17:59","modified_gmt":"2025-02-13T03:17:59","slug":"mixed-beauty-grey-contact-lenses","status":"publish","type":"product","link":"https:\/\/bqeye.com\/pl\/mixed-beauty-grey-contact-lenses\/","title":{"rendered":"Szare soczewki kontaktowe Mixed Beauty"},"content":{"rendered":"<h1 class=\"md-end-block md-heading\"><span class=\"md-plain md-expand\">Szare soczewki kontaktowe Mixed Beauty: \u015awi\u0119towanie kulturowej harmonii \ud83c\udf05<\/span><\/h1>\n<p class=\"md-end-block md-p\"><span class=\"md-plain\">Poznaj nasze artystycznie po\u0142\u0105czone odcienie szaro\u015bci - gdzie r\u00f3\u017cnorodne pi\u0119kno spotyka si\u0119 ze wsp\u00f3\u0142czesn\u0105 elegancj\u0105.<\/span><\/p>\n<h2 class=\"md-end-block md-heading\"><span class=\"md-plain\">Profil kolor\u00f3w<\/span><\/h2>\n<p class=\"md-end-block md-p\"><span class=\"md-plain\">Nasza charakterystyczna mieszanka zawiera:<\/span><\/p>\n<ul class=\"ul-list\" data-mark=\"-\">\n<li class=\"md-list-item\">\n<p class=\"md-end-block md-p\"><span class=\"md-plain\">Wyrafinowana szara podstawa<\/span><\/p>\n<\/li>\n<li class=\"md-list-item\">\n<p class=\"md-end-block md-p\"><span class=\"md-plain\">Podtekst inspirowany kultur\u0105<\/span><\/p>\n<\/li>\n<li class=\"md-list-item\">\n<p class=\"md-end-block md-p\"><span class=\"md-plain\">Ciep\u0142e odblaskowe akcenty<\/span><\/p>\n<\/li>\n<li class=\"md-list-item\">\n<p class=\"md-end-block md-p\"><span class=\"md-plain\">Eleganckie akcenty fusion<\/span><\/p>\n<\/li>\n<\/ul>\n<p class=\"md-end-block md-p\"><span class=\"md-plain\">Ka\u017cdy obiektyw tworzy harmonijn\u0105 mieszank\u0119, kt\u00f3ra celebruje pi\u0119kno mieszanego dziedzictwa.<\/span><\/p>\n<h2 class=\"md-end-block md-heading\"><span class=\"md-plain\">Recenzje ekspert\u00f3w ds. urody<\/span><\/h2>\n<p class=\"md-end-block md-p\"><span class=\"md-plain\">@GlobalGlam (925 tys. obserwuj\u0105cych)<\/span><\/p>\n<blockquote>\n<p class=\"md-end-block md-p\"><span class=\"md-plain\">\"Te soczewki doskonale rozumiej\u0105 mieszane pi\u0119kno! \u2728\"<\/span><\/p>\n<\/blockquote>\n<p class=\"md-end-block md-p\"><span class=\"md-plain\">@BlendedBeauty (880 tys. obserwuj\u0105cych)<\/span><\/p>\n<blockquote>\n<p class=\"md-end-block md-p\"><span class=\"md-plain\">\"Wreszcie soczewki, kt\u00f3re podkre\u015blaj\u0105 nasze wyj\u0105tkowe cechy! \ud83c\udf1f\"<\/span><\/p>\n<\/blockquote>\n<p class=\"md-end-block md-p\"><span class=\"md-plain\">@FusionStyle (795 tys. obserwuj\u0105cych)<\/span><\/p>\n<blockquote>\n<p class=\"md-end-block md-p\"><span class=\"md-plain\">\"Idealna r\u00f3wnowaga mi\u0119dzy dziedzictwem a nowoczesnym stylem \ud83d\udcf8\"<\/span><\/p>\n<\/blockquote>\n<h2 class=\"md-end-block md-heading\"><span class=\"md-plain\">Profesjonalne spostrze\u017cenia<\/span><\/h2>\n<p class=\"md-end-block md-p\"><span class=\"md-plain\">\"Arcydzie\u0142o w dziedzinie mieszanego upi\u0119kszania oczu\".<\/span><\/p>\n<ul class=\"ul-list\" data-mark=\"-\">\n<li class=\"md-list-item\">\n<p class=\"md-end-block md-p\"><span class=\"md-plain\">Rachel Chen-Martinez, makija\u017cystka gwiazd<\/span><\/p>\n<\/li>\n<\/ul>\n<p class=\"md-end-block md-p\"><span class=\"md-plain\">\"Doskona\u0142a harmonia kolor\u00f3w dla r\u00f3\u017cnorodnych cech\".<\/span><\/p>\n<ul class=\"ul-list\" data-mark=\"-\">\n<li class=\"md-list-item\">\n<p class=\"md-end-block md-p\"><span class=\"md-plain\">David Thompson, fotograf urody<\/span><\/p>\n<\/li>\n<\/ul>\n<p class=\"md-end-block md-p\"><span class=\"md-plain\">\"Rewolucyjne podej\u015bcie do projektowania soczewek integracyjnych\".<\/span><\/p>\n<ul class=\"ul-list\" data-mark=\"-\">\n<li class=\"md-list-item\">\n<p class=\"md-end-block md-p\"><span class=\"md-plain\">Sophia Patel-Williams, dyrektor ds. urody<\/span><\/p>\n<\/li>\n<\/ul>\n<h2 class=\"md-end-block md-heading\"><span class=\"md-plain\">W\u0142a\u015bciwo\u015bci techniczne<\/span><\/h2>\n<ul class=\"ul-list\" data-mark=\"-\">\n<li class=\"md-list-item\">\n<p class=\"md-end-block md-p\"><span class=\"md-plain\">Technologia Hydration plus<\/span><\/p>\n<\/li>\n<li class=\"md-list-item\">\n<p class=\"md-end-block md-p\"><span class=\"md-plain\">System ochrony przed promieniowaniem UV<\/span><\/p>\n<\/li>\n<li class=\"md-list-item\">\n<p class=\"md-end-block md-p\"><span class=\"md-plain\">Zoptymalizowana oddychalno\u015b\u0107<\/span><\/p>\n<\/li>\n<li class=\"md-list-item\">\n<p class=\"md-end-block md-p\"><span class=\"md-plain\">Klarowno\u015b\u0107 w wysokiej rozdzielczo\u015bci<\/span><\/p>\n<\/li>\n<li class=\"md-list-item\">\n<p class=\"md-end-block md-p\"><span class=\"md-plain\">Komfortowe dopasowanie<\/span><\/p>\n<\/li>\n<\/ul>\n<h2 class=\"md-end-block md-heading\"><span class=\"md-plain\">Idealny dla<\/span><\/h2>\n<ul class=\"ul-list\" data-mark=\"-\">\n<li class=\"md-list-item\">\n<p class=\"md-end-block md-p\"><span class=\"md-plain\">Naturalne wzmocnienie<\/span><\/p>\n<\/li>\n<li class=\"md-list-item\">\n<p class=\"md-end-block md-p\"><span class=\"md-plain\">Profesjonalne sesje zdj\u0119ciowe<\/span><\/p>\n<\/li>\n<li class=\"md-list-item\">\n<p class=\"md-end-block md-p\"><span class=\"md-plain\">Codzienna elegancja<\/span><\/p>\n<\/li>\n<li class=\"md-list-item\">\n<p class=\"md-end-block md-p\"><span class=\"md-plain\">Specjalne okazje<\/span><\/p>\n<\/li>\n<li class=\"md-list-item\">\n<p class=\"md-end-block md-p\"><span class=\"md-plain\">Tworzenie tre\u015bci<\/span><\/p>\n<\/li>\n<li class=\"md-list-item\">\n<p class=\"md-end-block md-p\"><span class=\"md-plain\">Nowoczesna stylistyka<\/span><\/p>\n<\/li>\n<\/ul>\n<h2 class=\"md-end-block md-heading\"><span class=\"md-plain\">Kluczowe korzy\u015bci<\/span><\/h2>\n<ul class=\"ul-list\" data-mark=\"-\">\n<li class=\"md-list-item\">\n<p class=\"md-end-block md-p\"><span class=\"md-plain\">Naturalne mieszanie<\/span><\/p>\n<\/li>\n<li class=\"md-list-item\">\n<p class=\"md-end-block md-p\"><span class=\"md-plain\">Najwy\u017cszy komfort<\/span><\/p>\n<\/li>\n<li class=\"md-list-item\">\n<p class=\"md-end-block md-p\"><span class=\"md-plain\">Uniwersalna atrakcyjno\u015b\u0107<\/span><\/p>\n<\/li>\n<li class=\"md-list-item\">\n<p class=\"md-end-block md-p\"><span class=\"md-plain\">Wszechstronno\u015b\u0107 stylu<\/span><\/p>\n<\/li>\n<li class=\"md-list-item\">\n<p class=\"md-end-block md-p\"><span class=\"md-plain\">\u0141atwa konserwacja<\/span><\/p>\n<\/li>\n<\/ul>\n<h2 class=\"md-end-block md-heading\"><span class=\"md-plain\">Wyj\u0105tkowe cechy<\/span><\/h2>\n<ul class=\"ul-list\" data-mark=\"-\">\n<li class=\"md-list-item\">\n<p class=\"md-end-block md-p\"><span class=\"md-plain\">Po\u0142\u0105czenie kolor\u00f3w Heritage<\/span><\/p>\n<\/li>\n<li class=\"md-list-item\">\n<p class=\"md-end-block md-p\"><span class=\"md-plain\">Eleganckie wyrafinowanie<\/span><\/p>\n<\/li>\n<li class=\"md-list-item\">\n<p class=\"md-end-block md-p\"><span class=\"md-plain\">Najwy\u017csza jako\u015b\u0107<\/span><\/p>\n<\/li>\n<li class=\"md-list-item\">\n<p class=\"md-end-block md-p\"><span class=\"md-plain\">Projektowanie integracyjne<\/span><\/p>\n<\/li>\n<li class=\"md-list-item\">\n<p class=\"md-end-block md-p\"><span class=\"md-plain\">Adaptowalny styl<\/span><\/p>\n<\/li>\n<\/ul>\n<p class=\"md-end-block md-p\"><span class=\"md-plain\">Podkre\u015bl swoje naturalne pi\u0119kno dzi\u0119ki soczewkom kontaktowym Mixed Beauty Grey - gdzie dziedzictwo kulturowe spotyka si\u0119 z nowoczesnym wyrafinowaniem.<\/span><\/p>\n<p class=\"md-end-block md-p\"><span class=\"md-pair-s\"><em><span class=\"md-plain\">Niezb\u0119dny profesjonalny monta\u017c. Dost\u0119pne u certyfikowanych sprzedawc\u00f3w detalicznych.<\/span><\/em><\/span><\/p>\n<p class=\"md-end-block md-p md-focus\">#<span class=\"md-plain md-expand\">MixedBeauty #CulturalStyle #ModernElegance #BeautyInclusive<\/span><\/p>","protected":false},"excerpt":{"rendered":"<p>Mixed Beauty Grey Contact Lenses: Celebrating Cultural Harmony \ud83c\udf05 Experience our artfully blended grey tones &#8211; where diverse beauty meets contemporary elegance. \ud83d\udcab Color Profile Our signature blend features: Sophisticated grey base Culturally-inspired undertones Warm reflective accents Elegant fusion highlights Each lens creates a harmonious blend that celebrates mixed heritage beauty. \u2b50 Beauty Expert Reviews [&#8230;]\n","protected":false},"featured_media":2341,"comment_status":"open","ping_status":"closed","template":"","meta":[],"product_brand":[382],"product_cat":[81,91,188,158,101,98],"product_tag":[],"class_list":{"0":"post-2338","1":"product","2":"type-product","3":"status-publish","4":"has-post-thumbnail","6":"product_brand-bqeye","7":"product_cat-grey-contact-lenses","8":"product_cat-14-2-mm","9":"product_cat-dream-contacts","10":"product_cat-enlarge-contacts","11":"product_cat-natural-contacts","12":"product_cat-yearly-disposable","14":"first","15":"instock","16":"sale","17":"shipping-taxable","18":"purchasable","19":"product-type-variable","20":"has-default-attributes"},"_links":{"self":[{"href":"https:\/\/bqeye.com\/pl\/wp-json\/wp\/v2\/product\/2338","targetHints":{"allow":["GET"]}}],"collection":[{"href":"https:\/\/bqeye.com\/pl\/wp-json\/wp\/v2\/product"}],"about":[{"href":"https:\/\/bqeye.com\/pl\/wp-json\/wp\/v2\/types\/product"}],"replies":[{"embeddable":true,"href":"https:\/\/bqeye.com\/pl\/wp-json\/wp\/v2\/comments?post=2338"}],"wp:featuredmedia":[{"embeddable":true,"href":"https:\/\/bqeye.com\/pl\/wp-json\/wp\/v2\/media\/2341"}],"wp:attachment":[{"href":"https:\/\/bqeye.com\/pl\/wp-json\/wp\/v2\/media?parent=2338"}],"wp:term":[{"taxonomy":"product_brand","embeddable":true,"href":"https:\/\/bqeye.com\/pl\/wp-json\/wp\/v2\/product_brand?post=2338"},{"taxonomy":"product_cat","embeddable":true,"href":"https:\/\/bqeye.com\/pl\/wp-json\/wp\/v2\/product_cat?post=2338"},{"taxonomy":"product_tag","embeddable":true,"href":"https:\/\/bqeye.com\/pl\/wp-json\/wp\/v2\/product_tag?post=2338"}],"curies":[{"name":"wp","href":"https:\/\/api.w.org\/{rel}","templated":true}]}}