{"id":2342,"date":"2025-02-13T11:37:18","date_gmt":"2025-02-13T03:37:18","guid":{"rendered":"https:\/\/bqeye.com\/?post_type=product&#038;p=2342"},"modified":"2025-02-13T11:41:00","modified_gmt":"2025-02-13T03:41:00","slug":"nordic-elf-grey-contact-lenses","status":"publish","type":"product","link":"https:\/\/bqeye.com\/pl\/nordic-elf-grey-contact-lenses\/","title":{"rendered":"Szare soczewki kontaktowe Nordic Elf"},"content":{"rendered":"<h1 class=\"md-end-block md-heading\"><span class=\"md-plain md-expand\">Szare soczewki kontaktowe Nordic Elf: Uwolnij swoj\u0105 wewn\u0119trzn\u0105 elfi\u0105 kr\u00f3lewsko\u015b\u0107! \ud83e\udddd\u200d\u2640\ufe0f\u2728<\/span><\/h1>\n<p class=\"md-end-block md-p\"><span class=\"md-pair-s\"><em><span class=\"md-plain\">Wybrany styl: Refinery29 - eteryczny, luksusowy i mistyczny<\/span><\/em><\/span><\/p>\n<h2 class=\"md-end-block md-heading\"><span class=\"md-plain\">\u2728 Odkryj swoje elfickie dziedzictwo<\/span><\/h2>\n<p class=\"md-end-block md-p\"><span class=\"md-plain\">Witamy w \u015bwiecie, w kt\u00f3rym staro\u017cytna m\u0105dro\u015b\u0107 elf\u00f3w spotyka si\u0119 z nowoczesnym czarem dzi\u0119ki naszym szarym soczewkom kontaktowym Nordic Elf. To nie s\u0105 zwyk\u0142e kolorowe soczewki kontaktowe - to portale do eterycznego \u015bwiata magii elf\u00f3w!<\/span><\/p>\n<h2 class=\"md-end-block md-heading\"><span class=\"md-plain\">Mistyczna szaro\u015b\u0107 kr\u00f3lestwa elf\u00f3w<\/span><\/h2>\n<p class=\"md-end-block md-p\"><span class=\"md-plain\">Wyobra\u017a sobie srebrzyste \u015bwiat\u0142o przenikaj\u0105ce przez staro\u017cytne nordyckie lasy, gdzie kr\u00f3lestwa elf\u00f3w \u017cyj\u0105 w wiecznym p\u00f3\u0142mroku. Te szare soczewki kontaktowe oddaj\u0105 t\u0119 istot\u0119. Na ciemniejszych oczach tworz\u0105 nieziemsk\u0105 transformacj\u0119, kt\u00f3ra odzwierciedla powierzchni\u0119 mistycznych basen\u00f3w w \u015bwietle gwiazd. W przypadku ja\u015bniejszych oczu nadaj\u0105 g\u0142\u0119bi\u0119 przypominaj\u0105c\u0105 staro\u017cytne kryszta\u0142y elf\u00f3w, pe\u0142ne m\u0105dro\u015bci i mocy.<\/span><\/p>\n<p class=\"md-end-block md-p\"><span class=\"md-plain\">Kolorystyka \u0142\u0105czy w sobie eteryczne szaro\u015bci porannej mg\u0142y i g\u0142\u0119bi\u0119 staro\u017cytnej magii elf\u00f3w. Ka\u017cda para kryje w sobie sekrety nie\u015bmiertelnego pi\u0119kna - idealn\u0105 r\u00f3wnowag\u0119 tajemniczo\u015bci i elegancji, kt\u00f3ra przekszta\u0142ca ka\u017cde spojrzenie w przeb\u0142ysk elfiego majestatu. Niezale\u017cnie od tego, czy chcesz wcieli\u0107 si\u0119 w swoj\u0105 wewn\u0119trzn\u0105 kr\u00f3low\u0105 elf\u00f3w, czy po prostu chcesz doda\u0107 odrobin\u0119 nie\u015bmiertelnego uroku, te soczewki szepcz\u0105 opowie\u015bci o staro\u017cytnej magii.<\/span><\/p>\n<h2 class=\"md-end-block md-heading\"><span class=\"md-plain\">Opowie\u015bci z elfickiego dworu<\/span><\/h2>\n<p class=\"md-end-block md-p\"><span class=\"md-plain\">@ElvenBeautyQueen (1,4 mln obserwuj\u0105cych)<\/span><\/p>\n<blockquote>\n<p class=\"md-end-block md-p\"><span class=\"md-plain\">\"Te szare soczewki kontaktowe to czysta magia elf\u00f3w! Spos\u00f3b, w jaki \u0142api\u0105 \u015bwiat\u0142o sprawia, \u017ce czuj\u0119 si\u0119 jakbym wyszed\u0142 z krainy fantasy. Moi obserwatorzy s\u0105 oczarowani! \u2728\"<\/span><\/p>\n<\/blockquote>\n<p class=\"md-end-block md-p\"><span class=\"md-plain\">@NordicMystic (980 tys. obserwuj\u0105cych)<\/span><\/p>\n<blockquote>\n<p class=\"md-end-block md-p\"><span class=\"md-plain\">\"Wreszcie szare soczewki godne elfiej rodziny kr\u00f3lewskiej! Przekszta\u0142caj\u0105 moje oczy w baseny staro\u017cytnej m\u0105dro\u015bci. Absolutnie hipnotyzuj\u0105ce!\"<\/span><\/p>\n<\/blockquote>\n<p class=\"md-end-block md-p\"><span class=\"md-plain\">@ElvenWarrior (850 tys. obserwuj\u0105cych)<\/span><\/p>\n<blockquote>\n<p class=\"md-end-block md-p\"><span class=\"md-plain\">\"Jako kto\u015b, kto tworzy tre\u015bci fantasy, te obiektywy zmieniaj\u0105 zasady gry. O\u017cywiaj\u0105 magi\u0119 elf\u00f3w na ka\u017cdym zdj\u0119ciu!\"<\/span><\/p>\n<\/blockquote>\n<h2 class=\"md-end-block md-heading\"><span class=\"md-plain\">\u015amiertelne \u015bwiadectwa elfiej magii<\/span><\/h2>\n<p class=\"md-end-block md-p\"><span class=\"md-plain\">Aria Silverleaf, fotograf fantasy<\/span><\/p>\n<blockquote>\n<p class=\"md-end-block md-p\"><span class=\"md-plain\">\"Te szare styki doskonale oddaj\u0105 istot\u0119 elfiej magii. Ka\u017cda sesja zdj\u0119ciowa staje si\u0119 portalem do innego \u015bwiata\".<\/span><\/p>\n<\/blockquote>\n<p class=\"md-end-block md-p\"><span class=\"md-plain\">Theron Nightstar, projektantka kostium\u00f3w<\/span><\/p>\n<blockquote>\n<p class=\"md-end-block md-p\"><span class=\"md-plain\">\"Idealne wyko\u0144czenie ka\u017cdej stylizacji inspirowanej elfami. Sprawiaj\u0105, \u017ce ka\u017cdy czuje si\u0119, jakby mia\u0142 staro\u017cytn\u0105 magi\u0119 we krwi\".<\/span><\/p>\n<\/blockquote>\n<p class=\"md-end-block md-p\"><span class=\"md-plain\">Luna Moonweaver, makija\u017cystka<\/span><\/p>\n<blockquote>\n<p class=\"md-end-block md-p\"><span class=\"md-plain\">\"Moi klienci s\u0105 oczarowani tym, jak te szare soczewki zmieniaj\u0105 ich w eteryczne istoty, zachowuj\u0105c przy tym naturalne pi\u0119kno\".<\/span><\/p>\n<\/blockquote>\n<h2 class=\"md-end-block md-heading\"><span class=\"md-plain\">\u015awi\u0119te chwile dla twoich elfich oczu<\/span><\/h2>\n<ul class=\"ul-list\" data-mark=\"-\">\n<li class=\"md-list-item\">\n<p class=\"md-end-block md-p\"><span class=\"md-plain\">Sesje zdj\u0119ciowe fantasy<\/span><\/p>\n<\/li>\n<li class=\"md-list-item\">\n<p class=\"md-end-block md-p\"><span class=\"md-plain\">Spotkania cosplayowe<\/span><\/p>\n<\/li>\n<li class=\"md-list-item\">\n<p class=\"md-end-block md-p\"><span class=\"md-plain\">Mistyczne uroczysto\u015bci<\/span><\/p>\n<\/li>\n<li class=\"md-list-item\">\n<p class=\"md-end-block md-p\"><span class=\"md-plain\">Wydarzenia o tematyce elf\u00f3w<\/span><\/p>\n<\/li>\n<li class=\"md-list-item\">\n<p class=\"md-end-block md-p\"><span class=\"md-plain\">Magiczne tworzenie tre\u015bci<\/span><\/p>\n<\/li>\n<li class=\"md-list-item\">\n<p class=\"md-end-block md-p\"><span class=\"md-plain\">Specjalne ceremonie<\/span><\/p>\n<\/li>\n<li class=\"md-list-item\">\n<p class=\"md-end-block md-p\"><span class=\"md-plain\">Zaczarowane wieczory<\/span><\/p>\n<\/li>\n<li class=\"md-list-item\">\n<p class=\"md-end-block md-p\"><span class=\"md-plain\">Codzienna elficka elegancja<\/span><\/p>\n<\/li>\n<\/ul>\n<h2 class=\"md-end-block md-heading\"><span class=\"md-plain\">Dlaczego te szare kontakty s\u0105 godne elfiej kr\u00f3lewsko\u015bci?<\/span><\/h2>\n<ul class=\"ul-list\" data-mark=\"-\">\n<li class=\"md-list-item\">\n<p class=\"md-end-block md-p\"><span class=\"md-plain\">Eteryczne wzmocnienie szaro\u015bci<\/span><\/p>\n<\/li>\n<li class=\"md-list-item\">\n<p class=\"md-end-block md-p\"><span class=\"md-plain\">Nie\u015bmiertelny komfort<\/span><\/p>\n<\/li>\n<li class=\"md-list-item\">\n<p class=\"md-end-block md-p\"><span class=\"md-plain\">Mistyczna fotogeniczno\u015b\u0107<\/span><\/p>\n<\/li>\n<li class=\"md-list-item\">\n<p class=\"md-end-block md-p\"><span class=\"md-plain\">Wszechstronne zakl\u0119cie<\/span><\/p>\n<\/li>\n<li class=\"md-list-item\">\n<p class=\"md-end-block md-p\"><span class=\"md-plain\">Naturalny urok elf\u00f3w<\/span><\/p>\n<\/li>\n<li class=\"md-list-item\">\n<p class=\"md-end-block md-p\"><span class=\"md-plain\">Magia inspirowana stylem nordyckim<\/span><\/p>\n<\/li>\n<li class=\"md-list-item\">\n<p class=\"md-end-block md-p\"><span class=\"md-plain\">Ponadczasowa elegancja<\/span><\/p>\n<\/li>\n<li class=\"md-list-item\">\n<p class=\"md-end-block md-p\"><span class=\"md-plain\">Wibracje staro\u017cytnej m\u0105dro\u015bci<\/span><\/p>\n<\/li>\n<\/ul>\n<h2 class=\"md-end-block md-heading\"><span class=\"md-plain\">Przysi\u0119ga jako\u015bci elf\u00f3w<\/span><\/h2>\n<p class=\"md-end-block md-p\"><span class=\"md-plain\">Ka\u017cda para szarych soczewek kontaktowych Nordic Elf jest wykonana z precyzj\u0105 elfich rzemie\u015blnik\u00f3w i spe\u0142nia nowoczesne standardy bezpiecze\u0144stwa. Zapewniamy komfort podczas korzystania z elfiej natury.<\/span><\/p>\n<h2 class=\"md-end-block md-heading\"><span class=\"md-plain\">\u2728 Gotowy, by odebra\u0107 swoje elfickie dziedzictwo?<\/span><\/h2>\n<p class=\"md-end-block md-p\"><span class=\"md-plain\">Do\u0142\u0105cz do naszej rosn\u0105cej spo\u0142eczno\u015bci u\u017cytkownik\u00f3w szarych soczewek kontaktowych Nordic Elf, kt\u00f3rzy odkryli swoje po\u0142\u0105czenie ze staro\u017cytn\u0105 magi\u0105 elf\u00f3w. Do\u015bwiadcz idealnego po\u0142\u0105czenia nie\u015bmiertelnego pi\u0119kna i nowoczesnego uroku.<\/span><\/p>\n<p class=\"md-end-block md-p\">#<span class=\"md-plain\">NordicElf #GreyContactLenses #ElvenBeauty #NordicMagic #GreyEyeContacts #ElvenEyes #MagicalLenses #ElvenGrey<\/span><\/p>\n<p class=\"md-end-block md-p\"><span class=\"md-pair-s\"><em><span class=\"md-plain\">Wymagane profesjonalne dopasowanie. Dost\u0119pne w zaufanych punktach sprzeda\u017cy elf\u00f3w (autoryzowani sprzedawcy).<\/span><\/em><\/span><\/p>\n<p class=\"md-end-block md-p\"><span class=\"md-plain\">Odmie\u0144 swoje \u015bmiertelne spojrzenie dzi\u0119ki szarym soczewkom kontaktowym Nordic Elf - gdzie staro\u017cytna magia elf\u00f3w spotyka si\u0119 z nowoczesnym pi\u0119knem! \ud83e\udddd\u200d\u2640\ufe0f\u2728<\/span><\/p>\n<p class=\"md-end-block md-p md-focus\"><span class=\"md-plain md-expand\">Zasi\u0119gnij porady swojego zaufanego okulisty, aby uzyska\u0107 idealne magiczne dopasowanie. Twoja podr\u00f3\u017c do elfiego o\u015bwiecenia zaczyna si\u0119 teraz!<\/span><\/p>","protected":false},"excerpt":{"rendered":"<p>Nordic Elf Grey Contact Lenses: Channel Your Inner Elven Royalty! \ud83e\udddd\u200d\u2640\ufe0f\u2728 Chosen style: Refinery29 &#8211; ethereal, luxurious, and mystical \u2728 Discover Your Elven Heritage Welcome to a realm where ancient elven wisdom meets modern enchantment with our Nordic Elf grey contact lenses. These aren&#8217;t mere colored contacts \u2013 they&#8217;re portals to the ethereal world of [&#8230;]\n","protected":false},"featured_media":2344,"comment_status":"open","ping_status":"closed","template":"","meta":[],"product_brand":[382],"product_cat":[81,91,188,158,101,98],"product_tag":[],"class_list":{"0":"post-2342","1":"product","2":"type-product","3":"status-publish","4":"has-post-thumbnail","6":"product_brand-bqeye","7":"product_cat-grey-contact-lenses","8":"product_cat-14-2-mm","9":"product_cat-dream-contacts","10":"product_cat-enlarge-contacts","11":"product_cat-natural-contacts","12":"product_cat-yearly-disposable","14":"first","15":"instock","16":"sale","17":"shipping-taxable","18":"purchasable","19":"product-type-variable","20":"has-default-attributes"},"_links":{"self":[{"href":"https:\/\/bqeye.com\/pl\/wp-json\/wp\/v2\/product\/2342","targetHints":{"allow":["GET"]}}],"collection":[{"href":"https:\/\/bqeye.com\/pl\/wp-json\/wp\/v2\/product"}],"about":[{"href":"https:\/\/bqeye.com\/pl\/wp-json\/wp\/v2\/types\/product"}],"replies":[{"embeddable":true,"href":"https:\/\/bqeye.com\/pl\/wp-json\/wp\/v2\/comments?post=2342"}],"wp:featuredmedia":[{"embeddable":true,"href":"https:\/\/bqeye.com\/pl\/wp-json\/wp\/v2\/media\/2344"}],"wp:attachment":[{"href":"https:\/\/bqeye.com\/pl\/wp-json\/wp\/v2\/media?parent=2342"}],"wp:term":[{"taxonomy":"product_brand","embeddable":true,"href":"https:\/\/bqeye.com\/pl\/wp-json\/wp\/v2\/product_brand?post=2342"},{"taxonomy":"product_cat","embeddable":true,"href":"https:\/\/bqeye.com\/pl\/wp-json\/wp\/v2\/product_cat?post=2342"},{"taxonomy":"product_tag","embeddable":true,"href":"https:\/\/bqeye.com\/pl\/wp-json\/wp\/v2\/product_tag?post=2342"}],"curies":[{"name":"wp","href":"https:\/\/api.w.org\/{rel}","templated":true}]}}