{"id":2345,"date":"2025-02-13T11:46:44","date_gmt":"2025-02-13T03:46:44","guid":{"rendered":"https:\/\/bqeye.com\/?post_type=product&#038;p=2345"},"modified":"2025-02-13T11:53:24","modified_gmt":"2025-02-13T03:53:24","slug":"blueberry-curl-brown-contact-lenses","status":"publish","type":"product","link":"https:\/\/bqeye.com\/pl\/blueberry-curl-brown-contact-lenses\/","title":{"rendered":"Br\u0105zowe soczewki kontaktowe Blueberry Curl"},"content":{"rendered":"<h1 class=\"md-end-block md-heading\"><span class=\"md-plain md-expand\">Br\u0105zowe soczewki kontaktowe Blueberry Curl: Gdzie natura spotyka si\u0119 z czarem! \ud83e\uded0\u2728<\/span><\/h1>\n<p class=\"md-end-block md-p\"><span class=\"md-pair-s\"><em><span class=\"md-plain\">Wybrany styl: Elle - wyrafinowany, naturalny i modny<\/span><\/em><\/span><\/p>\n<h2 class=\"md-end-block md-heading\"><span class=\"md-plain\">\u2728 Magia jagodowego br\u0105zu<\/span><\/h2>\n<p class=\"md-end-block md-p\"><span class=\"md-plain\">Odkryj nasze soczewki kontaktowe Blueberry Curl Brown, w kt\u00f3rych ciep\u0142o bogatego br\u0105zu \u0142\u0105czy si\u0119 z tajemnicz\u0105 g\u0142\u0119bi\u0105 dzikich jag\u00f3d. Unikalna fuzja kolor\u00f3w, kt\u00f3ra odmienia spojrzenie, zachowuj\u0105c naturalne pi\u0119kno.<\/span><\/p>\n<h2 class=\"md-end-block md-heading\"><span class=\"md-plain\">Kolor tak wyj\u0105tkowy jak Ty<\/span><\/h2>\n<p class=\"md-end-block md-p\"><span class=\"md-plain\">Wyobra\u017a sobie idealne po\u0142\u0105czenie mu\u015bni\u0119tego s\u0142o\u0144cem br\u0105zu i aksamitnej g\u0142\u0119bi dojrza\u0142ych jag\u00f3d. Soczewki te tworz\u0105 spojrzenie, kt\u00f3re jest zar\u00f3wno naturalne, jak i niezwyk\u0142e, z subtelnymi odcieniami przypominaj\u0105cymi z\u0142ote \u015bwiat\u0142o s\u0142oneczne filtruj\u0105ce przez le\u015bne zadaszenia. Zar\u00f3wno jasnym, jak i ciemnym oczom dodaj\u0105 wymiaru, zachowuj\u0105c jednocze\u015bnie autentyczno\u015b\u0107.<\/span><\/p>\n<h2 class=\"md-end-block md-heading\"><span class=\"md-plain\">Recenzje ekspert\u00f3w ds. urody<\/span><\/h2>\n<p class=\"md-end-block md-p\"><span class=\"md-plain\">@NaturalBeauty (1,1 mln obserwuj\u0105cych)<\/span><\/p>\n<blockquote>\n<p class=\"md-end-block md-p\"><span class=\"md-plain\">\"Te soczewki s\u0105 niesamowite! Br\u0105zowo-jagodowa mieszanka tworzy wygl\u0105d, kt\u00f3ry jest zar\u00f3wno urzekaj\u0105cy, jak i naturalny. Moi obserwatorzy nie mog\u0105 si\u0119 doczeka\u0107! \u2728\"<\/span><\/p>\n<\/blockquote>\n<p class=\"md-end-block md-p\"><span class=\"md-plain\">@BeautyQueen (920 tys. obserwuj\u0105cych)<\/span><\/p>\n<blockquote>\n<p class=\"md-end-block md-p\"><span class=\"md-plain\">\"Wreszcie soczewki, kt\u00f3re s\u0105 wyj\u0105tkowe i nadaj\u0105 si\u0119 do noszenia. Gradacja kolor\u00f3w jest absolutnie idealna!\"<\/span><\/p>\n<\/blockquote>\n<p class=\"md-end-block md-p\"><span class=\"md-plain\">@BeautySecrets (780 tys. obserwuj\u0105cych)<\/span><\/p>\n<blockquote>\n<p class=\"md-end-block md-p\"><span class=\"md-plain\">\"Komfort jest niesamowity, a kolor jest tak naturalny, \u017ce mo\u017cna zapomnie\u0107, \u017ce nosi si\u0119 soczewki kontaktowe\".<\/span><\/p>\n<\/blockquote>\n<h2 class=\"md-end-block md-heading\"><span class=\"md-plain\">Historie klient\u00f3w<\/span><\/h2>\n<p class=\"md-end-block md-p\"><span class=\"md-plain\">Sarah Anderson, makija\u017cystka<\/span><\/p>\n<blockquote>\n<p class=\"md-end-block md-p\"><span class=\"md-plain\">\"Te soczewki sta\u0142y si\u0119 moim sekretem urody. Wzbogacaj\u0105 ka\u017cdy makija\u017c, zachowuj\u0105c przy tym naturalno\u015b\u0107\".<\/span><\/p>\n<\/blockquote>\n<p class=\"md-end-block md-p\"><span class=\"md-plain\">Emma Thompson, fotograf<\/span><\/p>\n<blockquote>\n<p class=\"md-end-block md-p\"><span class=\"md-plain\">\"Spos\u00f3b, w jaki te obiektywy \u0142api\u0105 \u015bwiat\u0142o, to czysta magia. Ka\u017cde zdj\u0119cie jest osza\u0142amiaj\u0105ce!\"<\/span><\/p>\n<\/blockquote>\n<p class=\"md-end-block md-p\"><span class=\"md-plain\">Lucy Parker, blogerka urodowa<\/span><\/p>\n<blockquote>\n<p class=\"md-end-block md-p\"><span class=\"md-plain\">\"Po\u0142\u0105czenie kolor\u00f3w jest genialne - nie za ciemne, nie za jasne. Po prostu idealne dla czaruj\u0105cego wygl\u0105du\".<\/span><\/p>\n<\/blockquote>\n<h2 class=\"md-end-block md-heading\"><span class=\"md-plain\">Idealne okazje<\/span><\/h2>\n<ul class=\"ul-list\" data-mark=\"-\">\n<li class=\"md-list-item\">\n<p class=\"md-end-block md-p\"><span class=\"md-plain\">Romantyczne randki<\/span><\/p>\n<\/li>\n<li class=\"md-list-item\">\n<p class=\"md-end-block md-p\"><span class=\"md-plain\">Naturalne sesje zdj\u0119ciowe<\/span><\/p>\n<\/li>\n<li class=\"md-list-item\">\n<p class=\"md-end-block md-p\"><span class=\"md-plain\">Codzienne zu\u017cycie<\/span><\/p>\n<\/li>\n<li class=\"md-list-item\">\n<p class=\"md-end-block md-p\"><span class=\"md-plain\">Eleganckie wieczory<\/span><\/p>\n<\/li>\n<li class=\"md-list-item\">\n<p class=\"md-end-block md-p\"><span class=\"md-plain\">Sesje zdj\u0119ciowe<\/span><\/p>\n<\/li>\n<li class=\"md-list-item\">\n<p class=\"md-end-block md-p\"><span class=\"md-plain\">Wydarzenia specjalne<\/span><\/p>\n<\/li>\n<li class=\"md-list-item\">\n<p class=\"md-end-block md-p\"><span class=\"md-plain\">Naturalny wygl\u0105d<\/span><\/p>\n<\/li>\n<li class=\"md-list-item\">\n<p class=\"md-end-block md-p\"><span class=\"md-plain\">Profesjonalne spotkania<\/span><\/p>\n<\/li>\n<\/ul>\n<h2 class=\"md-end-block md-heading\"><span class=\"md-plain\">Dlaczego je pokochasz?<\/span><\/h2>\n<ul class=\"ul-list\" data-mark=\"-\">\n<li class=\"md-list-item\">\n<p class=\"md-end-block md-p\"><span class=\"md-plain\">Unikalne naturalne odcienie<\/span><\/p>\n<\/li>\n<li class=\"md-list-item\">\n<p class=\"md-end-block md-p\"><span class=\"md-plain\">Najwy\u017cszy komfort<\/span><\/p>\n<\/li>\n<li class=\"md-list-item\">\n<p class=\"md-end-block md-p\"><span class=\"md-plain\">Fotogeniczna jako\u015b\u0107<\/span><\/p>\n<\/li>\n<li class=\"md-list-item\">\n<p class=\"md-end-block md-p\"><span class=\"md-plain\">Wszechstronna stylizacja<\/span><\/p>\n<\/li>\n<li class=\"md-list-item\">\n<p class=\"md-end-block md-p\"><span class=\"md-plain\">\u0141agodne spojrzenie<\/span><\/p>\n<\/li>\n<li class=\"md-list-item\">\n<p class=\"md-end-block md-p\"><span class=\"md-plain\">Subtelna elegancja<\/span><\/p>\n<\/li>\n<li class=\"md-list-item\">\n<p class=\"md-end-block md-p\"><span class=\"md-plain\">Naturalna g\u0142\u0119boko\u015b\u0107<\/span><\/p>\n<\/li>\n<li class=\"md-list-item\">\n<p class=\"md-end-block md-p\"><span class=\"md-plain\">Autentyczny urok<\/span><\/p>\n<\/li>\n<\/ul>\n<h2 class=\"md-end-block md-heading\"><span class=\"md-plain\">Nasza obietnica jako\u015bci<\/span><\/h2>\n<p class=\"md-end-block md-p\"><span class=\"md-plain\">Ka\u017cda para soczewek kontaktowych Blueberry Curl Brown jest wykonana zgodnie z najwy\u017cszymi standardami, zapewniaj\u0105c bezpiecze\u0144stwo i ca\u0142odzienny komfort. Nasze zaanga\u017cowanie w jako\u015b\u0107 oznacza, \u017ce mo\u017cesz skupi\u0107 si\u0119 na poczuciu pi\u0119kna.<\/span><\/p>\n<h2 class=\"md-end-block md-heading\"><span class=\"md-plain\">Gotowy na transformacj\u0119?<\/span><\/h2>\n<p class=\"md-end-block md-p\"><span class=\"md-plain\">Do\u0142\u0105cz do naszej spo\u0142eczno\u015bci naturalnych pi\u0119kno\u015bci i odkryj, w jaki spos\u00f3b soczewki kontaktowe mog\u0105 poprawi\u0107 Twoje spojrzenie, zachowuj\u0105c przy tym autentyczny urok.<\/span><\/p>\n<p class=\"md-end-block md-p\">#<span class=\"md-plain\">BlueberryBrown #NaturalBeauty #DreamyEyes #ContactLenses #GentleBeauty #NaturalElegance #UniqueContacts<\/span><\/p>\n<p class=\"md-end-block md-p\"><span class=\"md-pair-s\"><em><span class=\"md-plain\">Wymagane profesjonalne dopasowanie. Dost\u0119pne u autoryzowanych sprzedawc\u00f3w optycznych.<\/span><\/em><\/span><\/p>\n<p class=\"md-end-block md-p\"><span class=\"md-plain\">Odmie\u0144 swoje spojrzenie dzi\u0119ki naszym soczewkom kontaktowym Blueberry Curl Brown - gdzie natura spotyka si\u0119 z wyrafinowaniem! \ud83c\udf3f\u2728<\/span><\/p>\n<p class=\"md-end-block md-p md-focus\"><span class=\"md-plain md-expand\">Skonsultuj si\u0119 ze swoim okulist\u0105, aby uzyska\u0107 idealne dopasowanie. Tw\u00f3j nowy, naturalny wygl\u0105d czeka!<\/span><\/p>","protected":false},"excerpt":{"rendered":"<p>Blueberry Curl Brown Contact Lenses: Where Nature Meets Enchantment! \ud83e\uded0\u2728 Chosen style: Elle &#8211; sophisticated, natural, and fashion-forward \u2728 The Magic of Blueberry Brown Discover our Blueberry Curl Brown contact lenses, where the warmth of rich brown meets the mysterious depth of wild blueberries. A unique color fusion that transforms your gaze while maintaining natural [&#8230;]\n","protected":false},"featured_media":2348,"comment_status":"open","ping_status":"closed","template":"","meta":[],"product_brand":[382],"product_cat":[80,92,188,158,101,98],"product_tag":[],"class_list":{"0":"post-2345","1":"product","2":"type-product","3":"status-publish","4":"has-post-thumbnail","6":"product_brand-bqeye","7":"product_cat-brown-contact-lenses","8":"product_cat-14-5-mm","9":"product_cat-dream-contacts","10":"product_cat-enlarge-contacts","11":"product_cat-natural-contacts","12":"product_cat-yearly-disposable","14":"first","15":"instock","16":"sale","17":"shipping-taxable","18":"purchasable","19":"product-type-variable","20":"has-default-attributes"},"_links":{"self":[{"href":"https:\/\/bqeye.com\/pl\/wp-json\/wp\/v2\/product\/2345","targetHints":{"allow":["GET"]}}],"collection":[{"href":"https:\/\/bqeye.com\/pl\/wp-json\/wp\/v2\/product"}],"about":[{"href":"https:\/\/bqeye.com\/pl\/wp-json\/wp\/v2\/types\/product"}],"replies":[{"embeddable":true,"href":"https:\/\/bqeye.com\/pl\/wp-json\/wp\/v2\/comments?post=2345"}],"wp:featuredmedia":[{"embeddable":true,"href":"https:\/\/bqeye.com\/pl\/wp-json\/wp\/v2\/media\/2348"}],"wp:attachment":[{"href":"https:\/\/bqeye.com\/pl\/wp-json\/wp\/v2\/media?parent=2345"}],"wp:term":[{"taxonomy":"product_brand","embeddable":true,"href":"https:\/\/bqeye.com\/pl\/wp-json\/wp\/v2\/product_brand?post=2345"},{"taxonomy":"product_cat","embeddable":true,"href":"https:\/\/bqeye.com\/pl\/wp-json\/wp\/v2\/product_cat?post=2345"},{"taxonomy":"product_tag","embeddable":true,"href":"https:\/\/bqeye.com\/pl\/wp-json\/wp\/v2\/product_tag?post=2345"}],"curies":[{"name":"wp","href":"https:\/\/api.w.org\/{rel}","templated":true}]}}