{"id":2476,"date":"2025-03-05T16:03:08","date_gmt":"2025-03-05T08:03:08","guid":{"rendered":"https:\/\/bqeye.com\/?post_type=product&#038;p=2476"},"modified":"2025-03-05T16:13:31","modified_gmt":"2025-03-05T08:13:31","slug":"mystic-iris-purple-contact-lenses","status":"publish","type":"product","link":"https:\/\/bqeye.com\/pl\/mystic-iris-purple-contact-lenses\/","title":{"rendered":"Purpurowe soczewki kontaktowe Mystic Iris (10 sztuk)"},"content":{"rendered":"<h1>Uwolnij swoj\u0105 wewn\u0119trzn\u0105 mistyk\u0119 dzi\u0119ki osza\u0142amiaj\u0105cym soczewkom kontaktowym Purple Iris<\/h1>\n<h2>Enigmatyczny urok fioletu: Inspiracja i znaczenie<\/h2>\n<p>Odkryj nowy wymiar osobistej ekspresji dzi\u0119ki naszym fioletowym soczewkom kontaktowym Mystic Iris! To nie s\u0105 zwyk\u0142e kolorowe soczewki kontaktowe - to portale do bardziej fascynuj\u0105cej wersji siebie. Bogate, wieloaspektowe odcienie fioletu tworz\u0105 urzekaj\u0105c\u0105 g\u0142\u0119bi\u0119, kt\u00f3ra przyci\u0105ga ludzi i utrzymuje ich uwag\u0119. Fiolet by\u0142 czczony w r\u00f3\u017cnych cywilizacjach jako kolor intuicji, kreatywno\u015bci i boskiego po\u0142\u0105czenia - a teraz mo\u017cesz skierowa\u0107 te pot\u0119\u017cne cechy poprzez swoje spojrzenie dzi\u0119ki tym niezwyk\u0142ym fioletowym soczewkom kontaktowym.<\/p>\n<p>Prawdziw\u0105 magi\u0105 tych fioletowych soczewek kontaktowych jest ich niezwyk\u0142a wszechstronno\u015b\u0107 w r\u00f3\u017cnych naturalnych kolorach oczu. Dla os\u00f3b o g\u0142\u0119bszych odcieniach oczu, te fioletowe soczewki kontaktowe tworz\u0105 subteln\u0105, ale uderzaj\u0105c\u0105 transformacj\u0119, kt\u00f3ra dodaje tajemniczego wymiaru Twojemu wygl\u0105dowi. Je\u015bli masz ja\u015bniejsze oczy, fioletowe soczewki kontaktowe Mystic Iris podkre\u015bl\u0105 Twoj\u0105 naturaln\u0105 jasno\u015b\u0107, jednocze\u015bnie dodaj\u0105c niezapomnianego fioletowego uroku, kt\u00f3ry sprawia, \u017ce nie mo\u017cna Ci\u0119 zignorowa\u0107. Ka\u017cda chwila staje si\u0119 okazj\u0105 do fascynacji, a ka\u017cda interakcja nasycona jest atmosfer\u0105 intrygi. Te fioletowe soczewki kontaktowe nie tylko osadzaj\u0105 si\u0119 na t\u0119cz\u00f3wce - ujawniaj\u0105 urzekaj\u0105c\u0105 osob\u0119, kt\u00f3r\u0105 zawsze by\u0142e\u015b.<\/p>\n<h2>Co influencerzy m\u00f3wi\u0105 o naszych fioletowych soczewkach kontaktowych?<\/h2>\n<p>@FashionForward_Taylor (2,5 mln obserwuj\u0105cych): \"Te fioletowe soczewki dos\u0142ownie zmieni\u0142y moj\u0105 estetyk\u0119! Kolor jest bogato napigmentowany, ale na zdj\u0119ciach wygl\u0105da zaskakuj\u0105co naturalnie\".<\/p>\n<p>@BeautyMaven_Jordan (3,3 mln obserwuj\u0105cych): \"Wsp\u00f3\u0142pracowa\u0142em z wieloma markami kontaktowymi, ale te fioletowe soczewki Mystic Iris maj\u0105 idealn\u0105 r\u00f3wnowag\u0119 mi\u0119dzy komfortem a efektem wizualnym\".<\/p>\n<p>@TrendHunter_Alex (1,9 mln obserwuj\u0105cych): \"Moi obserwatorzy nie przestaj\u0105 pyta\u0107 o te fioletowe soczewki kontaktowe! Pi\u0119knie fotografuj\u0105 zar\u00f3wno w naturalnym, jak i sztucznym o\u015bwietleniu\".<\/p>\n<h2>Prawdziwe do\u015bwiadczenia klient\u00f3w<\/h2>\n<p>\"Te fioletowe soczewki sprawi\u0142y, \u017ce poczu\u0142am si\u0119 jak posta\u0107 z mojej ulubionej serii fantasy! Wystarczaj\u0105co wygodne, by nosi\u0107 je przez ca\u0142y dzie\u0144 na konwencie\". - Morgan K.<\/p>\n<p>\"Wypr\u00f3bowa\u0142am ju\u017c wiele kolorowych soczewek, ale te faktycznie zapewniaj\u0105 fioletowy odcie\u0144 widoczny na zdj\u0119ciach. Warte ka\u017cdego grosza!\" - Dakota L.<\/p>\n<p>\"Nawet moi sceptyczni przyjaciele nie mogli uwierzy\u0107, jak naturalnie wygl\u0105daj\u0105 na mnie te fioletowe soczewki kontaktowe. Teraz zamawiaj\u0105 w\u0142asne pary!\" - Skyler W.<\/p>\n<h2>Idealne pary makija\u017cu i okazje<\/h2>\n<p>Chcesz zmaksymalizowa\u0107 efekt swoich fioletowych soczewek kontaktowych Mystic Iris? Te osza\u0142amiaj\u0105ce fioletowe soczewki kontaktowe uzupe\u0142niaj\u0105 ciep\u0142e br\u0105zowe cienie, tworz\u0105c jesienny mistyczny klimat, lub pi\u0119knie komponuj\u0105 si\u0119 z ch\u0142odnymi srebrami, tworz\u0105c efekt eterycznej zimowej bogini. Do subtelnego noszenia na co dzie\u0144 wypr\u00f3buj neutralne odcienie taupe z roz\u015bwietlaczem w wewn\u0119trznym k\u0105ciku, aby fioletowe soczewki kontaktowe naprawd\u0119 b\u0142yszcza\u0142y.<\/p>\n<p>Te fioletowe soczewki kontaktowe s\u0105 wystarczaj\u0105co uniwersalne na niezliczone okazje: wyst\u0119py artystyczne, podczas kt\u00f3rych musisz dowodzi\u0107 scen\u0105, specjalne uroczysto\u015bci, podczas kt\u00f3rych chcesz poczu\u0107 si\u0119 wyj\u0105tkowo, wydarzenia tematyczne, podczas kt\u00f3rych wcielasz si\u0119 w nadprzyrodzon\u0105 posta\u0107 lub po prostu dni, w kt\u00f3rych chcesz nada\u0107 swojej zwyk\u0142ej rutynie odrobin\u0119 magii.<\/p>\n<p>Gotowy, by do\u015bwiadczy\u0107 transformacji? Purpurowe soczewki kontaktowe Mystic Iris nie tylko zmieniaj\u0105 Tw\u00f3j wygl\u0105d - uwalniaj\u0105 niezwyk\u0142y potencja\u0142, kt\u00f3ry zawsze w Tobie drzema\u0142. Przyjmij tajemnic\u0119, promieniuj pewno\u015bci\u0105 siebie i przygotuj si\u0119 na bycie w centrum uwagi, gdziekolwiek zaprowadzi Ci\u0119 Twoja podr\u00f3\u017c!<\/p>","protected":false},"excerpt":{"rendered":"<p>Unleash Your Inner Mystic with Stunning Purple Iris Contact Lenses The Enigmatic Charm of Purple: Inspiration &amp; Meaning Discover a new dimension of personal expression with our Mystic Iris Purple Contact Lenses! These aren&#8217;t ordinary colored contacts \u2013 they&#8217;re portals to a more fascinating version of yourself. The rich, multifaceted purple tones create a captivating [&#8230;]\n","protected":false},"featured_media":2479,"comment_status":"open","ping_status":"closed","template":"","meta":[],"product_brand":[382],"product_cat":[385,92,72,100,204,82],"product_tag":[],"class_list":{"0":"post-2476","1":"product","2":"type-product","3":"status-publish","4":"has-post-thumbnail","6":"product_brand-bqeye","7":"product_cat-mystic-iris","8":"product_cat-14-5-mm","9":"product_cat-contact-lenses-by-color","10":"product_cat-daily-disposable","11":"product_cat-party-contacts","12":"product_cat-purple-contact-lenses","14":"first","15":"instock","16":"sale","17":"shipping-taxable","18":"purchasable","19":"product-type-variable","20":"has-default-attributes"},"_links":{"self":[{"href":"https:\/\/bqeye.com\/pl\/wp-json\/wp\/v2\/product\/2476","targetHints":{"allow":["GET"]}}],"collection":[{"href":"https:\/\/bqeye.com\/pl\/wp-json\/wp\/v2\/product"}],"about":[{"href":"https:\/\/bqeye.com\/pl\/wp-json\/wp\/v2\/types\/product"}],"replies":[{"embeddable":true,"href":"https:\/\/bqeye.com\/pl\/wp-json\/wp\/v2\/comments?post=2476"}],"wp:featuredmedia":[{"embeddable":true,"href":"https:\/\/bqeye.com\/pl\/wp-json\/wp\/v2\/media\/2479"}],"wp:attachment":[{"href":"https:\/\/bqeye.com\/pl\/wp-json\/wp\/v2\/media?parent=2476"}],"wp:term":[{"taxonomy":"product_brand","embeddable":true,"href":"https:\/\/bqeye.com\/pl\/wp-json\/wp\/v2\/product_brand?post=2476"},{"taxonomy":"product_cat","embeddable":true,"href":"https:\/\/bqeye.com\/pl\/wp-json\/wp\/v2\/product_cat?post=2476"},{"taxonomy":"product_tag","embeddable":true,"href":"https:\/\/bqeye.com\/pl\/wp-json\/wp\/v2\/product_tag?post=2476"}],"curies":[{"name":"wp","href":"https:\/\/api.w.org\/{rel}","templated":true}]}}