{"id":2483,"date":"2025-03-05T16:38:40","date_gmt":"2025-03-05T08:38:40","guid":{"rendered":"https:\/\/bqeye.com\/?post_type=product&#038;p=2483"},"modified":"2025-03-05T16:44:37","modified_gmt":"2025-03-05T08:44:37","slug":"mystic-iris-brown-contact-lenses","status":"publish","type":"product","link":"https:\/\/bqeye.com\/pl\/mystic-iris-brown-contact-lenses\/","title":{"rendered":"Br\u0105zowe soczewki kontaktowe Mystic Iris (10 sztuk)"},"content":{"rendered":"<h1>Podnie\u015b sw\u00f3j wygl\u0105d dzi\u0119ki czaruj\u0105cym soczewkom kontaktowym Mystic Iris Brown<\/h1>\n<h2>Br\u0105zowy urok: Inspiracje projektowe i symbolika kolor\u00f3w<\/h2>\n<p>Przygotuj si\u0119 na przemian\u0119 dzi\u0119ki subtelnemu urokowi naszych br\u0105zowych soczewek kontaktowych Mystic Iris! Te niezwyk\u0142e br\u0105zowe soczewki kontaktowe nie tylko zmieni\u0105 kolor Twoich oczu - nadadz\u0105 ca\u0142ej Twojej sylwetce naturalnie mistycznego i ciep\u0142ego charakteru. Wielowymiarowe bursztynowe i czekoladowe odcienie tworz\u0105 hipnotyzuj\u0105cy efekt, kt\u00f3ry jest zar\u00f3wno wyrafinowany, jak i przyst\u0119pny. Br\u0105zowy kolor historycznie reprezentowa\u0142 stabilno\u015b\u0107, niezawodno\u015b\u0107 i naturaln\u0105 m\u0105dro\u015b\u0107 - cechy, kt\u00f3re bez wysi\u0142ku uosabiasz, gdy wsuwasz te niezwyk\u0142e br\u0105zowe soczewki kontaktowe.<\/p>\n<p>Pi\u0119kno tych br\u0105zowych soczewek kontaktowych tkwi w ich uniwersalnym wygl\u0105dzie. Na jasnych oczach, te br\u0105zowe soczewki kontaktowe tworz\u0105 urzekaj\u0105c\u0105 transformacj\u0119, kt\u00f3ra jest dramatyczna, ale wiarygodna, dodaj\u0105c g\u0142\u0119bi i charakteru do naturalnego spojrzenia. Dla os\u00f3b z naturalnie ciemniejszymi oczami, br\u0105zowe soczewki kontaktowe Mystic Iris wzmacniaj\u0105 naturalne bogactwo, dodaj\u0105c niezapomniane zmiany wymiaru, kt\u00f3re poprawiaj\u0105 jako\u015b\u0107 rozm\u00f3w i po\u0142\u0105cze\u0144. Z ka\u017cdym spojrzeniem b\u0119dziesz przekazywa\u0107 ciep\u0142o; z ka\u017cdym spojrzeniem pozostawisz wra\u017cenie autentycznego uroku, kt\u00f3ry pozostanie d\u0142ugo po tym, jak opu\u015bcisz pomieszczenie. Te br\u0105zowe soczewki kontaktowe to nie tylko dodatek - to deklaracja tego, kim jeste\u015b i naturalnej pewno\u015bci siebie, kt\u00f3r\u0105 uosabiasz.<\/p>\n<h2>Co influencerzy m\u00f3wi\u0105 o naszych br\u0105zowych soczewkach kontaktowych?<\/h2>\n<p>@GlamLifeGuru (4,2 mln obserwuj\u0105cych): \"Nosz\u0119 kolorowe soczewki kontaktowe od lat, ale te br\u0105zowe soczewki Mystic Iris s\u0105 na wy\u017cszym poziomie - komfort jest niezr\u00f3wnany, a kolor jest ZNIEWALAJ\u0104CO naturalny\".<\/p>\n<p>@StyleInsider_Morgan (2,3 mln obserwuj\u0105cych): \"Te br\u0105zowe kontakty pi\u0119knie fotografuj\u0105 w ka\u017cdym o\u015bwietleniu! Podkre\u015blaj\u0105 moje naturalne cechy, nie wygl\u0105daj\u0105c przy tym sztucznie.\"<\/p>\n<p>@BeautyTruth_Casey (1,6 mln obserwuj\u0105cych): \"Jako\u015b\u0107 tych br\u0105zowych cieni do powiek jest wyj\u0105tkowa - gradacja kolor\u00f3w jest wyrafinowana i wygl\u0105da ca\u0142kowicie wiarygodnie. Absolutny prze\u0142om!\"<\/p>\n<h2>Prawdziwe do\u015bwiadczenia klient\u00f3w<\/h2>\n<p>\"Te br\u0105zowe soczewki kontaktowe ca\u0142kowicie zmieni\u0142y m\u00f3j profesjonalny wygl\u0105d. Kiedy je nosz\u0119, czuj\u0119 si\u0119 bardziej dopracowana i zadbana!\" - Avery J.<\/p>\n<p>\"Komfort jest niesamowity - zapominam, \u017ce w og\u00f3le nosz\u0119 soczewki kontaktowe, ale przez ca\u0142y dzie\u0144 otrzymuj\u0119 komplementy na temat mojego \"naturalnego\" koloru oczu!\" - Cameron D.<\/p>\n<p>\"Idealne do mojego codziennego wygl\u0105du - chcia\u0142am czego\u015b subtelnego, ale wzmacniaj\u0105cego, a te br\u0105zowe soczewki dok\u0142adnie to zapewniaj\u0105!\" - Quinn P.<\/p>\n<h2>Idealne pary makija\u017cu i okazje<\/h2>\n<p>Chcesz zmaksymalizowa\u0107 efekt swoich br\u0105zowych soczewek kontaktowych Mystic Iris? Te osza\u0142amiaj\u0105ce br\u0105zowe soczewki kontaktowe tworz\u0105 magi\u0119 w po\u0142\u0105czeniu z ziemistymi zielonymi cieniami do powiek, aby uzyska\u0107 wygl\u0105d inspirowany natur\u0105, lub z ciep\u0142ymi odcieniami burgunda, aby uzyska\u0107 intensywny, wyrafinowany klimat. Aby uzyska\u0107 elegancki wygl\u0105d w ci\u0105gu dnia, wypr\u00f3buj szampa\u0144skie odcienie, kt\u00f3re pozwol\u0105 br\u0105zowym soczewkom doda\u0107 g\u0142\u0119bi, zachowuj\u0105c jednocze\u015bnie naturalny wygl\u0105d.<\/p>\n<p>Te br\u0105zowe soczewki kontaktowe s\u0105 wystarczaj\u0105co uniwersalne na niezliczone okazje: rozmowy kwalifikacyjne, na kt\u00f3rych chcesz wygl\u0105da\u0107 wiarygodnie i ciep\u0142o, codzienne profesjonalne ustawienia, w kt\u00f3rych subtelne wzmocnienie robi r\u00f3\u017cnic\u0119, swobodne spotkania, na kt\u00f3rych chcesz wygl\u0105da\u0107 naturalnie, a nawet randki, na kt\u00f3rych chcesz przekaza\u0107 przyst\u0119pn\u0105 pewno\u015b\u0107 siebie.<\/p>\n<p>Gotowy, by do\u015bwiadczy\u0107 transformacji? Br\u0105zowe soczewki kontaktowe Mystic Iris to nie tylko dodatek - to pot\u0119\u017cna forma wyra\u017cania siebie, kt\u00f3ra ujawnia naturalnie wyrafinowan\u0105 osob\u0119, kt\u00f3r\u0105 naprawd\u0119 jeste\u015b. Przyjmij ciep\u0142o, po\u0142\u0105cz si\u0119 autentycznie i obserwuj, jak mo\u017cliwo\u015bci rozwijaj\u0105 si\u0119 przed Twoimi nowo ulepszonymi br\u0105zowymi oczami!<\/p>","protected":false},"excerpt":{"rendered":"<p>Elevate Your Look with Spellbinding Mystic Iris Brown Contact Lenses The Brown Allure: Design Inspiration &amp; Color Symbolism Prepare to be transformed by the subtle allure of our Mystic Iris Brown Contact Lenses! These extraordinary brown contact lenses don&#8217;t just change your eye color \u2013 they infuse your entire presence with an air of natural [&#8230;]\n","protected":false},"featured_media":2486,"comment_status":"open","ping_status":"closed","template":"","meta":[],"product_brand":[382],"product_cat":[385,91,80,72,100,204],"product_tag":[],"class_list":{"0":"post-2483","1":"product","2":"type-product","3":"status-publish","4":"has-post-thumbnail","6":"product_brand-bqeye","7":"product_cat-mystic-iris","8":"product_cat-14-2-mm","9":"product_cat-brown-contact-lenses","10":"product_cat-contact-lenses-by-color","11":"product_cat-daily-disposable","12":"product_cat-party-contacts","14":"first","15":"instock","16":"sale","17":"shipping-taxable","18":"purchasable","19":"product-type-variable","20":"has-default-attributes"},"_links":{"self":[{"href":"https:\/\/bqeye.com\/pl\/wp-json\/wp\/v2\/product\/2483","targetHints":{"allow":["GET"]}}],"collection":[{"href":"https:\/\/bqeye.com\/pl\/wp-json\/wp\/v2\/product"}],"about":[{"href":"https:\/\/bqeye.com\/pl\/wp-json\/wp\/v2\/types\/product"}],"replies":[{"embeddable":true,"href":"https:\/\/bqeye.com\/pl\/wp-json\/wp\/v2\/comments?post=2483"}],"wp:featuredmedia":[{"embeddable":true,"href":"https:\/\/bqeye.com\/pl\/wp-json\/wp\/v2\/media\/2486"}],"wp:attachment":[{"href":"https:\/\/bqeye.com\/pl\/wp-json\/wp\/v2\/media?parent=2483"}],"wp:term":[{"taxonomy":"product_brand","embeddable":true,"href":"https:\/\/bqeye.com\/pl\/wp-json\/wp\/v2\/product_brand?post=2483"},{"taxonomy":"product_cat","embeddable":true,"href":"https:\/\/bqeye.com\/pl\/wp-json\/wp\/v2\/product_cat?post=2483"},{"taxonomy":"product_tag","embeddable":true,"href":"https:\/\/bqeye.com\/pl\/wp-json\/wp\/v2\/product_tag?post=2483"}],"curies":[{"name":"wp","href":"https:\/\/api.w.org\/{rel}","templated":true}]}}