{"id":2487,"date":"2025-03-05T19:28:59","date_gmt":"2025-03-05T11:28:59","guid":{"rendered":"https:\/\/bqeye.com\/?post_type=product&#038;p=2487"},"modified":"2025-03-05T19:45:45","modified_gmt":"2025-03-05T11:45:45","slug":"mystic-iris-pink-contact-lenses","status":"publish","type":"product","link":"https:\/\/bqeye.com\/pl\/mystic-iris-pink-contact-lenses\/","title":{"rendered":"R\u00f3\u017cowe soczewki kontaktowe Mystic Iris (10 sztuk)"},"content":{"rendered":"<h1>Uwolnij swoj\u0105 wewn\u0119trzn\u0105 mistyk\u0119 dzi\u0119ki osza\u0142amiaj\u0105cym soczewkom kontaktowym Pink Iris<\/h1>\n<h2>Czaruj\u0105cy urok r\u00f3\u017cu: inspiracja i znaczenie<\/h2>\n<p>Odkryj nowy wymiar osobistej ekspresji dzi\u0119ki naszym r\u00f3\u017cowym soczewkom kontaktowym Mystic Iris! To nie s\u0105 zwyk\u0142e kolorowe soczewki kontaktowe - to portale do bardziej kapry\u015bnej, romantycznej wersji siebie. Bogate, wieloaspektowe odcienie r\u00f3\u017cu tworz\u0105 urzekaj\u0105c\u0105 g\u0142\u0119bi\u0119, kt\u00f3ra przyci\u0105ga ludzi i przyci\u0105ga ich uwag\u0119 swoim nieoczekiwanym urokiem. R\u00f3\u017cowy jest znany w wielu kulturach jako kolor czu\u0142o\u015bci, kreatywno\u015bci i m\u0142odzie\u0144czej energii - a teraz mo\u017cesz przekaza\u0107 te wspania\u0142e cechy poprzez swoje spojrzenie dzi\u0119ki tym niezwyk\u0142ym r\u00f3\u017cowym soczewkom kontaktowym.<\/p>\n<p>Prawdziw\u0105 magi\u0105 tych r\u00f3\u017cowych soczewek kontaktowych jest ich niezwyk\u0142a wszechstronno\u015b\u0107 w r\u00f3\u017cnych naturalnych kolorach oczu. Dla os\u00f3b o g\u0142\u0119bszych odcieniach oczu, te r\u00f3\u017cowe soczewki kontaktowe tworz\u0105 subteln\u0105, ale uderzaj\u0105c\u0105 transformacj\u0119, kt\u00f3ra dodaje nieoczekiwany wymiar mi\u0119kko\u015bci do Twojego wygl\u0105du. Je\u015bli masz ja\u015bniejsze oczy, r\u00f3\u017cowe soczewki kontaktowe Mystic Iris podkre\u015bl\u0105 Twoj\u0105 naturaln\u0105 jasno\u015b\u0107, jednocze\u015bnie dodaj\u0105c niezapomnianego r\u00f3\u017cowego uroku, kt\u00f3ry sprawia, \u017ce nie mo\u017cna Ci\u0119 zignorowa\u0107. Ka\u017cda chwila staje si\u0119 okazj\u0105 do oczarowania, a ka\u017cda interakcja nasycona jest romantyczn\u0105 mistyk\u0105. Te r\u00f3\u017cowe soczewki kontaktowe nie tylko osadzaj\u0105 si\u0119 na t\u0119cz\u00f3wce - ujawniaj\u0105 urzekaj\u0105c\u0105, magiczn\u0105 osob\u0119, kt\u00f3r\u0105 zawsze by\u0142a\u015b.<\/p>\n<h2>Co influencerzy m\u00f3wi\u0105 o naszych r\u00f3\u017cowych soczewkach kontaktowych?<\/h2>\n<p>@FashionForward_Taylor (2,5 mln obserwuj\u0105cych): \"Te r\u00f3\u017cowe soczewki dos\u0142ownie zmieni\u0142y moj\u0105 estetyk\u0119! Kolor jest delikatnie napigmentowany, a jednocze\u015bnie tworzy tak marzycielski efekt na zdj\u0119ciach\".<\/p>\n<p>@BeautyMaven_Jordan (3,3 mln obserwuj\u0105cych): \"Wsp\u00f3\u0142pracowa\u0142em z wieloma markami kontaktowymi, ale te r\u00f3\u017cowe soczewki Mystic Iris maj\u0105 idealn\u0105 r\u00f3wnowag\u0119 mi\u0119dzy fantazj\u0105 a mo\u017cliwo\u015bci\u0105 noszenia na co dzie\u0144\".<\/p>\n<p>@TrendHunter_Alex (1,9 mln obserwuj\u0105cych): \"Moi obserwatorzy nie przestaj\u0105 pyta\u0107 o te r\u00f3\u017cowe soczewki kontaktowe! Tworz\u0105 ten bajkowy klimat, kt\u00f3ry pi\u0119knie fotografuje zar\u00f3wno w naturalnym, jak i sztucznym o\u015bwietleniu\".<\/p>\n<h2>Prawdziwe do\u015bwiadczenia klient\u00f3w<\/h2>\n<p>\"Te r\u00f3\u017cowe soczewki sprawi\u0142y, \u017ce poczu\u0142am si\u0119 jak posta\u0107 z mojego ulubionego romansu fantasy! Wystarczaj\u0105co wygodne, by nosi\u0107 je przez ca\u0142y dzie\u0144 na weselu\". - Morgan K.<\/p>\n<p>\"Wypr\u00f3bowa\u0142am wiele kolorowych soczewek, ale te faktycznie zapewniaj\u0105 idealny r\u00f3\u017cowy odcie\u0144 - zauwa\u017calny, ale nie kostiumowy. Warte ka\u017cdego grosza!\" - Dakota L.<\/p>\n<p>\"Nawet moi sceptyczni przyjaciele nie mogli uwierzy\u0107, jak \u0142adnie wygl\u0105daj\u0105 na mnie te r\u00f3\u017cowe soczewki. Teraz zamawiaj\u0105 w\u0142asne pary!\" - Skyler W.<\/p>\n<h2>Idealne pary makija\u017cu i okazje<\/h2>\n<p>Chcesz zmaksymalizowa\u0107 efekt swoich r\u00f3\u017cowych soczewek kontaktowych Mystic Iris? Te osza\u0142amiaj\u0105ce r\u00f3\u017cowe soczewki kontaktowe uzupe\u0142niaj\u0105 delikatne koralowe cienie, tworz\u0105c romantyczny nastr\u00f3j inspirowany zachodem s\u0142o\u0144ca, lub pi\u0119knie komponuj\u0105 si\u0119 z ch\u0142odnymi liliowymi odcieniami, tworz\u0105c efekt eterycznej wiosennej bogini. W przypadku subtelnego noszenia na co dzie\u0144, wypr\u00f3buj neutralne odcienie szampana z roz\u015bwietlaczem w wewn\u0119trznym k\u0105ciku, aby r\u00f3\u017cowe soczewki kontaktowe naprawd\u0119 b\u0142yszcza\u0142y.<\/p>\n<p>Te r\u00f3\u017cowe soczewki kontaktowe s\u0105 wystarczaj\u0105co uniwersalne na niezliczone okazje: romantyczne kolacje, podczas kt\u00f3rych chcesz uosabia\u0107 kobiecy urok, wiosenne i letnie uroczysto\u015bci, podczas kt\u00f3rych chcesz dopasowa\u0107 si\u0119 do sezonowych kwiat\u00f3w, wyst\u0119py artystyczne, podczas kt\u00f3rych wcielasz si\u0119 w bajkow\u0105 posta\u0107, lub po prostu dni, w kt\u00f3rych chcesz nada\u0107 swojej zwyk\u0142ej rutynie odrobin\u0119 kapry\u015bnej magii.<\/p>\n<p>Gotowy, by do\u015bwiadczy\u0107 transformacji? Te r\u00f3\u017cowe soczewki kontaktowe Mystic Iris nie tylko zmieniaj\u0105 Tw\u00f3j wygl\u0105d - odblokowuj\u0105 niezwyk\u0142y romantyczny potencja\u0142, kt\u00f3ry zawsze w Tobie istnia\u0142. Daj si\u0119 oczarowa\u0107, promieniuj zabawn\u0105 pewno\u015bci\u0105 siebie i przygotuj si\u0119 na bycie w centrum uwagi, gdziekolwiek zaprowadzi Ci\u0119 Twoja podr\u00f3\u017c!<\/p>","protected":false},"excerpt":{"rendered":"<p>Unleash Your Inner Mystic with Stunning Pink Iris Contact Lenses The Enchanting Charm of Pink: Inspiration &amp; Meaning Discover a new dimension of personal expression with our Mystic Iris Pink Contact Lenses! These aren&#8217;t ordinary colored contacts \u2013 they&#8217;re portals to a more whimsical, romantic version of yourself. The rich, multifaceted pink tones create a [&#8230;]\n","protected":false},"featured_media":2489,"comment_status":"open","ping_status":"closed","template":"","meta":[],"product_brand":[382],"product_cat":[385,92,72,100,204,74],"product_tag":[],"class_list":{"0":"post-2487","1":"product","2":"type-product","3":"status-publish","4":"has-post-thumbnail","6":"product_brand-bqeye","7":"product_cat-mystic-iris","8":"product_cat-14-5-mm","9":"product_cat-contact-lenses-by-color","10":"product_cat-daily-disposable","11":"product_cat-party-contacts","12":"product_cat-pink-contact-lenses","14":"first","15":"instock","16":"sale","17":"shipping-taxable","18":"purchasable","19":"product-type-variable","20":"has-default-attributes"},"_links":{"self":[{"href":"https:\/\/bqeye.com\/pl\/wp-json\/wp\/v2\/product\/2487","targetHints":{"allow":["GET"]}}],"collection":[{"href":"https:\/\/bqeye.com\/pl\/wp-json\/wp\/v2\/product"}],"about":[{"href":"https:\/\/bqeye.com\/pl\/wp-json\/wp\/v2\/types\/product"}],"replies":[{"embeddable":true,"href":"https:\/\/bqeye.com\/pl\/wp-json\/wp\/v2\/comments?post=2487"}],"wp:featuredmedia":[{"embeddable":true,"href":"https:\/\/bqeye.com\/pl\/wp-json\/wp\/v2\/media\/2489"}],"wp:attachment":[{"href":"https:\/\/bqeye.com\/pl\/wp-json\/wp\/v2\/media?parent=2487"}],"wp:term":[{"taxonomy":"product_brand","embeddable":true,"href":"https:\/\/bqeye.com\/pl\/wp-json\/wp\/v2\/product_brand?post=2487"},{"taxonomy":"product_cat","embeddable":true,"href":"https:\/\/bqeye.com\/pl\/wp-json\/wp\/v2\/product_cat?post=2487"},{"taxonomy":"product_tag","embeddable":true,"href":"https:\/\/bqeye.com\/pl\/wp-json\/wp\/v2\/product_tag?post=2487"}],"curies":[{"name":"wp","href":"https:\/\/api.w.org\/{rel}","templated":true}]}}