{"id":2497,"date":"2025-03-05T20:55:28","date_gmt":"2025-03-05T12:55:28","guid":{"rendered":"https:\/\/bqeye.com\/?post_type=product&#038;p=2497"},"modified":"2025-03-05T20:59:39","modified_gmt":"2025-03-05T12:59:39","slug":"scarlet-soul-red-contact-lenses","status":"publish","type":"product","link":"https:\/\/bqeye.com\/pl\/scarlet-soul-red-contact-lenses\/","title":{"rendered":"Czerwone soczewki kontaktowe Scarlet Soul (10 sztuk)"},"content":{"rendered":"<h1>Uwolnij swoj\u0105 pasj\u0119 dzi\u0119ki efektownym soczewkom kontaktowym Scarlet Soul Red<\/h1>\n<h2>Urzekaj\u0105ca moc uduchowionej czerwieni: inspiracja i znaczenie<\/h2>\n<p>Odkryj nowy wymiar emocjonalnej ekspresji dzi\u0119ki naszym soczewkom kontaktowym Scarlet Soul Red! To nie s\u0105 zwyk\u0142e kolorowe soczewki kontaktowe - to portale do bardziej nami\u0119tnej, emocjonalnie ekspresyjnej wersji siebie. Bogate, wielowymiarowe szkar\u0142atne odcienie tworz\u0105 urzekaj\u0105c\u0105 g\u0142\u0119bi\u0119, kt\u00f3ra przyci\u0105ga ludzi z niemal magnetyczn\u0105 jako\u015bci\u0105. Czerwie\u0144 jest znana w wielu kulturach jako kolor pasji, intensywno\u015bci i g\u0142\u0119bokich emocji - a teraz mo\u017cesz skierowa\u0107 te pot\u0119\u017cne cechy poprzez swoje spojrzenie dzi\u0119ki tym niezwyk\u0142ym szkar\u0142atnym soczewkom kontaktowym.<\/p>\n<p>Prawdziwy wp\u0142yw tych szkar\u0142atnych soczewek kontaktowych polega na ich niezwyk\u0142ej zdolno\u015bci do przekszta\u0142cania potencja\u0142u ekspresji. Niezale\u017cnie od tego, czy chodzi o wyst\u0119py artystyczne, fotografi\u0119 czy specjalne okazje, te czerwone soczewki kontaktowe tworz\u0105 uderzaj\u0105cy efekt emocjonalny, kt\u00f3ry dodaje autentycznej g\u0142\u0119bi i intensywno\u015bci do osobistej ekspresji. Ka\u017cde spojrzenie staje si\u0119 na\u0142adowane nami\u0119tn\u0105 energi\u0105, a ka\u017cda interakcja nasycona uduchowion\u0105 intensywno\u015bci\u0105. Te szkar\u0142atne soczewki kontaktowe nie tylko osadzaj\u0105 si\u0119 na t\u0119cz\u00f3wce - ujawniaj\u0105 nami\u0119tn\u0105, bogat\u0105 emocjonalnie osob\u0119, kt\u00f3r\u0105 jeste\u015b w g\u0142\u0119bi duszy.<\/p>\n<h2>Co influencerzy m\u00f3wi\u0105 o naszych szkar\u0142atno-czerwonych soczewkach kontaktowych?<\/h2>\n<p>@EmotiveArtist_Taylor (2,5 mln obserwuj\u0105cych): \"Te szkar\u0142atne soczewki dos\u0142ownie odmieni\u0142y moj\u0105 fotografi\u0119 artystyczn\u0105! Kolor jest g\u0142\u0119boko napigmentowany i tworzy doskona\u0142y emocjonalny wp\u0142yw na portrety\".<\/p>\n<p>@PerformanceMaven_Jordan (3,3 mln obserwuj\u0105cych): \"Wsp\u00f3\u0142pracowa\u0142em z wieloma markami kontaktowymi do pracy nad postaciami, ale te soczewki Scarlet Soul maj\u0105 idealn\u0105 r\u00f3wnowag\u0119 mi\u0119dzy intensywno\u015bci\u0105 emocjonaln\u0105 a komfortem noszenia\".<\/p>\n<p>@VisualStoryteller_Alex (1,9 mln obserwuj\u0105cych): \"Moi obserwatorzy nie przestaj\u0105 pyta\u0107 o te szkar\u0142atne oczy! Pi\u0119knie fotografuj\u0105 zar\u00f3wno w naturalnym, jak i dramatycznym o\u015bwietleniu, jednocze\u015bnie przekazuj\u0105c tak autentyczn\u0105 g\u0142\u0119bi\u0119 emocjonaln\u0105\".<\/p>\n<h2>Prawdziwe do\u015bwiadczenia klient\u00f3w<\/h2>\n<p>\"Te szkar\u0142atne soczewki sprawi\u0142y, \u017ce m\u00f3j wyst\u0119p teatralny osi\u0105gn\u0105\u0142 nowy poziom emocjonalny! Wystarczaj\u0105co wygodne do noszenia pod \u015bwiat\u0142ami scenicznymi, a efekt by\u0142 absolutnie transformacyjny.\" - Morgan K.<\/p>\n<p>\"Wypr\u00f3bowa\u0142em wiele czerwonych obiektyw\u00f3w do fotografii portretowej, ale te faktycznie zapewniaj\u0105 uduchowiony szkar\u0142atny odcie\u0144 pokazany na zdj\u0119ciach. Warte ka\u017cdego grosza dla powa\u017cnych artyst\u00f3w i wykonawc\u00f3w!\" - Dakota L.<\/p>\n<p>\"Nawet moi klienci fotograficzni byli zdumieni tym, jak te szkar\u0142atne kontakty podnios\u0142y emocjonalny wp\u0142yw naszej sesji portretowej. Tworz\u0105 natychmiastow\u0105 g\u0142\u0119bi\u0119 i pasj\u0119!\" - Skyler W.<\/p>\n<h2>Idealne pary makija\u017cu i okazje<\/h2>\n<p>Chcesz zmaksymalizowa\u0107 efekt swoich czerwonych soczewek kontaktowych Scarlet Soul? Te uderzaj\u0105ce szkar\u0142atne soczewki kontaktowe uzupe\u0142niaj\u0105 g\u0142\u0119bokie matowe cienie do powiek, zapewniaj\u0105c klasycznie intensywny wygl\u0105d, lub \u0142\u0105cz\u0105 si\u0119 dramatycznie z metalicznymi odcieniami br\u0105zu, aby uzyska\u0107 ognisty, nami\u0119tny efekt. Aby uzyska\u0107 maksymalny efekt emocjonalny, po\u0142\u0105cz je z naturalnie zarumienionymi policzkami i wyrazistymi rysami twarzy, aby wzmocni\u0107 nami\u0119tn\u0105 transformacj\u0119, jak\u0105 zapewniaj\u0105 te soczewki kontaktowe.<\/p>\n<p>Te szkar\u0142atnoczerwone soczewki kontaktowe s\u0105 idealne na niezliczone kreatywne okazje: wyst\u0119py teatralne, w kt\u00f3rych najwa\u017cniejsza jest ekspresja emocjonalna, sesje zdj\u0119ciowe mody, w kt\u00f3rych potrzebujesz dodatkowej warstwy intensywno\u015bci, specjalne romantyczne wieczory, w kt\u00f3rych liczy si\u0119 wywarcie nami\u0119tnego wra\u017cenia, lub wydarzenia artystyczne, w kt\u00f3rych ceniona jest autentyczno\u015b\u0107 emocjonalna.<\/p>\n<p>Gotowy, by do\u015bwiadczy\u0107 transformacji? Te czerwone soczewki kontaktowe Scarlet Soul Red nie tylko zmieniaj\u0105 Tw\u00f3j wygl\u0105d - odblokowuj\u0105 niezwyk\u0142y potencja\u0142 ekspresji emocjonalnej, kt\u00f3ry w Tobie drzemie. Przyjmij nami\u0119tn\u0105 moc, przeka\u017c poruszaj\u0105c\u0105 dusz\u0119 g\u0142\u0119bi\u0119 i przygotuj si\u0119 na bardziej autentyczny kontakt z innymi dzi\u0119ki szkar\u0142atnemu spojrzeniu!<\/p>","protected":false},"excerpt":{"rendered":"<p>Unleash Your Passionate Spirit with Striking Scarlet Soul Red Contact Lenses The Captivating Power of Soulful Red: Inspiration &amp; Meaning Discover a new dimension of emotional expression with our Scarlet Soul Red Contact Lenses! These aren&#8217;t ordinary colored contacts \u2013 they&#8217;re portals to a more passionate, emotionally expressive version of yourself. The rich, multifaceted scarlet [&#8230;]\n","protected":false},"featured_media":2499,"comment_status":"open","ping_status":"closed","template":"","meta":[],"product_brand":[382],"product_cat":[385,92,72,100,204,78],"product_tag":[],"class_list":{"0":"post-2497","1":"product","2":"type-product","3":"status-publish","4":"has-post-thumbnail","6":"product_brand-bqeye","7":"product_cat-mystic-iris","8":"product_cat-14-5-mm","9":"product_cat-contact-lenses-by-color","10":"product_cat-daily-disposable","11":"product_cat-party-contacts","12":"product_cat-red-contact-lenses","14":"first","15":"instock","16":"sale","17":"shipping-taxable","18":"purchasable","19":"product-type-variable","20":"has-default-attributes"},"_links":{"self":[{"href":"https:\/\/bqeye.com\/pl\/wp-json\/wp\/v2\/product\/2497","targetHints":{"allow":["GET"]}}],"collection":[{"href":"https:\/\/bqeye.com\/pl\/wp-json\/wp\/v2\/product"}],"about":[{"href":"https:\/\/bqeye.com\/pl\/wp-json\/wp\/v2\/types\/product"}],"replies":[{"embeddable":true,"href":"https:\/\/bqeye.com\/pl\/wp-json\/wp\/v2\/comments?post=2497"}],"wp:featuredmedia":[{"embeddable":true,"href":"https:\/\/bqeye.com\/pl\/wp-json\/wp\/v2\/media\/2499"}],"wp:attachment":[{"href":"https:\/\/bqeye.com\/pl\/wp-json\/wp\/v2\/media?parent=2497"}],"wp:term":[{"taxonomy":"product_brand","embeddable":true,"href":"https:\/\/bqeye.com\/pl\/wp-json\/wp\/v2\/product_brand?post=2497"},{"taxonomy":"product_cat","embeddable":true,"href":"https:\/\/bqeye.com\/pl\/wp-json\/wp\/v2\/product_cat?post=2497"},{"taxonomy":"product_tag","embeddable":true,"href":"https:\/\/bqeye.com\/pl\/wp-json\/wp\/v2\/product_tag?post=2497"}],"curies":[{"name":"wp","href":"https:\/\/api.w.org\/{rel}","templated":true}]}}