{"id":2500,"date":"2025-03-05T21:06:31","date_gmt":"2025-03-05T13:06:31","guid":{"rendered":"https:\/\/bqeye.com\/?post_type=product&#038;p=2500"},"modified":"2025-03-05T21:11:52","modified_gmt":"2025-03-05T13:11:52","slug":"twilight-ombre-purple-contact-lenses","status":"publish","type":"product","link":"https:\/\/bqeye.com\/pl\/twilight-ombre-purple-contact-lenses\/","title":{"rendered":"Fioletowe soczewki kontaktowe Twilight Ombre (10 sztuk)"},"content":{"rendered":"<h1>Podnie\u015b sw\u00f3j wygl\u0105d dzi\u0119ki czaruj\u0105cym soczewkom kontaktowym Twilight Ombre Purple<\/h1>\n<h2>Eteryczny urok: Inspiracje projektowe i symbolika kolor\u00f3w<\/h2>\n<p>Przygotuj si\u0119 na mistyczn\u0105 przemian\u0119 dzi\u0119ki naszym fioletowym soczewkom kontaktowym Twilight Ombre! Te niezwyk\u0142e fioletowe soczewki kontaktowe nie tylko zmieniaj\u0105 kolor oczu, ale tak\u017ce nadaj\u0105 ca\u0142emu spojrzeniu atmosfer\u0119 p\u00f3\u0142mroku i niebia\u0144skiej tajemniczo\u015bci. Wielowymiarowy efekt ombre p\u0142ynnie przechodzi od g\u0142\u0119bokiego fioletu na zewn\u0119trznej kraw\u0119dzi do delikatnej lawendy w pobli\u017cu \u017arenicy, tworz\u0105c hipnotyzuj\u0105cy gradient zmierzchu, kt\u00f3ry jest zar\u00f3wno eteryczny, jak i urzekaj\u0105cy. Fiolet historycznie reprezentowa\u0142 magi\u0119, intuicj\u0119 i mistyczn\u0105 m\u0105dro\u015b\u0107 - cechy, kt\u00f3re b\u0119dziesz wciela\u0107 bez wysi\u0142ku, gdy wsuniesz te niezwyk\u0142e fioletowe ombre soczewki kontaktowe.<\/p>\n<p>Pi\u0119kno tych fioletowych soczewek kontaktowych ombre tkwi w ich magii zmierzchu. Zar\u00f3wno na ciemnych, jak i jasnych naturalnych kolorach oczu, te soczewki ombre tworz\u0105 urzekaj\u0105c\u0105 transformacj\u0119, kt\u00f3rej nie spos\u00f3b zignorowa\u0107, dodaj\u0105c mistycznej g\u0142\u0119bi i kosmicznego uroku Twojemu naturalnemu spojrzeniu. Z ka\u017cdym spojrzeniem przeka\u017cesz czar zmierzchu; z ka\u017cdym spojrzeniem pozostawisz wra\u017cenie nieziemskiej tajemnicy, kt\u00f3ra pozostanie d\u0142ugo po tym, jak opu\u015bcisz pok\u00f3j. Te fioletowe soczewki ombre to nie tylko dodatek - to deklaracja duchowej g\u0142\u0119bi i po\u0142\u0105czenia z magiczn\u0105 krain\u0105 zmierzchu mi\u0119dzy \u015bwiatami.<\/p>\n<h2>Co influencerzy m\u00f3wi\u0105 o naszych soczewkach kontaktowych Purple Ombre?<\/h2>\n<p>@GlamLifeGuru (4,2 mln obserwuj\u0105cych): \"Nosz\u0119 kolorowe soczewki kontaktowe od lat, ale te soczewki Twilight Ombre s\u0105 na wy\u017cszym poziomie, je\u015bli chodzi o mistyczne wibracje - komfort jest niezr\u00f3wnany, a przej\u015bcie kolor\u00f3w jest NAPRAWD\u0118 pi\u0119kne\".<\/p>\n<p>@StyleInsider_Morgan (2,3 mln obserwuj\u0105cych): \"Te fioletowe kontakty ombre pi\u0119knie fotografuj\u0105 w ka\u017cdym o\u015bwietleniu! Efekt zmierzchu, jaki tworz\u0105 na portretach, absolutnie zapiera dech w piersiach\".<\/p>\n<p>@BeautyTruth_Casey (1,6 mln obserwuj\u0105cych): \"Jako\u015b\u0107 tych fioletowych soczewek ombre jest wyj\u0105tkowa - gradacja kolor\u00f3w jest wyrafinowana i tworzy tak magiczn\u0105 g\u0142\u0119bi\u0119. Absolutny prze\u0142om w stylizacjach inspirowanych fantazj\u0105!\"<\/p>\n<h2>Prawdziwe do\u015bwiadczenia klient\u00f3w<\/h2>\n<p>\"Te soczewki ombre o zmierzchu ca\u0142kowicie odmieni\u0142y moj\u0105 fantastyczn\u0105 sesj\u0119 zdj\u0119ciow\u0105. Czu\u0142am si\u0119, jakbym wkroczy\u0142a do innej krainy w chwili, gdy je za\u0142o\u017cy\u0142am!\" - Avery J.<\/p>\n<p>\"Wygoda jest niesamowita - by\u0142am w stanie nosi\u0107 je przez ca\u0142y niebia\u0144ski festiwal bez \u017cadnego rozproszenia, jednocze\u015bnie otrzymuj\u0105c niezliczone komplementy na temat moich mistycznych oczu!\" - Cameron D.<\/p>\n<p>\"Idealny dla mojej postaci czarodziejki - fioletowe ombre doda\u0142o dok\u0142adnie tak\u0105 warstw\u0119 magii zmierzchu, jak\u0105 chcia\u0142am wyrazi\u0107!\" - Quinn P.<\/p>\n<h2>Idealne pary makija\u017cu i okazje<\/h2>\n<p>Chcesz zmaksymalizowa\u0107 efekt swoich fioletowych soczewek kontaktowych Twilight Ombre? Te osza\u0142amiaj\u0105ce fioletowe soczewki kontaktowe ombre tworz\u0105 mistyczn\u0105 magi\u0119 w po\u0142\u0105czeniu z kosmicznymi srebrnymi i gwiezdnymi per\u0142owymi cieniami do powiek, aby uzyska\u0107 eteryczny, niebia\u0144ski wygl\u0105d, lub z g\u0142\u0119bszymi ametystowymi i granatowymi odcieniami, aby uzyska\u0107 intensywny, zmierzchowy klimat galaktyki. W przypadku wydarze\u0144 inspirowanych fantazj\u0105, spr\u00f3buj uzupe\u0142ni\u0107 je po\u0142yskuj\u0105cym roz\u015bwietlaczem w najwa\u017cniejszych punktach twarzy, aby wzmocni\u0107 eteryczn\u0105 transformacj\u0119, jak\u0105 zapewniaj\u0105 te kontakty.<\/p>\n<p>Te fioletowe soczewki kontaktowe ombre s\u0105 wystarczaj\u0105co uniwersalne na niezliczone okazje: mistyczne uroczysto\u015bci, podczas kt\u00f3rych chcesz uciele\u015bni\u0107 kosmiczn\u0105 energi\u0119, wieczorne gale, podczas kt\u00f3rych pragniesz atmosfery oczarowania, kreatywne sesje zdj\u0119ciowe, w kt\u00f3rych eteryczne pi\u0119kno jest w centrum uwagi, lub wydarzenia fantasy, podczas kt\u00f3rych wyra\u017casz swoje po\u0142\u0105czenie z magi\u0105 zmierzchu.<\/p>\n<p>Gotowy, by do\u015bwiadczy\u0107 transformacji? Te fioletowe soczewki kontaktowe Twilight Ombre to nie tylko dodatek - to pot\u0119\u017cny portal do wyra\u017cania siebie, kt\u00f3ry ujawnia mistycznego, dotkni\u0119tego zmierzchem ducha, kt\u00f3ry w tobie mieszka. Przyjmij urok, promieniuj kosmicznym urokiem i obserwuj, jak mo\u017cliwo\u015bci magicznego po\u0142\u0105czenia rozwijaj\u0105 si\u0119 przed Twoimi nowo ombre oczami!<\/p>","protected":false},"excerpt":{"rendered":"<p>Elevate Your Look with Spellbinding Twilight Ombre Purple Contact Lenses The Ethereal Allure: Design Inspiration &amp; Color Symbolism Prepare to be transformed by the mystical allure of our Twilight Ombre Purple Contact Lenses! These extraordinary purple contact lenses don&#8217;t just change your eye color \u2013 they infuse your entire presence with an air of twilight [&#8230;]\n","protected":false},"featured_media":2502,"comment_status":"open","ping_status":"closed","template":"","meta":[],"product_brand":[382],"product_cat":[385,92,72,100,204,82],"product_tag":[],"class_list":{"0":"post-2500","1":"product","2":"type-product","3":"status-publish","4":"has-post-thumbnail","6":"product_brand-bqeye","7":"product_cat-mystic-iris","8":"product_cat-14-5-mm","9":"product_cat-contact-lenses-by-color","10":"product_cat-daily-disposable","11":"product_cat-party-contacts","12":"product_cat-purple-contact-lenses","14":"first","15":"instock","16":"sale","17":"shipping-taxable","18":"purchasable","19":"product-type-variable","20":"has-default-attributes"},"_links":{"self":[{"href":"https:\/\/bqeye.com\/pl\/wp-json\/wp\/v2\/product\/2500","targetHints":{"allow":["GET"]}}],"collection":[{"href":"https:\/\/bqeye.com\/pl\/wp-json\/wp\/v2\/product"}],"about":[{"href":"https:\/\/bqeye.com\/pl\/wp-json\/wp\/v2\/types\/product"}],"replies":[{"embeddable":true,"href":"https:\/\/bqeye.com\/pl\/wp-json\/wp\/v2\/comments?post=2500"}],"wp:featuredmedia":[{"embeddable":true,"href":"https:\/\/bqeye.com\/pl\/wp-json\/wp\/v2\/media\/2502"}],"wp:attachment":[{"href":"https:\/\/bqeye.com\/pl\/wp-json\/wp\/v2\/media?parent=2500"}],"wp:term":[{"taxonomy":"product_brand","embeddable":true,"href":"https:\/\/bqeye.com\/pl\/wp-json\/wp\/v2\/product_brand?post=2500"},{"taxonomy":"product_cat","embeddable":true,"href":"https:\/\/bqeye.com\/pl\/wp-json\/wp\/v2\/product_cat?post=2500"},{"taxonomy":"product_tag","embeddable":true,"href":"https:\/\/bqeye.com\/pl\/wp-json\/wp\/v2\/product_tag?post=2500"}],"curies":[{"name":"wp","href":"https:\/\/api.w.org\/{rel}","templated":true}]}}