{"id":2505,"date":"2025-03-12T20:25:27","date_gmt":"2025-03-12T12:25:27","guid":{"rendered":"https:\/\/bqeye.com\/?post_type=product&#038;p=2505"},"modified":"2025-03-12T21:10:37","modified_gmt":"2025-03-12T13:10:37","slug":"vampire-cosplay-contact-lenses","status":"publish","type":"product","link":"https:\/\/bqeye.com\/pl\/vampire-cosplay-contact-lenses\/","title":{"rendered":"Soczewki kontaktowe Vampire Cosplay"},"content":{"rendered":"<p>Stworzenie autentycznego cosplayu wampira wymaga dba\u0142o\u015bci o ka\u017cdy szczeg\u00f3\u0142, od ubioru pasuj\u0105cego do epoki po idealn\u0105 blado\u015b\u0107 - ale nic tak nie odmienia postaci jak oczy. Po przetestowaniu wielu opcji na potrzeby mojej kompleksowej serii samouczk\u00f3w Vampire Cosplay, mog\u0119 \u015bmia\u0142o poleci\u0107 te soczewki Undead Eye Contact Lenses (10-Pack) jako ostateczny wyb\u00f3r do powa\u017cnej pracy nad postaci\u0105.<\/p>\n<p>Format 10-pakowy stanowi doskona\u0142\u0105 warto\u015b\u0107 dla oddanych cosplayer\u00f3w, zapewniaj\u0105c wystarczaj\u0105c\u0105 liczb\u0119 par na wiele konwent\u00f3w lub d\u0142u\u017cszy projekt filmowy \/ fotograficzny. Ka\u017cda soczewka jest indywidualnie pakowana w sterylny roztw\u00f3r, z jasnymi instrukcjami dotycz\u0105cymi bezpiecznej obs\u0142ugi i noszenia - niezb\u0119dne informacje, kt\u00f3re niekt\u00f3rzy dostawcy soczewek kostiumowych niestety pomijaj\u0105.<\/p>\n<p>To, co wyr\u00f3\u017cnia te konkretne soczewki, to ich wyrafinowana in\u017cynieria kolor\u00f3w. Zamiast jednego p\u0142askiego czerwonego odcienia, maj\u0105 one z\u0142o\u017cony wz\u00f3r, kt\u00f3ry obejmuje krwistoczerwon\u0105 baz\u0119 z ciemniejszymi karmazynowymi akcentami i subtelnymi czarnymi detalami, kt\u00f3re tworz\u0105 niezwyk\u0142\u0105 g\u0142\u0119bi\u0119. Ten wielowymiarowy wz\u00f3r \u0142apie \u015bwiat\u0142o w spos\u00f3b, kt\u00f3ry symuluje hipnotyczne, drapie\u017cne spojrzenie opisane w literaturze o wampirach.<\/p>\n<p>Podczas moich praktycznych test\u00f3w w r\u00f3\u017cnych \u015brodowiskach o\u015bwietleniowych (kluczowych dla cosplayer\u00f3w, kt\u00f3rzy wyst\u0119puj\u0105 we wszystkim, od jasnych hal kongresowych po klimatyczne miejsca sesji zdj\u0119ciowych), soczewki te zachowa\u0142y sw\u00f3j dramatyczny wp\u0142yw, jednocze\u015bnie wygl\u0105daj\u0105c wiarygodnie nadprzyrodzenie, a nie oczywi\u015bcie sztucznie. S\u0105 one szczeg\u00f3lnie imponuj\u0105ce w otoczeniu \u015bwiec lub przy s\u0142abym o\u015bwietleniu, gdzie tworz\u0105 niesamowicie odblaskow\u0105 jako\u015b\u0107 przypominaj\u0105c\u0105 drapie\u017cne nocne stworzenia.<\/p>\n<p>Czynnik komfortu jest nie do przecenienia w przypadku noszenia na konwentach. Przetestowa\u0142em je podczas pe\u0142nego 9-godzinnego dnia konwentu i pozosta\u0142y wygodne przez ca\u0142y czas, bez sucho\u015bci i podra\u017cnie\u0144, kt\u00f3re cz\u0119sto powoduj\u0105 ta\u0144sze soczewki kostiumowe. Ma to kluczowe znaczenie dla zachowania charakteru bez ci\u0105g\u0142ej walki z dyskomfortem lub konieczno\u015bci zdejmowania ich w po\u0142owie imprezy.<\/p>\n<p>Je\u015bli chodzi o parowanie makija\u017cu, odkry\u0142am, \u017ce te soczewki pi\u0119knie wsp\u00f3\u0142graj\u0105 zar\u00f3wno z subtelnymi, jak i dramatycznymi wampirzymi stylizacjami. W przypadku klasycznych interpretacji wampir\u00f3w, po\u0142\u0105cz je z konturowanymi ko\u015b\u0107mi policzkowymi, lekko przyciemnionymi oczami i bladym podk\u0142adem o ch\u0142odnym odcieniu. W przypadku bardziej wsp\u00f3\u0142czesnych postaci wampir\u00f3w, tworz\u0105 one uderzaj\u0105cy kontrast z nowoczesnymi technikami makija\u017cu gotyckiego, takimi jak subtelne przydymione oczy i g\u0142\u0119bokie bordowe usta.<\/p>\n<p>Podczas moich warsztat\u00f3w z makija\u017cu wampir\u00f3w, uczestnicy konsekwentnie wyr\u00f3\u017cniaj\u0105 te soczewki jako element, kt\u00f3ry najbardziej dramatycznie zmienia ich prac\u0119 nad postaciami. Jak zauwa\u017cy\u0142 jeden z uczestnik\u00f3w warsztat\u00f3w: \"W chwili, gdy je za\u0142o\u017cy\u0142am i spojrza\u0142am w lustro, moja postawa i mimika natychmiast si\u0119 zmieni\u0142y - wci\u0105gn\u0119\u0142y mnie w posta\u0107 w spos\u00f3b, kt\u00f3rego si\u0119 nie spodziewa\u0142am\".<\/p>\n<p>Niezale\u017cnie od tego, czy tworzysz historycznie dok\u0142adnego Dracul\u0119, wsp\u00f3\u0142czesnego wampira inspirowanego nowoczesnymi mediami, czy w\u0142asn\u0105 unikaln\u0105 nieumar\u0142\u0105 posta\u0107, soczewki te stanowi\u0105 doskona\u0142\u0105 podstaw\u0119 do transformacji w stworzenie nocy.<\/p>","protected":false},"excerpt":{"rendered":"<p>Creating an authentic vampire cosplay requires attention to every detail, from period-appropriate clothing to the perfect pallor\u2014but nothing transforms a character like the eyes. After testing numerous options for my comprehensive Vampire Cosplay Tutorial Series, I can confidently recommend these Undead Eye Contact Lenses (10-Pack) as the definitive choice for serious character work. The 10-pack [&#8230;]\n","protected":false},"featured_media":2508,"comment_status":"open","ping_status":"closed","template":"","meta":[],"product_brand":[382],"product_cat":[385,91,72,100,204,78,98],"product_tag":[],"class_list":{"0":"post-2505","1":"product","2":"type-product","3":"status-publish","4":"has-post-thumbnail","6":"product_brand-bqeye","7":"product_cat-mystic-iris","8":"product_cat-14-2-mm","9":"product_cat-contact-lenses-by-color","10":"product_cat-daily-disposable","11":"product_cat-party-contacts","12":"product_cat-red-contact-lenses","13":"product_cat-yearly-disposable","15":"first","16":"instock","17":"sale","18":"shipping-taxable","19":"purchasable","20":"product-type-variable","21":"has-default-attributes"},"_links":{"self":[{"href":"https:\/\/bqeye.com\/pl\/wp-json\/wp\/v2\/product\/2505","targetHints":{"allow":["GET"]}}],"collection":[{"href":"https:\/\/bqeye.com\/pl\/wp-json\/wp\/v2\/product"}],"about":[{"href":"https:\/\/bqeye.com\/pl\/wp-json\/wp\/v2\/types\/product"}],"replies":[{"embeddable":true,"href":"https:\/\/bqeye.com\/pl\/wp-json\/wp\/v2\/comments?post=2505"}],"wp:featuredmedia":[{"embeddable":true,"href":"https:\/\/bqeye.com\/pl\/wp-json\/wp\/v2\/media\/2508"}],"wp:attachment":[{"href":"https:\/\/bqeye.com\/pl\/wp-json\/wp\/v2\/media?parent=2505"}],"wp:term":[{"taxonomy":"product_brand","embeddable":true,"href":"https:\/\/bqeye.com\/pl\/wp-json\/wp\/v2\/product_brand?post=2505"},{"taxonomy":"product_cat","embeddable":true,"href":"https:\/\/bqeye.com\/pl\/wp-json\/wp\/v2\/product_cat?post=2505"},{"taxonomy":"product_tag","embeddable":true,"href":"https:\/\/bqeye.com\/pl\/wp-json\/wp\/v2\/product_tag?post=2505"}],"curies":[{"name":"wp","href":"https:\/\/api.w.org\/{rel}","templated":true}]}}