{"id":2511,"date":"2025-03-18T20:56:21","date_gmt":"2025-03-18T12:56:21","guid":{"rendered":"https:\/\/bqeye.com\/?post_type=product&#038;p=2511"},"modified":"2025-03-18T21:06:45","modified_gmt":"2025-03-18T13:06:45","slug":"nocturnal-spirit-brown-contact-lenses","status":"publish","type":"product","link":"https:\/\/bqeye.com\/pl\/nocturnal-spirit-brown-contact-lenses\/","title":{"rendered":"Br\u0105zowe soczewki kontaktowe Nocturnal Spirit (opakowanie 10 sztuk)"},"content":{"rendered":"<h2>Br\u0105zowe soczewki kontaktowe Nocturnal Spirit (opakowanie 10 sztuk)<\/h2>\n<p>OMG ch\u0142opaki, dos\u0142ownie nie mog\u0119 przesta\u0107 wpatrywa\u0107 si\u0119 we w\u0142asne oczy w lustrze, odk\u0105d dosta\u0142am te br\u0105zowe soczewki kontaktowe Nocturnal Spirit!!! Wypr\u00f3bowa\u0142am ju\u017c kilkana\u015bcie r\u00f3\u017cnych kolorowych soczewek, ale te s\u0105 NEXT LEVEL magiczne!!!<\/p>\n<p>Po pierwsze, czy mo\u017cemy porozmawia\u0107 o opakowaniu? Dostarczono je w tym absolutnie wspania\u0142ym pude\u0142ku w kolorze granatowym ze srebrnymi fazami ksi\u0119\u017cyca i mistycznymi symbolami wyt\u0142oczonymi na nim, kt\u00f3re sprawi\u0142y, \u017ce poczu\u0142em si\u0119, jakbym rozpakowywa\u0142 jak\u0105\u015b staro\u017cytn\u0105 ksi\u0119g\u0119 zakl\u0119\u0107 zamiast kontakt\u00f3w. Wewn\u0105trz ka\u017cda z 10 par jest indywidualnie zapiecz\u0119towana we w\u0142asnej ma\u0142ej przegr\u00f3dce, co jest nie tylko super higieniczne, ale sprawia, \u017ce czuj\u0119 si\u0119, jakbym mia\u0142a dost\u0119p do sk\u0142adnik\u00f3w jakiego\u015b eliksiru za ka\u017cdym razem, gdy otwieram jedn\u0105 z nich!<\/p>\n<p>Ale KOLOR. Mam dos\u0142ownie obsesj\u0119!!! To g\u0142\u0119boki, tajemniczy br\u0105z, kt\u00f3ry ma te subtelne wariacje wymiarowe, kt\u00f3re \u0142api\u0105 \u015bwiat\u0142o w najbardziej hipnotyzuj\u0105cy spos\u00f3b. Nie jest to p\u0142aski, oczywi\u015bcie sztuczny br\u0105z, kt\u00f3ry sprawia, \u017ce wygl\u0105dasz jak przera\u017caj\u0105ca lalka! Te maj\u0105 to wielotonowe bogactwo, kt\u00f3re wygl\u0105da szokuj\u0105co naturalnie, a jednocze\u015bnie daje du\u017c\u0105 energi\u0119 zaczarowanego le\u015bnego ducha. Mam naturalnie niebiesko-zielone oczy i transformacja jest KOMPLETNA - ca\u0142y m\u00f3j nastr\u00f3j zmienia si\u0119, gdy tylko je na\u0142o\u017c\u0119.<\/p>\n<p>Pierwszego dnia, kiedy za\u0142o\u017cy\u0142am je do mojej kawiarni, m\u00f3j sta\u0142y barista (kt\u00f3rego widuj\u0119 KA\u017bDEGO DNIA) dos\u0142ownie podwoi\u0142 wzrok i powiedzia\u0142: \"Jest w tobie dzisiaj co\u015b innego... twoja energia jest taka tajemnicza i urzekaj\u0105ca?\". Nawet nie przesadzam!!! Trzeciego dnia noszenia ich moje selfie zyska\u0142y 40% wi\u0119cej zaanga\u017cowania na Instagramie. MOC!!!<\/p>\n<p>S\u0105 idealne do nastrojowych jesiennych sesji zdj\u0119ciowych - zrobi\u0142am spontaniczn\u0105 sesj\u0119 w parku o z\u0142otej godzinie i m\u00f3j przyjaciel fotograf NIE m\u00f3g\u0142 si\u0119 nadziwi\u0107, jak br\u0105z z\u0142apa\u0142 \u015bwiat\u0142o i stworzy\u0142 g\u0142\u0119bi\u0119, kt\u00f3ra sprawi\u0142a, \u017ce wygl\u0105da\u0142am jakbym mia\u0142a staro\u017cytne le\u015bne sekrety. Ale szczerze? Nosz\u0119 je r\u00f3wnie\u017c w zwyk\u0142e dni robocze, poniewa\u017c sprawiaj\u0105, \u017ce czuj\u0119 si\u0119 jak ta pewna siebie, enigmatyczna wersja siebie, na punkcie kt\u00f3rej mam obsesj\u0119.<\/p>\n<p>10-pak jest idealny, poniewa\u017c mo\u017cesz zachowa\u0107 je na specjalne okazje lub po prostu przej\u015b\u0107 na pe\u0142n\u0105 magiczn\u0105 istot\u0119 przez p\u00f3\u0142tora tygodnia, tak jak ja. Tak czy inaczej, przygotuj si\u0119 na to, \u017ce ludzie b\u0119d\u0105 ca\u0142kowicie zahipnotyzowani Twoim spojrzeniem. Nie chc\u0119 dramatyzowa\u0107, ale te kontakty mog\u0105 by\u0107 zaczarowane?<\/p>","protected":false},"excerpt":{"rendered":"<p>Nocturnal Spirit Brown Contact Lenses (10-Pack) OMG you guys, I literally cannot stop staring at my own eyes in the mirror since I got these Nocturnal Spirit Brown Contact Lenses!!! I&#8217;ve tried like a dozen different colored contacts before but these are NEXT LEVEL magical!!! First, can we talk about the packaging?? It came in [&#8230;]\n","protected":false},"featured_media":2513,"comment_status":"open","ping_status":"closed","template":"","meta":[],"product_brand":[382],"product_cat":[101,91,80,72,100,129],"product_tag":[],"class_list":{"0":"post-2511","1":"product","2":"type-product","3":"status-publish","4":"has-post-thumbnail","6":"product_brand-bqeye","7":"product_cat-natural-contacts","8":"product_cat-14-2-mm","9":"product_cat-brown-contact-lenses","10":"product_cat-contact-lenses-by-color","11":"product_cat-daily-disposable","12":"product_cat-fresh-contacts","14":"first","15":"instock","16":"sale","17":"shipping-taxable","18":"purchasable","19":"product-type-variable","20":"has-default-attributes"},"_links":{"self":[{"href":"https:\/\/bqeye.com\/pl\/wp-json\/wp\/v2\/product\/2511","targetHints":{"allow":["GET"]}}],"collection":[{"href":"https:\/\/bqeye.com\/pl\/wp-json\/wp\/v2\/product"}],"about":[{"href":"https:\/\/bqeye.com\/pl\/wp-json\/wp\/v2\/types\/product"}],"replies":[{"embeddable":true,"href":"https:\/\/bqeye.com\/pl\/wp-json\/wp\/v2\/comments?post=2511"}],"wp:featuredmedia":[{"embeddable":true,"href":"https:\/\/bqeye.com\/pl\/wp-json\/wp\/v2\/media\/2513"}],"wp:attachment":[{"href":"https:\/\/bqeye.com\/pl\/wp-json\/wp\/v2\/media?parent=2511"}],"wp:term":[{"taxonomy":"product_brand","embeddable":true,"href":"https:\/\/bqeye.com\/pl\/wp-json\/wp\/v2\/product_brand?post=2511"},{"taxonomy":"product_cat","embeddable":true,"href":"https:\/\/bqeye.com\/pl\/wp-json\/wp\/v2\/product_cat?post=2511"},{"taxonomy":"product_tag","embeddable":true,"href":"https:\/\/bqeye.com\/pl\/wp-json\/wp\/v2\/product_tag?post=2511"}],"curies":[{"name":"wp","href":"https:\/\/api.w.org\/{rel}","templated":true}]}}