{"id":2514,"date":"2025-03-18T22:13:22","date_gmt":"2025-03-18T14:13:22","guid":{"rendered":"https:\/\/bqeye.com\/?post_type=product&#038;p=2514"},"modified":"2025-03-18T22:21:29","modified_gmt":"2025-03-18T14:21:29","slug":"nocturnal-spirit-green-contact-lenses","status":"publish","type":"product","link":"https:\/\/bqeye.com\/pl\/nocturnal-spirit-green-contact-lenses\/","title":{"rendered":"Zielone soczewki kontaktowe Nocturnal Spirit (opakowanie 10 sztuk)"},"content":{"rendered":"<p>Wy!!! Mam dos\u0142ownie OBSESJ\u0118 na punkcie tych zielonych soczewek kontaktowych Nocturnal Spirit i musz\u0119 krzycze\u0107 o nich wszystkim!!! Wypr\u00f3bowa\u0142am ju\u017c mn\u00f3stwo kolorowych soczewek, ale te s\u0105 na ZUPE\u0141NIE INNYM POZIOMIE magicznej transformacji!!!<\/p>\n<p>Po pierwsze, opakowanie jest NIESAMOWITE. Dostarczane jest w tym wspania\u0142ym granatowym pude\u0142ku ze srebrnymi mistycznymi symbolami i fazami ksi\u0119\u017cyca, kt\u00f3re sprawiaj\u0105, \u017ce czujesz si\u0119, jakby\u015b rozpakowywa\u0142 jaki\u015b staro\u017cytny magiczny artefakt zamiast kontakt\u00f3w. Ka\u017cda z 10 par znajduje si\u0119 w osobnej, szczelnie zamkni\u0119tej przegr\u00f3dce, kt\u00f3ra nie tylko zapewnia im super higien\u0119, ale tak\u017ce zwi\u0119ksza ca\u0142e zaczarowane do\u015bwiadczenie!<\/p>\n<p>Ale porozmawiajmy o KOLORZE, poniewa\u017c jestem ZASKOCZONA. To g\u0142\u0119boka, hipnotyzuj\u0105ca szmaragdowa ziele\u0144 z subtelnymi wariacjami, kt\u00f3re \u0142api\u0105 \u015bwiat\u0142o w najbardziej hipnotyzuj\u0105cy mo\u017cliwy spos\u00f3b. Nie jest to p\u0142aska, oczywi\u015bcie sztuczna ziele\u0144, kt\u00f3ra wygl\u0105da jak tanie soczewki kostiumowe na Halloween! Maj\u0105 one t\u0119 niesamowit\u0105 wielowymiarow\u0105 jako\u015b\u0107, kt\u00f3ra wygl\u0105da, jakby\u015b patrzy\u0142 na zaczarowany las. Nadaj\u0105 g\u0142\u00f3wnej le\u015bnej fae\/magicznemu stworzeniu energii, a jednocze\u015bnie w jaki\u015b spos\u00f3b wygl\u0105daj\u0105 wiarygodnie naturalnie?<\/p>\n<p>Pierwszego dnia, kiedy za\u0142o\u017cy\u0142am je na otwarcie galerii mojej przyjaci\u00f3\u0142ki, TRZY r\u00f3\u017cne nieznajome osoby podesz\u0142y, aby zapyta\u0107 o moje oczy! Jeden facet dos\u0142ownie powiedzia\u0142: \"Twoje oczy wygl\u0105daj\u0105, jakby zawiera\u0142y staro\u017cytne le\u015bne sekrety\", co jest DOK\u0141ADNIE klimatem, o kt\u00f3ry mi chodzi\u0142o!!! Moje zaanga\u017cowanie na Instagramie dos\u0142ownie podwoi\u0142o si\u0119, odk\u0105d zacz\u0119\u0142am publikowa\u0107 selfie w tych magicznych pi\u0119kno\u015bciach.<\/p>\n<p>S\u0105 absolutnie DOSKONA\u0141E do nastrojowych sesji zdj\u0119ciowych w lesie - zrobi\u0142am sesj\u0119 o zachodzie s\u0142o\u0144ca w parku, a m\u00f3j znajomy fotograf by\u0142 przera\u017cony tym, jak ziele\u0144 z\u0142apa\u0142a \u015bwiat\u0142o z\u0142otej godziny. Ale szczerze? Nosz\u0119 je r\u00f3wnie\u017c w zwyk\u0142e dni robocze, poniewa\u017c sprawiaj\u0105, \u017ce czuj\u0119 si\u0119 jak ta pot\u0119\u017cna, tajemnicza le\u015bna wersja siebie, od kt\u00f3rej jestem w pewnym sensie uzale\u017cniona.<\/p>\n<p>Posiadanie 10-paku oznacza, \u017ce mo\u017cesz zachowa\u0107 je na specjalne okazje lub po prostu przej\u015b\u0107 na pe\u0142n\u0105 magiczn\u0105 istot\u0119 przez p\u00f3\u0142tora tygodnia, tak jak ja. Tak czy inaczej, przygotuj si\u0119 na to, \u017ce ludzie b\u0119d\u0105 ca\u0142kowicie MESMERYZOWANI twoim spojrzeniem. Nie chc\u0119 dramatyzowa\u0107, ale te kontakty mog\u0105 faktycznie zawiera\u0107 prawdziw\u0105 magi\u0119? Tylko m\u00f3wi\u0119, wszystko co dobre w moim \u017cyciu zacz\u0119\u0142o si\u0119 dzia\u0107 po ich za\u0142o\u017ceniu!!!<\/p>","protected":false},"excerpt":{"rendered":"<p>ou guys!!! I&#8217;m literally OBSESSED with these Nocturnal Spirit Green Contact Lenses and I need to scream about them to everyone!!! I&#8217;ve tried tons of colored contacts before but these are on a WHOLE OTHER LEVEL of magical transformation!!! First off, the packaging is EVERYTHING. It comes in this gorgeous midnight blue box with silver [&#8230;]\n","protected":false},"featured_media":2517,"comment_status":"open","ping_status":"closed","template":"","meta":[],"product_brand":[382],"product_cat":[77,91,72,100,129,101],"product_tag":[],"class_list":{"0":"post-2514","1":"product","2":"type-product","3":"status-publish","4":"has-post-thumbnail","6":"product_brand-bqeye","7":"product_cat-green-contact-lenses","8":"product_cat-14-2-mm","9":"product_cat-contact-lenses-by-color","10":"product_cat-daily-disposable","11":"product_cat-fresh-contacts","12":"product_cat-natural-contacts","14":"first","15":"instock","16":"sale","17":"shipping-taxable","18":"purchasable","19":"product-type-variable","20":"has-default-attributes"},"_links":{"self":[{"href":"https:\/\/bqeye.com\/pl\/wp-json\/wp\/v2\/product\/2514","targetHints":{"allow":["GET"]}}],"collection":[{"href":"https:\/\/bqeye.com\/pl\/wp-json\/wp\/v2\/product"}],"about":[{"href":"https:\/\/bqeye.com\/pl\/wp-json\/wp\/v2\/types\/product"}],"replies":[{"embeddable":true,"href":"https:\/\/bqeye.com\/pl\/wp-json\/wp\/v2\/comments?post=2514"}],"wp:featuredmedia":[{"embeddable":true,"href":"https:\/\/bqeye.com\/pl\/wp-json\/wp\/v2\/media\/2517"}],"wp:attachment":[{"href":"https:\/\/bqeye.com\/pl\/wp-json\/wp\/v2\/media?parent=2514"}],"wp:term":[{"taxonomy":"product_brand","embeddable":true,"href":"https:\/\/bqeye.com\/pl\/wp-json\/wp\/v2\/product_brand?post=2514"},{"taxonomy":"product_cat","embeddable":true,"href":"https:\/\/bqeye.com\/pl\/wp-json\/wp\/v2\/product_cat?post=2514"},{"taxonomy":"product_tag","embeddable":true,"href":"https:\/\/bqeye.com\/pl\/wp-json\/wp\/v2\/product_tag?post=2514"}],"curies":[{"name":"wp","href":"https:\/\/api.w.org\/{rel}","templated":true}]}}