{"id":2518,"date":"2025-03-18T22:31:33","date_gmt":"2025-03-18T14:31:33","guid":{"rendered":"https:\/\/bqeye.com\/?post_type=product&#038;p=2518"},"modified":"2025-03-18T22:32:53","modified_gmt":"2025-03-18T14:32:53","slug":"nocturnal-spirit-gray-contact-lenses","status":"publish","type":"product","link":"https:\/\/bqeye.com\/pl\/nocturnal-spirit-gray-contact-lenses\/","title":{"rendered":"Szare soczewki kontaktowe Nocturnal Spirit (opakowanie 10 sztuk)"},"content":{"rendered":"<p>OMG, ch\u0142opaki, nie potrafi\u0119 nawet zacz\u0105\u0107 wyja\u015bnia\u0107, jak te szare soczewki kontaktowe Nocturnal Spirit KOMPLETNIE zmieni\u0142y ca\u0142y m\u00f3j nastr\u00f3j!!! Wypr\u00f3bowa\u0142am ju\u017c mn\u00f3stwo kolorowych soczewek, ale te s\u0105 na ZUPE\u0141NIE INNYM POZIOMIE tajemniczej magii!!!<\/p>\n<p>Po pierwsze, czy mo\u017cemy porozmawia\u0107 o opakowaniu? Dostarczono je w absolutnie osza\u0142amiaj\u0105cym niebieskim pude\u0142ku ze srebrnymi fazami ksi\u0119\u017cyca i mistycznymi symbolami wyt\u0142oczonymi na nim, kt\u00f3re sprawi\u0142y, \u017ce poczu\u0142em si\u0119, jakbym rozpakowywa\u0142 co\u015b ze staro\u017cytnego magicznego kr\u00f3lestwa, a nie tylko kontakty! Ka\u017cda z 10 par jest indywidualnie zapakowana w osobn\u0105 ma\u0142\u0105 ochronn\u0105 przegr\u00f3dk\u0119, kt\u00f3ra jest nie tylko super higieniczna, ale sprawia, \u017ce ca\u0142e do\u015bwiadczenie jest tak wyj\u0105tkowe i wyj\u0105tkowe!<\/p>\n<p>Ale KOLOR. Mam dos\u0142ownie OBSESJ\u0118!!! To g\u0142\u0119boka, burzowa szaro\u015b\u0107 z subtelnymi srebrnymi i niebieskimi odcieniami, kt\u00f3re \u0142api\u0105 \u015bwiat\u0142o w najbardziej hipnotyzuj\u0105cy spos\u00f3b. Nie jest to p\u0142aska, oczywi\u015bcie sztuczna szaro\u015b\u0107, kt\u00f3ra wygl\u0105da, jakby\u015b za bardzo si\u0119 stara\u0142! Maj\u0105 one t\u0119 wielowymiarow\u0105 jako\u015b\u0107, kt\u00f3ra wygl\u0105da szokuj\u0105co naturalnie, a jednocze\u015bnie daje du\u017c\u0105 energi\u0119 zimowego ducha ze staro\u017cytnymi mocami. Na moich naturalnie br\u0105zowych oczach stworzy\u0142y t\u0119 urzekaj\u0105c\u0105, nieziemsk\u0105 g\u0142\u0119bi\u0119, kt\u00f3ra sprawi\u0142a, \u017ce nieznajomi dos\u0142ownie zatrzymywali mnie, by zapyta\u0107 o moje oczy!!!<\/p>\n<p>Pierwszego dnia, kiedy za\u0142o\u017cy\u0142am je na wystaw\u0119 sztuki mojej przyjaci\u00f3\u0142ki, TRZY r\u00f3\u017cne osoby podesz\u0142y, aby skomentowa\u0107 moje oczy! Jeden facet dos\u0142ownie powiedzia\u0142, \u017ce wygl\u0105daj\u0105 jak \"burzowe chmury z piorunami uwi\u0119zionymi w \u015brodku\", co jest DOK\u0141ADNIE klimatem, o kt\u00f3ry mi chodzi\u0142o!!! Do 3 dnia ich noszenia moje selfie na Instagramie zyska\u0142y 50% wi\u0119cej zaanga\u017cowania. NIE PRZESADZAM!!!<\/p>\n<p>S\u0105 absolutnie idealne do nastrojowych zimowych sesji zdj\u0119ciowych - zrobi\u0142am spontaniczn\u0105 porann\u0105 sesj\u0119 we mgle w parku, a m\u00f3j przyjaciel fotograf by\u0142 ZASKOCZONY tym, jak szaro\u015b\u0107 uchwyci\u0142a mgliste \u015bwiat\u0142o. Ale szczerze? Nosz\u0119 je r\u00f3wnie\u017c na zwyk\u0142e randki przy kawie i spotkania w pracy, poniewa\u017c sprawiaj\u0105, \u017ce czuj\u0119 si\u0119 jak ta pot\u0119\u017cna, tajemnicza bogini burzy, od kt\u00f3rej jestem w pewnym sensie uzale\u017cniona.<\/p>\n<p>10-pak jest idealny, poniewa\u017c mo\u017cesz zachowa\u0107 je na specjalne okazje lub po prostu przej\u015b\u0107 na pe\u0142n\u0105 mistyczn\u0105 istot\u0119 przez p\u00f3\u0142tora tygodnia, tak jak ja. Tak czy inaczej, przygotuj si\u0119 na to, \u017ce ludzie b\u0119d\u0105 ca\u0142kowicie MESMERYZOWANI twoim spojrzeniem. Nie chc\u0119 dramatyzowa\u0107, ale my\u015bl\u0119, \u017ce te kontakty mog\u0105 faktycznie zawiera\u0107 jaki\u015b rodzaj zakl\u0119cia? Odk\u0105d zacz\u0105\u0142em je nosi\u0107, ca\u0142e moje \u017cycie nabra\u0142o rozp\u0119du!!!<\/p>","protected":false},"excerpt":{"rendered":"<p>OMG you guys, I can&#8217;t even begin to explain how these Nocturnal Spirit Gray Contact Lenses have COMPLETELY transformed my entire vibe!!! I&#8217;ve tried tons of colored contacts before but these are on a WHOLE OTHER LEVEL of mysterious magic!!! First, can we talk about the packaging?? It arrived in this absolutely stunning midnight blue [&#8230;]\n","protected":false},"featured_media":2520,"comment_status":"open","ping_status":"closed","template":"","meta":[],"product_brand":[382],"product_cat":[81,91,72,100,129,101],"product_tag":[],"class_list":{"0":"post-2518","1":"product","2":"type-product","3":"status-publish","4":"has-post-thumbnail","6":"product_brand-bqeye","7":"product_cat-grey-contact-lenses","8":"product_cat-14-2-mm","9":"product_cat-contact-lenses-by-color","10":"product_cat-daily-disposable","11":"product_cat-fresh-contacts","12":"product_cat-natural-contacts","14":"first","15":"instock","16":"sale","17":"shipping-taxable","18":"purchasable","19":"product-type-variable","20":"has-default-attributes"},"_links":{"self":[{"href":"https:\/\/bqeye.com\/pl\/wp-json\/wp\/v2\/product\/2518","targetHints":{"allow":["GET"]}}],"collection":[{"href":"https:\/\/bqeye.com\/pl\/wp-json\/wp\/v2\/product"}],"about":[{"href":"https:\/\/bqeye.com\/pl\/wp-json\/wp\/v2\/types\/product"}],"replies":[{"embeddable":true,"href":"https:\/\/bqeye.com\/pl\/wp-json\/wp\/v2\/comments?post=2518"}],"wp:featuredmedia":[{"embeddable":true,"href":"https:\/\/bqeye.com\/pl\/wp-json\/wp\/v2\/media\/2520"}],"wp:attachment":[{"href":"https:\/\/bqeye.com\/pl\/wp-json\/wp\/v2\/media?parent=2518"}],"wp:term":[{"taxonomy":"product_brand","embeddable":true,"href":"https:\/\/bqeye.com\/pl\/wp-json\/wp\/v2\/product_brand?post=2518"},{"taxonomy":"product_cat","embeddable":true,"href":"https:\/\/bqeye.com\/pl\/wp-json\/wp\/v2\/product_cat?post=2518"},{"taxonomy":"product_tag","embeddable":true,"href":"https:\/\/bqeye.com\/pl\/wp-json\/wp\/v2\/product_tag?post=2518"}],"curies":[{"name":"wp","href":"https:\/\/api.w.org\/{rel}","templated":true}]}}