{"id":2533,"date":"2025-05-19T20:09:32","date_gmt":"2025-05-19T12:09:32","guid":{"rendered":"https:\/\/bqeye.com\/?post_type=product&#038;p=2533"},"modified":"2025-05-19T20:34:35","modified_gmt":"2025-05-19T12:34:35","slug":"lucifer-celestial-blue-contact-lenses","status":"publish","type":"product","link":"https:\/\/bqeye.com\/pl\/lucifer-celestial-blue-contact-lenses\/","title":{"rendered":"Niebieskie soczewki kontaktowe Lucifer Celestial (10 sztuk)"},"content":{"rendered":"<h1>Zapieraj\u0105ce dech w piersiach niebieskie soczewki kontaktowe Lucifer Celestial: Ods\u0142o\u0144 swoje niebia\u0144skie spojrzenie!<\/h1>\n<h2>Boska magia niebieskich soczewek kontaktowych Celestial Blue<\/h2>\n<p>Do\u015bwiadcz kosmicznej transformacji dzi\u0119ki naszym niezwyk\u0142ym <strong>Niebieskie soczewki kontaktowe Celestial<\/strong>! Te nieziemskie <strong>Niebieskie soczewki kontaktowe Celestial<\/strong> tworz\u0105 spojrzenie tak urzekaj\u0105ce, jakby\u015b nosi\u0142 w oczach samo niebo. Transcendentny niebieski odcie\u0144 dzia\u0142a cudownie zar\u00f3wno na ciemnych, jak i jasnych oczach, tworz\u0105c eteryczny efekt, kt\u00f3ry jest zar\u00f3wno uderzaj\u0105cy, jak i wyrafinowany. Kiedy \u015bwiat\u0142o \u0142apie te <strong>Kontakty Celestial Blue Eye<\/strong>Twoje oczy mieni\u0105 si\u0119 wielowymiarow\u0105 g\u0142\u0119bi\u0105, kt\u00f3ra wydaje si\u0119 zawiera\u0107 w sobie ca\u0142y wszech\u015bwiat.<\/p>\n<p>Wysublimowany odcie\u0144 tych soczewek czerpie inspiracj\u0119 ze zmierzchaj\u0105cego nieba i odleg\u0142ych mg\u0142awic, \u0142\u0105cz\u0105c g\u0142\u0119boki b\u0142\u0119kit z nutami niebia\u0144skiego blasku. Na ciemniejszych oczach tworz\u0105 dramatyczn\u0105 transformacj\u0119, kt\u00f3ra dodaje nadprzyrodzonej \u015bwietlisto\u015bci i g\u0142\u0119bi. Dla ja\u015bniejszych oczu <strong>Niebieskie soczewki kontaktowe Celestial Blue<\/strong> Wzmocnij sw\u00f3j naturalny kolor niemal mistycznym blaskiem, kt\u00f3ry przyci\u0105ga ludzi na Twoj\u0105 orbit\u0119! To nie tylko zmiana koloru - to ca\u0142y nastr\u00f3j, kt\u00f3ry podnosi twoj\u0105 obecno\u015b\u0107 do czego\u015b naprawd\u0119 gwiezdnego.<\/p>\n<h2>Gwiazdy influencer\u00f3w uwielbiaj\u0105 nasze niebieskie soczewki Celestial Blue<\/h2>\n<p><strong>CosmicBeauty<\/strong> (1,7 mln obserwuj\u0105cych): \"Te soczewki Celestial Blue zrewolucjonizowa\u0142y moje tre\u015bci! Kolor na zdj\u0119ciach i filmach jest niesamowity!\"<\/p>\n<p><strong>StyleNebula<\/strong> (920 tys. obserwuj\u0105cych): \"Moi obserwatorzy ci\u0105gle pytaj\u0105 o te magiczne niebieskie kontakty! To moja tajna bro\u0144 do tworzenia niezapomnianych stylizacji\".<\/p>\n<p><strong>BeautyOrbit<\/strong> (2,4 mln obserwuj\u0105cych): \"Po wypr\u00f3bowaniu dziesi\u0105tek kolorowych soczewek, te Celestial Blue sta\u0142y si\u0119 moim znakiem rozpoznawczym. Komfort i kolor s\u0105 niezr\u00f3wnane!\"<\/p>\n<h2>Gwiezdne do\u015bwiadczenia klient\u00f3w<\/h2>\n<p>\"Za\u0142o\u017cy\u0142am je na specjalne wydarzenie i czu\u0142am si\u0119 jak absolutna bogini! Niebia\u0144ski b\u0142\u0119kit jest subtelny, ale magiczny\". - Sophia, 29<\/p>\n<p>\"Obawia\u0142em si\u0119, \u017ce kolorowe soczewki b\u0119d\u0105 wygl\u0105da\u0107 sztucznie na moich ciemnych oczach, ale te pi\u0119knie si\u0119 komponuj\u0105, jednocze\u015bnie tworz\u0105c niesamowity efekt!\" - Marcus, 31<\/p>\n<p>\"Idealne do noszenia na co dzie\u0144 - wygodne przez ca\u0142y dzie\u0144, a niebia\u0144ski b\u0142\u0119kit dodaje co\u015b wyj\u0105tkowego do mojego wygl\u0105du\". - Olivia, 26<\/p>\n<p>\"Te obiektywy odmieni\u0142y moj\u0105 sesj\u0119 zdj\u0119ciow\u0105! Wyj\u0105tkowy niebieski kolor pi\u0119knie \u0142apie \u015bwiat\u0142o w aparacie\". - James, 28<\/p>\n<h2>Stylizuj swoje niebieskie soczewki kontaktowe Celestial<\/h2>\n<p>Tw\u00f3j <strong>Niebieskie soczewki kontaktowe Lucifer Celestial Blue<\/strong> bez wysi\u0142ku podkre\u015bl\u0105 niezliczone stylizacje! Aby uzyska\u0107 elegancj\u0119 w ci\u0105gu dnia, po\u0142\u0105cz je z delikatnym, neutralnym makija\u017cem - wystarczy odrobina tuszu do rz\u0119s i brzoskwiniowy r\u00f3\u017c, aby niebia\u0144ski b\u0142\u0119kit sta\u0142 si\u0119 naturalnie wygl\u0105daj\u0105cym akcentem.<\/p>\n<p>Dla wieczornego oczarowania, te <strong>Niebieskie soczewki kontaktowe Celestial Blue<\/strong> tworz\u0105 magi\u0119 w po\u0142\u0105czeniu z makija\u017cem inspirowanym kosmosem. Wypr\u00f3buj subtelnie po\u0142yskuj\u0105ce cienie w kolorze srebrnym, lawendowym lub granatowym, aby uzupe\u0142ni\u0107 niebia\u0144ski motyw. Dodaj odrobin\u0119 roz\u015bwietlacza w wewn\u0119trznych k\u0105cikach oczu, aby stworzy\u0107 prawdziwie gwiezdny efekt, kt\u00f3ry b\u0119dzie idealny na imprezy, specjalne okazje i zawsze wtedy, gdy chcesz pozostawi\u0107 po sobie niezatarte wra\u017cenie!<\/p>\n<p>Te soczewki b\u0142yszcz\u0105 ol\u015bniewaj\u0105co podczas oficjalnych wydarze\u0144, gwiezdnych randek, letnich festiwali i uroczysto\u015bci tematycznych. Wyobra\u017a sobie niebia\u0144ski blask uzupe\u0142niaj\u0105cy elegancki str\u00f3j wieczorowy lub tworz\u0105cy dramatyczny kontrast z ciep\u0142ymi odcieniami ziemi! Profesjonalni fotografowie uwielbiaj\u0105 spos\u00f3b, w jaki <strong>Niebieskie soczewki kontaktowe Celestial<\/strong> Tworzy portrety z g\u0142\u0119bi\u0105 i wymiarem, kt\u00f3re wydaj\u0105 si\u0119 niemal nadprzyrodzenie pi\u0119kne.<\/p>\n<h2>Ujarzmij swoje niebia\u0144skie pi\u0119kno ju\u017c dzi\u015b!<\/h2>\n<p>Po co zadowala\u0107 si\u0119 ziemskimi oczami, skoro mo\u017cna uchwyci\u0107 majestat kosmosu za pomoc\u0105 <strong>Niebieskie soczewki kontaktowe Celestial<\/strong>? Ich wygodne noszenie, zapieraj\u0105cy dech w piersiach kolor i wszechstronny potencja\u0142 stylizacyjny sprawiaj\u0105, \u017ce s\u0105 idealne dla ka\u017cdego, kto chce podkre\u015bli\u0107 sw\u00f3j wygl\u0105d niebia\u0144skim pi\u0119knem.<\/p>\n<p>Niezale\u017cnie od tego, czy poprawiasz sw\u00f3j codzienny wygl\u0105d, przygotowujesz si\u0119 na specjaln\u0105 okazj\u0119, czy uzupe\u0142niasz niebia\u0144ski zestaw, te <strong>Kontakty Celestial Blue Eye<\/strong> zapewniaj\u0105 idealn\u0105 r\u00f3wnowag\u0119 eterycznej magii i elegancji. Poczuj pewno\u015b\u0107 siebie, kt\u00f3ra pojawia si\u0119, gdy twoje spojrzenie zatrzymuje pi\u0119kno odleg\u0142ych gwiazd!<\/p>\n<p>Gotowy na niebia\u0144skie doznania? Odmie\u0144 sw\u00f3j wygl\u0105d ju\u017c dzi\u015b i odkryj, dlaczego te urzekaj\u0105ce <strong>Niebieskie soczewki kontaktowe Celestial<\/strong> sta\u0142y si\u0119 niezb\u0119dnym sekretem tworzenia naprawd\u0119 niezapomnianych wra\u017ce\u0144. Twoje oczy nie zas\u0142uguj\u0105 na nic innego ni\u017c ta niebia\u0144ska transformacja!<\/p>","protected":false},"excerpt":{"rendered":"<p>Breathtaking Lucifer Celestial Blue Contact Lenses: Unveil Your Heavenly Gaze! The Divine Magic of Celestial Blue Contact Lenses Experience cosmic transformation with our extraordinary Celestial Blue Contact Lenses! These otherworldly Celestial Blue Contact Lenses create a gaze so captivating, it&#8217;s like wearing the sky itself in your eyes. The transcendent blue hue works miraculously on [&#8230;]\n","protected":false},"featured_media":2535,"comment_status":"open","ping_status":"closed","template":"","meta":[],"product_brand":[382],"product_cat":[75,91,72,100,386,101],"product_tag":[],"class_list":{"0":"post-2533","1":"product","2":"type-product","3":"status-publish","4":"has-post-thumbnail","6":"product_brand-bqeye","7":"product_cat-blue-contact-lenses","8":"product_cat-14-2-mm","9":"product_cat-contact-lenses-by-color","10":"product_cat-daily-disposable","11":"product_cat-lucifer","12":"product_cat-natural-contacts","14":"first","15":"instock","16":"sale","17":"shipping-taxable","18":"purchasable","19":"product-type-variable","20":"has-default-attributes"},"_links":{"self":[{"href":"https:\/\/bqeye.com\/pl\/wp-json\/wp\/v2\/product\/2533","targetHints":{"allow":["GET"]}}],"collection":[{"href":"https:\/\/bqeye.com\/pl\/wp-json\/wp\/v2\/product"}],"about":[{"href":"https:\/\/bqeye.com\/pl\/wp-json\/wp\/v2\/types\/product"}],"replies":[{"embeddable":true,"href":"https:\/\/bqeye.com\/pl\/wp-json\/wp\/v2\/comments?post=2533"}],"wp:featuredmedia":[{"embeddable":true,"href":"https:\/\/bqeye.com\/pl\/wp-json\/wp\/v2\/media\/2535"}],"wp:attachment":[{"href":"https:\/\/bqeye.com\/pl\/wp-json\/wp\/v2\/media?parent=2533"}],"wp:term":[{"taxonomy":"product_brand","embeddable":true,"href":"https:\/\/bqeye.com\/pl\/wp-json\/wp\/v2\/product_brand?post=2533"},{"taxonomy":"product_cat","embeddable":true,"href":"https:\/\/bqeye.com\/pl\/wp-json\/wp\/v2\/product_cat?post=2533"},{"taxonomy":"product_tag","embeddable":true,"href":"https:\/\/bqeye.com\/pl\/wp-json\/wp\/v2\/product_tag?post=2533"}],"curies":[{"name":"wp","href":"https:\/\/api.w.org\/{rel}","templated":true}]}}