{"id":2536,"date":"2025-05-19T20:48:11","date_gmt":"2025-05-19T12:48:11","guid":{"rendered":"https:\/\/bqeye.com\/?post_type=product&#038;p=2536"},"modified":"2025-05-19T20:49:11","modified_gmt":"2025-05-19T12:49:11","slug":"american-fascinating-blue-contact-lenses","status":"publish","type":"product","link":"https:\/\/bqeye.com\/pl\/american-fascinating-blue-contact-lenses\/","title":{"rendered":"Niebieskie soczewki kontaktowe American Fascinating (10 sztuk)"},"content":{"rendered":"<h1>Mesmerizing American Fascinating Blue - niebieskie soczewki kontaktowe: Zachwy\u0107 ka\u017cdy pok\u00f3j!<\/h1>\n<h2>Hipnotyzuj\u0105ca moc fascynuj\u0105cych niebieskich soczewek kontaktowych<\/h2>\n<p>Wkrocz do \u015bwiata nieodpartego uroku dzi\u0119ki naszym <strong>Fascynuj\u0105ce niebieskie soczewki kontaktowe<\/strong>! Te niezwyk\u0142e <strong>Fascynuj\u0105ce niebieskie soczewki kontaktowe<\/strong> Zmie\u0144 swoje spojrzenie w co\u015b naprawd\u0119 czaruj\u0105cego, co dzia\u0142a wspaniale na ka\u017cdym kolorze oczu. \u017bywy, ale wyrafinowany niebieski tworzy efekt, kt\u00f3ry jest zar\u00f3wno uderzaj\u0105cy, jak i zaskakuj\u0105co naturalny. Kiedy nosisz te <strong>Fascynuj\u0105ce kontakty z niebieskimi oczami<\/strong>Twoje oczy staj\u0105 si\u0119 najbardziej przyci\u0105gaj\u0105c\u0105 cech\u0105 - przyci\u0105gaj\u0105 podziw wielowymiarowym b\u0142\u0119kitem, kt\u00f3ry zmienia si\u0119 i mieni przy ka\u017cdym ruchu.<\/p>\n<p>Czaruj\u0105cy odcie\u0144 tych soczewek oddaje istot\u0119 skarb\u00f3w g\u0142\u0119bokiego oceanu i bezkresnego ameryka\u0144skiego nieba. Na ciemniejszych oczach tworz\u0105 dramatyczn\u0105 transformacj\u0119, kt\u00f3ra dodaje niesamowitej g\u0142\u0119bi i \u015bwietlistej intensywno\u015bci. Dla ja\u015bniejszych oczu <strong>Fascynuj\u0105ce niebieskie soczewki kontaktowe<\/strong> Wzmocnij sw\u00f3j naturalny kolor, nadaj\u0105c mu ol\u015bniewaj\u0105cy blask, kt\u00f3ry sprawi, \u017ce Twoje spojrzenie b\u0119dzie magnetyczne! Rezultat jest idealnie wywa\u017cony - na tyle zauwa\u017calny, by przyci\u0105ga\u0107 spojrzenia, na tyle naturalny, by wywo\u0142ywa\u0107 szczere komplementy.<\/p>\n<h2>Obsesje influencer\u00f3w<\/h2>\n<p><strong>BeautyMaven<\/strong> (1,7 mln obserwuj\u0105cych): \"Te Fascynuj\u0105ce Niebieskie soczewki zrewolucjonizowa\u0142y moje tre\u015bci! Kolor jest absolutnie osza\u0142amiaj\u0105cy na zdj\u0119ciach i filmach!\"<\/p>\n<p><strong>TrendSetter<\/strong> (920 tys. obserwuj\u0105cych): \"Moi obserwatorzy ci\u0105gle pytaj\u0105 o moje oczy, kiedy nosz\u0119 te kontakty. To moja tajna bro\u0144 na zaanga\u017cowanie!\".<\/p>\n<p><strong>GlamGuru<\/strong> (2,3 mln obserwuj\u0105cych): \"Po wypr\u00f3bowaniu niezliczonych kolorowych soczewek, te Fascinating Blue sta\u0142y si\u0119 moim znakiem rozpoznawczym. Komfort i kolor s\u0105 niezr\u00f3wnane!\"<\/p>\n<h2>Do\u015bwiadczenia klient\u00f3w<\/h2>\n<p>\"Te niebieskie soczewki ca\u0142kowicie odmieni\u0142y m\u00f3j wygl\u0105d! Czuj\u0119 si\u0119 bardziej pewna siebie i wsz\u0119dzie otrzymuj\u0119 komplementy!\" - Jessica, 29<\/p>\n<p>\"Jako osoba z wra\u017cliwymi oczami by\u0142em zdenerwowany, ale czuj\u0119 si\u0119 niesamowicie, a niebieski kolor wygl\u0105da niesamowicie naturalnie na moich br\u0105zowych oczach!\" - Michael, 31<\/p>\n<p>\"Idealne do noszenia na co dzie\u0144 - wygodne od rana do wieczora, a fascynuj\u0105cy niebieski kolor dodaje co\u015b wyj\u0105tkowego do mojego wygl\u0105du\". - Amanda, 26<\/p>\n<p>\"Te obiektywy przenios\u0142y moj\u0105 sesj\u0119 zdj\u0119ciow\u0105 na inny poziom! Niebieski kolor pi\u0119knie fotografuje w ka\u017cdych warunkach o\u015bwietleniowych\". - David, 30<\/p>\n<h2>Stylizuj swoje fascynuj\u0105ce niebieskie soczewki kontaktowe<\/h2>\n<p>Tw\u00f3j <strong>Ameryka\u0144skie fascynuj\u0105ce niebieskie soczewki kontaktowe<\/strong> s\u0105 uniwersalnym dodatkiem do niezliczonych stylizacji! Aby uzyska\u0107 elegancj\u0119 w ci\u0105gu dnia, po\u0142\u0105cz je z delikatnym, neutralnym makija\u017cem - wystarczy tusz do rz\u0119s i odrobina r\u00f3\u017cu, aby fascynuj\u0105cy b\u0142\u0119kit sta\u0142 si\u0119 Twoim znakiem rozpoznawczym, nie wygl\u0105daj\u0105c przy tym na przesadzony.<\/p>\n<p>Dla wieczornego uroku, te <strong>Fascynuj\u0105ce niebieskie soczewki kontaktowe<\/strong> tworz\u0105 magi\u0119 w po\u0142\u0105czeniu z subtelnym smokey eyes w odcieniach br\u0105zu lub szampana. Kontrast mi\u0119dzy ciep\u0142ym makija\u017cem i ch\u0142odnym b\u0142\u0119kitem tworzy zr\u00f3wnowa\u017cony wygl\u0105d, kt\u00f3ry jest idealny na randki, specjalne wydarzenia lub zawsze, gdy chcesz zrobi\u0107 niezapomniane wra\u017cenie!<\/p>\n<p>Soczewki te s\u0105 szczeg\u00f3lnie przydatne podczas profesjonalnych sesji zdj\u0119ciowych, spotka\u0144 towarzyskich i imprez plenerowych. Wyobra\u017a sobie, jak \u017cywy niebieski kolor uzupe\u0142ni letni str\u00f3j lub stworzy uderzaj\u0105cy kontrast z jesiennymi kolorami! Fotografowie uwielbiaj\u0105 spos\u00f3b, w jaki <strong>Fascynuj\u0105ce niebieskie soczewki kontaktowe<\/strong> Tw\u00f3rz portrety z niesamowit\u0105 g\u0142\u0119bi\u0105 i wymiarem, zapewniaj\u0105c, \u017ce Twoje oczy stan\u0105 si\u0119 niezaprzeczalnym punktem centralnym ka\u017cdego zdj\u0119cia.<\/p>\n<h2>Poznaj fascynuj\u0105c\u0105 niebiesk\u0105 magi\u0119 ju\u017c dzi\u015b!<\/h2>\n<p>Po co wtapia\u0107 si\u0119 w t\u0142um, skoro oczy mog\u0105 si\u0119 wyr\u00f3\u017cnia\u0107 dzi\u0119ki <strong>Fascynuj\u0105ce niebieskie soczewki kontaktowe<\/strong>? Ich wygoda, osza\u0142amiaj\u0105cy kolor i wszechstronny potencja\u0142 stylizacyjny sprawiaj\u0105, \u017ce s\u0105 idealne dla ka\u017cdego, kto chce podkre\u015bli\u0107 swoje naturalne pi\u0119kno odrobin\u0105 fascynuj\u0105cego uroku.<\/p>\n<p>Niezale\u017cnie od tego, czy od\u015bwie\u017casz sw\u00f3j codzienny styl, przygotowujesz si\u0119 na specjaln\u0105 okazj\u0119, czy po prostu chcesz poczu\u0107 wzrost pewno\u015bci siebie dzi\u0119ki urzekaj\u0105cym niebieskim oczom, te <strong>Fascynuj\u0105ce kontakty z niebieskimi oczami<\/strong> zapewniaj\u0105 idealn\u0105 r\u00f3wnowag\u0119 mi\u0119dzy efektowno\u015bci\u0105 i wygod\u0105 noszenia. Poczuj r\u00f3\u017cnic\u0119, gdy Twoje spojrzenie przyci\u0105ga uwag\u0119 w ka\u017cdej interakcji!<\/p>\n<p>Gotowy na fascynuj\u0105c\u0105 niebiesk\u0105 transformacj\u0119? Podnie\u015b sw\u00f3j wygl\u0105d ju\u017c dzi\u015b i odkryj, dlaczego te urzekaj\u0105ce <strong>Fascynuj\u0105ce niebieskie soczewki kontaktowe<\/strong> sta\u0142y si\u0119 niezb\u0119dnym sekretem tworzenia naprawd\u0119 niezapomnianych wra\u017ce\u0144. Twoje oczy zas\u0142uguj\u0105 na odrobin\u0119 fascynuj\u0105cej magii!<\/p>","protected":false},"excerpt":{"rendered":"<p>Mesmerizing American Fascinating Blue Contact Lenses: Captivate Every Room! The Hypnotic Power of Fascinating Blue Contact Lenses Step into a world of irresistible charm with our Fascinating Blue Contact Lenses! These extraordinary Fascinating Blue Contact Lenses transform your gaze into something truly spellbinding that works magnificently on every eye color. The vibrant yet sophisticated blue [&#8230;]\n","protected":false},"featured_media":2538,"comment_status":"open","ping_status":"closed","template":"","meta":[],"product_brand":[382],"product_cat":[75,91,72,100,386,101],"product_tag":[],"class_list":{"0":"post-2536","1":"product","2":"type-product","3":"status-publish","4":"has-post-thumbnail","6":"product_brand-bqeye","7":"product_cat-blue-contact-lenses","8":"product_cat-14-2-mm","9":"product_cat-contact-lenses-by-color","10":"product_cat-daily-disposable","11":"product_cat-lucifer","12":"product_cat-natural-contacts","14":"first","15":"instock","16":"sale","17":"shipping-taxable","18":"purchasable","19":"product-type-variable","20":"has-default-attributes"},"_links":{"self":[{"href":"https:\/\/bqeye.com\/pl\/wp-json\/wp\/v2\/product\/2536","targetHints":{"allow":["GET"]}}],"collection":[{"href":"https:\/\/bqeye.com\/pl\/wp-json\/wp\/v2\/product"}],"about":[{"href":"https:\/\/bqeye.com\/pl\/wp-json\/wp\/v2\/types\/product"}],"replies":[{"embeddable":true,"href":"https:\/\/bqeye.com\/pl\/wp-json\/wp\/v2\/comments?post=2536"}],"wp:featuredmedia":[{"embeddable":true,"href":"https:\/\/bqeye.com\/pl\/wp-json\/wp\/v2\/media\/2538"}],"wp:attachment":[{"href":"https:\/\/bqeye.com\/pl\/wp-json\/wp\/v2\/media?parent=2536"}],"wp:term":[{"taxonomy":"product_brand","embeddable":true,"href":"https:\/\/bqeye.com\/pl\/wp-json\/wp\/v2\/product_brand?post=2536"},{"taxonomy":"product_cat","embeddable":true,"href":"https:\/\/bqeye.com\/pl\/wp-json\/wp\/v2\/product_cat?post=2536"},{"taxonomy":"product_tag","embeddable":true,"href":"https:\/\/bqeye.com\/pl\/wp-json\/wp\/v2\/product_tag?post=2536"}],"curies":[{"name":"wp","href":"https:\/\/api.w.org\/{rel}","templated":true}]}}