{"id":2539,"date":"2025-05-19T21:02:43","date_gmt":"2025-05-19T13:02:43","guid":{"rendered":"https:\/\/bqeye.com\/?post_type=product&#038;p=2539"},"modified":"2025-05-19T21:07:04","modified_gmt":"2025-05-19T13:07:04","slug":"solo-hazel-brown-contact-lenses","status":"publish","type":"product","link":"https:\/\/bqeye.com\/pl\/solo-hazel-brown-contact-lenses\/","title":{"rendered":"Soczewki kontaktowe Solo Hazel Brown (10 sztuk)"},"content":{"rendered":"<h1>Czaruj\u0105ce soczewki kontaktowe Solo Hazel Brown: Odkryj sw\u00f3j naturalny urok!<\/h1>\n<h2>Urzekaj\u0105cy urok soczewek kontaktowych Hazel Brown<\/h2>\n<p>Odkryj subteln\u0105 transformacj\u0119 dzi\u0119ki naszym <strong>Soczewki kontaktowe Solo Hazel Brown<\/strong>! Te niezwyk\u0142e <strong>Soczewki kontaktowe Hazel Brown<\/strong> Podkre\u015bl swoje spojrzenie wielowymiarow\u0105 mieszank\u0105 ciep\u0142ego br\u0105zu i z\u0142ocisto-zielonych odcieni, kt\u00f3re pi\u0119knie wsp\u00f3\u0142graj\u0105 z ka\u017cdym kolorem oczu. Naturalnie wygl\u0105daj\u0105cy orzechowy br\u0105z tworzy efekt, kt\u00f3ry jest subtelnie uderzaj\u0105cy i intryguj\u0105co wyj\u0105tkowy. Podczas noszenia tych <strong>Hazel Brown Eye Contacts<\/strong>Twoje oczy o\u017cywaj\u0105 dzi\u0119ki bogatej z\u0142o\u017cono\u015bci - wychwytuj\u0105c \u015bwiat\u0142o ze z\u0142otymi plamkami i ziemist\u0105 g\u0142\u0119bi\u0105, kt\u00f3ra sprawia, \u017ce nie mo\u017cna zapomnie\u0107 Twojego spojrzenia.<\/p>\n<p>Osza\u0142amiaj\u0105cy odcie\u0144 tych soczewek przywodzi na my\u015bl jesienne lasy z rozproszonym \u015bwiat\u0142em s\u0142onecznym przefiltrowanym przez li\u015bcie. Na ciemniejszych oczach tworz\u0105 delikatn\u0105 transformacj\u0119, kt\u00f3ra dodaje fascynuj\u0105cego wymiaru i z\u0142otego ciep\u0142a. Dla ja\u015bniejszych oczu <strong>Br\u0105zowe soczewki kontaktowe Hazel<\/strong> Wzmocnij sw\u00f3j naturalny kolor wielowymiarow\u0105 g\u0142\u0119bi\u0105, kt\u00f3ra sprawi, \u017ce Twoje spojrzenie b\u0119dzie bardziej wyraziste i zniewalaj\u0105ce! Rezultat jest idealnie wywa\u017cony - wystarczaj\u0105co naturalny, aby wygl\u0105da\u0107 autentycznie, wystarczaj\u0105co wyj\u0105tkowy, aby przyci\u0105ga\u0107 prawdziwe komplementy.<\/p>\n<h2>Ulubieni influencerzy<\/h2>\n<p><strong>NaturalGlow<\/strong> (1,3 mln obserwuj\u0105cych): \"Te soczewki Solo Hazel Brown s\u0105 niesamowite do tworzenia tre\u015bci, kt\u00f3re s\u0105 autentyczne, a jednocze\u015bnie wznios\u0142e! Wymiar koloru pi\u0119knie fotografuje!\"<\/p>\n<p><strong>EarthyElegance<\/strong> (760 tys. obserwuj\u0105cych): \"Moi widzowie ci\u0105gle pytaj\u0105 o moje oczy, kiedy nosz\u0119 te orzechowe soczewki. Wygl\u0105daj\u0105 ca\u0142kowicie naturalnie, a jednocze\u015bnie dodaj\u0105 tego wyj\u0105tkowego czego\u015b!\"<\/p>\n<p><strong>SubtleBeauty<\/strong> (1,8 mln obserwuj\u0105cych): \"Po wypr\u00f3bowaniu niezliczonych kolorowych soczewek, te Hazel Brown sta\u0142y si\u0119 moim codziennym niezb\u0119dnikiem. Komfort i wielowymiarowy kolor s\u0105 niezr\u00f3wnane!\"<\/p>\n<h2>Do\u015bwiadczenia klient\u00f3w<\/h2>\n<p>\"Te orzechowe soczewki nada\u0142y moim br\u0105zowym oczom idealne, subtelne podkre\u015blenie! Z\u0142ote drobinki pi\u0119knie \u0142api\u0105 \u015bwiat\u0142o!\" - Sophia, 27<\/p>\n<p>\"Szuka\u0142am czego\u015b, co podkre\u015bli moje zielone oczy, nie wygl\u0105daj\u0105c przy tym sztucznie. Te orzechowo-br\u0105zowe soczewki to absolutna perfekcja!\" - James, 31<\/p>\n<p>\"Jako osoba ceni\u0105ca sobie stonowane pi\u0119kno, soczewki te s\u0105 idealnym uzupe\u0142nieniem mojego naturalnego stylu\". - Emma, 29<\/p>\n<p>\"Te soczewki by\u0142y idealne do moich zdj\u0119\u0107 zar\u0119czynowych - nada\u0142y moim oczom pi\u0119kny wymiar, nie wygl\u0105daj\u0105c przy tym sztucznie.\" - Michael, 32<\/p>\n<h2>Stylizuj swoje br\u0105zowe soczewki kontaktowe Hazel<\/h2>\n<p>Tw\u00f3j <strong>Soczewki kontaktowe Solo Hazel Brown<\/strong> s\u0105 uniwersalnym dodatkiem do niezliczonych stylizacji! Aby uzyska\u0107 wyrafinowany wygl\u0105d na co dzie\u0144, po\u0142\u0105cz je z minimalistycznym makija\u017cem - wystarczy tusz do rz\u0119s i odrobina r\u00f3\u017cu, aby wielowymiarowe odcienie orzecha laskowego sta\u0142y si\u0119 subtelnym akcentem.<\/p>\n<p>Dla wieczorowej elegancji, te <strong>Br\u0105zowe soczewki kontaktowe Hazel<\/strong> tworz\u0105 magi\u0119 w po\u0142\u0105czeniu z cieniami do powiek w ciep\u0142ych odcieniach miedzi, br\u0105zu lub oliwki, kt\u00f3re uzupe\u0142niaj\u0105 ich z\u0142o\u017con\u0105 kolorystyk\u0119. Harmonia mi\u0119dzy makija\u017cem a orzechowym br\u0105zem tworzy sp\u00f3jny wygl\u0105d, kt\u00f3ry jest idealny na romantyczne kolacje, jesienne spotkania lub zawsze, gdy chcesz uzyska\u0107 naturalnie podkre\u015blony wygl\u0105d!<\/p>\n<p>Obiektywy te s\u0105 szczeg\u00f3lnie polecane do fotografii plenerowej, jesiennej mody i naturalnej estetyki. Wyobra\u017a sobie, jak bogaty odcie\u0144 orzecha laskowego uzupe\u0142ni stroje w kolorach ziemi lub stworzy pi\u0119kny wymiar na tle ubra\u0144 w odcieniach klejnot\u00f3w! Fotografowie doceniaj\u0105 spos\u00f3b, w jaki <strong>Soczewki kontaktowe Hazel Brown<\/strong> Tw\u00f3rz portrety o autentycznej z\u0142o\u017cono\u015bci i g\u0142\u0119bi, podkre\u015blaj\u0105c swoje naturalne cechy i dodaj\u0105c fascynuj\u0105cy wymiar.<\/p>\n<h2>Do\u015bwiadcz transformacji Hazel Brown ju\u017c dzi\u015b!<\/h2>\n<p>Po co wybiera\u0107 mi\u0119dzy subtelno\u015bci\u0105 a efektowno\u015bci\u0105, skoro oczy mog\u0105 uosabia\u0107 obie te cechy. <strong>Soczewki kontaktowe Hazel Brown<\/strong>? Ich wygodny w dotyku, wielowymiarowy kolor i wszechstronny potencja\u0142 stylizacyjny sprawiaj\u0105, \u017ce s\u0105 idealne dla ka\u017cdego, kto chce podkre\u015bli\u0107 swoje naturalne pi\u0119kno odrobin\u0105 leszczynowej z\u0142o\u017cono\u015bci.<\/p>\n<p>Niezale\u017cnie od tego, czy chcesz poprawi\u0107 sw\u00f3j codzienny wygl\u0105d, przygotowa\u0107 si\u0119 do specjalnych zdj\u0119\u0107, czy po prostu chcesz do\u015bwiadczy\u0107 wzrostu pewno\u015bci siebie dzi\u0119ki wzmocnionym piwnobr\u0105zowym oczom, te <strong>Hazel Brown Eye Contacts<\/strong> zapewniaj\u0105 idealn\u0105 r\u00f3wnowag\u0119 mi\u0119dzy wzmocnieniem i autentyczno\u015bci\u0105. Poczuj r\u00f3\u017cnic\u0119, gdy Twoje spojrzenie przekazuje g\u0142\u0119bi\u0119 i intryg\u0119 w ka\u017cdej interakcji!<\/p>\n<p>Gotowy na transformacj\u0119 w kolorze orzechowego br\u0105zu? Podnie\u015b sw\u00f3j wygl\u0105d ju\u017c dzi\u015b i odkryj, dlaczego te czaruj\u0105ce <strong>Soczewki kontaktowe Solo Hazel Brown<\/strong> sta\u0142y si\u0119 niezb\u0119dnym wyborem do tworzenia naprawd\u0119 urzekaj\u0105cych, a jednocze\u015bnie naturalnych wra\u017ce\u0144. Twoje oczy zas\u0142uguj\u0105 na ten dotyk wielowymiarowej elegancji!<\/p>","protected":false},"excerpt":{"rendered":"<p>Enchanting Solo Hazel Brown Contact Lenses: Reveal Your Natural Mystique! The Captivating Charm of Hazel Brown Contact Lenses Discover subtle transformation with our Solo Hazel Brown Contact Lenses! These remarkable Hazel Brown Contact Lenses enhance your gaze with a multidimensional blend of warm brown and golden-green undertones that work beautifully with every eye color. The [&#8230;]\n","protected":false},"featured_media":2541,"comment_status":"open","ping_status":"closed","template":"","meta":[],"product_brand":[382],"product_cat":[158,92,80,72,100,101],"product_tag":[],"class_list":{"0":"post-2539","1":"product","2":"type-product","3":"status-publish","4":"has-post-thumbnail","6":"product_brand-bqeye","7":"product_cat-enlarge-contacts","8":"product_cat-14-5-mm","9":"product_cat-brown-contact-lenses","10":"product_cat-contact-lenses-by-color","11":"product_cat-daily-disposable","12":"product_cat-natural-contacts","14":"first","15":"instock","16":"sale","17":"shipping-taxable","18":"purchasable","19":"product-type-variable","20":"has-default-attributes"},"_links":{"self":[{"href":"https:\/\/bqeye.com\/pl\/wp-json\/wp\/v2\/product\/2539","targetHints":{"allow":["GET"]}}],"collection":[{"href":"https:\/\/bqeye.com\/pl\/wp-json\/wp\/v2\/product"}],"about":[{"href":"https:\/\/bqeye.com\/pl\/wp-json\/wp\/v2\/types\/product"}],"replies":[{"embeddable":true,"href":"https:\/\/bqeye.com\/pl\/wp-json\/wp\/v2\/comments?post=2539"}],"wp:featuredmedia":[{"embeddable":true,"href":"https:\/\/bqeye.com\/pl\/wp-json\/wp\/v2\/media\/2541"}],"wp:attachment":[{"href":"https:\/\/bqeye.com\/pl\/wp-json\/wp\/v2\/media?parent=2539"}],"wp:term":[{"taxonomy":"product_brand","embeddable":true,"href":"https:\/\/bqeye.com\/pl\/wp-json\/wp\/v2\/product_brand?post=2539"},{"taxonomy":"product_cat","embeddable":true,"href":"https:\/\/bqeye.com\/pl\/wp-json\/wp\/v2\/product_cat?post=2539"},{"taxonomy":"product_tag","embeddable":true,"href":"https:\/\/bqeye.com\/pl\/wp-json\/wp\/v2\/product_tag?post=2539"}],"curies":[{"name":"wp","href":"https:\/\/api.w.org\/{rel}","templated":true}]}}