{"id":2542,"date":"2025-05-19T21:45:24","date_gmt":"2025-05-19T13:45:24","guid":{"rendered":"https:\/\/bqeye.com\/?post_type=product&#038;p=2542"},"modified":"2025-05-19T21:48:06","modified_gmt":"2025-05-19T13:48:06","slug":"forest-herb-light-brown-contact-lenses","status":"publish","type":"product","link":"https:\/\/bqeye.com\/pl\/forest-herb-light-brown-contact-lenses\/","title":{"rendered":"Jasnobr\u0105zowe soczewki kontaktowe Forest Herb (10 sztuk)"},"content":{"rendered":"<h1>Czaruj\u0105ce jasnobr\u0105zowe soczewki kontaktowe Forest Herb: Ogarnij botaniczn\u0105 elegancj\u0119!<\/h1>\n<h2>Naturalny urok zio\u0142owych jasnobr\u0105zowych soczewek kontaktowych<\/h2>\n<p>Odkryj botaniczne pi\u0119kno z naszym <strong>Jasnobr\u0105zowe soczewki kontaktowe Forest Herb<\/strong>! Te niezwyk\u0142e <strong>Jasnobr\u0105zowe soczewki kontaktowe Herb<\/strong> Odmie\u0144 swoje spojrzenie dzi\u0119ki wyj\u0105tkowemu jasnemu br\u0105zowi nasyconemu subtelnymi zio\u0142owo-zielonymi odcieniami, kt\u00f3re przywo\u0142uj\u0105 na my\u015bl le\u015bny spok\u00f3j. Charakterystyczny zio\u0142owy jasny br\u0105z tworzy efekt, kt\u00f3ry jest zar\u00f3wno naturalnie wyrafinowany, jak i od\u015bwie\u017caj\u0105co wyj\u0105tkowy. Podczas noszenia tych <strong>Kontakty do oczu w kolorze jasnobr\u0105zowym<\/strong>Twoje oczy emanuj\u0105 wielowymiarowym ciep\u0142em, \u0142api\u0105c \u015bwiat\u0142o z urzekaj\u0105c\u0105 zio\u0142ow\u0105 g\u0142\u0119bi\u0105, kt\u00f3ra przyci\u0105ga ludzi swoim ziemistym, botanicznym urokiem.<\/p>\n<p>Specjalny odcie\u0144 tych soczewek oddaje istot\u0119 rozproszonego \u015bwiat\u0142a s\u0142onecznego przez baldachimy las\u00f3w i bogate w zio\u0142a pod\u0142ogi le\u015bne. Na ciemniejszych oczach tworz\u0105 subteln\u0105, ale charakterystyczn\u0105 transformacj\u0119, kt\u00f3ra dodaje niezwyk\u0142ego wymiaru i charakteru. Dla naturalnie jasnych oczu <strong>Jasnobr\u0105zowe soczewki kontaktowe Herb<\/strong> Wzmocnij sw\u00f3j kolor fascynuj\u0105c\u0105 g\u0142\u0119bi\u0105, kt\u00f3ra sprawi, \u017ce Twoje spojrzenie b\u0119dzie bardziej wyraziste i wyj\u0105tkowo intryguj\u0105ce! Rezultat osi\u0105ga idealn\u0105 harmoni\u0119 - wystarczaj\u0105co wyrazist\u0105, aby wzbudzi\u0107 ciekawo\u015b\u0107, wystarczaj\u0105co naturaln\u0105, aby wygl\u0105da\u0107 autentycznie.<\/p>\n<h2>Docenianie influencer\u00f3w<\/h2>\n<p><strong>BotanicalBeauty<\/strong> (1,4 mln obserwuj\u0105cych): \"Te jasnobr\u0105zowe soczewki Forest Herb to m\u00f3j sekret, je\u015bli chodzi o tre\u015bci \u0142\u0105cz\u0105ce si\u0119 z natur\u0105! Wymiar koloru jest tak wyj\u0105tkowo pi\u0119kny i ca\u0142kowicie naturalnie wygl\u0105daj\u0105cy!\"<\/p>\n<p><strong>EarthyStyle<\/strong> (850 tys. obserwuj\u0105cych): \"Moi widzowie ci\u0105gle pytaj\u0105 o moje oczy, kiedy nosz\u0119 te zio\u0142owe jasnobr\u0105zowe kontakty. Tworz\u0105 tak charakterystyczny, a jednocze\u015bnie wiarygodny efekt!\"<\/p>\n<p><strong>ForestAesthetic<\/strong> (2,0 mln obserwuj\u0105cych): \"Po wypr\u00f3bowaniu niezliczonych kolorowych soczewek, te Herb Light Brown sta\u0142y si\u0119 moim znakiem rozpoznawczym. Komfort i naturalny botaniczny kolor s\u0105 niepor\u00f3wnywalne!\"<\/p>\n<h2>Do\u015bwiadczenia klient\u00f3w<\/h2>\n<p>\"Te zio\u0142owe jasnobr\u0105zowe soczewki nada\u0142y moim ciemnym oczom pi\u0119kny wymiar z subtelnymi zielonymi odcieniami, kt\u00f3re sprawiaj\u0105, \u017ce s\u0105 one wyj\u0105tkowo wyraziste!\" - Sophia, 27<\/p>\n<p>\"Szuka\u0142em czego\u015b innego, co nie wygl\u0105da\u0142oby sztucznie. Te s\u0105 idealne - zio\u0142owy, jasnobr\u0105zowy odcie\u0144 jest tak naturalnie wyrazisty!\" - Ethan, 32<\/p>\n<p>\"Jako osoba, kt\u00f3ra uwielbia styl inspirowany lasem, te soczewki s\u0105 idealnym uzupe\u0142nieniem mojej naturalnej estetyki\". - Olivia, 29 lat<\/p>\n<p>\"Te soczewki by\u0142y idealne do moich le\u015bnych zdj\u0119\u0107 \u015blubnych - nada\u0142y moim oczom pi\u0119kny wymiar, kt\u00f3ry doskonale uzupe\u0142nia\u0142 nasz\u0105 le\u015bn\u0105 sceneri\u0119\". - Noah, 31<\/p>\n<h2>Stylizuj swoje jasnobr\u0105zowe soczewki kontaktowe Herb<\/h2>\n<p>Tw\u00f3j <strong>Jasnobr\u0105zowe soczewki kontaktowe Forest Herb<\/strong> to wszechstronne dodatki do niezliczonych stylizacji! Aby uzyska\u0107 naturalny wygl\u0105d na co dzie\u0144, po\u0142\u0105cz je z minimalnym makija\u017cem - wystarczy tusz do rz\u0119s i \u015bwie\u017ca cera, aby wyj\u0105tkowy zio\u0142owy jasnobr\u0105zowy kolor sta\u0142 si\u0119 Twoim znakiem rozpoznawczym.<\/p>\n<p>Dla wieczornego wyrafinowania, te <strong>Jasnobr\u0105zowe soczewki kontaktowe Herb<\/strong> tworz\u0105 magi\u0119 w po\u0142\u0105czeniu z cieniami do powiek w kolorze sza\u0142wii, br\u0105zu lub taupe, kt\u00f3re uzupe\u0142niaj\u0105 ich botaniczne odcienie. Harmonia mi\u0119dzy makija\u017cem a zio\u0142owym jasnym br\u0105zem tworzy sp\u00f3jny wygl\u0105d, kt\u00f3ry jest idealny na przyj\u0119cia w ogrodzie, le\u015bne odosobnienia lub zawsze, gdy chcesz uzyska\u0107 naturalnie wyrazisty wygl\u0105d!<\/p>\n<p>Obiektywy te s\u0105 szczeg\u00f3lnie polecane do fotografii plenerowej, ogrod\u00f3w botanicznych i mody inspirowanej natur\u0105. Wyobra\u017a sobie, jak bogaty zio\u0142owy jasnobr\u0105zowy kolor uzupe\u0142ni ubrania w odcieniach ziemi i naturalne tkaniny! Fotografowie doceniaj\u0105 spos\u00f3b, w jaki te <strong>Jasnobr\u0105zowe soczewki kontaktowe Herb<\/strong> Tw\u00f3rz portrety o fascynuj\u0105cej g\u0142\u0119bi i wymiarze, podkre\u015blaj\u0105c swoje naturalne cechy botanicznym ciep\u0142em, kt\u00f3re pozostaje ca\u0142kowicie wiarygodne.<\/p>\n<h2>Do\u015bwiadcz przemiany w Zio\u0142a Jasnobr\u0105zowe ju\u017c dzi\u015b!<\/h2>\n<p>Po co wybiera\u0107 zwyk\u0142e kolory, skoro oczy mog\u0105 uciele\u015bnia\u0107 naturalne botaniczne pi\u0119kno dzi\u0119ki <strong>Jasnobr\u0105zowe soczewki kontaktowe Herb<\/strong>? Wygodny w dotyku, wyrazisty, ale naturalny kolor i wszechstronny potencja\u0142 stylizacyjny sprawiaj\u0105, \u017ce s\u0105 idealne dla ka\u017cdego, kto chce podkre\u015bli\u0107 swoje wrodzone pi\u0119kno odrobin\u0105 elegancji inspirowanej lasem.<\/p>\n<p>Niezale\u017cnie od tego, czy chcesz od\u015bwie\u017cy\u0107 sw\u00f3j codzienny wygl\u0105d, przygotowa\u0107 si\u0119 do fotografowania przyrody, czy po prostu chcesz do\u015bwiadczy\u0107 wzrostu pewno\u015bci siebie dzi\u0119ki wyj\u0105tkowo wzmocnionym oczom, te <strong>Kontakty do oczu w kolorze jasnobr\u0105zowym<\/strong> zapewniaj\u0105 idealn\u0105 r\u00f3wnowag\u0119 pomi\u0119dzy wyrazistym charakterem i naturaln\u0105 autentyczno\u015bci\u0105. Poczuj r\u00f3\u017cnic\u0119, gdy Twoje spojrzenie przekazuje spokojne ciep\u0142o le\u015bnego pi\u0119kna w ka\u017cdej interakcji!<\/p>\n<p>Gotowy, by do\u015bwiadczy\u0107 zio\u0142owej transformacji jasnego br\u0105zu? Podnie\u015b sw\u00f3j wygl\u0105d ju\u017c dzi\u015b i odkryj, dlaczego te wyrafinowane <strong>Jasnobr\u0105zowe soczewki kontaktowe Forest Herb<\/strong> sta\u0142y si\u0119 niezb\u0119dnym wyborem do tworzenia naprawd\u0119 wyrazistych, a jednocze\u015bnie naturalnie pi\u0119knych wra\u017ce\u0144. Twoje oczy zas\u0142uguj\u0105 na ten dotyk botanicznej elegancji!<\/p>","protected":false},"excerpt":{"rendered":"<p>Enchanting Forest Herb Light Brown Contact Lenses: Embrace Botanical Elegance! The Natural Allure of Herb Light Brown Contact Lenses Discover botanical beauty with our Forest Herb Light Brown Contact Lenses! These extraordinary Herb Light Brown Contact Lenses transform your gaze with a unique light brown infused with subtle herbal green undertones that evoke woodland tranquility. [&#8230;]\n","protected":false},"featured_media":2544,"comment_status":"open","ping_status":"closed","template":"","meta":[],"product_brand":[382],"product_cat":[188,91,80,72,100,101],"product_tag":[],"class_list":{"0":"post-2542","1":"product","2":"type-product","3":"status-publish","4":"has-post-thumbnail","6":"product_brand-bqeye","7":"product_cat-dream-contacts","8":"product_cat-14-2-mm","9":"product_cat-brown-contact-lenses","10":"product_cat-contact-lenses-by-color","11":"product_cat-daily-disposable","12":"product_cat-natural-contacts","14":"first","15":"instock","16":"sale","17":"shipping-taxable","18":"purchasable","19":"product-type-variable","20":"has-default-attributes"},"_links":{"self":[{"href":"https:\/\/bqeye.com\/pl\/wp-json\/wp\/v2\/product\/2542","targetHints":{"allow":["GET"]}}],"collection":[{"href":"https:\/\/bqeye.com\/pl\/wp-json\/wp\/v2\/product"}],"about":[{"href":"https:\/\/bqeye.com\/pl\/wp-json\/wp\/v2\/types\/product"}],"replies":[{"embeddable":true,"href":"https:\/\/bqeye.com\/pl\/wp-json\/wp\/v2\/comments?post=2542"}],"wp:featuredmedia":[{"embeddable":true,"href":"https:\/\/bqeye.com\/pl\/wp-json\/wp\/v2\/media\/2544"}],"wp:attachment":[{"href":"https:\/\/bqeye.com\/pl\/wp-json\/wp\/v2\/media?parent=2542"}],"wp:term":[{"taxonomy":"product_brand","embeddable":true,"href":"https:\/\/bqeye.com\/pl\/wp-json\/wp\/v2\/product_brand?post=2542"},{"taxonomy":"product_cat","embeddable":true,"href":"https:\/\/bqeye.com\/pl\/wp-json\/wp\/v2\/product_cat?post=2542"},{"taxonomy":"product_tag","embeddable":true,"href":"https:\/\/bqeye.com\/pl\/wp-json\/wp\/v2\/product_tag?post=2542"}],"curies":[{"name":"wp","href":"https:\/\/api.w.org\/{rel}","templated":true}]}}