{"id":2553,"date":"2025-06-15T14:00:13","date_gmt":"2025-06-15T06:00:13","guid":{"rendered":"https:\/\/bqeye.com\/?post_type=product&#038;p=2553"},"modified":"2025-06-15T14:20:33","modified_gmt":"2025-06-15T06:20:33","slug":"aurora-mirror-grey-colored-contacts","status":"publish","type":"product","link":"https:\/\/bqeye.com\/pl\/aurora-mirror-grey-colored-contacts\/","title":{"rendered":"Kontakty w kolorze szarym Aurora Mirror"},"content":{"rendered":"<h1>Kontakty w kolorze szarym Aurora Mirror<\/h1>\n<h2>Urzekaj\u0105ce srebrno-szare oczy odbijaj\u0105ce \u015bwiat\u0142o dla osza\u0142amiaj\u0105cej transformacji!<\/h2>\n<p>Do\u015bwiadcz hipnotyzuj\u0105cej mocy <strong>Kontakty w kolorze szarym Aurora Mirror<\/strong> zaprojektowane dla tych, kt\u00f3rzy szukaj\u0105 eterycznego, nieziemskiego spojrzenia! Te najwy\u017cszej jako\u015bci soczewki charakteryzuj\u0105 si\u0119 doskona\u0142ym srebrno-szarym odcieniem z charakterystyczn\u0105 technologi\u0105 lustrzanego odbicia, kt\u00f3ra tworzy czaruj\u0105cy efekt wymiarowy, gdy \u015bwiat\u0142o pada na oczy. Unikalna lustrzana szaro\u015b\u0107 Aurora \u0142\u0105czy w sobie wyrafinowane neutralne odcienie z subteln\u0105 refleksyjn\u0105 g\u0142\u0119bi\u0105, kt\u00f3ra przyci\u0105ga uwag\u0119 w ka\u017cdym otoczeniu. Podczas noszenia tych <strong>Soczewki Aurora Mirror Grey<\/strong>Tw\u00f3j wygl\u0105d staje si\u0119 osza\u0142amiaj\u0105co wyrafinowany - Twoje spojrzenie staje si\u0119 cech\u0105 definiuj\u0105c\u0105, kt\u00f3ra podnosi ca\u0142y Tw\u00f3j wygl\u0105d!<\/p>\n<p>Te wysokiej jako\u015bci soczewki zapewniaj\u0105 niezwyk\u0142e srebrno-szare odbicie, kt\u00f3re pi\u0119knie fotografuje w r\u00f3\u017cnych warunkach o\u015bwietleniowych, tworz\u0105c dramatyczne efekty w naturalnym \u015bwietle dziennym, o\u015bwietleniu klubowym i profesjonalnych sesjach zdj\u0119ciowych. Aby uzyska\u0107 idealny, przyci\u0105gaj\u0105cy uwag\u0119 wygl\u0105d, kt\u00f3ry \u0142\u0105czy elegancj\u0119 z odrobin\u0105 tajemniczo\u015bci - te <strong>Kontakty Aurora Mirror Grey<\/strong> Stw\u00f3rz dok\u0142adnie taki wygl\u0105d oczu, jakiego potrzebujesz, aby uzyska\u0107 niezapomniane wra\u017cenia!<\/p>\n<h2>Rekomendacje influencer\u00f3w kosmetycznych<\/h2>\n<p><strong>GlamourGaze<\/strong> (1,6 mln obserwuj\u0105cych): \"Te lustrzane szare soczewki Aurora s\u0105 niezb\u0119dne w moich stylizacjach redakcyjnych! Odblaskowy srebrny odcie\u0144 tworzy idealn\u0105 dramaturgi\u0119 dla moich sesji zdj\u0119ciowych!\"<\/p>\n<p><strong>BeautyTransformer<\/strong> (920 tys. obserwuj\u0105cych): \"Moi obserwatorzy ci\u0105gle pytaj\u0105 o moje oczy, gdy nosz\u0119 te lustrzane szare soczewki. Wymiarowe odbicie tworzy tak wyj\u0105tkowy efekt!\"<\/p>\n<p><strong>EyeAesthetic<\/strong> (2,1 mln obserwuj\u0105cych): \"U\u017cywam tych obiektyw\u00f3w wy\u0142\u0105cznie do moich tre\u015bci high-fashion. Komfort podczas d\u0142ugich uj\u0119\u0107 w po\u0142\u0105czeniu z doskona\u0142\u0105 dok\u0142adno\u015bci\u0105 odbicia jest niezr\u00f3wnany!\"<\/p>\n<h2>Do\u015bwiadczenia klient\u00f3w<\/h2>\n<p>\"Te lustrzane szare soczewki ca\u0142kowicie odmieni\u0142y m\u00f3j wygl\u0105d! Odblaskowa jako\u015b\u0107 jest wystarczaj\u0105co subtelna do codziennego noszenia, ale wystarczaj\u0105co dramatyczna, aby zrobi\u0107 wra\u017cenie.\" - Alex, 24<\/p>\n<p>\"Za\u0142o\u017cy\u0142am je na ca\u0142odniow\u0105 sesj\u0119 zdj\u0119ciow\u0105 i nie mog\u0142am uwierzy\u0107 w ich wygod\u0119. Szary kolor pozosta\u0142 \u017cywy i odblaskowy przez wiele godzin fotografowania w r\u00f3\u017cnym o\u015bwietleniu!\" - Jamie, 27<\/p>\n<p>\"Te soczewki zapewniaj\u0105 dok\u0142adnie takie tajemnicze szare odbicie, jakiego szuka\u0142em. Dba\u0142o\u015b\u0107 o szczeg\u00f3\u0142y jest niezwyk\u0142a.\" - Taylor, 25<\/p>\n<p>\"Lustrzane szare soczewki Aurora sprawi\u0142y, \u017ce m\u00f3j makija\u017c wygl\u0105da\u0142 naprawd\u0119 wyj\u0105tkowo - ka\u017cdy zauwa\u017cy\u0142, jak urzekaj\u0105co wygl\u0105da\u0142y moje oczy na zdj\u0119ciach\". - Morgan, 26<\/p>\n<h2>Zmaksymalizuj sw\u00f3j szary wygl\u0105d Aurora Mirror<\/h2>\n<p>Aby uzyska\u0107 wyj\u0105tkowy efekt stylistyczny, po\u0142\u0105cz <strong>Soczewki Aurora Mirror Grey<\/strong> z uzupe\u0142niaj\u0105cym makija\u017cem! Udoskonal swoj\u0105 cer\u0119 i podkre\u015bl rz\u0119sy, aby uzupe\u0142ni\u0107 doskona\u0142\u0105 jako\u015b\u0107 odbicia soczewek.<\/p>\n<p>Aby uzyska\u0107 osza\u0142amiaj\u0105cy, modny wygl\u0105d, soczewki te tworz\u0105 magi\u0119 w po\u0142\u0105czeniu ze srebrnym, bia\u0142ym lub czarnym strojem. Harmonia mi\u0119dzy og\u00f3ln\u0105 estetyk\u0105 a lustrzanymi szarymi oczami tworzy wyrafinowany wygl\u0105d idealny na specjalne okazje, sesje zdj\u0119ciowe i niezapomniane wra\u017cenia!<\/p>\n<p>Fotografowie doceniaj\u0105 to, w jaki spos\u00f3b <strong>Soczewki Aurora Mirror Grey<\/strong> Tw\u00f3rz portrety z niesamowit\u0105 g\u0142\u0119bi\u0105, podkre\u015blaj\u0105c swoje naturalne pi\u0119kno dzi\u0119ki profesjonalnej jako\u015bci szczeg\u00f3\u0142om oczu, uchwycaj\u0105c ka\u017cdy niuans \u015bwiat\u0142a i cienia na odblaskowej powierzchni.<\/p>\n<h2>Do\u015bwiadcz transformacji ju\u017c dzi\u015b!<\/h2>\n<p>Po co zadowala\u0107 si\u0119 tym, co zwyczajne, skoro oczy mog\u0105 osi\u0105gn\u0105\u0107 nadzwyczajny efekt dzi\u0119ki <strong>Kontakty w kolorze szarym Aurora Mirror<\/strong>? Ich najwy\u017cszy komfort, niezwyk\u0142y odblaskowy kolor i niezr\u00f3wnana jako\u015b\u0107 sprawiaj\u0105, \u017ce s\u0105 one niezb\u0119dne dla tych, kt\u00f3rzy wymagaj\u0105 perfekcji w swojej estetyce.<\/p>\n<p>Gotowy na ostateczn\u0105 transformacj\u0119 oczu? Podnie\u015b sw\u00f3j wygl\u0105d ju\u017c dzi\u015b i odkryj, dlaczego te wysokiej jako\u015bci <strong>Kontakty w kolorze szarym Aurora Mirror<\/strong> sta\u0142y si\u0119 ekskluzywnym wyborem dla tych, kt\u00f3rzy chc\u0105 wywrze\u0107 niezapomniane wra\u017cenie!<\/p>","protected":false},"excerpt":{"rendered":"<p>Aurora Mirror Grey Colored Contacts Captivating Reflective Silver-Grey Eyes for Stunning Transformation! Experience the mesmerizing power of Aurora Mirror Grey Colored Contacts designed for those seeking an ethereal, otherworldly gaze! These premium lenses feature a perfect silver-grey hue with distinctive mirror reflection technology that creates an enchanting dimensional effect as light plays across your eyes. [&#8230;]\n","protected":false},"featured_media":2556,"comment_status":"open","ping_status":"closed","template":"","meta":[],"product_brand":[382],"product_cat":[387,92,72,158,81,98],"product_tag":[],"class_list":{"0":"post-2553","1":"product","2":"type-product","3":"status-publish","4":"has-post-thumbnail","6":"product_brand-bqeye","7":"product_cat-aurora-mirror","8":"product_cat-14-5-mm","9":"product_cat-contact-lenses-by-color","10":"product_cat-enlarge-contacts","11":"product_cat-grey-contact-lenses","12":"product_cat-yearly-disposable","14":"first","15":"instock","16":"sale","17":"shipping-taxable","18":"purchasable","19":"product-type-variable","20":"has-default-attributes"},"_links":{"self":[{"href":"https:\/\/bqeye.com\/pl\/wp-json\/wp\/v2\/product\/2553","targetHints":{"allow":["GET"]}}],"collection":[{"href":"https:\/\/bqeye.com\/pl\/wp-json\/wp\/v2\/product"}],"about":[{"href":"https:\/\/bqeye.com\/pl\/wp-json\/wp\/v2\/types\/product"}],"replies":[{"embeddable":true,"href":"https:\/\/bqeye.com\/pl\/wp-json\/wp\/v2\/comments?post=2553"}],"wp:featuredmedia":[{"embeddable":true,"href":"https:\/\/bqeye.com\/pl\/wp-json\/wp\/v2\/media\/2556"}],"wp:attachment":[{"href":"https:\/\/bqeye.com\/pl\/wp-json\/wp\/v2\/media?parent=2553"}],"wp:term":[{"taxonomy":"product_brand","embeddable":true,"href":"https:\/\/bqeye.com\/pl\/wp-json\/wp\/v2\/product_brand?post=2553"},{"taxonomy":"product_cat","embeddable":true,"href":"https:\/\/bqeye.com\/pl\/wp-json\/wp\/v2\/product_cat?post=2553"},{"taxonomy":"product_tag","embeddable":true,"href":"https:\/\/bqeye.com\/pl\/wp-json\/wp\/v2\/product_tag?post=2553"}],"curies":[{"name":"wp","href":"https:\/\/api.w.org\/{rel}","templated":true}]}}