{"id":549,"date":"2023-09-09T11:06:18","date_gmt":"2023-09-09T11:06:18","guid":{"rendered":"https:\/\/bqeye.com\/?post_type=product&#038;p=549"},"modified":"2024-04-18T02:23:19","modified_gmt":"2024-04-18T02:23:19","slug":"bqeye-himalaya-blue-colored-contact-lenses","status":"publish","type":"product","link":"https:\/\/bqeye.com\/pl\/bqeye-himalaya-blue-colored-contact-lenses\/","title":{"rendered":"Kolorowe soczewki kontaktowe BQeye Himalaya Blue"},"content":{"rendered":"<div>Znajd\u017a sw\u00f3j wewn\u0119trzny spok\u00f3j dzi\u0119ki kolorowym soczewkom kontaktowym BQeye Himalaya Blue.<\/div>\n<div><\/div>\n<div>Zainspirowane \u017cywymi, ale koj\u0105cymi odcieniami himalajskiego nieba, nasze soczewki kontaktowe Himalaya Blue otwieraj\u0105 oczy na \u015bwiat spokoju. Luksusowy, niebiesko-szary odcie\u0144 podkre\u015bla lazur t\u0119cz\u00f3wek, zapewniaj\u0105c eteryczny efekt przypominaj\u0105cy spa.<\/div>\n<div><\/div>\n<div>Wykonane z hipoalergicznego materia\u0142u silikonowo-hydro\u017celowego soczewki BQeye s\u0105 wyj\u0105tkowo dobrze tolerowane. Mi\u0119kki, elastyczny materia\u0142 porusza si\u0119 wraz z oczami, dzi\u0119ki czemu zapominasz, \u017ce nosisz soczewki kontaktowe. Zaawansowana formu\u0142a r\u00f3wnowa\u017c\u0105ca nawil\u017cenie zapewnia \u015bwie\u017co\u015b\u0107 oczu przez ca\u0142y dzie\u0144.<\/div>\n<div><\/div>\n<div>Niezale\u017cnie od tego, czy pragniesz oazy spokoju, czy chcesz przenie\u015b\u0107 si\u0119 na szczyty Himalaj\u00f3w, Himalaya Blue nada subteln\u0105 nut\u0119 spokoju, gdziekolwiek zaprowadzi Ci\u0119 dzie\u0144.<\/div>\n<div><\/div>\n<div>Dost\u0119pny wy\u0142\u0105cznie w charakterystycznym dla BQeye, nasyconym \u015bwiat\u0142em opakowaniu Sapphire Circle, Himalaya Blue tworzy aureol\u0119 uzdrawiaj\u0105cego lazuru wok\u00f3\u0142 t\u0119cz\u00f3wki. Ozdobione sanskryckimi b\u0142ogos\u0142awie\u0144stwami pokoju, te soczewki z pewno\u015bci\u0105 podnios\u0105 Ci\u0119 na duchu.<\/div>\n<div><\/div>\n<div>Zaspok\u00f3j potrzeb\u0119 spokoju swojej duszy dzi\u0119ki kontaktom BQeye Himalaya Blue. Poczuj, jak napi\u0119cie znika, gdy odcienie wysokich Himalaj\u00f3w koj\u0105 Tw\u00f3j umys\u0142, cia\u0142o i ducha od \u015brodka.<\/div>","protected":false},"excerpt":{"rendered":"<p>Find your inner calm with BQeye Himalaya Blue Colored Contact Lenses. Inspired by the vivid yet soothing shades of the Himalayan sky, our Himalaya Blue contact lenses open your eyes to a world of tranquility. A luxuriouslite blue-gray tint brings out the azure in your irises for an ethereal, spa-like effect. Made from hypoallergenic silicone-hydrogelmaterial, [&#8230;]\n","protected":false},"featured_media":554,"comment_status":"open","ping_status":"closed","template":"","meta":[],"product_brand":[],"product_cat":[102,91,75,96,98],"product_tag":[],"class_list":{"0":"post-549","1":"product","2":"type-product","3":"status-publish","4":"has-post-thumbnail","6":"product_cat-himalaya","7":"product_cat-14-2-mm","8":"product_cat-blue-contact-lenses","9":"product_cat-non-prescription","10":"product_cat-yearly-disposable","12":"first","13":"instock","14":"sale","15":"shipping-taxable","16":"purchasable","17":"product-type-variable","18":"has-default-attributes"},"_links":{"self":[{"href":"https:\/\/bqeye.com\/pl\/wp-json\/wp\/v2\/product\/549","targetHints":{"allow":["GET"]}}],"collection":[{"href":"https:\/\/bqeye.com\/pl\/wp-json\/wp\/v2\/product"}],"about":[{"href":"https:\/\/bqeye.com\/pl\/wp-json\/wp\/v2\/types\/product"}],"replies":[{"embeddable":true,"href":"https:\/\/bqeye.com\/pl\/wp-json\/wp\/v2\/comments?post=549"}],"wp:featuredmedia":[{"embeddable":true,"href":"https:\/\/bqeye.com\/pl\/wp-json\/wp\/v2\/media\/554"}],"wp:attachment":[{"href":"https:\/\/bqeye.com\/pl\/wp-json\/wp\/v2\/media?parent=549"}],"wp:term":[{"taxonomy":"product_brand","embeddable":true,"href":"https:\/\/bqeye.com\/pl\/wp-json\/wp\/v2\/product_brand?post=549"},{"taxonomy":"product_cat","embeddable":true,"href":"https:\/\/bqeye.com\/pl\/wp-json\/wp\/v2\/product_cat?post=549"},{"taxonomy":"product_tag","embeddable":true,"href":"https:\/\/bqeye.com\/pl\/wp-json\/wp\/v2\/product_tag?post=549"}],"curies":[{"name":"wp","href":"https:\/\/api.w.org\/{rel}","templated":true}]}}