{"id":591,"date":"2023-09-10T03:39:28","date_gmt":"2023-09-10T03:39:28","guid":{"rendered":"https:\/\/bqeye.com\/?post_type=product&#038;p=591"},"modified":"2024-04-18T02:23:16","modified_gmt":"2024-04-18T02:23:16","slug":"bqeye-himalaya-green-colored-contact-lenses","status":"publish","type":"product","link":"https:\/\/bqeye.com\/pl\/bqeye-himalaya-green-colored-contact-lenses\/","title":{"rendered":"Kolorowe soczewki kontaktowe BQeye Himalaya Green"},"content":{"rendered":"<p>Jako wiza\u017cystka moim celem jest pom\u00f3c kobietom wyrazi\u0107 siebie poprzez pi\u0119kno. Zawsze staram si\u0119 wybiera\u0107 najnowsze produkty, kt\u00f3re wzmacniaj\u0105 pewno\u015b\u0107 siebie od \u015brodka. Dlatego z rado\u015bci\u0105 przedstawiam moim klientom kolorowe soczewki kontaktowe BQeye Himalaya Green.<\/p>\n<p>Te innowacyjne soczewki zosta\u0142y zaprojektowane nie tylko po to, aby zmieni\u0107 kolor oczu, ale tak\u017ce poprawi\u0107 nastr\u00f3j. Zaczerpni\u0119ty z regeneruj\u0105cych krajobraz\u00f3w Himalaj\u00f3w, ten energetyczny zielony odcie\u0144 rozja\u015bnia zm\u0119czone oczy przyp\u0142ywem chromoterapii. Niezale\u017cnie od tego, czy zdecydujesz si\u0119 uwydatni\u0107 naturaln\u0105 t\u0119cz\u00f3wk\u0119, czy te\u017c zdecydujesz si\u0119 na odwa\u017cniejszy odcie\u0144, Himalaya Green wpaja od\u015bwie\u017cony blask od rana do wieczora.<\/p>\n<p>Wykonane z nawil\u017caj\u0105cego \u017celu silikonowego i bogatych w przeciwutleniacze wzmacniaczy wodnych, soczewki nawil\u017caj\u0105 zm\u0119czone oczy bez podra\u017cnie\u0144. Nawet klienci z wra\u017cliwo\u015bci\u0105 chwalili ich koj\u0105cy komfort przez ca\u0142y dzie\u0144. Tymczasem ich hipoalergiczna formu\u0142a zapobiega nieestetycznym zaczerwienieniom, kt\u00f3re mog\u0105 os\u0142abi\u0107 pewno\u015b\u0107 siebie.<\/p>\n<p>Podczas test\u00f3w opinie by\u0142y w przewa\u017caj\u0105cej mierze pozytywne. Wiele kobiet stwierdzi\u0142o, \u017ce po prostu nosz\u0105c te soczewki odczuwaj\u0105 motywuj\u0105c\u0105 energi\u0119 i spok\u00f3j ducha Zen. Subtelna zmiana koloru oczu stworzy\u0142a zauwa\u017calne efekty odnowy biologicznej.<\/p>\n<p>Jako artystce nic nie daje mi wi\u0119kszej satysfakcji ni\u017c obserwowanie, jak makija\u017c zmienia zar\u00f3wno wygl\u0105d, jak i postaw\u0119. BQeye Himalaya Green udowadnia, \u017ce pi\u0119kno naprawd\u0119 pochodzi z wn\u0119trza, stylizuj\u0105c oczy i podnosz\u0105c na duchu. Jestem dumny, \u017ce mog\u0119 zaoferowa\u0107 moim klientom ten innowacyjny obiektyw, kt\u00f3ry wzmacnia ich wygl\u0105d zar\u00f3wno wewn\u0105trz, jak i na zewn\u0105trz.<\/p>","protected":false},"excerpt":{"rendered":"<p>As a makeup artist, my goal is to help women express themselves through beauty. I&#8217;m always looking to curate the latest products that empower self-confidence from the inside out. That&#8217;s why I&#8217;m excited to introduce BQeye Himalaya Green Colored Contact Lenses to my clients. These innovative lenses were designed not only to transform eye color, [&#8230;]\n","protected":false},"featured_media":597,"comment_status":"open","ping_status":"closed","template":"","meta":[],"product_brand":[],"product_cat":[102,91,77,96,98],"product_tag":[],"class_list":{"0":"post-591","1":"product","2":"type-product","3":"status-publish","4":"has-post-thumbnail","6":"product_cat-himalaya","7":"product_cat-14-2-mm","8":"product_cat-green-contact-lenses","9":"product_cat-non-prescription","10":"product_cat-yearly-disposable","12":"first","13":"instock","14":"sale","15":"shipping-taxable","16":"purchasable","17":"product-type-variable","18":"has-default-attributes"},"_links":{"self":[{"href":"https:\/\/bqeye.com\/pl\/wp-json\/wp\/v2\/product\/591","targetHints":{"allow":["GET"]}}],"collection":[{"href":"https:\/\/bqeye.com\/pl\/wp-json\/wp\/v2\/product"}],"about":[{"href":"https:\/\/bqeye.com\/pl\/wp-json\/wp\/v2\/types\/product"}],"replies":[{"embeddable":true,"href":"https:\/\/bqeye.com\/pl\/wp-json\/wp\/v2\/comments?post=591"}],"wp:featuredmedia":[{"embeddable":true,"href":"https:\/\/bqeye.com\/pl\/wp-json\/wp\/v2\/media\/597"}],"wp:attachment":[{"href":"https:\/\/bqeye.com\/pl\/wp-json\/wp\/v2\/media?parent=591"}],"wp:term":[{"taxonomy":"product_brand","embeddable":true,"href":"https:\/\/bqeye.com\/pl\/wp-json\/wp\/v2\/product_brand?post=591"},{"taxonomy":"product_cat","embeddable":true,"href":"https:\/\/bqeye.com\/pl\/wp-json\/wp\/v2\/product_cat?post=591"},{"taxonomy":"product_tag","embeddable":true,"href":"https:\/\/bqeye.com\/pl\/wp-json\/wp\/v2\/product_tag?post=591"}],"curies":[{"name":"wp","href":"https:\/\/api.w.org\/{rel}","templated":true}]}}